{"id":5633,"date":"2025-03-28T08:55:59","date_gmt":"2025-03-28T11:55:59","guid":{"rendered":"https:\/\/pos-graduacao.uepb.edu.br\/ppgli\/?page_id=5633"},"modified":"2025-03-28T09:25:55","modified_gmt":"2025-03-28T12:25:55","slug":"bolsas-e-bolsistas","status":"publish","type":"page","link":"https:\/\/pos-graduacao.uepb.edu.br\/ppgli\/bolsas-e-bolsistas\/","title":{"rendered":"Bolsas e bolsistas"},"content":{"rendered":"<p>O PPGLI conta com bolsas de demanda social oferecidas pela Capes, tanto para o curso de Mestrado quanto para o de Doutorado. Anualmente, a Capes informa o quantitativo de bolsas dispon\u00edveis para o ano em curso, podendo o n\u00famero aumentar, manter-se ou diminuir de um ano para outro. Segundo a legisla\u00e7\u00e3o da pr\u00f3pria Capes, podem ser atribu\u00eddas at\u00e9 24 quotas de bolsa a um(a) estudante de Mestrado e at\u00e9 48 quotas de bolsa a um(a) estudante de Doutorado. Por sua vez, a distribui\u00e7\u00e3o de bolsas segue par\u00e2metros previstos em documentos da UEPB, sobretudo o Regimento Geral da P\u00f3s-gradu\u00e7\u00e3o <em>Stricto Sensu<\/em> e o Regimento Interno do PPGLI (ambos dispon\u00edveis neste site, no menu \u201cRegimento Interno do PPGLI\u201d). Quanto a isso, recomendamos conferir o \u201cCAP\u00cdTULO VIII \u2013 Das Bolsas e do Acompanhamento de Bolsistas\u201d, Artigos 167 a 172 do Regimento Geral da P\u00f3s-gradu\u00e7\u00e3o <em>Stricto Sensu<\/em>, e o \u201cANEXO II CRIT\u00c9RIOS PARA CONCESS\u00c3O, ACOMPANHAMENTO E CANCELAMENTO DE BOLSAS DEMANDA SOCIAL CNPQ E CAPES DO PPGLI\/UEPB\u201d do Regimento Interno do PPGLI.<\/p>\n<p>\u00c9 importante ressaltar que as pol\u00edticas de atribui\u00e7\u00e3o e cancelamento de bolsas descritas nos documentos mencionados dizem respeito \u00e0s quotas regulares de bolsas Capes de demanda social e, tamb\u00e9m, \u00e0s bolsas CNPq. Eventualmente, o programa concorre a editais extempor\u00e2neos em busca de novas bolsas, tanto dessas ag\u00eancias quanto da Funda\u00e7\u00e3o de Apoio \u00e0 Pesquisa do Estado da Para\u00edba (FAPESQ). Nesses casos, pode haver legisla\u00e7\u00e3o espec\u00edfica e prazos diferenciados, de acordo com cada edital. Ainda que, no caso da FAPESQ, os crit\u00e9rios empregados pelo programa para consulta sobre interesse de bolsa dispon\u00edvel sejam os mesmos apresentados nos documentos j\u00e1 elencados, a funda\u00e7\u00e3o tem legisla\u00e7\u00e3o pr\u00f3pria relativa a pol\u00edticas de implanta\u00e7\u00e3o de bolsa, prazos de vig\u00eancia e exig\u00eancias do bolsista (como, por exemplo, proibi\u00e7\u00e3o de v\u00ednculo empregat\u00edcio, diferentemente da Capes). Nesses casos, a consulta \u00e9 feita normalmente, de acordo com a lista de espera, at\u00e9 ser atribu\u00edda a um(a) candidato(a) que demonstre interesse pela bolsa, atenda \u00e0s exig\u00eancias da funda\u00e7\u00e3o e conte com a anu\u00eancia de seu\/sua respectivo\/a orientador\/a.<\/p>\n<p>Em todos os casos, as bolsas somente s\u00e3o implantadas com a anu\u00eancia do\/a orientador\/a, que \u00e9 consultado\/a quando h\u00e1 quota de bolsa dispon\u00edvel para implanta\u00e7\u00e3o para um(a) orientando(a) seu\/sua. Feito isso, passa-se \u00e0 tramita\u00e7\u00e3o, que envolve contato com o\/a discente, esclarecimento das condi\u00e7\u00f5es e documenta\u00e7\u00e3o a ser providenciada, encaminhamento da documenta\u00e7\u00e3o \u00e0 coordena\u00e7\u00e3o e, enfim, envio, por parte desta, de processo de implanta\u00e7\u00e3o de bolsa \u00e0 Pr\u00f3-reitoria de P\u00f3s-gradua\u00e7\u00e3o e Pesquisa da UEPB, que \u00e9 o setor competente para a implanta\u00e7\u00e3o. Nos casos da FAPESQ, por sua vez, a coordena\u00e7\u00e3o do programa apenas repassa informa\u00e7\u00f5es da funda\u00e7\u00e3o. Toda a tramita\u00e7\u00e3o \u00e9 feita entre a FAPESQ e o (futuro) bolsista, n\u00e3o havendo qualquer inger\u00eancia do PPGLI sobre o processo. \u00c9 importante, ali\u00e1s, estar atento aos crit\u00e9rios de cada ag\u00eancia para apresenta\u00e7\u00e3o de relat\u00f3rio final ou presta\u00e7\u00e3o de contas, em cada caso.<\/p>\n<p>Clique <a href=\"https:\/\/docs.google.com\/spreadsheets\/d\/1ouLAcok74V5QaBVdwa6N9TIiYYoUF9hD\/edit?usp=sharing&amp;ouid=115295076556359889905&amp;rtpof=true&amp;sd=true\" target=\"_blank\" rel=\"noopener\">aqui<\/a> e acesse a <a href=\"https:\/\/docs.google.com\/spreadsheets\/d\/1ouLAcok74V5QaBVdwa6N9TIiYYoUF9hD\/edit?usp=sharing&amp;ouid=115295076556359889905&amp;rtpof=true&amp;sd=true\" target=\"_blank\" rel=\"noopener\">lista de bolsas e bolsistas vigentes e lista de espera<\/a>.<\/p>\n","protected":false},"excerpt":{"rendered":"<p>O PPGLI conta com bolsas de demanda social oferecidas pela Capes, tanto para o curso de Mestrado quanto para o de Doutorado. Anualmente, a Capes informa o quantitativo de bolsas dispon\u00edveis para o ano em curso, podendo o n\u00famero aumentar, manter-se ou diminuir de um ano para outro. Segundo a legisla\u00e7\u00e3o da pr\u00f3pria Capes, podem <a class=\"leiamais\" href=\"https:\/\/pos-graduacao.uepb.edu.br\/ppgli\/bolsas-e-bolsistas\/\">Leia Mais&#8230;<\/a><\/p>\n","protected":false},"author":5,"featured_media":0,"parent":0,"menu_order":0,"comment_status":"closed","ping_status":"closed","template":"","meta":{"footnotes":""},"class_list":["post-5633","page","type-page","status-publish","hentry"],"jetpack_sharing_enabled":true,"_links":{"self":[{"href":"https:\/\/pos-graduacao.uepb.edu.br\/ppgli\/wp-json\/wp\/v2\/pages\/5633","targetHints":{"allow":["GET"]}}],"collection":[{"href":"https:\/\/pos-graduacao.uepb.edu.br\/ppgli\/wp-json\/wp\/v2\/pages"}],"about":[{"href":"https:\/\/pos-graduacao.uepb.edu.br\/ppgli\/wp-json\/wp\/v2\/types\/page"}],"author":[{"embeddable":true,"href":"https:\/\/pos-graduacao.uepb.edu.br\/ppgli\/wp-json\/wp\/v2\/users\/5"}],"replies":[{"embeddable":true,"href":"https:\/\/pos-graduacao.uepb.edu.br\/ppgli\/wp-json\/wp\/v2\/comments?post=5633"}],"version-history":[{"count":3,"href":"https:\/\/pos-graduacao.uepb.edu.br\/ppgli\/wp-json\/wp\/v2\/pages\/5633\/revisions"}],"predecessor-version":[{"id":5638,"href":"https:\/\/pos-graduacao.uepb.edu.br\/ppgli\/wp-json\/wp\/v2\/pages\/5633\/revisions\/5638"}],"wp:attachment":[{"href":"https:\/\/pos-graduacao.uepb.edu.br\/ppgli\/wp-json\/wp\/v2\/media?parent=5633"}],"curies":[{"name":"wp","href":"https:\/\/api.w.org\/{rel}","templated":true}]}}