{"id":5493,"date":"2025-02-04T11:18:12","date_gmt":"2025-02-04T14:18:12","guid":{"rendered":"https:\/\/pos-graduacao.uepb.edu.br\/ppgli\/?page_id=5493"},"modified":"2025-02-04T11:49:01","modified_gmt":"2025-02-04T14:49:01","slug":"egressos","status":"publish","type":"page","link":"https:\/\/pos-graduacao.uepb.edu.br\/ppgli\/egressos\/","title":{"rendered":"Egressos"},"content":{"rendered":"<div class=\"wpb-content-wrapper\"><p>[vc_row][vc_column][vc_column_text css=&#8221;&#8221;]<\/p>\n<table width=\"100%\">\n<tbody>\n<tr>\n<td width=\"27%\"><strong><br \/>\nNome<\/strong><\/td>\n<td width=\"11%\"><strong>Ano em que concluiu o curso <\/strong><\/td>\n<td width=\"18%\"><strong>Em que Estado brasileiro voc\u00ea trabalha? <\/strong><\/td>\n<td width=\"25%\"><strong>Em que institui\u00e7\u00e3o ou empresa voc\u00ea trabalha? <\/strong><\/td>\n<td width=\"16%\"><strong>Voc\u00ea tem v\u00ednculo com a P\u00f3s-gradua\u00e7\u00e3o?<\/strong><\/td>\n<\/tr>\n<tr>\n<td width=\"27%\">Abdias Correia de Cantalice Neto<\/td>\n<td width=\"11%\">2024<\/td>\n<td width=\"18%\">Para\u00edba<\/td>\n<td width=\"25%\">Secretaria Estadual da Educa\u00e7\u00e3o Para\u00edba<\/td>\n<td width=\"16%\">N\u00e3o<\/td>\n<\/tr>\n<tr>\n<td width=\"27%\">Alessandro Giordano<\/td>\n<td width=\"11%\">2023<\/td>\n<td width=\"18%\">Para\u00edba<\/td>\n<td width=\"25%\">Uepb<\/td>\n<td width=\"16%\">N\u00e3o<\/td>\n<\/tr>\n<tr>\n<td width=\"27%\">Ana Fl\u00e1via da Silva Oliveira<\/td>\n<td width=\"11%\">2022<\/td>\n<td width=\"18%\">Pernambuco<\/td>\n<td width=\"25%\">Escola T\u00e9cnico Estadual Arlindo Ferreira dos Santos<\/td>\n<td width=\"16%\">N\u00e3o<\/td>\n<\/tr>\n<tr>\n<td width=\"27%\">Ana Paula dos Santos Claudino de Macena<\/td>\n<td width=\"11%\">2020<\/td>\n<td width=\"18%\">Para\u00edba<\/td>\n<td width=\"25%\">UEPB<\/td>\n<td width=\"16%\">N\u00e3o<\/td>\n<\/tr>\n<tr>\n<td width=\"27%\">Ana Rachel Gondim Cabral de Vasconcelos<\/td>\n<td width=\"11%\">2022<\/td>\n<td width=\"18%\">Para\u00edba<\/td>\n<td width=\"25%\">Sou aut\u00f4noma<\/td>\n<td width=\"16%\">N\u00e3o<\/td>\n<\/tr>\n<tr>\n<td width=\"27%\">Andr\u00e9 Angelo de Mediros Araujo<\/td>\n<td width=\"11%\">2017<\/td>\n<td width=\"18%\">Para\u00edba<\/td>\n<td width=\"25%\">AEC CENTRO DE CONTATOS SA<\/td>\n<td width=\"16%\">N\u00e3o<\/td>\n<\/tr>\n<tr>\n<td width=\"27%\">Andr\u00e9a Marques da Silva<\/td>\n<td width=\"11%\">2016<\/td>\n<td width=\"18%\">N\u00e3o se Aplica<\/td>\n<td width=\"25%\">Farm\u00e1cia hospitalar da prefeitura de Sap\u00e9<\/td>\n<td width=\"16%\">N\u00e3o<\/td>\n<\/tr>\n<tr>\n<td width=\"27%\">Andr\u00e9ia da Silva Santos<\/td>\n<td width=\"11%\">2015<\/td>\n<td width=\"18%\">Pernambuco<\/td>\n<td width=\"25%\">UNIFIS<\/td>\n<td width=\"16%\">N\u00e3o<\/td>\n<\/tr>\n<tr>\n<td width=\"27%\">Anna Giovanna Rocha Bezerra<\/td>\n<td width=\"11%\">2015<\/td>\n<td width=\"18%\">Para\u00edba<\/td>\n<td width=\"25%\">IFPB-CG<\/td>\n<td width=\"16%\">N\u00e3o<\/td>\n<\/tr>\n<tr>\n<td width=\"27%\">Anna Paula Aires de Souza<\/td>\n<td width=\"11%\">2020<\/td>\n<td width=\"18%\">Pernambuco<\/td>\n<td width=\"25%\">Secretaria de Educa\u00e7\u00e3o e Esportes de Pernambuco<\/td>\n<td width=\"16%\">N\u00e3o<\/td>\n<\/tr>\n<tr>\n<td width=\"27%\">Annie Tarsis Morais Figueiredo<\/td>\n<td width=\"11%\">2020<\/td>\n<td width=\"18%\">Rio Grande do Norte<\/td>\n<td width=\"25%\">Universidade do Estado do Rio Grande do Norte (UERN)<\/td>\n<td width=\"16%\">N\u00e3o<\/td>\n<\/tr>\n<tr>\n<td width=\"27%\">Ant\u00f4nio Almeida Rodrigues da Silva<\/td>\n<td width=\"11%\">2020<\/td>\n<td width=\"18%\">Para\u00edba<\/td>\n<td width=\"25%\">Universidade federal da Para\u00edba<\/td>\n<td width=\"16%\">N\u00e3o<\/td>\n<\/tr>\n<tr>\n<td width=\"27%\">Antonio Carlos Batista da Silva Neto<\/td>\n<td width=\"11%\">2021<\/td>\n<td width=\"18%\">Pernambuco<\/td>\n<td width=\"25%\">Apenas estudo<\/td>\n<td width=\"16%\">Sim<\/td>\n<\/tr>\n<tr>\n<td width=\"27%\">Auricelio Ferreira de Souza<\/td>\n<td width=\"11%\">2018<\/td>\n<td width=\"18%\">Cear\u00e1<\/td>\n<td width=\"25%\">Instituto Federal de Educa\u00e7\u00e3o, Ci\u00eancia e Tecnologia do Cear\u00e1 (IFCE)<\/td>\n<td width=\"16%\">N\u00e3o<\/td>\n<\/tr>\n<tr>\n<td width=\"27%\">Bruno Santos Melo<\/td>\n<td width=\"11%\">2024<\/td>\n<td width=\"18%\">Para\u00edba<\/td>\n<td width=\"25%\">Universidade Estadual da Para\u00edba<\/td>\n<td width=\"16%\">N\u00e3o<\/td>\n<\/tr>\n<tr>\n<td width=\"27%\">Claudeci da Silva Ribeiro<\/td>\n<td width=\"11%\">2018<\/td>\n<td width=\"18%\">Para\u00edba<\/td>\n<td width=\"25%\">ECIT PROFESSOR AN\u00c9SIO LE\u00c3O<\/td>\n<td width=\"16%\">N\u00e3o<\/td>\n<\/tr>\n<tr>\n<td width=\"27%\">Claudeci da Silva Ribeiro<\/td>\n<td width=\"11%\">2018<\/td>\n<td width=\"18%\">Para\u00edba<\/td>\n<td width=\"25%\">ECIT Professor An\u00e9sio Le\u00e3o<\/td>\n<td width=\"16%\">N\u00e3o<\/td>\n<\/tr>\n<tr>\n<td width=\"27%\">Cleber Gordiano dos Santos<\/td>\n<td width=\"11%\">2022<\/td>\n<td width=\"18%\">Para\u00edba<\/td>\n<td width=\"25%\">Escola Estadual de Ensino Fundamental e M\u00e9dio Major Veneziano Vital do R\u00eago<\/td>\n<td width=\"16%\">N\u00e3o<\/td>\n<\/tr>\n<tr>\n<td width=\"27%\">Cleber Gordiano dos Santos<\/td>\n<td width=\"11%\">2022<\/td>\n<td width=\"18%\">Para\u00edba<\/td>\n<td width=\"25%\">Secret\u00e1rio de Estado da Educa\u00e7\u00e3o da Para\u00edba<\/td>\n<td width=\"16%\">N\u00e3o<\/td>\n<\/tr>\n<tr>\n<td width=\"27%\">Cleriston de Oliveira Costa<\/td>\n<td width=\"11%\">2016<\/td>\n<td width=\"18%\">Pernambuco<\/td>\n<td width=\"25%\">Prefeitura Municipal de Santa Cruz do Capibaribe (PE)<\/td>\n<td width=\"16%\">N\u00e3o<\/td>\n<\/tr>\n<tr>\n<td width=\"27%\">Deyseane Pereira dos Santos Araujo<\/td>\n<td width=\"11%\">2018<\/td>\n<td width=\"18%\">Para\u00edba<\/td>\n<td width=\"25%\">Instituto Federal da Para\u00edba<\/td>\n<td width=\"16%\">N\u00e3o<\/td>\n<\/tr>\n<tr>\n<td width=\"27%\">Ediliane Lopes Leite de Figueiredo<\/td>\n<td width=\"11%\">2017<\/td>\n<td width=\"18%\">Para\u00edba<\/td>\n<td width=\"25%\">UNIFACISA &#8211; Centro Universit\u00e1rio<\/td>\n<td width=\"16%\">N\u00e3o<\/td>\n<\/tr>\n<tr>\n<td width=\"27%\">Emanoelle Maria Brasil de Vasconcelos<\/td>\n<td width=\"11%\">2024<\/td>\n<td width=\"18%\">Para\u00edba<\/td>\n<td width=\"25%\">Escola Cidad\u00e3 Integral Jos\u00e9 Rodrigues de Ata\u00edde<\/td>\n<td width=\"16%\">Sim<\/td>\n<\/tr>\n<tr>\n<td width=\"27%\">Erick Ferreira Cabral<\/td>\n<td width=\"11%\">2020<\/td>\n<td width=\"18%\">Para\u00edba<\/td>\n<td width=\"25%\">UEPB<\/td>\n<td width=\"16%\">N\u00e3o<\/td>\n<\/tr>\n<tr>\n<td width=\"27%\">Etiene Mendes Rodrigues<\/td>\n<td width=\"11%\">2022<\/td>\n<td width=\"18%\">Para\u00edba<\/td>\n<td width=\"25%\">Centro Universit\u00e1rio de Patos<\/td>\n<td width=\"16%\">N\u00e3o<\/td>\n<\/tr>\n<tr>\n<td width=\"27%\">Ferdinando de Oliveira Figueir\u00eado<\/td>\n<td width=\"11%\">2023<\/td>\n<td width=\"18%\">Pernambuco<\/td>\n<td width=\"25%\">UPE &#8211; Universidade de Pernambuco<\/td>\n<td width=\"16%\">N\u00e3o<\/td>\n<\/tr>\n<tr>\n<td width=\"27%\">FRANCISCO DE ASSIS SOARES DA SILVA<\/td>\n<td width=\"11%\">2023<\/td>\n<td width=\"18%\">Para\u00edba<\/td>\n<td width=\"25%\">SECRETARIA DE EDUCA\u00c7\u00c3O DO ESTADO DA PARA\u00cdBA<\/td>\n<td width=\"16%\">N\u00e3o<\/td>\n<\/tr>\n<tr>\n<td width=\"27%\">Francisco Leandro de Assis Neto<\/td>\n<td width=\"11%\">2015<\/td>\n<td width=\"18%\">Para\u00edba<\/td>\n<td width=\"25%\">Prefeitura Municipal de Jo\u00e3o Pessoa (E.M.E.I.E.F. Apol\u00f4nio Sales de Miranda); Prefeitura Municipal de Alagoa Grande (E.M.E.I.F. C\u00e2ndido R\u00e9gis de Brito)<\/td>\n<td width=\"16%\">N\u00e3o<\/td>\n<\/tr>\n<tr>\n<td width=\"27%\">Gesimiel Rodrigues Santos<\/td>\n<td width=\"11%\">2019<\/td>\n<td width=\"18%\">Para\u00edba<\/td>\n<td width=\"25%\">Instituto Federal de Educa\u00e7\u00e3o, Ci\u00eancia e Tecnologia da Para\u00edba<\/td>\n<td width=\"16%\">N\u00e3o<\/td>\n<\/tr>\n<tr>\n<td width=\"27%\">Gilmar de Souza Barbosa Vasconcelos<\/td>\n<td width=\"11%\">2015<\/td>\n<td width=\"18%\">Para\u00edba<\/td>\n<td width=\"25%\">Governo do Estado da Para\u00edba e Prefeitura Municipal de Dona In\u00eas<\/td>\n<td width=\"16%\">N\u00e3o<\/td>\n<\/tr>\n<tr>\n<td width=\"27%\">Giordana Vaz Duarte<\/td>\n<td width=\"11%\">2016<\/td>\n<td width=\"18%\">Para\u00edba<\/td>\n<td width=\"25%\">Estado da Para\u00edba<\/td>\n<td width=\"16%\">N\u00e3o<\/td>\n<\/tr>\n<tr>\n<td width=\"27%\">Giovanna de Ara\u00fajo Leite<\/td>\n<td width=\"11%\">2022<\/td>\n<td width=\"18%\">Pernambuco<\/td>\n<td width=\"25%\">Autarquia do Ensino Superior de Garanhuns-AESGA<\/td>\n<td width=\"16%\">N\u00e3o<\/td>\n<\/tr>\n<tr>\n<td width=\"27%\">Hudson Marques da Silva<\/td>\n<td width=\"11%\">2016<\/td>\n<td width=\"18%\">Pernambuco<\/td>\n<td width=\"25%\">IFPE<\/td>\n<td width=\"16%\">N\u00e3o<\/td>\n<\/tr>\n<tr>\n<td width=\"27%\">Izabel Cristina Oliveira Martins<\/td>\n<td width=\"11%\">2019<\/td>\n<td width=\"18%\">Para\u00edba<\/td>\n<td width=\"25%\">Secretaria da Educa\u00e7\u00e3o do Estado da Para\u00edba<\/td>\n<td width=\"16%\">N\u00e3o<\/td>\n<\/tr>\n<tr>\n<td width=\"27%\">JAIR PEREIRA DE OLIVEIRA<\/td>\n<td width=\"11%\">2020<\/td>\n<td width=\"18%\">Para\u00edba<\/td>\n<td width=\"25%\">SECERTARIA DE EDUCA\u00c7\u00c3O DO ESTADO DA PARA\u00cdBA<\/td>\n<td width=\"16%\">N\u00e3o<\/td>\n<\/tr>\n<tr>\n<td width=\"27%\">J\u00e9ssica da Silva Nascimento<\/td>\n<td width=\"11%\">2022<\/td>\n<td width=\"18%\">Para\u00edba<\/td>\n<td width=\"25%\">E.M.E.F. Ceai Dr. Elp\u00eddio de Almeida<\/td>\n<td width=\"16%\">N\u00e3o<\/td>\n<\/tr>\n<tr>\n<td width=\"27%\">J\u00e9ssica Pereira Gon\u00e7alves<\/td>\n<td width=\"11%\">2024<\/td>\n<td width=\"18%\">Para\u00edba<\/td>\n<td width=\"25%\">SESI- Sistema Social da Ind\u00fastria<\/td>\n<td width=\"16%\">N\u00e3o<\/td>\n<\/tr>\n<tr>\n<td width=\"27%\">Jo\u00e3o Aleixo da Silva Neto<\/td>\n<td width=\"11%\">2022<\/td>\n<td width=\"18%\">S\u00e3o Paulo<\/td>\n<td width=\"25%\">N\u00e3o atuo em nenhuma institui\u00e7\u00e3o<\/td>\n<td width=\"16%\">N\u00e3o<\/td>\n<\/tr>\n<tr>\n<td width=\"27%\">Jo\u00e3o Batista Teixeira<\/td>\n<td width=\"11%\">2019<\/td>\n<td width=\"18%\">Para\u00edba<\/td>\n<td width=\"25%\">Escola Municipal de Ensino Fundamental Jo\u00e3o Alves Torres\/Araruna\/PB e Grupos de Estudos em Literaturas Portuguesas.<\/td>\n<td width=\"16%\">N\u00e3o<\/td>\n<\/tr>\n<tr>\n<td width=\"27%\">Jo\u00e3o Ferreira L\u00f4bo Neto<\/td>\n<td width=\"11%\">2019<\/td>\n<td width=\"18%\">Pernambuco<\/td>\n<td width=\"25%\">Escola da Independ\u00eancia (Escola estadual de pernambuco)<\/td>\n<td width=\"16%\">N\u00e3o<\/td>\n<\/tr>\n<tr>\n<td width=\"27%\">Joelton Gomes de Barros<\/td>\n<td width=\"11%\">2023<\/td>\n<td width=\"18%\">Para\u00edba<\/td>\n<td width=\"25%\">Funad<\/td>\n<td width=\"16%\">N\u00e3o<\/td>\n<\/tr>\n<tr>\n<td width=\"27%\">Jonas Jefferson de Souza Leite<\/td>\n<td width=\"11%\">2018<\/td>\n<td width=\"18%\">Pernambuco<\/td>\n<td width=\"25%\">UFPE<\/td>\n<td width=\"16%\">Sim<\/td>\n<\/tr>\n<tr>\n<td width=\"27%\">Jos\u00e9 C\u00e2ndido Rodrigues Neto<\/td>\n<td width=\"11%\">2023<\/td>\n<td width=\"18%\">Para\u00edba<\/td>\n<td width=\"25%\">Secretaria de Educa\u00e7\u00e3o da Para\u00edba e Secretaria de Educa\u00e7\u00e3o do Conde<\/td>\n<td width=\"16%\">N\u00e3o<\/td>\n<\/tr>\n<tr>\n<td width=\"27%\">Jos\u00e9 Marcos Batista de Moraes<\/td>\n<td width=\"11%\">2014<\/td>\n<td width=\"18%\">Para\u00edba<\/td>\n<td width=\"25%\">C\u00e2mara Municipal de Campina Grande<\/td>\n<td width=\"16%\">N\u00e3o<\/td>\n<\/tr>\n<tr>\n<td width=\"27%\">Keitiana de souza silva<\/td>\n<td width=\"11%\">2023<\/td>\n<td width=\"18%\">Para\u00edba<\/td>\n<td width=\"25%\">IFPB<\/td>\n<td width=\"16%\">N\u00e3o<\/td>\n<\/tr>\n<tr>\n<td width=\"27%\">Kenia Kalyne Gomes de Almeida<\/td>\n<td width=\"11%\">2014<\/td>\n<td width=\"18%\">Rio Grande do Norte<\/td>\n<td width=\"25%\">Universidade Estadual do Rio Grande do Norte<\/td>\n<td width=\"16%\">N\u00e3o<\/td>\n<\/tr>\n<tr>\n<td width=\"27%\">Kyssia Rafaela Almeida Pinto da Silva<\/td>\n<td width=\"11%\">2021<\/td>\n<td width=\"18%\">Para\u00edba<\/td>\n<td width=\"25%\">Secretaria de Educa\u00e7\u00e3o &#8211; Governo do Estado da Para\u00edba\/ Escola Habilis<\/td>\n<td width=\"16%\">N\u00e3o<\/td>\n<\/tr>\n<tr>\n<td width=\"27%\">LEANDRO BR\u00c1ULIO NASCIMENTO N\u00d3BREGA<\/td>\n<td width=\"11%\">2018<\/td>\n<td width=\"18%\">Para\u00edba<\/td>\n<td width=\"25%\">PROFESSOR SUBSTITUTO NO CURSO DE JORNALISMO DA UNIVERSIDADE ESTADUAL DA PARA\u00cdBA<\/td>\n<td width=\"16%\">N\u00e3o<\/td>\n<\/tr>\n<tr>\n<td width=\"27%\">Luciana Calissi<\/td>\n<td width=\"11%\">2020<\/td>\n<td width=\"18%\">Para\u00edba<\/td>\n<td width=\"25%\">Universidade Estadual da Para\u00edba<\/td>\n<td width=\"16%\">N\u00e3o<\/td>\n<\/tr>\n<tr>\n<td width=\"27%\">Luiz Felipe de Queiroga Aguiar Leite<\/td>\n<td width=\"11%\">2017<\/td>\n<td width=\"18%\">Pernambuco<\/td>\n<td width=\"25%\">Uninassau<\/td>\n<td width=\"16%\">N\u00e3o<\/td>\n<\/tr>\n<tr>\n<td width=\"27%\">Maria das Dores Freire da Silva<\/td>\n<td width=\"11%\">2023<\/td>\n<td width=\"18%\">Para\u00edba<\/td>\n<td width=\"25%\">Escola Municipal Ant\u00f4nio Gomes de Sousa<\/td>\n<td width=\"16%\">N\u00e3o<\/td>\n<\/tr>\n<tr>\n<td width=\"27%\">Maria do Socorro Pinheiro<\/td>\n<td width=\"11%\">2015<\/td>\n<td width=\"18%\">Cear\u00e1<\/td>\n<td width=\"25%\">UNIVERSIDADE ESTADUAL DO CER\u00c1 -UECE<\/td>\n<td width=\"16%\">Sim<\/td>\n<\/tr>\n<tr>\n<td width=\"27%\">Maria Rennally Soares da Silva<\/td>\n<td width=\"11%\">2021<\/td>\n<td width=\"18%\">Para\u00edba<\/td>\n<td width=\"25%\">Universidade Federal da Para\u00edba<\/td>\n<td width=\"16%\">N\u00e3o<\/td>\n<\/tr>\n<tr>\n<td width=\"27%\">Michelle Pinto da Silva<\/td>\n<td width=\"11%\">2014<\/td>\n<td width=\"18%\">Rio Grande do Norte<\/td>\n<td width=\"25%\">Escola Estadual Di\u00f3genes da Cunha Lima<\/td>\n<td width=\"16%\">N\u00e3o<\/td>\n<\/tr>\n<tr>\n<td width=\"27%\">MONALISA BARBOZA SANTOS COLA\u00c7O<\/td>\n<td width=\"11%\">2023<\/td>\n<td width=\"18%\">Para\u00edba<\/td>\n<td width=\"25%\">Universidade Estadual da Para\u00edba<\/td>\n<td width=\"16%\">N\u00e3o<\/td>\n<\/tr>\n<tr>\n<td width=\"27%\">Mylena de Lima Queiroz<\/td>\n<td width=\"11%\">2022<\/td>\n<td width=\"18%\">Cear\u00e1<\/td>\n<td width=\"25%\">Universidade Estadual do Cear\u00e1<\/td>\n<td width=\"16%\">N\u00e3o<\/td>\n<\/tr>\n<tr>\n<td width=\"27%\">Mylena de Lima Queiroz<\/td>\n<td width=\"11%\">2022<\/td>\n<td width=\"18%\">Cear\u00e1<\/td>\n<td width=\"25%\">Universidade Estadual do Cear\u00e1<\/td>\n<td width=\"16%\">N\u00e3o<\/td>\n<\/tr>\n<tr>\n<td width=\"27%\">Olavo Barreto de Souza<\/td>\n<td width=\"11%\">2027<\/td>\n<td width=\"18%\">Para\u00edba<\/td>\n<td width=\"25%\">Universidade Estadual da Para\u00edba (Campus III, Guarabira\/PB); Universidade Federal da Para\u00edba (Campus III, Bananeiras\/PB)<\/td>\n<td width=\"16%\">N\u00e3o<\/td>\n<\/tr>\n<tr>\n<td width=\"27%\">Olavo Barreto de Souza<\/td>\n<td width=\"11%\">2017<\/td>\n<td width=\"18%\">Para\u00edba<\/td>\n<td width=\"25%\">Universidade Estadual da Para\u00edba e Universidade Federal da Para\u00edba<\/td>\n<td width=\"16%\">N\u00e3o<\/td>\n<\/tr>\n<tr>\n<td width=\"27%\">Patr\u00edcia Gomes Germano<\/td>\n<td width=\"11%\">2015<\/td>\n<td width=\"18%\">Para\u00edba<\/td>\n<td width=\"25%\">SEEC &#8211; Estado da Para\u00edba<\/td>\n<td width=\"16%\">N\u00e3o<\/td>\n<\/tr>\n<tr>\n<td width=\"27%\">Paulo de Freitas Gomes<\/td>\n<td width=\"11%\">2017<\/td>\n<td width=\"18%\">Para\u00edba<\/td>\n<td width=\"25%\">Escola Municipal de Ensino Fundamental Marlene Alves Mendes<\/td>\n<td width=\"16%\">N\u00e3o<\/td>\n<\/tr>\n<tr>\n<td width=\"27%\">Rafael Barros de Sousa<\/td>\n<td width=\"11%\">2021<\/td>\n<td width=\"18%\">Para\u00edba<\/td>\n<td width=\"25%\">Universidade Federal de Campina Grande\/Prefeitura Municipal de Sum\u00e9<\/td>\n<td width=\"16%\">N\u00e3o<\/td>\n<\/tr>\n<tr>\n<td width=\"27%\">Roberta Tiburcio Barbosa<\/td>\n<td width=\"11%\">2024<\/td>\n<td width=\"18%\">Para\u00edba<\/td>\n<td width=\"25%\">Escola Estadual de Ensino Fundamental e M\u00e9dio Tereza Alves de Moura<\/td>\n<td width=\"16%\">N\u00e3o<\/td>\n<\/tr>\n<tr>\n<td width=\"27%\">S\u00edlvia Jussara Barbosa dos Santos Domingos<\/td>\n<td width=\"11%\">2022<\/td>\n<td width=\"18%\">Pernambuco<\/td>\n<td width=\"25%\">ASCES \/ UNITA<\/td>\n<td width=\"16%\">N\u00e3o<\/td>\n<\/tr>\n<tr>\n<td width=\"27%\">Solange Alves de Almeida<\/td>\n<td width=\"11%\">2022<\/td>\n<td width=\"18%\">Para\u00edba<\/td>\n<td width=\"25%\">n\u00e3o tabalho<\/td>\n<td width=\"16%\">N\u00e3o<\/td>\n<\/tr>\n<tr>\n<td width=\"27%\">Suelanea Carneiro da Silva Sousa<\/td>\n<td width=\"11%\">2019<\/td>\n<td width=\"18%\">Pernambuco<\/td>\n<td width=\"25%\">Prefeitura municipal de Caruaru<\/td>\n<td width=\"16%\">N\u00e3o<\/td>\n<\/tr>\n<tr>\n<td width=\"27%\">Val\u00e9cio Irineu Barros<\/td>\n<td width=\"11%\">2021<\/td>\n<td width=\"18%\">Para\u00edba<\/td>\n<td width=\"25%\">Universidade Estadual da Para\u00edba<\/td>\n<td width=\"16%\">N\u00e3o<\/td>\n<\/tr>\n<tr>\n<td width=\"27%\">Wald\u00edvia de Mac\u00eado Oliveira<\/td>\n<td width=\"11%\">2020<\/td>\n<td width=\"18%\">Para\u00edba<\/td>\n<td width=\"25%\">Secretaria Estadual de Educa\u00e7\u00e3o da Para\u00edba<\/td>\n<td width=\"16%\">N\u00e3o<\/td>\n<\/tr>\n<tr>\n<td width=\"27%\">Yolanda Maria da Silva<\/td>\n<td width=\"11%\">2022<\/td>\n<td width=\"18%\">Para\u00edba<\/td>\n<td width=\"25%\">3\u00b0 Regional de Ensino da Para\u00edba<\/td>\n<td width=\"16%\">N\u00e3o<\/td>\n<\/tr>\n<\/tbody>\n<\/table>\n<p>[\/vc_column_text][\/vc_column][\/vc_row][vc_row][vc_column][vc_text_separator title=&#8221;Perfil do egresso do PPGLI&#8221; css=&#8221;&#8221;][vc_column_text css=&#8221;&#8221;]<\/p>\n<p style=\"text-align: center;\"><strong>Perfil elaborado em dezembro de 2024, com base nas respostas a entrevistas respondidas por 70 egressos do programa. (Fonte: PPGLI)<\/strong><\/p>\n<p>[\/vc_column_text][vc_row_inner][vc_column_inner width=&#8221;1\/3&#8243;][vc_single_image image=&#8221;5500&#8243; onclick=&#8221;link_image&#8221; css=&#8221;&#8221;][vc_single_image image=&#8221;5497&#8243; onclick=&#8221;link_image&#8221; css=&#8221;&#8221;][\/vc_column_inner][vc_column_inner width=&#8221;1\/3&#8243;][vc_single_image image=&#8221;5499&#8243; onclick=&#8221;link_image&#8221; css=&#8221;&#8221;][vc_single_image image=&#8221;5501&#8243; onclick=&#8221;link_image&#8221; css=&#8221;&#8221;][\/vc_column_inner][vc_column_inner width=&#8221;1\/3&#8243;][vc_single_image image=&#8221;5498&#8243; onclick=&#8221;link_image&#8221; css=&#8221;&#8221;][\/vc_column_inner][\/vc_row_inner][\/vc_column][\/vc_row]<\/p>\n<\/div>","protected":false},"excerpt":{"rendered":"<p>[vc_row][vc_column][vc_column_text css=&#8221;&#8221;] Nome Ano em que concluiu o curso Em que Estado brasileiro voc\u00ea trabalha? Em que institui\u00e7\u00e3o ou empresa voc\u00ea trabalha? Voc\u00ea tem v\u00ednculo com a P\u00f3s-gradua\u00e7\u00e3o? Abdias Correia de Cantalice Neto 2024 Para\u00edba Secretaria Estadual da Educa\u00e7\u00e3o Para\u00edba N\u00e3o Alessandro Giordano 2023 Para\u00edba Uepb N\u00e3o Ana Fl\u00e1via da Silva Oliveira 2022 Pernambuco Escola <a class=\"leiamais\" href=\"https:\/\/pos-graduacao.uepb.edu.br\/ppgli\/egressos\/\">Leia Mais&#8230;<\/a><\/p>\n","protected":false},"author":34,"featured_media":0,"parent":0,"menu_order":0,"comment_status":"closed","ping_status":"closed","template":"","meta":{"footnotes":""},"class_list":["post-5493","page","type-page","status-publish","hentry"],"jetpack_sharing_enabled":true,"_links":{"self":[{"href":"https:\/\/pos-graduacao.uepb.edu.br\/ppgli\/wp-json\/wp\/v2\/pages\/5493","targetHints":{"allow":["GET"]}}],"collection":[{"href":"https:\/\/pos-graduacao.uepb.edu.br\/ppgli\/wp-json\/wp\/v2\/pages"}],"about":[{"href":"https:\/\/pos-graduacao.uepb.edu.br\/ppgli\/wp-json\/wp\/v2\/types\/page"}],"author":[{"embeddable":true,"href":"https:\/\/pos-graduacao.uepb.edu.br\/ppgli\/wp-json\/wp\/v2\/users\/34"}],"replies":[{"embeddable":true,"href":"https:\/\/pos-graduacao.uepb.edu.br\/ppgli\/wp-json\/wp\/v2\/comments?post=5493"}],"version-history":[{"count":11,"href":"https:\/\/pos-graduacao.uepb.edu.br\/ppgli\/wp-json\/wp\/v2\/pages\/5493\/revisions"}],"predecessor-version":[{"id":5509,"href":"https:\/\/pos-graduacao.uepb.edu.br\/ppgli\/wp-json\/wp\/v2\/pages\/5493\/revisions\/5509"}],"wp:attachment":[{"href":"https:\/\/pos-graduacao.uepb.edu.br\/ppgli\/wp-json\/wp\/v2\/media?parent=5493"}],"curies":[{"name":"wp","href":"https:\/\/api.w.org\/{rel}","templated":true}]}}