{"id":5266,"date":"2024-06-27T09:22:26","date_gmt":"2024-06-27T12:22:26","guid":{"rendered":"https:\/\/pos-graduacao.uepb.edu.br\/ppgli\/?page_id=5266"},"modified":"2025-02-06T10:38:16","modified_gmt":"2025-02-06T13:38:16","slug":"convenios-e-redes-de-colaboracao","status":"publish","type":"page","link":"https:\/\/pos-graduacao.uepb.edu.br\/ppgli\/convenios-e-redes-de-colaboracao\/","title":{"rendered":"Conv\u00eanios e redes de colabora\u00e7\u00e3o"},"content":{"rendered":"<p>O PPGLI conta, atualmente, com 18 docentes, dos quais 13 conclu\u00edram um ou mais de um p\u00f3s-doutorado em institui\u00e7\u00e3o brasileira ou estrangeira e h\u00e1, atualmente, outros docentes que est\u00e3o realizando est\u00e1gio p\u00f3s-doutoral. Esse \u00e9 um primeiro aspecto que mostra o compromisso do programa e de seus docentes tanto com a atualiza\u00e7\u00e3o e o aperfei\u00e7oamento de sua forma\u00e7\u00e3o quanto com a difus\u00e3o de seus trabalhos e pesquisas, a cria\u00e7\u00e3o de redes de colabora\u00e7\u00e3o e a promo\u00e7\u00e3o de debate rigoroso acerca da produ\u00e7\u00e3o intelectual realizada em seu \u00e2mbito. Nesse sentido, o PPGLI conta, atualmente, com uma \u00f3tima rede de colabora\u00e7\u00e3o nacional, por meio de seus docentes, com contatos e participa\u00e7\u00f5es envolvendo universidades de todas as regi\u00f5es do pa\u00eds, como USP, UNESP, UNICAMP, UFRJ, UFPE, UFRPE, UPE, UEL, UFSM, UFG, UFMG, UFRN, UFAC, UnB, UFERSA, UNILA, UFPR, UERN, UFCG, UFPB, UERJ, UFPel.<\/p>\n<p>Dessas redes resultam interc\u00e2mbios em diversos formatos, tais como: participa\u00e7\u00f5es em bancas, organiza\u00e7\u00f5es de dossi\u00eas para publica\u00e7\u00e3o em revistas, participa\u00e7\u00e3o em publica\u00e7\u00f5es de colet\u00e2neas em livros, organiza\u00e7\u00e3o e participa\u00e7\u00e3o em simp\u00f3sios e grupos de trabalhos em eventos e associa\u00e7\u00f5es de pesquisa da \u00e1rea de Letras, participa\u00e7\u00e3o como consultores <em>ad hoc<\/em> para revistas e ag\u00eancias de fomento, participa\u00e7\u00f5es em grupos de pesquisa cadastrados no CNPq.<\/p>\n<p>Por sua vez, apesar de o programa ainda n\u00e3o contar com projetos institucionais internacionais, h\u00e1 uma s\u00e9rie de a\u00e7\u00f5es de internacionaliza\u00e7\u00e3o realizadas ou em processo, sobretudo com colaboradores de Portugal, Espanha, Alemanha, Fran\u00e7a, Bulg\u00e1ria, Estados Unidos, Canad\u00e1 e Argentina, de cujas redes resultam colabora\u00e7\u00f5es tais como interc\u00e2mbio p\u00f3s-doutoral, organiza\u00e7\u00f5es de dossi\u00eas e livros em formato de colet\u00e2nea, oferta e recep\u00e7\u00e3o de palestras e confer\u00eancias, participa\u00e7\u00f5es em mesas-redondas e congressos em geral. O programa apresenta, tamb\u00e9m, com um \u00f3timo hist\u00f3rico de envio de discentes para cursar est\u00e1gios no exterior (em formato de doutorado-sandu\u00edche), em pa\u00edses da Europa e das Am\u00e9ricas. Nesse sentido, o PPGLI vem trabalhando para consolidar tais redes de colabora\u00e7\u00e3o, a fim de aperfei\u00e7o\u00e1-las.<\/p>\n","protected":false},"excerpt":{"rendered":"<p>O PPGLI conta, atualmente, com 18 docentes, dos quais 13 conclu\u00edram um ou mais de um p\u00f3s-doutorado em institui\u00e7\u00e3o brasileira ou estrangeira e h\u00e1, atualmente, outros docentes que est\u00e3o realizando est\u00e1gio p\u00f3s-doutoral. Esse \u00e9 um primeiro aspecto que mostra o compromisso do programa e de seus docentes tanto com a atualiza\u00e7\u00e3o e o aperfei\u00e7oamento de <a class=\"leiamais\" href=\"https:\/\/pos-graduacao.uepb.edu.br\/ppgli\/convenios-e-redes-de-colaboracao\/\">Leia Mais&#8230;<\/a><\/p>\n","protected":false},"author":34,"featured_media":0,"parent":0,"menu_order":0,"comment_status":"closed","ping_status":"closed","template":"","meta":{"footnotes":""},"class_list":["post-5266","page","type-page","status-publish","hentry"],"jetpack_sharing_enabled":true,"_links":{"self":[{"href":"https:\/\/pos-graduacao.uepb.edu.br\/ppgli\/wp-json\/wp\/v2\/pages\/5266","targetHints":{"allow":["GET"]}}],"collection":[{"href":"https:\/\/pos-graduacao.uepb.edu.br\/ppgli\/wp-json\/wp\/v2\/pages"}],"about":[{"href":"https:\/\/pos-graduacao.uepb.edu.br\/ppgli\/wp-json\/wp\/v2\/types\/page"}],"author":[{"embeddable":true,"href":"https:\/\/pos-graduacao.uepb.edu.br\/ppgli\/wp-json\/wp\/v2\/users\/34"}],"replies":[{"embeddable":true,"href":"https:\/\/pos-graduacao.uepb.edu.br\/ppgli\/wp-json\/wp\/v2\/comments?post=5266"}],"version-history":[{"count":3,"href":"https:\/\/pos-graduacao.uepb.edu.br\/ppgli\/wp-json\/wp\/v2\/pages\/5266\/revisions"}],"predecessor-version":[{"id":5517,"href":"https:\/\/pos-graduacao.uepb.edu.br\/ppgli\/wp-json\/wp\/v2\/pages\/5266\/revisions\/5517"}],"wp:attachment":[{"href":"https:\/\/pos-graduacao.uepb.edu.br\/ppgli\/wp-json\/wp\/v2\/media?parent=5266"}],"curies":[{"name":"wp","href":"https:\/\/api.w.org\/{rel}","templated":true}]}}