{"id":5251,"date":"2024-06-26T11:55:04","date_gmt":"2024-06-26T14:55:04","guid":{"rendered":"https:\/\/pos-graduacao.uepb.edu.br\/ppgli\/?page_id=5251"},"modified":"2024-06-26T11:55:04","modified_gmt":"2024-06-26T14:55:04","slug":"internacionalizacao-e-integracao","status":"publish","type":"page","link":"https:\/\/pos-graduacao.uepb.edu.br\/ppgli\/internacionalizacao-e-integracao\/","title":{"rendered":"Internacionaliza\u00e7\u00e3o e Integra\u00e7\u00e3o"},"content":{"rendered":"","protected":false},"excerpt":{"rendered":"","protected":false},"author":34,"featured_media":0,"parent":0,"menu_order":0,"comment_status":"closed","ping_status":"closed","template":"","meta":{"footnotes":""},"class_list":["post-5251","page","type-page","status-publish","hentry"],"jetpack_sharing_enabled":true,"_links":{"self":[{"href":"https:\/\/pos-graduacao.uepb.edu.br\/ppgli\/wp-json\/wp\/v2\/pages\/5251","targetHints":{"allow":["GET"]}}],"collection":[{"href":"https:\/\/pos-graduacao.uepb.edu.br\/ppgli\/wp-json\/wp\/v2\/pages"}],"about":[{"href":"https:\/\/pos-graduacao.uepb.edu.br\/ppgli\/wp-json\/wp\/v2\/types\/page"}],"author":[{"embeddable":true,"href":"https:\/\/pos-graduacao.uepb.edu.br\/ppgli\/wp-json\/wp\/v2\/users\/34"}],"replies":[{"embeddable":true,"href":"https:\/\/pos-graduacao.uepb.edu.br\/ppgli\/wp-json\/wp\/v2\/comments?post=5251"}],"version-history":[{"count":1,"href":"https:\/\/pos-graduacao.uepb.edu.br\/ppgli\/wp-json\/wp\/v2\/pages\/5251\/revisions"}],"predecessor-version":[{"id":5252,"href":"https:\/\/pos-graduacao.uepb.edu.br\/ppgli\/wp-json\/wp\/v2\/pages\/5251\/revisions\/5252"}],"wp:attachment":[{"href":"https:\/\/pos-graduacao.uepb.edu.br\/ppgli\/wp-json\/wp\/v2\/media?parent=5251"}],"curies":[{"name":"wp","href":"https:\/\/api.w.org\/{rel}","templated":true}]}}