{"id":5235,"date":"2024-06-26T11:53:46","date_gmt":"2024-06-26T14:53:46","guid":{"rendered":"https:\/\/pos-graduacao.uepb.edu.br\/ppgli\/?page_id=5235"},"modified":"2025-04-03T10:50:44","modified_gmt":"2025-04-03T13:50:44","slug":"autoavaliacao","status":"publish","type":"page","link":"https:\/\/pos-graduacao.uepb.edu.br\/ppgli\/autoavaliacao\/","title":{"rendered":"Autoavalia\u00e7\u00e3o"},"content":{"rendered":"<div class=\"wpb-content-wrapper\"><p>[vc_row gap=&#8221;30&#8243;][vc_column width=&#8221;1\/2&#8243;][vc_text_separator title=&#8221;COMISS\u00c3O DE AUTOAVALIA\u00c7\u00c3O&#8221; title_align=&#8221;separator_align_left&#8221; css=&#8221;&#8221;][vc_column_text css=&#8221;&#8221;]<strong>Representante Docente <\/strong><\/p>\n<ul>\n<li>Prof. Dr. Rog\u00e9rio Fernandes dos Santos<\/li>\n<\/ul>\n<p><strong>Representante Discente <\/strong><\/p>\n<ul>\n<li>Profa. Ma. Bruna Stef\u00e2nia Simpl\u00edcio da Silva<\/li>\n<\/ul>\n<p><strong>Representante Egressos<\/strong><\/p>\n<ul>\n<li>Profa. Dra. Anna Giovanna Rocha Bezerra<\/li>\n<\/ul>\n<p><strong>Representante Servidor T\u00e9cnico-Administrativo <\/strong><\/p>\n<ul>\n<li>Luiz Carlos Marques<\/li>\n<\/ul>\n<p><strong>Representante Sociedade Civil <\/strong><\/p>\n<ul>\n<li>Prof. Ms. Jos\u00e9 Marcos Batista de Moraes<\/li>\n<\/ul>\n<p>[\/vc_column_text][\/vc_column][vc_column width=&#8221;1\/2&#8243;][vc_text_separator title=&#8221;DOCUMENTOS&#8221; title_align=&#8221;separator_align_left&#8221; css=&#8221;&#8221;][vc_column_text css=&#8221;&#8221;]<\/p>\n<ul>\n<li style=\"list-style-type: none;\">\n<ul>\n<li><a href=\"https:\/\/pos-graduacao.uepb.edu.br\/ppgli\/download\/portaria-comissao-de-autoavaliacao\/?wpdmdl=5630&amp;masterkey=O8T03VCSEVR7s7xZXGkX4A4GRno83AVmqOaJVtvtemuPGGv30rt1ZcLPwD1E6zXLRpkKqfc-bEGxqElFSHpe6Ix118JUrd8UXMOd4lFmJUs\">Portaria de nomea\u00e7\u00e3o <\/a><\/li>\n<li><a href=\"https:\/\/pos-graduacao.uepb.edu.br\/ppgli\/download\/relatorio-autoavaliacao-2021-2024\/?wpdmdl=5629&amp;masterkey=eXLWCLSpwadIPYeS_ySUadmhCaiAUqxxJCkpG8quATAblsNjsYfUhEWXwq6f_yDkWQutSE4kBPce1e2D-uUEFsX06UD79KMcpQ_uFoaU2DY\">Relat\u00f3rio final <\/a><\/li>\n<li><a href=\"https:\/\/drive.google.com\/file\/d\/1HUm2MA0ImTrsP_-bWrumN6XOB9Ov9fNV\/view?usp=sharing\"><strong>Projeto de Autoavalia\u00e7\u00e3o PPGLI (Quatri\u00eanio 2021-2024)<\/strong><\/a><\/li>\n<\/ul>\n<\/li>\n<\/ul>\n<p>[\/vc_column_text][\/vc_column][\/vc_row]<\/p>\n<\/div>","protected":false},"excerpt":{"rendered":"<p>[vc_row gap=&#8221;30&#8243;][vc_column width=&#8221;1\/2&#8243;][vc_text_separator title=&#8221;COMISS\u00c3O DE AUTOAVALIA\u00c7\u00c3O&#8221; title_align=&#8221;separator_align_left&#8221; css=&#8221;&#8221;][vc_column_text css=&#8221;&#8221;]Representante Docente Prof. Dr. Rog\u00e9rio Fernandes dos Santos Representante Discente Profa. Ma. Bruna Stef\u00e2nia Simpl\u00edcio da Silva Representante Egressos Profa. Dra. Anna Giovanna Rocha Bezerra Representante Servidor T\u00e9cnico-Administrativo Luiz Carlos Marques Representante Sociedade Civil Prof. Ms. Jos\u00e9 Marcos Batista de Moraes [\/vc_column_text][\/vc_column][vc_column width=&#8221;1\/2&#8243;][vc_text_separator title=&#8221;DOCUMENTOS&#8221; title_align=&#8221;separator_align_left&#8221; css=&#8221;&#8221;][vc_column_text css=&#8221;&#8221;] <a class=\"leiamais\" href=\"https:\/\/pos-graduacao.uepb.edu.br\/ppgli\/autoavaliacao\/\">Leia Mais&#8230;<\/a><\/p>\n","protected":false},"author":34,"featured_media":0,"parent":0,"menu_order":0,"comment_status":"closed","ping_status":"closed","template":"","meta":{"footnotes":""},"class_list":["post-5235","page","type-page","status-publish","hentry"],"jetpack_sharing_enabled":true,"_links":{"self":[{"href":"https:\/\/pos-graduacao.uepb.edu.br\/ppgli\/wp-json\/wp\/v2\/pages\/5235","targetHints":{"allow":["GET"]}}],"collection":[{"href":"https:\/\/pos-graduacao.uepb.edu.br\/ppgli\/wp-json\/wp\/v2\/pages"}],"about":[{"href":"https:\/\/pos-graduacao.uepb.edu.br\/ppgli\/wp-json\/wp\/v2\/types\/page"}],"author":[{"embeddable":true,"href":"https:\/\/pos-graduacao.uepb.edu.br\/ppgli\/wp-json\/wp\/v2\/users\/34"}],"replies":[{"embeddable":true,"href":"https:\/\/pos-graduacao.uepb.edu.br\/ppgli\/wp-json\/wp\/v2\/comments?post=5235"}],"version-history":[{"count":7,"href":"https:\/\/pos-graduacao.uepb.edu.br\/ppgli\/wp-json\/wp\/v2\/pages\/5235\/revisions"}],"predecessor-version":[{"id":5644,"href":"https:\/\/pos-graduacao.uepb.edu.br\/ppgli\/wp-json\/wp\/v2\/pages\/5235\/revisions\/5644"}],"wp:attachment":[{"href":"https:\/\/pos-graduacao.uepb.edu.br\/ppgli\/wp-json\/wp\/v2\/media?parent=5235"}],"curies":[{"name":"wp","href":"https:\/\/api.w.org\/{rel}","templated":true}]}}