{"id":5233,"date":"2024-06-26T11:53:33","date_gmt":"2024-06-26T14:53:33","guid":{"rendered":"https:\/\/pos-graduacao.uepb.edu.br\/ppgli\/?page_id=5233"},"modified":"2025-02-04T08:54:11","modified_gmt":"2025-02-04T11:54:11","slug":"avaliacao-do-ppgli","status":"publish","type":"page","link":"https:\/\/pos-graduacao.uepb.edu.br\/ppgli\/avaliacao-do-ppgli\/","title":{"rendered":"Avalia\u00e7\u00e3o do PPGLI"},"content":{"rendered":"<p><strong>Avalia\u00e7\u00f5es<\/strong><\/p>\n<p><strong>2021-2024 \u2013 <\/strong>aguardando avalia\u00e7\u00e3o<\/p>\n<p><strong>2017-2020: <\/strong>Perfil 4 (Capes)<\/p>\n<p><strong>2013-2016: <\/strong>Perfil 3 (Capes)<\/p>\n","protected":false},"excerpt":{"rendered":"<p>Avalia\u00e7\u00f5es 2021-2024 \u2013 aguardando avalia\u00e7\u00e3o 2017-2020: Perfil 4 (Capes) 2013-2016: Perfil 3 (Capes)<\/p>\n","protected":false},"author":34,"featured_media":0,"parent":0,"menu_order":0,"comment_status":"closed","ping_status":"closed","template":"","meta":{"footnotes":""},"class_list":["post-5233","page","type-page","status-publish","hentry"],"jetpack_sharing_enabled":true,"_links":{"self":[{"href":"https:\/\/pos-graduacao.uepb.edu.br\/ppgli\/wp-json\/wp\/v2\/pages\/5233","targetHints":{"allow":["GET"]}}],"collection":[{"href":"https:\/\/pos-graduacao.uepb.edu.br\/ppgli\/wp-json\/wp\/v2\/pages"}],"about":[{"href":"https:\/\/pos-graduacao.uepb.edu.br\/ppgli\/wp-json\/wp\/v2\/types\/page"}],"author":[{"embeddable":true,"href":"https:\/\/pos-graduacao.uepb.edu.br\/ppgli\/wp-json\/wp\/v2\/users\/34"}],"replies":[{"embeddable":true,"href":"https:\/\/pos-graduacao.uepb.edu.br\/ppgli\/wp-json\/wp\/v2\/comments?post=5233"}],"version-history":[{"count":2,"href":"https:\/\/pos-graduacao.uepb.edu.br\/ppgli\/wp-json\/wp\/v2\/pages\/5233\/revisions"}],"predecessor-version":[{"id":5472,"href":"https:\/\/pos-graduacao.uepb.edu.br\/ppgli\/wp-json\/wp\/v2\/pages\/5233\/revisions\/5472"}],"wp:attachment":[{"href":"https:\/\/pos-graduacao.uepb.edu.br\/ppgli\/wp-json\/wp\/v2\/media?parent=5233"}],"curies":[{"name":"wp","href":"https:\/\/api.w.org\/{rel}","templated":true}]}}