{"id":49,"date":"2012-02-03T17:58:12","date_gmt":"2012-02-03T17:58:12","guid":{"rendered":"http:\/\/pos-graduacao.ascom.uepb.edu.br\/ppgli\/?page_id=49"},"modified":"2025-02-06T08:30:05","modified_gmt":"2025-02-06T11:30:05","slug":"dissertacoes","status":"publish","type":"page","link":"https:\/\/pos-graduacao.uepb.edu.br\/ppgli\/dissertacoes\/","title":{"rendered":"Disserta\u00e7\u00f5es\/Teses"},"content":{"rendered":"<div class=\"wpb-content-wrapper\"><p>[vc_row][vc_column][vc_column_text css=&#8221;&#8221;]<strong>Regras para o dep\u00f3sito dos trabalhos acad\u00eamicos<\/strong><\/p>\n<p>O dep\u00f3sito de disserta\u00e7\u00f5es e teses defendidas e aprovadas pelo Programa de P\u00f3s-Gradua\u00e7\u00e3o em Literatura e Interculturalidade deve seguir as normas estabelecidas pela Biblioteca Central da UEPB, conforme orienta\u00e7\u00f5es dispon\u00edveis no <a href=\"https:\/\/biblioteca.uepb.edu.br\/regras-para-o-deposito-dos-trabalhos-academicos\/#mestrado_e_doutorado\" target=\"_blank\" rel=\"noopener\">site da biblioteca<\/a>.<\/p>\n<p>Conclu\u00eddo o dep\u00f3sito junto \u00e0 biblioteca, o discente dever\u00e1 encaminhar a vers\u00e3o final da disserta\u00e7\u00e3o\/tese para o email do Programa (ppgli@setor.uepb.edu.br), acompanhado do comprovante de dep\u00f3sito.\u00a0 Feito o envio, a secretaria encaminhar\u00e1 via email a documenta\u00e7\u00e3o e as orienta\u00e7\u00f5es necess\u00e1rios \u00e0 solicita\u00e7\u00e3o do diploma.<\/p>\n<p><a href=\"https:\/\/biblioteca.uepb.edu.br\/regras-para-o-deposito-dos-trabalhos-academicos\/#1709728488903-1950cc86-51a3\">Clique aqui para acessar as normas para o dep\u00f3sito de teses e disserta\u00e7\u00f5es.<\/a><\/p>\n<p>&nbsp;<\/p>\n<p><a href=\"https:\/\/tede.bc.uepb.edu.br\/jspui\/handle\/tede\/1103\/simple-search?location=tede%2F1103&amp;query=Programa+de+P%C3%B3s-gradua%C3%A7%C3%A3o+em+Literatura+e+Interculturalidade&amp;rpp=100&amp;sort_by=score&amp;order=asc&amp;filter_field_1=dateIssued&amp;filter_type_1=equals&amp;filter_value_1=%5B2021+TO+2024%5D&amp;filter_field_2=program&amp;filter_type_2=authority&amp;filter_value_2=-33720892889466387\"><strong>Clique aqui para acessar as disserta\u00e7\u00f5es e teses defendidas no quadri\u00eanio 2021-2024<\/strong><\/a>[\/vc_column_text][\/vc_column][\/vc_row]<\/p>\n<\/div>","protected":false},"excerpt":{"rendered":"<p>[vc_row][vc_column][vc_column_text css=&#8221;&#8221;]Regras para o dep\u00f3sito dos trabalhos acad\u00eamicos O dep\u00f3sito de disserta\u00e7\u00f5es e teses defendidas e aprovadas pelo Programa de P\u00f3s-Gradua\u00e7\u00e3o em Literatura e Interculturalidade deve seguir as normas estabelecidas pela Biblioteca Central da UEPB, conforme orienta\u00e7\u00f5es dispon\u00edveis no site da biblioteca. Conclu\u00eddo o dep\u00f3sito junto \u00e0 biblioteca, o discente dever\u00e1 encaminhar a vers\u00e3o final <a class=\"leiamais\" href=\"https:\/\/pos-graduacao.uepb.edu.br\/ppgli\/dissertacoes\/\">Leia Mais&#8230;<\/a><\/p>\n","protected":false},"author":5,"featured_media":0,"parent":0,"menu_order":0,"comment_status":"open","ping_status":"open","template":"","meta":{"footnotes":""},"class_list":["post-49","page","type-page","status-publish","hentry"],"jetpack_sharing_enabled":true,"_links":{"self":[{"href":"https:\/\/pos-graduacao.uepb.edu.br\/ppgli\/wp-json\/wp\/v2\/pages\/49","targetHints":{"allow":["GET"]}}],"collection":[{"href":"https:\/\/pos-graduacao.uepb.edu.br\/ppgli\/wp-json\/wp\/v2\/pages"}],"about":[{"href":"https:\/\/pos-graduacao.uepb.edu.br\/ppgli\/wp-json\/wp\/v2\/types\/page"}],"author":[{"embeddable":true,"href":"https:\/\/pos-graduacao.uepb.edu.br\/ppgli\/wp-json\/wp\/v2\/users\/5"}],"replies":[{"embeddable":true,"href":"https:\/\/pos-graduacao.uepb.edu.br\/ppgli\/wp-json\/wp\/v2\/comments?post=49"}],"version-history":[{"count":286,"href":"https:\/\/pos-graduacao.uepb.edu.br\/ppgli\/wp-json\/wp\/v2\/pages\/49\/revisions"}],"predecessor-version":[{"id":5513,"href":"https:\/\/pos-graduacao.uepb.edu.br\/ppgli\/wp-json\/wp\/v2\/pages\/49\/revisions\/5513"}],"wp:attachment":[{"href":"https:\/\/pos-graduacao.uepb.edu.br\/ppgli\/wp-json\/wp\/v2\/media?parent=49"}],"curies":[{"name":"wp","href":"https:\/\/api.w.org\/{rel}","templated":true}]}}