{"id":35,"date":"2012-02-03T13:59:23","date_gmt":"2012-02-03T13:59:23","guid":{"rendered":"http:\/\/pos-graduacao.ascom.uepb.edu.br\/ppgli\/?page_id=35"},"modified":"2026-02-26T15:00:25","modified_gmt":"2026-02-26T18:00:25","slug":"corpo-docente","status":"publish","type":"page","link":"https:\/\/pos-graduacao.uepb.edu.br\/ppgli\/corpo-docente\/","title":{"rendered":"Corpo Docente"},"content":{"rendered":"<div class=\"wpb-content-wrapper\"><p>[vc_row][vc_column][vc_column_text]<span style=\"color: #000000;\">O Programa de P\u00f3s-Gradua\u00e7\u00e3o em Literatura e Interculturalidade conta com os seguintes professores permanentes e colaboradores em seu corpo docente:<\/span>[\/vc_column_text][vc_tta_accordion title_tag=&#8221;h3&#8243; section_title_tag=&#8221;h2&#8243; style=&#8221;modern&#8221; c_icon=&#8221;triangle&#8221; active_section=&#8221;&#8221; collapsible_all=&#8221;true&#8221;][vc_tta_section title=&#8221;Aldinida de Medeiros Souza&#8221; tab_id=&#8221;1716381350773-b36f0cc9-a7a2&#8243;][vc_column_text css=&#8221;&#8221;]Curr\u00edculo Lattes:\u00a0<a href=\"http:\/\/lattes.cnpq.br\/2790523433318905\" target=\"_blank\" rel=\"noopener\">http:\/\/lattes.cnpq.br\/0126320966063169<\/a><\/p>\n<p>E-mail: <a href=\"mailto:aldinida@servidor.uepb.edu.br\">aldinida@servidor.uepb.edu.br<\/a><\/p>\n<p><strong>Linhas de Pesquisa\u00a0<\/strong><\/p>\n<ul>\n<li>Literatura, Mem\u00f3ria e Estudos Culturais<\/li>\n<\/ul>\n<p>[\/vc_column_text][\/vc_tta_section][vc_tta_section title=&#8221;Antonio de P\u00e1dua Dias da Silva&#8221; tab_id=&#8221;1716381350793-c861f7b1-a31b&#8221;][vc_column_text css=&#8221;&#8221;]Curr\u00edculo Lattes:\u00a0<a href=\"http:\/\/lattes.cnpq.br\/0126320966063169\" target=\"_blank\" rel=\"noopener\">http:\/\/lattes.cnpq.br\/0126320966063169<\/a><\/p>\n<p>E-mail: <a href=\"mailto:docpadua@servidor.uepb.edu.br\">docpadua@servidor.uepb.edu.br<\/a><\/p>\n<p><strong>Linhas de Pesquisa\u00a0<\/strong><\/p>\n<ul>\n<li>Literatura, Mem\u00f3ria e Estudos Culturais<\/li>\n<li>Literatura e Hermen\u00eautica<\/li>\n<\/ul>\n<p>[\/vc_column_text][\/vc_tta_section][vc_tta_section title=&#8221;Auric\u00e9lio Soares Fernandes&#8221; tab_id=&#8221;1716381462501-4318fa6b-8bcb&#8221;][vc_column_text]<\/p>\n<div id=\"ui-id-4\" class=\"wp-tab-content ui-accordion-content ui-corner-bottom ui-helper-reset ui-widget-content ui-accordion-content-active\" role=\"tabpanel\" aria-labelledby=\"Auric\u00e9lio Soares Fernandes\" aria-hidden=\"false\">\n<div class=\"wp-tab-content-wrapper\">\n<p>Curr\u00edculo Lattes:\u00a0<a href=\"http:\/\/lattes.cnpq.br\/2733282184152767\" target=\"_blank\" rel=\"noopener\">http:\/\/lattes.cnpq.br\/2733282184152767<\/a><\/p>\n<p>E-mail:\u00a0<span class=\"qu\" role=\"gridcell\"><span class=\"go\">asf@servidor.uepb.edu.br<\/span><\/span><\/p>\n<p><strong>Linhas de Pesquisa<\/strong><\/p>\n<ul>\n<li>Literatura e Hermen\u00eautica<\/li>\n<li>Literatura Comparada e Intermidialidade<\/li>\n<\/ul>\n<\/div>\n<\/div>\n<p>[\/vc_column_text][\/vc_tta_section][vc_tta_section title=&#8221;Di\u00f3genes Andr\u00e9 Vieira Maciel&#8221; tab_id=&#8221;1716381469056-33beb09e-b1b1&#8243;][vc_column_text css=&#8221;&#8221;]Curr\u00edculo Lattes:\u00a0<a href=\"http:\/\/lattes.cnpq.br\/0181025251506730\" target=\"_blank\" rel=\"noopener noreferrer\">http:\/\/lattes.cnpq.br\/0181025251506730<\/a><\/p>\n<p>E-mail: <a href=\"mailto:diogenes.maciel@servidor.uepb.edu.br\">diogenes.maciel@servidor.uepb.edu.br<\/a><\/p>\n<p><strong>Linhas de Pesquisa<\/strong><\/p>\n<ul>\n<li>Literatura, Mem\u00f3ria e Estudos Culturais<\/li>\n<li>Literatura Comparada e Intermidialidade<\/li>\n<\/ul>\n<p><strong>Grupos de Pesquisa<\/strong><\/p>\n<ul>\n<li>Grupo de Pesquisa em Dramaturgia\/Teatro \u2013 UEPB\u00a0\u00a0\u00a0(l\u00edder)<\/li>\n<li>Intera\u00e7\u00f5es Narrativas e Socializa\u00e7\u00e3o \u2013 UEPB\u00a0\u00a0\u00a0(pesquisador)<\/li>\n<\/ul>\n<p>[\/vc_column_text][\/vc_tta_section][vc_tta_section title=&#8221;Eli Brand\u00e3o da Silva&#8221; tab_id=&#8221;1716381520201-c966d10a-6b8e&#8221;][vc_column_text css=&#8221;&#8221;]<\/p>\n<div id=\"ui-id-6\" class=\"wp-tab-content ui-accordion-content ui-corner-bottom ui-helper-reset ui-widget-content ui-accordion-content-active\" role=\"tabpanel\" aria-labelledby=\"Eli Brand\u00e3o da Silva\" aria-hidden=\"false\">\n<div class=\"wp-tab-content-wrapper\">\n<p>Curr\u00edculo Lattes:\u00a0<a href=\"http:\/\/lattes.cnpq.br\/8934456319977030\" target=\"_blank\" rel=\"noopener\">http:\/\/lattes.cnpq.br\/893445631997703<\/a><\/p>\n<p>E-mail: <a href=\"mailto:prof.elbrandy@servidor.uepb.edu.br\">prof.elbrandy@servidor.uepb.edu.br<\/a><\/p>\n<p><strong>Linhas de Pesquisa<\/strong><\/p>\n<ul>\n<li>Literatura, Mem\u00f3ria e Estudos Culturais<\/li>\n<li>Literatura e Hermen\u00eautica<\/li>\n<\/ul>\n<\/div>\n<\/div>\n<p>[\/vc_column_text][\/vc_tta_section][vc_tta_section title=&#8221;Geam Karlo Gomes&#8221; tab_id=&#8221;1738675925261-7ac44fea-70dc&#8221;][vc_column_text css=&#8221;&#8221;]<strong>Lattes: <\/strong><a href=\"http:\/\/lattes.cnpq.br\/6941717348545116\">http:\/\/lattes.cnpq.br\/6941717348545116<\/a><\/p>\n<p><strong>E-mail: <\/strong><a href=\"mailto:geam.k@upe.br\"><strong>geam.k@upe.br<\/strong><\/a><\/p>\n<p><strong>Linha(s) de pesquisa:<\/strong><\/p>\n<p>Literatura e Hermen\u00eautica[\/vc_column_text][\/vc_tta_section][vc_tta_section title=&#8221;Jos\u00e9 Dantas da Silva J\u00fanior&#8221; tab_id=&#8221;1716381544670-6ae4469f-a9f6&#8243;][vc_column_text css=&#8221;&#8221;]<strong>Curr\u00edculo Lattes<\/strong>:\u00a0<a href=\"http:\/\/lattes.cnpq.br\/5927906579931888\">http:\/\/lattes.cnpq.br\/5927906579931888<\/a><\/p>\n<p>E-mail:\u00a0<a href=\"jose.junior@servidor.uepb.edu.br\">jose.junior@servidor.uepb.edu.br<\/a><\/p>\n<p><strong>Linhas de Pesquisa<\/strong><\/p>\n<ul>\n<li>Literatura e Hermen\u00eautica<\/li>\n<\/ul>\n<p>[\/vc_column_text][\/vc_tta_section][vc_tta_section title=&#8221;Linduarte Pereira Rodrigues&#8221; tab_id=&#8221;1716381568812-eb867b90-4de2&#8243;][vc_column_text css=&#8221;&#8221;]<\/p>\n<div id=\"ui-id-9\" class=\"wp-tab-content ui-accordion-content ui-corner-bottom ui-helper-reset ui-widget-content ui-accordion-content-active\" role=\"tabpanel\" aria-labelledby=\"Linduarte Pereira Rodrigues\" aria-hidden=\"false\">\n<div class=\"wp-tab-content-wrapper\">\n<p><strong>Curr\u00edculo Lattes<\/strong>: <a href=\"http:\/\/lattes.cnpq.br\/4347612151916121\" target=\"_blank\" rel=\"noopener\">http:\/\/lattes.cnpq.br\/4347612151916121<\/a><\/p>\n<p><strong>E-mail<\/strong>: <u>linduartepr@servidor.uepb.edu.br<\/u><\/p>\n<p><strong>Linhas de Pesquisa<\/strong><\/p>\n<ul>\n<li>Literatura, Mem\u00f3ria e Estudos Culturais<\/li>\n<li>Literatura e Hermen\u00eautica<\/li>\n<\/ul>\n<\/div>\n<\/div>\n<p>[\/vc_column_text][\/vc_tta_section][vc_tta_section title=&#8221;Luan Gomes dos Santos de Oliveira&#8221; tab_id=&#8221;1763557357593-4d345380-0563&#8243;][vc_column_text css=&#8221;&#8221;]<\/p>\n<div id=\"ui-id-9\" class=\"wp-tab-content ui-accordion-content ui-corner-bottom ui-helper-reset ui-widget-content ui-accordion-content-active\" role=\"tabpanel\" aria-labelledby=\"Linduarte Pereira Rodrigues\" aria-hidden=\"false\">\n<div class=\"wp-tab-content-wrapper\">\n<p><strong>Curr\u00edculo Lattes<\/strong>:\u00a0<a href=\"http:\/\/lattes.cnpq.br\/2784352958535431\">http:\/\/lattes.cnpq.br\/2784352958535431<\/a><\/p>\n<p><strong>E-mail<\/strong>:\u00a0<a href=\"luan.gomes@professor.ufcg.edu.br\">luan.gomes@professor.ufcg.edu.br<\/a><\/p>\n<p><strong>Linhas de Pesquisa<\/strong><\/p>\n<ul>\n<li>Literatura, Mem\u00f3ria e Estudos Culturais<\/li>\n<li>Literatura e Hermen\u00eautica<\/li>\n<\/ul>\n<\/div>\n<\/div>\n<p>[\/vc_column_text][\/vc_tta_section][vc_tta_section title=&#8221;Luciano Barbosa Justino&#8221; tab_id=&#8221;1716381569767-baf02c56-67a7&#8243;][vc_column_text css=&#8221;&#8221;]<strong>Curr\u00edculo Lattes<\/strong>:\u00a0<a href=\"http:\/\/lattes.cnpq.br\/7867334606136778\" target=\"_blank\" rel=\"noopener\">http:\/\/lattes.cnpq.br\/7867334606136778<\/a><\/p>\n<p><strong>E-mail<\/strong>: <a href=\"mailto:lucianobjustino@servidor.uepb.edu.br\">lucianobjustino@servidor.uepb.edu.br<\/a><\/p>\n<p><strong>Linhas de Pesquisa<\/strong><\/p>\n<ul>\n<li>Literatura, Mem\u00f3ria e Estudos Culturais<\/li>\n<li>Literatura Comparada e Intermidialidade<\/li>\n<\/ul>\n<p>[\/vc_column_text][\/vc_tta_section][vc_tta_section title=&#8221;Marcelo Medeiros da Silva&#8221; tab_id=&#8221;1716381570583-4a036fbf-3f03&#8243;][vc_column_text css=&#8221;&#8221;]<b>Curr\u00edculo Lattes<\/b>:\u00a0<a href=\"http:\/\/lattes.cnpq.br\/8642945745816768\" target=\"_blank\" rel=\"noopener\">http:\/\/lattes.cnpq.br\/8642945745816768<\/a><\/p>\n<p><b>E-mail: <a href=\"mailto:marcelomedeiros@servidor.uepb.edu.br\">marcelomedeiros@servidor.uepb.edu.br<\/a><\/b><\/p>\n<p><strong>Linhas de Pesquisa<\/strong><\/p>\n<ul>\n<li>Literatura, Mem\u00f3ria e Estudos Culturais<\/li>\n<\/ul>\n<p>[\/vc_column_text][\/vc_tta_section][vc_tta_section title=&#8221;Marcelo Vieira da N\u00f3brega&#8221; tab_id=&#8221;1738676243663-db1f18a4-cb45&#8243;][vc_column_text css=&#8221;&#8221;]<strong>Lattes: <\/strong>\u00a0<a href=\"http:\/\/lattes.cnpq.br\/8438556222953242\">http:\/\/lattes.cnpq.br\/8438556222953242<\/a><\/p>\n<p><strong>E-mail: <\/strong><a href=\"mailto:marcelonobrega@servidor.uepb.edu.br\">marcelonobrega@servidor.uepb.edu.br<\/a><\/p>\n<p><strong>Linha(s) de Pesquisa:<\/strong><\/p>\n<p>Literatura, Mem\u00f3ria e Estudos Culturais[\/vc_column_text][\/vc_tta_section][vc_tta_section title=&#8221;Maria Simone Marinho Nogueira&#8221; tab_id=&#8221;1716381571349-937a59ce-afa5&#8243;][vc_column_text css=&#8221;&#8221;]<strong>Lattes: <\/strong><a href=\"http:\/\/lattes.cnpq.br\/9006294908415944\"><strong>http:\/\/lattes.cnpq.br\/0949322431567854<\/strong><\/a><\/p>\n<p><strong>E-mail<\/strong>: <a href=\"mailto:marianogueira@servidor.uepb.edu.br\">marianogueira@servidor.uepb.edu.br<\/a><\/p>\n<p><strong>Linhas de pesquisa<\/strong>:<\/p>\n<p>Literatura, Mem\u00f3ria e Estudos Culturais<\/p>\n<p>Literatura e Hermen\u00eautica[\/vc_column_text][\/vc_tta_section][vc_tta_section title=&#8221;Reginaldo Oliveira Silva&#8221; tab_id=&#8221;1716381572013-4c790399-f1cf&#8221;][vc_column_text css=&#8221;&#8221;]Curr\u00edculo Lattes:\u00a0<a href=\"http:\/\/lattes.cnpq.br\/8288966409715780\" target=\"_blank\" rel=\"noopener\">http:\/\/lattes.cnpq.br\/1110267130576680<\/a><\/p>\n<p>E-mail: <a href=\"mailto:reginaldoprofuepb@servidor.uepb.edu.br\">reginaldoprofuepb@servidor.uepb.edu.br<\/a><\/p>\n<p><strong>Linhas de Pesquisa<\/strong><\/p>\n<ul>\n<li>Literatura Comparada e Intermidialidade<\/li>\n<\/ul>\n<p>[\/vc_column_text][\/vc_tta_section][vc_tta_section title=&#8221;Rob\u00e9ria N\u00e1dia Ara\u00fajo Nascimento&#8221; tab_id=&#8221;1763557054560-fcc98f26-0fba&#8221;][vc_column_text css=&#8221;&#8221;]Curr\u00edculo Lattes:\u00a0<a href=\"http:\/\/lattes.cnpq.br\/9966633992626905\">http:\/\/lattes.cnpq.br\/9966633992626905<\/a><\/p>\n<p>E-mail:\u00a0<a href=\"prof.roberia@servidor.uepb.edu.br\">prof.roberia@servidor.uepb.edu.br<\/a><\/p>\n<p><strong>Linhas de Pesquisa<\/strong><\/p>\n<ul>\n<li>Literatura Comparada e Intermidialidade<\/li>\n<li>Literatura, Mem\u00f3ria e Estudos Culturais<\/li>\n<\/ul>\n<p>[\/vc_column_text][\/vc_tta_section][vc_tta_section title=&#8221;Rog\u00e9rio Fernandes dos Santos&#8221; tab_id=&#8221;1738676322788-23a1a61b-03c3&#8243;][vc_column_text css=&#8221;&#8221;]<strong>Lattes: <\/strong><a href=\"http:\/\/lattes.cnpq.br\/4689042670344205\">http:\/\/lattes.cnpq.br\/4689042670344205<\/a><\/p>\n<p><strong>E-mail: <\/strong><a href=\"mailto:rogerio.santos@servidor.uepb.edu.br\">rogerio.santos@servidor.uepb.edu.br<\/a><\/p>\n<p><strong>Linha(s) de pesquisa: <\/strong><\/p>\n<p>Literatura, Mem\u00f3ria e Estudos Culturais<\/p>\n<p>Literatura Comparada e Intermidialidade[\/vc_column_text][\/vc_tta_section][vc_tta_section title=&#8221;Silvanna Kelly Gomes de Oliveira&#8221; tab_id=&#8221;1763557194132-6ae7b144-8086&#8243;][vc_column_text css=&#8221;&#8221;]<strong>Lattes:\u00a0<a href=\"http:\/\/lattes.cnpq.br\/0647066150711697\">http:\/\/lattes.cnpq.br\/0647066150711697<\/a><\/strong><\/p>\n<p><strong>E-mail:\u00a0<a href=\"silvannakoliveira@gmail.com\">silvannakoliveira@gmail.com<\/a><\/strong><\/p>\n<p><strong>Linha(s) de pesquisa: <\/strong><\/p>\n<p>Literatura, Mem\u00f3ria e Estudos Culturais<\/p>\n<p>Literatura Comparada e Intermidialidade[\/vc_column_text][\/vc_tta_section][vc_tta_section title=&#8221;Sueli Meira Liebig&#8221; tab_id=&#8221;1716381573590-fe3c9642-9acb&#8221;][vc_column_text css=&#8221;&#8221;]Curr\u00edculo Lattes:\u00a0<a href=\"http:\/\/lattes.cnpq.br\/1110267130576680\" target=\"_blank\" rel=\"noopener\">http:\/\/lattes.cnpq.br\/1110267130576680<\/a><\/p>\n<p>E-mail: <a href=\"mailto:suelibig66@servidor.uepb.edu.br\">suelibig66@servidor.uepb.edu.br<\/a><\/p>\n<p><strong>Linhas de Pesquisa<\/strong><\/p>\n<ul>\n<li>Literatura, Mem\u00f3ria e Estudos Culturais<\/li>\n<li>Literatura Comparada e Intermidialidade<\/li>\n<\/ul>\n<p>[\/vc_column_text][\/vc_tta_section][vc_tta_section title=&#8221;Thays Keylla de Albuquerque&#8221; tab_id=&#8221;1763556655991-4cb8cae6-5b85&#8243;][vc_column_text css=&#8221;&#8221;]Curr\u00edculo Lattes:\u00a0<a href=\"http:\/\/lattes.cnpq.br\/5273016154795586\">http:\/\/lattes.cnpq.br\/5273016154795586<\/a><\/p>\n<p>E-mail:\u00a0<a href=\"thays.albuquerque@servidor.uepb.edu.br\">thays.albuquerque@servidor.uepb.edu.br<\/a><\/p>\n<p><strong>Linhas de Pesquisa<\/strong><\/p>\n<ul>\n<li>Literatura, Mem\u00f3ria e Estudos Culturais<\/li>\n<li>Literatura Comparada e Intermidialidade<\/li>\n<\/ul>\n<p>[\/vc_column_text][\/vc_tta_section][vc_tta_section title=&#8221;Val\u00e9ria Andrade&#8221; tab_id=&#8221;1716381681511-876e7fa7-03f3&#8243;][vc_column_text]Curr\u00edculo Lattes:\u00a0<a href=\"http:\/\/lattes.cnpq.br\/5509137180497366\" target=\"_blank\" rel=\"noopener\">http:\/\/lattes.cnpq.br\/5509137180497366<\/a><\/p>\n<p>E-mail: val.andradepb@gmail.com<\/p>\n<div><strong>Linha de Pesquisa<\/strong><\/div>\n<ul>\n<li>Literatura, Mem\u00f3ria e Estudos culturais<\/li>\n<li id=\"yui_3_16_0_ym19_1_1491928152719_2971\">Literatura Comparada e Intermidialidade<\/li>\n<\/ul>\n<p>[\/vc_column_text][\/vc_tta_section][vc_tta_section title=&#8221;Wanderlan da Silva Alves&#8221; tab_id=&#8221;1716381686598-e4f0ea1b-1f5e&#8221;][vc_column_text css=&#8221;&#8221;]<\/p>\n<div id=\"yui_3_16_0_ym19_1_1491928152719_2970\">Curr\u00edculo Lattes: <a href=\"http:\/\/lattes.cnpq.br\/4245634036144170\" target=\"_blank\" rel=\"noopener\">http:\/\/lattes.cnpq.br\/4245634036144170<\/a><\/div>\n<div><\/div>\n<div id=\"yui_3_16_0_ym19_1_1491928152719_2973\">E-mail: <a href=\"mailto:wanderlan.alves@servidor.uepb.edu.br\">wanderlan.alves@servidor.uepb.edu.br<\/a><\/div>\n<div><\/div>\n<div id=\"yui_3_16_0_ym19_1_1491928152719_2976\"><strong>Linhas de Pesquisa<\/strong><\/div>\n<ul>\n<li id=\"yui_3_16_0_ym19_1_1491928152719_2977\">Literatura, Mem\u00f3ria e Estudos culturais<\/li>\n<li id=\"yui_3_16_0_ym19_1_1491928152719_2978\">Literatura Comparada e Intermidialidade<\/li>\n<\/ul>\n<p>[\/vc_column_text][\/vc_tta_section][\/vc_tta_accordion][\/vc_column][\/vc_row][vc_row][vc_column][vc_column_text css=&#8221;&#8221;]<strong>Docentes Aposentados(as)<\/strong><\/p>\n<ul>\n<li>Ermelinda Maria Ara\u00fajo Ferreira<\/li>\n<li>Francisca Zuleide Duarte de Souza<\/li>\n<li>Geralda Medeiros N\u00f3brega<\/li>\n<li>Maria Goretti Ribeiro<\/li>\n<li>Ros\u00e2ngela Maria Soares de Queiroz<\/li>\n<li>Sebastien Joachin<\/li>\n<\/ul>\n<p>[\/vc_column_text][\/vc_column][\/vc_row]<\/p>\n<\/div>","protected":false},"excerpt":{"rendered":"<p>[vc_row][vc_column][vc_column_text]O Programa de P\u00f3s-Gradua\u00e7\u00e3o em Literatura e Interculturalidade conta com os seguintes professores permanentes e colaboradores em seu corpo docente:[\/vc_column_text][vc_tta_accordion title_tag=&#8221;h3&#8243; section_title_tag=&#8221;h2&#8243; style=&#8221;modern&#8221; c_icon=&#8221;triangle&#8221; active_section=&#8221;&#8221; collapsible_all=&#8221;true&#8221;][vc_tta_section title=&#8221;Aldinida de Medeiros Souza&#8221; tab_id=&#8221;1716381350773-b36f0cc9-a7a2&#8243;][vc_column_text css=&#8221;&#8221;]Curr\u00edculo Lattes:\u00a0http:\/\/lattes.cnpq.br\/0126320966063169 E-mail: aldinida@servidor.uepb.edu.br Linhas de Pesquisa\u00a0 Literatura, Mem\u00f3ria e Estudos Culturais [\/vc_column_text][\/vc_tta_section][vc_tta_section title=&#8221;Antonio de P\u00e1dua Dias da Silva&#8221; tab_id=&#8221;1716381350793-c861f7b1-a31b&#8221;][vc_column_text css=&#8221;&#8221;]Curr\u00edculo Lattes:\u00a0http:\/\/lattes.cnpq.br\/0126320966063169 E-mail: docpadua@servidor.uepb.edu.br <a class=\"leiamais\" href=\"https:\/\/pos-graduacao.uepb.edu.br\/ppgli\/corpo-docente\/\">Leia Mais&#8230;<\/a><\/p>\n","protected":false},"author":5,"featured_media":0,"parent":0,"menu_order":0,"comment_status":"open","ping_status":"open","template":"","meta":{"footnotes":""},"class_list":["post-35","page","type-page","status-publish","hentry"],"jetpack_sharing_enabled":true,"_links":{"self":[{"href":"https:\/\/pos-graduacao.uepb.edu.br\/ppgli\/wp-json\/wp\/v2\/pages\/35","targetHints":{"allow":["GET"]}}],"collection":[{"href":"https:\/\/pos-graduacao.uepb.edu.br\/ppgli\/wp-json\/wp\/v2\/pages"}],"about":[{"href":"https:\/\/pos-graduacao.uepb.edu.br\/ppgli\/wp-json\/wp\/v2\/types\/page"}],"author":[{"embeddable":true,"href":"https:\/\/pos-graduacao.uepb.edu.br\/ppgli\/wp-json\/wp\/v2\/users\/5"}],"replies":[{"embeddable":true,"href":"https:\/\/pos-graduacao.uepb.edu.br\/ppgli\/wp-json\/wp\/v2\/comments?post=35"}],"version-history":[{"count":171,"href":"https:\/\/pos-graduacao.uepb.edu.br\/ppgli\/wp-json\/wp\/v2\/pages\/35\/revisions"}],"predecessor-version":[{"id":5838,"href":"https:\/\/pos-graduacao.uepb.edu.br\/ppgli\/wp-json\/wp\/v2\/pages\/35\/revisions\/5838"}],"wp:attachment":[{"href":"https:\/\/pos-graduacao.uepb.edu.br\/ppgli\/wp-json\/wp\/v2\/media?parent=35"}],"curies":[{"name":"wp","href":"https:\/\/api.w.org\/{rel}","templated":true}]}}