{"id":31,"date":"2012-02-03T13:20:05","date_gmt":"2012-02-03T13:20:05","guid":{"rendered":"http:\/\/pos-graduacao.ascom.uepb.edu.br\/ppgli\/?page_id=31"},"modified":"2025-03-28T08:04:32","modified_gmt":"2025-03-28T11:04:32","slug":"selecao-ppgli","status":"publish","type":"page","link":"https:\/\/pos-graduacao.uepb.edu.br\/ppgli\/selecao-ppgli\/","title":{"rendered":"Sele\u00e7\u00e3o"},"content":{"rendered":"<div class=\"wpb-content-wrapper\"><p>[vc_row][vc_column][vc_column_text css=&#8221;&#8221;]O processo seletivo para ingresso de alunos nos cursos de Mestrado e Doutorado do PPGLI \u00e9 realizado anualmente, no segundo semestre. O edital com o n\u00famero de vagas e as normas do certame \u00e9 publicado no site do programa. Nele s\u00e3o informadas as vagas por docente, a filia\u00e7\u00e3o dos docentes \u00e0s respectivas linhas de pesquisa, as etapas e os prazos do processo.<\/p>\n<p>A sele\u00e7\u00e3o consiste de 3 etapas eliminat\u00f3rias, a saber: prova escrita, projeto de pesquisa e entrevista. Nessas etapas, o candidato que n\u00e3o obtiver nota igual ou superior a 7,0 \u00e9 eliminado. Al\u00e9m disso, h\u00e1 uma quarta etapa n\u00e3o eliminat\u00f3ria, apenas classificat\u00f3ria, relativa ao Curr\u00edculo Lattes, que \u00e9 avaliado de acordo com a pontua\u00e7\u00e3o descrita num barema dispon\u00edvel em anexo no edital.<\/p>\n<p>Os interessados devem candidatar-se a uma vaga, indicando at\u00e9 dois orientadores de sua prefer\u00eancia, de acordo com as vagas ofertadas e a ader\u00eancia \u00e0s linhas de pesquisa. Para sua inscri\u00e7\u00e3o, devem apresentar os documentos pessoais indicados no edital, assim como o projeto de pesquisa, o Curr\u00edculo Lattes acompanhado dos documentos comprobat\u00f3rios e o requerimento de inscri\u00e7\u00e3o, no qual tamb\u00e9m \u00e9 indicada a linha de pesquisa do projeto.<\/p>\n<p>As provas ocorrem nas depend\u00eancias da Central de Integra\u00e7\u00e3o Acad\u00eamica da UEPB, em data e local informados previamente no site do programa.<\/p>\n<p>\u00c9 importante destacar que o PPGLI tamb\u00e9m acolhe inscri\u00e7\u00f5es de PCD, procurando atender suas necessidades no que diz respeito \u00e0 acessibilidade, transcri\u00e7\u00e3o e interpreta\u00e7\u00e3o em LIBRAS ou outras que se enquadrem como PCD, desde que o candidato, no ato da inscri\u00e7\u00e3o, aponte suas necessidades e solicita\u00e7\u00f5es devidamente comprovadas de acordo com as previs\u00f5es legais. Al\u00e9m disso, o programa tamb\u00e9m segue as diretrizes e normas da UEPB referentes \u00e0 oferta de vagas por cota para autodeclarados PPI.<\/p>\n<p>Quanto \u00e0 prova escrita, ela \u00e9 constitu\u00edda de quest\u00e3o anal\u00edtica sobre um ou mais textos liter\u00e1rios previamente informados no edital. O edital tamb\u00e9m sugere uma bibliografia m\u00ednima para tratamento da(s) obra(s) liter\u00e1ria(s) indicada(s), o que, no entanto, n\u00e3o impede os candidatos de empregarem outros referenciais te\u00f3rico-cr\u00edticos que julguem oportunos. \u00c9 importante esclarecer que a prova do Mestrado e a do Doutorado podem ser diferentes e que, para fins de corre\u00e7\u00e3o, consideram-se as diferen\u00e7as de grau na sele\u00e7\u00e3o para um ou outro curso.<\/p>\n<p>A avalia\u00e7\u00e3o das provas e dos projetos \u00e9 feita por uma comiss\u00e3o de, no m\u00ednimo, dois avaliadores e casos de discrep\u00e2ncia passam por nova avalia\u00e7\u00e3o de um ou mais avaliadores, a fim de evitar quaisquer preju\u00edzos aos candidatos. Por sua vez, a entrevista tamb\u00e9m \u00e9 feita por uma comiss\u00e3o, em data e hor\u00e1rio informados previamente.<\/p>\n<p>A cada etapa, os resultados s\u00e3o publicados no site do programa, bem como s\u00e3o considerados os prazos para recursos previstos no edital.<\/p>\n<p>O resultado final indica, tamb\u00e9m, ordem classificat\u00f3ria dos candidatos aprovados.<\/p>\n<p>Recomenda-se aos interessados que acompanhem, regularmente, as publica\u00e7\u00f5es no site do programa.[\/vc_column_text][\/vc_column][\/vc_row]<\/p>\n<\/div>","protected":false},"excerpt":{"rendered":"<p>[vc_row][vc_column][vc_column_text css=&#8221;&#8221;]O processo seletivo para ingresso de alunos nos cursos de Mestrado e Doutorado do PPGLI \u00e9 realizado anualmente, no segundo semestre. O edital com o n\u00famero de vagas e as normas do certame \u00e9 publicado no site do programa. Nele s\u00e3o informadas as vagas por docente, a filia\u00e7\u00e3o dos docentes \u00e0s respectivas linhas de <a class=\"leiamais\" href=\"https:\/\/pos-graduacao.uepb.edu.br\/ppgli\/selecao-ppgli\/\">Leia Mais&#8230;<\/a><\/p>\n","protected":false},"author":5,"featured_media":0,"parent":0,"menu_order":0,"comment_status":"open","ping_status":"open","template":"","meta":{"footnotes":""},"class_list":["post-31","page","type-page","status-publish","hentry"],"jetpack_sharing_enabled":true,"_links":{"self":[{"href":"https:\/\/pos-graduacao.uepb.edu.br\/ppgli\/wp-json\/wp\/v2\/pages\/31","targetHints":{"allow":["GET"]}}],"collection":[{"href":"https:\/\/pos-graduacao.uepb.edu.br\/ppgli\/wp-json\/wp\/v2\/pages"}],"about":[{"href":"https:\/\/pos-graduacao.uepb.edu.br\/ppgli\/wp-json\/wp\/v2\/types\/page"}],"author":[{"embeddable":true,"href":"https:\/\/pos-graduacao.uepb.edu.br\/ppgli\/wp-json\/wp\/v2\/users\/5"}],"replies":[{"embeddable":true,"href":"https:\/\/pos-graduacao.uepb.edu.br\/ppgli\/wp-json\/wp\/v2\/comments?post=31"}],"version-history":[{"count":14,"href":"https:\/\/pos-graduacao.uepb.edu.br\/ppgli\/wp-json\/wp\/v2\/pages\/31\/revisions"}],"predecessor-version":[{"id":5625,"href":"https:\/\/pos-graduacao.uepb.edu.br\/ppgli\/wp-json\/wp\/v2\/pages\/31\/revisions\/5625"}],"wp:attachment":[{"href":"https:\/\/pos-graduacao.uepb.edu.br\/ppgli\/wp-json\/wp\/v2\/media?parent=31"}],"curies":[{"name":"wp","href":"https:\/\/api.w.org\/{rel}","templated":true}]}}