{"id":26,"date":"2012-02-03T13:15:39","date_gmt":"2012-02-03T13:15:39","guid":{"rendered":"http:\/\/pos-graduacao.ascom.uepb.edu.br\/ppgli\/?page_id=26"},"modified":"2024-06-27T11:34:26","modified_gmt":"2024-06-27T14:34:26","slug":"disciplinas-ofertadas-2024-1","status":"publish","type":"page","link":"https:\/\/pos-graduacao.uepb.edu.br\/ppgli\/disciplinas-ofertadas-2024-1\/","title":{"rendered":"Disciplinas Ofertadas 2024.1"},"content":{"rendered":"<div class=\"wpb-content-wrapper\"><p>[vc_row][vc_column][vc_column_text]<strong>MESTRADO<\/strong><\/p>\n<p>As disciplinas que comp\u00f5em a grade curricular do Mestrado em Literatura e Interculturalidade t\u00eam carga hor\u00e1ria de trinta (30), (45) e (60) horas de aula te\u00f3rica ou atividades equivalentes. \u00c1rea de Concentra\u00e7\u00e3o: Literatura e Estudos Interculturais.[\/vc_column_text][\/vc_column][\/vc_row][vc_row gap=&#8221;30&#8243;][vc_column width=&#8221;1\/2&#8243;][vc_text_separator title=&#8221;Disciplinas Obrigat\u00f3rias&#8221; title_align=&#8221;separator_align_left&#8221; css=&#8221;.vc_custom_1716311710778{margin-top: 30px !important;margin-bottom: 30px !important;}&#8221;][vc_tta_accordion title_tag=&#8221;h3&#8243; section_title_tag=&#8221;h2&#8243; style=&#8221;modern&#8221; shape=&#8221;square&#8221; c_icon=&#8221;triangle&#8221; active_section=&#8221;&#8221; collapsible_all=&#8221;true&#8221;][vc_tta_section title=&#8221;Dialogismo e Filosofia do Intercultural&#8221; tab_id=&#8221;1716315219983-730ed6c0-6168&#8243;][vc_column_text](04 Cr\u00e9ditos &#8211; 60 horas\/aula)<br \/>\nEmenta: Mostrar que a no\u00e7\u00e3o de interculturalidade se encontra concretizada na literatura mediante as formas de di\u00e1logo entre culturas e tradi\u00e7\u00f5es diversas, implicando um pensamento e uma utopia da alteridade como fundamento do mesmo.[\/vc_column_text][\/vc_tta_section][vc_tta_section title=&#8221;Dialogismo e Filosofia do Intercultural&#8221; tab_id=&#8221;1716315220002-360a9de5-9b05&#8243;][vc_column_text](04 Cr\u00e9ditos &#8211; 60 horas\/aula)<br \/>\nEmenta: Mostrar que a no\u00e7\u00e3o de interculturalidade se encontra concretizada na literatura mediante as formas de di\u00e1logo entre culturas e tradi\u00e7\u00f5es diversas, implicando um pensamento e uma utopia da alteridade como fundamento do mesmo.[\/vc_column_text][\/vc_tta_section][vc_tta_section title=&#8221;Literatura e Tradu\u00e7\u00e3o Intersemi\u00f3tica&#8221; tab_id=&#8221;1716315220016-50b17723-5ad4&#8243;][vc_column_text](04 Cr\u00e9ditos &#8211; 60 horas\/aula)<br \/>\nEmenta: Depois de uma defini\u00e7\u00e3o da Semi\u00f3tica e de suas aplica\u00e7\u00f5es, confrontaremos o texto liter\u00e1rio enquanto forma cultural com outros sistemas de signos, tais como o cinema, a televis\u00e3o, a m\u00fasica, a dan\u00e7a etc., em diversos n\u00edveis de produ\u00e7\u00e3o e de recep\u00e7\u00e3o (erudita, massiva e popular).[\/vc_column_text][\/vc_tta_section][vc_tta_section title=&#8221;Teoria e pr\u00e1tica do ensaio acad\u00eamico&#8221; tab_id=&#8221;1716315220030-0d7f9fc3-6e64&#8243;][vc_column_text](03 Cr\u00e9ditos &#8211; 45 horas\/aula)<br \/>\nEmenta: Estudo dos princ\u00edpios metodol\u00f3gicos e formais do ensaio acad\u00eamico que reflete acerca da obra art\u00edstica.[\/vc_column_text][\/vc_tta_section][vc_tta_section title=&#8221;Literatura Brasileira do Nordeste&#8221; tab_id=&#8221;1716315220049-58324797-075c&#8221;][vc_column_text](04 Cr\u00e9ditos &#8211; 60 horas\/aula)<br \/>\nEmenta: Estudo da literatura nordestina que fundamenta processos de identidade e de cidadania em n\u00edveis regional e nacional.<\/p>\n<p>[\/vc_column_text][\/vc_tta_section][vc_tta_section title=&#8221;T\u00f3picos Especiais em Teoria da Literatura&#8221; tab_id=&#8221;1716315220071-bffc5a31-cd59&#8243;][vc_column_text](02 Cr\u00e9ditos &#8211; 30 horas\/aula)<br \/>\nEmenta: Estudo de temas e debates te\u00f3rico-metodol\u00f3gicos avan\u00e7ados no cen\u00e1rio da cr\u00edtica e da teoria liter\u00e1riae.[\/vc_column_text][\/vc_tta_section][\/vc_tta_accordion][\/vc_column][vc_column width=&#8221;1\/2&#8243;][vc_text_separator title=&#8221;Disciplinas Eletivas&#8221; title_align=&#8221;separator_align_left&#8221; css=&#8221;.vc_custom_1716311720644{margin-top: 30px !important;margin-bottom: 30px !important;}&#8221;][vc_tta_accordion title_tag=&#8221;h3&#8243; section_title_tag=&#8221;h2&#8243; style=&#8221;modern&#8221; shape=&#8221;square&#8221; c_icon=&#8221;triangle&#8221; active_section=&#8221;&#8221; collapsible_all=&#8221;true&#8221;][vc_tta_section title=&#8221;Literatura Interregional do Brasil&#8221; tab_id=&#8221;1716311728065-ae9434f2-15cf&#8221;][vc_column_text](Carga hor\u00e1ria: 45 horas)<br \/>\nEmenta: Apresenta\u00e7\u00e3o cr\u00edtica de representativos escritores e ensa\u00edstas do Nordeste, postos em di\u00e1logo com seus pares de outras regi\u00f5es do Brasil.[\/vc_column_text][\/vc_tta_section][vc_tta_section title=&#8221;Po\u00e9ticas da africanidade&#8221; tab_id=&#8221;1716311728086-9daea5b3-c44d&#8221;][vc_column_text](Carga hor\u00e1ria: 45 horas)<br \/>\nEmenta: Estudo da produ\u00e7\u00e3o liter\u00e1ria africana e afro-descendente, \u00e0 luz de t\u00f3picos inerentes \u00e0 configura\u00e7\u00e3o dessas literaturas, emergentes de sociedades p\u00f3s-coloniais.[\/vc_column_text][\/vc_tta_section][vc_tta_section title=&#8221;Tradi\u00e7\u00e3o e Modernidade&#8221; tab_id=&#8221;1716311728106-b2792ae5-c900&#8243;][vc_column_text](Carga hor\u00e1ria: 45 horas)<br \/>\nEmenta: Di\u00e1logo entre o c\u00e2none art\u00edstico-liter\u00e1rio e as rupturas introduzidas pela modernidade em suas diversas fases.[\/vc_column_text][\/vc_tta_section][vc_tta_section title=&#8221;Literatura, Mem\u00f3ria e Testemunho&#8221; tab_id=&#8221;1716311728128-8ea99ea6-c800&#8243;][vc_column_text](Carga hor\u00e1ria: 45 horas)<br \/>\nEmenta: Estudo das rela\u00e7\u00f5es entre literatura, mem\u00f3ria e testemunho, abordando obras que se prop\u00f5em relatos hist\u00f3ricos de grupos e escritas autobiogr\u00e1ficas.[\/vc_column_text][\/vc_tta_section][vc_tta_section title=&#8221;Literatura e Estudos de G\u00eanero&#8221; tab_id=&#8221;1716311728141-473c0a74-521d&#8221;][vc_column_text](Carga hor\u00e1ria: 45 horas)<br \/>\nEmenta: Estudo de literatura de autoria feminina e gay. A teoria e a cr\u00edtica liter\u00e1rias feministas. A teoria queer. Literatura, homoeroticidade e representa\u00e7\u00e3o da subjetividade feminina e gay no texto liter\u00e1rio.[\/vc_column_text][\/vc_tta_section][vc_tta_section title=&#8221;Literatura e \u00c9tica&#8221; tab_id=&#8221;1716311898875-f3df2184-48ac&#8221;][vc_column_text](Carga hor\u00e1ria: 45 horas)<br \/>\nEmenta: Estudo da inseparabilidade da arte liter\u00e1ria e do questionamento \u00e9tico, tanto nas fases de concep\u00e7\u00e3o e execu\u00e7\u00e3o quanto na de sua recep\u00e7\u00e3o.[\/vc_column_text][\/vc_tta_section][vc_tta_section title=&#8221;Mitopo\u00e9tica&#8221; tab_id=&#8221;1716311930171-02440c1e-6d18&#8243;][vc_column_text](Carga hor\u00e1ria: 45 horas)<br \/>\nEmenta: Mostrar que, nas malhas da literatura e da arte, se elabora junto ao ato de (re)cria\u00e7\u00e3o um processo de simboliza\u00e7\u00e3o e de mitiza\u00e7\u00e3o que envolve iman\u00eancia e transcend\u00eancia.[\/vc_column_text][\/vc_tta_section][vc_tta_section title=&#8221;Literatura e Filosofia&#8221; tab_id=&#8221;1716311951980-d0e74822-78eb&#8221;][vc_column_text](Carga hor\u00e1ria: 45 horas)<br \/>\nEmenta: Estudo das rela\u00e7\u00f5es entre literatura e filosofia, do liter\u00e1rio na obra filos\u00f3fica ao filos\u00f3fico no texto liter\u00e1rio; de obras liter\u00e1rias com decisiva influ\u00eancia para o pensamento filos\u00f3fico ao fazer do discurso filos\u00f3fico forma liter\u00e1ria.[\/vc_column_text][\/vc_tta_section][vc_tta_section title=&#8221;Literatura e sagrado&#8221; tab_id=&#8221;1716311951811-d2a31eaf-5a35&#8243;][vc_column_text](Carga hor\u00e1ria: 45 horas)<br \/>\nEmenta: Estudo das rela\u00e7\u00f5es entre textos liter\u00e1rios e textos sagrados das religi\u00f5es. Estudo da religi\u00e3o como origem do teatro e da literatura e das rela\u00e7\u00f5es entre s\u00edmbolo religioso e met\u00e1fora na constitui\u00e7\u00e3o do texto liter\u00e1rio.[\/vc_column_text][\/vc_tta_section][vc_tta_section title=&#8221;Literatura e psican\u00e1lise&#8221; tab_id=&#8221;1716311951593-16d7a02c-2de0&#8243;][vc_column_text](Carga hor\u00e1ria: 45 horas)<br \/>\nEmenta: Estudo de conceitos psicanal\u00edticos suscet\u00edveis de serem retomados criticamente na leitura liter\u00e1ria, tendo como ponto de partida os processos de cria\u00e7\u00e3o e motiva\u00e7\u00e3o inconscientes na poesia e na fic\u00e7\u00e3o.[\/vc_column_text][\/vc_tta_section][vc_tta_section title=&#8221;Literatura dram\u00e1tica e di\u00e1logos interculturais&#8221; tab_id=&#8221;1716311951402-dfc58049-a645&#8243;][vc_column_text](Carga hor\u00e1ria: 45 horas)<br \/>\nEmenta: Estudo dos conceitos e formas do drama e das rela\u00e7\u00f5es entre dramaturgia, teatro e encena\u00e7\u00e3o e teatro e tradu\u00e7\u00e3o intercultural.[\/vc_column_text][\/vc_tta_section][vc_tta_section title=&#8221;Literatura comparada e p\u00f3s-colonialidade&#8221; tab_id=&#8221;1716311950612-b5db9c44-532c&#8221;][vc_column_text](Carga hor\u00e1ria: 45 horas)<br \/>\nEmenta: Estudo das rela\u00e7\u00f5es interliter\u00e1rias numa perspectiva s\u00f3cio-pol\u00edtica, analisando obras que atentem diretamente para fatores culturais diversos no espa\u00e7o e no tempo.[\/vc_column_text][\/vc_tta_section][vc_tta_section title=&#8221;Narrativas midi\u00e1ticas contempor\u00e2neas&#8221; tab_id=&#8221;1716312060698-0c48138b-0869&#8243;][vc_column_text](Carga hor\u00e1ria: 45 horas)<br \/>\nEmenta: Abordagem te\u00f3rico-cr\u00edtica da expans\u00e3o da narratividade para as m\u00eddias contempor\u00e2neas, com especial interesse pela narrativa no cinema, na televis\u00e3o e na hist\u00f3ria em quadrinhos.[\/vc_column_text][\/vc_tta_section][\/vc_tta_accordion][\/vc_column][\/vc_row][vc_row][vc_column][vc_column_text css=&#8221;&#8221;]<strong>DOUTORADO<\/strong><\/p>\n<p>As disciplinas que comp\u00f5em a grade curricular do Doutorado em Literatura e Interculturalidade t\u00eam carga hor\u00e1ria de trinta 30 a 90 horas de aula te\u00f3rica ou atividades equivalentes. \u00c1rea de Concentra\u00e7\u00e3o: Literatura e Estudos Interculturais.[\/vc_column_text][\/vc_column][\/vc_row][vc_row gap=&#8221;30&#8243;][vc_column width=&#8221;1\/2&#8243;][vc_text_separator title=&#8221;Disciplinas Obrigat\u00f3rias&#8221; title_align=&#8221;separator_align_left&#8221; css=&#8221;.vc_custom_1716311710778{margin-top: 30px !important;margin-bottom: 30px !important;}&#8221;][vc_tta_accordion title_tag=&#8221;h3&#8243; section_title_tag=&#8221;h2&#8243; style=&#8221;modern&#8221; shape=&#8221;square&#8221; c_icon=&#8221;triangle&#8221; active_section=&#8221;&#8221; collapsible_all=&#8221;true&#8221;][vc_tta_section title=&#8221;Literatura, \u00c9tica e Pol\u00edtica&#8221; tab_id=&#8221;1719498397321-d76d6692-53e5&#8243;][vc_column_text](Cr\u00e9ditos: 06 Carga Hor\u00e1ria:\u00a0 90)<\/p>\n<p>Ementa:\u00a0 Estudos comparados das literaturas do Brasil e de outros pa\u00edses, a partir das revis\u00f5es te\u00f3ricas empreendidas e do aspecto \u00e9tico-pol\u00edtico,\u00a0 com destaque para as quest\u00f5es de g\u00eanero, etnia e as rela\u00e7\u00f5es entre literatura e religi\u00e3o e literatura e sagrado, bem como quest\u00f5es relacionadas \u00e0 mem\u00f3ria.[\/vc_column_text][\/vc_tta_section][vc_tta_section title=&#8221;Media\u00e7\u00e3o Intercultural: M\u00eddia, Regi\u00e3o e Continente&#8221; tab_id=&#8221;1719498397336-e7a74a34-b6de&#8221;][vc_column_text](Cr\u00e9ditos: 06\u00a0\u00a0 Carga Hor\u00e1ria:\u00a0 90)<br \/>\nEmenta:\u00a0 Estudo da obra art\u00edstico-liter\u00e1ria como media\u00e7\u00e3o intercultural, contemplando as rela\u00e7\u00f5es entre m\u00eddia e literatura e o papel da literatura na discuss\u00e3o sobre interregionalidade e intercontinentalidade.[\/vc_column_text][\/vc_tta_section][\/vc_tta_accordion][\/vc_column][vc_column width=&#8221;1\/2&#8243;][\/vc_column][\/vc_row]<\/p>\n<\/div>","protected":false},"excerpt":{"rendered":"<p>[vc_row][vc_column][vc_column_text]MESTRADO As disciplinas que comp\u00f5em a grade curricular do Mestrado em Literatura e Interculturalidade t\u00eam carga hor\u00e1ria de trinta (30), (45) e (60) horas de aula te\u00f3rica ou atividades equivalentes. \u00c1rea de Concentra\u00e7\u00e3o: Literatura e Estudos Interculturais.[\/vc_column_text][\/vc_column][\/vc_row][vc_row gap=&#8221;30&#8243;][vc_column width=&#8221;1\/2&#8243;][vc_text_separator title=&#8221;Disciplinas Obrigat\u00f3rias&#8221; title_align=&#8221;separator_align_left&#8221; css=&#8221;.vc_custom_1716311710778{margin-top: 30px !important;margin-bottom: 30px !important;}&#8221;][vc_tta_accordion title_tag=&#8221;h3&#8243; section_title_tag=&#8221;h2&#8243; style=&#8221;modern&#8221; shape=&#8221;square&#8221; c_icon=&#8221;triangle&#8221; active_section=&#8221;&#8221; collapsible_all=&#8221;true&#8221;][vc_tta_section title=&#8221;Dialogismo <a class=\"leiamais\" href=\"https:\/\/pos-graduacao.uepb.edu.br\/ppgli\/disciplinas-ofertadas-2024-1\/\">Leia Mais&#8230;<\/a><\/p>\n","protected":false},"author":5,"featured_media":0,"parent":0,"menu_order":0,"comment_status":"open","ping_status":"open","template":"","meta":{"footnotes":""},"class_list":["post-26","page","type-page","status-publish","hentry"],"jetpack_sharing_enabled":true,"_links":{"self":[{"href":"https:\/\/pos-graduacao.uepb.edu.br\/ppgli\/wp-json\/wp\/v2\/pages\/26","targetHints":{"allow":["GET"]}}],"collection":[{"href":"https:\/\/pos-graduacao.uepb.edu.br\/ppgli\/wp-json\/wp\/v2\/pages"}],"about":[{"href":"https:\/\/pos-graduacao.uepb.edu.br\/ppgli\/wp-json\/wp\/v2\/types\/page"}],"author":[{"embeddable":true,"href":"https:\/\/pos-graduacao.uepb.edu.br\/ppgli\/wp-json\/wp\/v2\/users\/5"}],"replies":[{"embeddable":true,"href":"https:\/\/pos-graduacao.uepb.edu.br\/ppgli\/wp-json\/wp\/v2\/comments?post=26"}],"version-history":[{"count":65,"href":"https:\/\/pos-graduacao.uepb.edu.br\/ppgli\/wp-json\/wp\/v2\/pages\/26\/revisions"}],"predecessor-version":[{"id":5294,"href":"https:\/\/pos-graduacao.uepb.edu.br\/ppgli\/wp-json\/wp\/v2\/pages\/26\/revisions\/5294"}],"wp:attachment":[{"href":"https:\/\/pos-graduacao.uepb.edu.br\/ppgli\/wp-json\/wp\/v2\/media?parent=26"}],"curies":[{"name":"wp","href":"https:\/\/api.w.org\/{rel}","templated":true}]}}