{"id":2037,"date":"2016-04-18T12:13:14","date_gmt":"2016-04-18T12:13:14","guid":{"rendered":"https:\/\/pos-graduacao.uepb.edu.br\/ppgli\/?page_id=2037"},"modified":"2024-06-26T07:37:38","modified_gmt":"2024-06-26T10:37:38","slug":"apresentacao_ppgli","status":"publish","type":"page","link":"https:\/\/pos-graduacao.uepb.edu.br\/ppgli\/apresentacao_ppgli\/","title":{"rendered":"Apresenta\u00e7\u00e3o"},"content":{"rendered":"<p><a href=\"https:\/\/pos-graduacao.uepb.edu.br\/ppgli\/files\/2020\/03\/apresentacao_ingles_ppgli.pdf\" target=\"_blank\" rel=\"noopener noreferrer\">English<\/a><\/p>\n<p><a href=\"https:\/\/pos-graduacao.uepb.edu.br\/ppgli\/files\/2020\/03\/apresentacao_espanhol_ppgli.pdf\" target=\"_blank\" rel=\"noopener noreferrer\">Espa\u00f1ol<\/a><\/p>\n<p><a href=\"https:\/\/pos-graduacao.uepb.edu.br\/ppgli\/files\/2020\/09\/apresentacao_frances_ppgl.pdf\">Fran\u00e7aise<\/a><\/p>\n<p style=\"text-align: justify;\">O Mestrado em Literatura e Interculturalidade tem sua estrutura organizada em dois anos. O primeiro ano \u00e9 dividido em dois semestres, dedicado ao cumprimento dos cr\u00e9ditos em disciplinas. O segundo ano \u00e9 dedicado \u00e0 elabora\u00e7\u00e3o da disserta\u00e7\u00e3o. As atividades s\u00e3o desenvolvidas durante a semana, nos turnos manh\u00e3 e tarde. O n\u00famero de cr\u00e9ditos \u00e9 de 30, sendo 24 em disciplinas e 06 na disserta\u00e7\u00e3o. Cada cr\u00e9dito corresponde a quinze (15) horas de aula te\u00f3rica ou atividades equivalentes.<\/p>\n<p style=\"text-align: justify;\">O Doutorado em Literatura e Interculturalidade tem sua estrutura organizada em quatro anos, sendo modular semestral, totalizando um m\u00ednimo de 06 (seis) semestres correspondentes a 12 (doze) cr\u00e9ditos de disciplinas, 12 (doze) cr\u00e9ditos de semin\u00e1rios e 24 cr\u00e9ditos de Tese. Cada cr\u00e9dito corresponde a quinze (15) horas de aula te\u00f3rica ou atividades equivalentes. As atividades s\u00e3o desenvolvidas durante a semana, nos turnos manh\u00e3 e tarde.<\/p>\n","protected":false},"excerpt":{"rendered":"<p>English Espa\u00f1ol Fran\u00e7aise O Mestrado em Literatura e Interculturalidade tem sua estrutura organizada em dois anos. O primeiro ano \u00e9 dividido em dois semestres, dedicado ao cumprimento dos cr\u00e9ditos em disciplinas. O segundo ano \u00e9 dedicado \u00e0 elabora\u00e7\u00e3o da disserta\u00e7\u00e3o. As atividades s\u00e3o desenvolvidas durante a semana, nos turnos manh\u00e3 e tarde. O n\u00famero de <a class=\"leiamais\" href=\"https:\/\/pos-graduacao.uepb.edu.br\/ppgli\/apresentacao_ppgli\/\">Leia Mais&#8230;<\/a><\/p>\n","protected":false},"author":4,"featured_media":0,"parent":0,"menu_order":0,"comment_status":"closed","ping_status":"closed","template":"","meta":{"footnotes":""},"class_list":["post-2037","page","type-page","status-publish","hentry"],"jetpack_sharing_enabled":true,"_links":{"self":[{"href":"https:\/\/pos-graduacao.uepb.edu.br\/ppgli\/wp-json\/wp\/v2\/pages\/2037","targetHints":{"allow":["GET"]}}],"collection":[{"href":"https:\/\/pos-graduacao.uepb.edu.br\/ppgli\/wp-json\/wp\/v2\/pages"}],"about":[{"href":"https:\/\/pos-graduacao.uepb.edu.br\/ppgli\/wp-json\/wp\/v2\/types\/page"}],"author":[{"embeddable":true,"href":"https:\/\/pos-graduacao.uepb.edu.br\/ppgli\/wp-json\/wp\/v2\/users\/4"}],"replies":[{"embeddable":true,"href":"https:\/\/pos-graduacao.uepb.edu.br\/ppgli\/wp-json\/wp\/v2\/comments?post=2037"}],"version-history":[{"count":7,"href":"https:\/\/pos-graduacao.uepb.edu.br\/ppgli\/wp-json\/wp\/v2\/pages\/2037\/revisions"}],"predecessor-version":[{"id":5225,"href":"https:\/\/pos-graduacao.uepb.edu.br\/ppgli\/wp-json\/wp\/v2\/pages\/2037\/revisions\/5225"}],"wp:attachment":[{"href":"https:\/\/pos-graduacao.uepb.edu.br\/ppgli\/wp-json\/wp\/v2\/media?parent=2037"}],"curies":[{"name":"wp","href":"https:\/\/api.w.org\/{rel}","templated":true}]}}