{"id":170,"date":"2012-02-09T17:50:26","date_gmt":"2012-02-09T17:50:26","guid":{"rendered":"http:\/\/pos-graduacao.ascom.uepb.edu.br\/ppgli\/?page_id=170"},"modified":"2025-04-03T11:02:32","modified_gmt":"2025-04-03T14:02:32","slug":"ementas-e-bibliografias","status":"publish","type":"page","link":"https:\/\/pos-graduacao.uepb.edu.br\/ppgli\/ementas-e-bibliografias\/","title":{"rendered":"Ementas e Bibliografias"},"content":{"rendered":"<div class=\"wpb-content-wrapper\"><p>[vc_row gap=&#8221;30&#8243;][vc_column width=&#8221;1\/2&#8243;][vc_text_separator title=&#8221;DISCIPLINAS ELETIVAS DO MESTRADO&#8221; title_align=&#8221;separator_align_left&#8221; css=&#8221;.vc_custom_1716319327633{margin-top: 30px !important;margin-bottom: 30px !important;}&#8221;][vc_tta_accordion title_tag=&#8221;h3&#8243; section_title_tag=&#8221;h2&#8243; style=&#8221;modern&#8221; c_icon=&#8221;triangle&#8221; active_section=&#8221;&#8221; collapsible_all=&#8221;true&#8221;][vc_tta_section title=&#8221;Literatura Interregional do Brasil&#8221; tab_id=&#8221;1716318431089-c041fecf-036c&#8221;][vc_column_text css=&#8221;&#8221;]<strong>Carga hor\u00e1ria<\/strong>: 45 horas<\/p>\n<p><strong>Ementa<\/strong>:<strong>\u00a0<\/strong>Apresenta\u00e7\u00e3o cr\u00edtica de representativos escritores e ensa\u00edstas do Nordeste, postos em di\u00e1logo com seus pares de outras regi\u00f5es do Brasil.[\/vc_column_text][\/vc_tta_section][vc_tta_section title=&#8221;Po\u00e9ticas da africanidade&#8221; tab_id=&#8221;1716318431137-ec04d1c1-1aee&#8221;][vc_column_text css=&#8221;&#8221;]<strong>Carga hor\u00e1ria<\/strong>: 45 horas[\/vc_column_text][\/vc_tta_section][vc_tta_section title=&#8221;Tradi\u00e7\u00e3o e Modernidade&#8221; tab_id=&#8221;1716318431190-c61b4d89-458c&#8221;][vc_column_text]<strong>Carga hor\u00e1ria<\/strong>: 45 horas<\/p>\n<p><strong>Ementa<\/strong>: Di\u00e1logo entre o c\u00e2none art\u00edstico-liter\u00e1rio e as rupturas introduzidas pela modernidade em suas diversas fases.<\/p>\n<p><strong>Bibliografia<\/strong><\/p>\n<p>AIJAZ, Ahmad.\u00a0<strong>Linhagens do presente<\/strong>. Trad. Sandra Guardini T. Vasconcelos. S\u00e3o Paulo: Boitempo Editorial, 2002.<\/p>\n<p>AUERBACH, Erich.\u00a0<strong>Dante, poeta do mundo secular<\/strong>. Trad. de\u00a0 Raul de S\u00e1 Barbosa. Rio de Janeiro: Topbooks, 1997.<\/p>\n<p>BARBOSA, Jo\u00e3o Alexandre.\u00a0<strong>As ilus\u00f5es da modernidade<\/strong>. S\u00e3o Paulo:\u00a0 Ed. Perspectiva,\u00a0 1998.<\/p>\n<p>BOITANI, Piero.\u00a0\u00a0<strong>A sombra de Ulisses<\/strong>. S\u00e3o Paulo: Ed. Perspectiva, 2005.<\/p>\n<p>COMPAGNON, Antoine.\u00a0<strong>Os cinco paradoxos da modernidade<\/strong>. Trad. de Cleonice P. Mour\u00e3o, Consuelo F. Santiago e Eunice D. Gall\u00e9ry.\u00a0 Belo Horizonte: Ed. da UFMG, 1996.<\/p>\n<p>IANNI, Octavio.\u00a0<strong>Enigmas da Modernidade-Mundo<\/strong>. Rio de Janeiro: Civiliza\u00e7\u00e3o Brasileira, 2000.<\/p>\n<p>MIRANDA, Wander Melo (Org).\u00a0<strong>Narrativas da Modernidade<\/strong>. Belo Horizonte: Aut\u00eantica, 1999.<\/p>\n<p>PAZ, Octavio.\u00a0<strong>Os filhos do barro<\/strong>. S\u00e3o Paulo: Ed. Perspectiva, 2005.<\/p>\n<p>RANCIERE, Jacques.\u00a0<strong>La palabra muda: ensayo sobre las contradicciones de La literatura<\/strong>. Argentina: Eterna cad\u00eancia: 2009.<\/p>\n<p>ROUANET, S\u00e9rgio Paulo.\u00a0<strong>Mal-estar na modernidade<\/strong>. 2001. S\u00e3o Paulo: Companhia das Letras, 1999.[\/vc_column_text][\/vc_tta_section][vc_tta_section title=&#8221;Literatura, Mem\u00f3ria e Testemunho&#8221; tab_id=&#8221;1716318431218-7f5020a6-b1e5&#8243;][vc_column_text css=&#8221;&#8221;]<strong>Carga hor\u00e1ria<\/strong>: 45 horas<\/p>\n<p><strong>Ementa<\/strong>\u00a0Estudo das rela\u00e7\u00f5es entre literatura, mem\u00f3ria e testemunho, abordando obras que se prop\u00f5em relatos hist\u00f3ricos de grupos e escritas autobiogr\u00e1ficas.<\/p>\n<p>[\/vc_column_text][\/vc_tta_section][vc_tta_section title=&#8221;Literatura e Estudos de G\u00eanero&#8221; tab_id=&#8221;1716318431240-e89eb622-10ab&#8221;][vc_column_text css=&#8221;&#8221;]<strong>Carga hor\u00e1ria<\/strong>: 45 horas<\/p>\n<p><strong>Ementa:\u00a0<\/strong>Estudo de literatura de autoria feminina e gay. A teoria e a cr\u00edtica liter\u00e1rias feministas. A teoria queer. Literatura, homoeroticidade e representa\u00e7\u00e3o da subjetividade feminina e gay no texto liter\u00e1rio.<\/p>\n<p>[\/vc_column_text][\/vc_tta_section][vc_tta_section title=&#8221;Literatura e \u00c9tica&#8221; tab_id=&#8221;1716318431278-5ffff26f-ac33&#8243;][vc_column_text css=&#8221;&#8221;]<strong>Carga hor\u00e1ria<\/strong>: 45 horas<\/p>\n<p><strong>Ementa<\/strong>: Estudo da inseparabilidade da arte liter\u00e1ria e do questionamento \u00e9tico, tanto nas fases de concep\u00e7\u00e3o e execu\u00e7\u00e3o quanto na de sua recep\u00e7\u00e3o.<\/p>\n<p>[\/vc_column_text][\/vc_tta_section][vc_tta_section title=&#8221;Mitopo\u00e9tica&#8221; tab_id=&#8221;1716318431307-3810fbb8-622f&#8221;][vc_column_text css=&#8221;&#8221;]<strong>Carga hor\u00e1ria<\/strong>: 45 horas<\/p>\n<p><strong>Ementa<\/strong>: Mostrar que, nas malhas da literatura e da arte, se elabora junto ao ato de (re)cria\u00e7\u00e3o um processo de simboliza\u00e7\u00e3o e de mitiza\u00e7\u00e3o que envolve iman\u00eancia e transcend\u00eancia.<\/p>\n<p>[\/vc_column_text][\/vc_tta_section][vc_tta_section title=&#8221;Literatura e Filosofia&#8221; tab_id=&#8221;1716318431336-705f0d98-8f11&#8243;][vc_column_text css=&#8221;&#8221;]<strong>Carga hor\u00e1ria<\/strong>: 45 horas<\/p>\n<p><strong>Ementa<\/strong>:<strong>\u00a0<\/strong>Estudo das rela\u00e7\u00f5es entre literatura e filosofia, do liter\u00e1rio na obra filos\u00f3fica ao filos\u00f3fico no texto liter\u00e1rio; de obras liter\u00e1rias com decisiva influ\u00eancia para o pensamento filos\u00f3fico ao fazer do discurso filos\u00f3fico forma liter\u00e1ria.<\/p>\n<p>[\/vc_column_text][\/vc_tta_section][vc_tta_section title=&#8221;Literatura e sagrado&#8221; tab_id=&#8221;1716318431366-f59fa72a-52f7&#8243;][vc_column_text css=&#8221;&#8221;]<strong>Carga hor\u00e1ria<\/strong>: 45 horas<\/p>\n<p><strong>Ementa<\/strong>: Estudo das rela\u00e7\u00f5es entre textos liter\u00e1rios e textos sagrados das religi\u00f5es. Estudo da religi\u00e3o como origem do teatro e da literatura e das rela\u00e7\u00f5es entre s\u00edmbolo religioso e met\u00e1fora na constitui\u00e7\u00e3o do texto liter\u00e1rio.<\/p>\n<p>[\/vc_column_text][\/vc_tta_section][vc_tta_section title=&#8221;Literatura e psican\u00e1lise&#8221; tab_id=&#8221;1716318431388-5a76d7db-71a8&#8243;][vc_column_text css=&#8221;&#8221;]<strong>Carga hor\u00e1ria<\/strong>: 45 horas<\/p>\n<p><strong>Ementa<\/strong>: Estudo de conceitos psicanal\u00edticos suscet\u00edveis de serem retomados criticamente na leitura liter\u00e1ria, tendo como ponto de partida os processos de cria\u00e7\u00e3o e motiva\u00e7\u00e3o inconscientes na poesia e na fic\u00e7\u00e3o.<\/p>\n<p>[\/vc_column_text][\/vc_tta_section][vc_tta_section title=&#8221;Literatura dram\u00e1tica e di\u00e1logos interculturais&#8221; tab_id=&#8221;1716318431412-d20f5342-d0f3&#8243;][vc_column_text css=&#8221;&#8221;]<strong>Carga hor\u00e1ria<\/strong>: 45 horas<\/p>\n<p><strong>E<\/strong><strong>menta<\/strong>: Estudo dos conceitos e formas do drama e das rela\u00e7\u00f5es entre dramaturgia, teatro e encena\u00e7\u00e3o e teatro e tradu\u00e7\u00e3o intercultural.[\/vc_column_text][\/vc_tta_section][vc_tta_section title=&#8221;Literatura comparada e p\u00f3s-colonialidade&#8221; tab_id=&#8221;1716318431480-087d8f21-ad58&#8243;][vc_column_text css=&#8221;&#8221;]<strong>Carga hor\u00e1ria<\/strong>: 45 horas<\/p>\n<p><strong>Ementa<\/strong>: Estudo das rela\u00e7\u00f5es interliter\u00e1rias numa perspectiva s\u00f3cio-pol\u00edtica, analisando obras que atentem diretamente para fatores culturais diversos no espa\u00e7o e no tempo.<\/p>\n<p>[\/vc_column_text][\/vc_tta_section][vc_tta_section title=&#8221;Narrativas midi\u00e1ticas contempor\u00e2neas&#8221; tab_id=&#8221;1716318431509-eee2aa13-aef0&#8243;][vc_column_text css=&#8221;&#8221;]<strong>Carga hor\u00e1ria<\/strong>: 45 horas<\/p>\n<p><strong>Ementa<\/strong>: Abordagem te\u00f3rico-cr\u00edtica da expans\u00e3o da narratividade para as m\u00eddias contempor\u00e2neas, com especial interesse pela narrativa no cinema, na televis\u00e3o e na hist\u00f3ria em quadrinhos.[\/vc_column_text][\/vc_tta_section][\/vc_tta_accordion][\/vc_column][vc_column width=&#8221;1\/2&#8243;][vc_text_separator title=&#8221;DISCIPLINAS OBRIGAT\u00d3RIAS DO MESTRADO (das cinco, o mestrando precisar\u00e1 cursar pelo menos 3)&#8221; title_align=&#8221;separator_align_left&#8221; css=&#8221;.vc_custom_1716319306391{margin-top: 30px !important;margin-bottom: 30px !important;}&#8221;][vc_tta_accordion title_tag=&#8221;h3&#8243; section_title_tag=&#8221;h2&#8243; style=&#8221;modern&#8221; c_icon=&#8221;triangle&#8221; active_section=&#8221;&#8221; collapsible_all=&#8221;true&#8221;][vc_tta_section title=&#8221;Dialogismo e Filosofia do Intercultural&#8221; tab_id=&#8221;1716318031857-1638cc48-3a27&#8243;][vc_column_text css=&#8221;&#8221;]<strong>Carga hor\u00e1ria<\/strong>: 60 horas<\/p>\n<p><strong>Ementa<\/strong>: Mostrar que a no\u00e7\u00e3o de interculturalidade se encontra concretizada na literatura mediante as formas de di\u00e1logo entre culturas e tradi\u00e7\u00f5es diversas, implicando um pensamento e uma utopia da alteridade como fundamento do mesmo.[\/vc_column_text][\/vc_tta_section][vc_tta_section title=&#8221;Tradu\u00e7\u00e3o Intersemi\u00f3tica&#8221; tab_id=&#8221;1716318031872-9567f2bd-eda9&#8243;][vc_column_text css=&#8221;&#8221;]<strong>Carga hor\u00e1ria<\/strong>: 60 horas<\/p>\n<p><strong>Ementa<\/strong>: Estudo da tradu\u00e7\u00e3o interart\u00edstica numa perspectiva semi\u00f3tica, confrontando o texto liter\u00e1rio com outros sistemas de signos a partir de um conceito de tradu\u00e7\u00e3o enquanto diferen\u00e7a e diversidade.<\/p>\n<p>[\/vc_column_text][\/vc_tta_section][vc_tta_section title=&#8221;Teoria e Pr\u00e1tica do Ensaio Acad\u00eamico&#8221; tab_id=&#8221;1716318091020-6754fc3d-8f9c&#8221;][vc_column_text css=&#8221;&#8221;]<strong>Carga hor\u00e1ria<\/strong>: 45 horas<\/p>\n<p><strong>Ementa<\/strong>: Estudo dos princ\u00edpios metodol\u00f3gicos e formais do ensaio acad\u00eamico\u00a0que reflete acerca da obra art\u00edstica.<\/p>\n<p>[\/vc_column_text][\/vc_tta_section][vc_tta_section title=&#8221;Literatura Brasileira do Nordeste&#8221; tab_id=&#8221;1716318094304-9666a8d6-b434&#8243;][vc_column_text css=&#8221;&#8221;]<strong>Carga hor\u00e1ria<\/strong>: 60 horas<\/p>\n<p><strong>Ementa:\u00a0<\/strong>Estudo da literatura nordestina que fundamenta processos de identidade e de cidadania em n\u00edveis regional e nacional.<\/p>\n<p>[\/vc_column_text][\/vc_tta_section][vc_tta_section title=&#8221;T\u00f3picos Especiais em Teoria da Literatura&#8221; tab_id=&#8221;1716318095620-65428056-a2ca&#8221;][vc_column_text]<strong>Carga hor\u00e1ria<\/strong>: 30 horas<\/p>\n<p><strong>Ementa<\/strong>: Estudo de temas e debates te\u00f3rico-metodol\u00f3gicos avan\u00e7ados no cen\u00e1rio da cr\u00edtica e da teoria liter\u00e1ria.[\/vc_column_text][\/vc_tta_section][\/vc_tta_accordion][vc_text_separator title=&#8221;DISCIPLINAS OBRIGAT\u00d3RIAS DO DOUTORADO&#8221; title_align=&#8221;separator_align_left&#8221; css=&#8221;.vc_custom_1716319182097{margin-top: 30px !important;margin-bottom: 30px !important;}&#8221;][vc_tta_accordion title_tag=&#8221;h3&#8243; section_title_tag=&#8221;h2&#8243; style=&#8221;modern&#8221; c_icon=&#8221;triangle&#8221; active_section=&#8221;&#8221; collapsible_all=&#8221;true&#8221;][vc_tta_section title=&#8221;Literatura, \u00c9tica e Pol\u00edtica&#8221; tab_id=&#8221;1716319202042-cdb9c5c5-d18f&#8221;][vc_column_text](Cr\u00e9ditos: 06 Carga Hor\u00e1ria:\u00a0 90)<\/p>\n<p>Ementa:\u00a0 Estudos comparados das literaturas do Brasil e de outros pa\u00edses, a partir das revis\u00f5es te\u00f3ricas empreendidas e do aspecto \u00e9tico-pol\u00edtico,\u00a0 com destaque para as quest\u00f5es de g\u00eanero, etnia e as rela\u00e7\u00f5es entre literatura e religi\u00e3o e literatura e sagrado, bem como quest\u00f5es[\/vc_column_text][\/vc_tta_section][vc_tta_section title=&#8221;Media\u00e7\u00e3o Intercultural: M\u00eddia, Regi\u00e3o e Continente&#8221; tab_id=&#8221;1716319202119-ea06b71f-b8fd&#8221;][vc_column_text](Cr\u00e9ditos: 06\u00a0\u00a0 Carga Hor\u00e1ria:\u00a0 90)<\/p>\n<p>Ementa:\u00a0 Estudo da obra art\u00edstico-liter\u00e1ria como media\u00e7\u00e3o intercultural, contemplando as rela\u00e7\u00f5es entre m\u00eddia e literatura e o papel da literatura na discuss\u00e3o sobre interregionalidade e intercontinentalidade.[\/vc_column_text][\/vc_tta_section][\/vc_tta_accordion][\/vc_column][\/vc_row]<\/p>\n<\/div>","protected":false},"excerpt":{"rendered":"<p>[vc_row gap=&#8221;30&#8243;][vc_column width=&#8221;1\/2&#8243;][vc_text_separator title=&#8221;DISCIPLINAS ELETIVAS DO MESTRADO&#8221; title_align=&#8221;separator_align_left&#8221; css=&#8221;.vc_custom_1716319327633{margin-top: 30px !important;margin-bottom: 30px !important;}&#8221;][vc_tta_accordion title_tag=&#8221;h3&#8243; section_title_tag=&#8221;h2&#8243; style=&#8221;modern&#8221; c_icon=&#8221;triangle&#8221; active_section=&#8221;&#8221; collapsible_all=&#8221;true&#8221;][vc_tta_section title=&#8221;Literatura Interregional do Brasil&#8221; tab_id=&#8221;1716318431089-c041fecf-036c&#8221;][vc_column_text css=&#8221;&#8221;]Carga hor\u00e1ria: 45 horas Ementa:\u00a0Apresenta\u00e7\u00e3o cr\u00edtica de representativos escritores e ensa\u00edstas do Nordeste, postos em di\u00e1logo com seus pares de outras regi\u00f5es do Brasil.[\/vc_column_text][\/vc_tta_section][vc_tta_section title=&#8221;Po\u00e9ticas da africanidade&#8221; tab_id=&#8221;1716318431137-ec04d1c1-1aee&#8221;][vc_column_text css=&#8221;&#8221;]Carga hor\u00e1ria: 45 <a class=\"leiamais\" href=\"https:\/\/pos-graduacao.uepb.edu.br\/ppgli\/ementas-e-bibliografias\/\">Leia Mais&#8230;<\/a><\/p>\n","protected":false},"author":5,"featured_media":0,"parent":0,"menu_order":0,"comment_status":"open","ping_status":"open","template":"","meta":{"footnotes":""},"class_list":["post-170","page","type-page","status-publish","hentry"],"jetpack_sharing_enabled":true,"_links":{"self":[{"href":"https:\/\/pos-graduacao.uepb.edu.br\/ppgli\/wp-json\/wp\/v2\/pages\/170","targetHints":{"allow":["GET"]}}],"collection":[{"href":"https:\/\/pos-graduacao.uepb.edu.br\/ppgli\/wp-json\/wp\/v2\/pages"}],"about":[{"href":"https:\/\/pos-graduacao.uepb.edu.br\/ppgli\/wp-json\/wp\/v2\/types\/page"}],"author":[{"embeddable":true,"href":"https:\/\/pos-graduacao.uepb.edu.br\/ppgli\/wp-json\/wp\/v2\/users\/5"}],"replies":[{"embeddable":true,"href":"https:\/\/pos-graduacao.uepb.edu.br\/ppgli\/wp-json\/wp\/v2\/comments?post=170"}],"version-history":[{"count":27,"href":"https:\/\/pos-graduacao.uepb.edu.br\/ppgli\/wp-json\/wp\/v2\/pages\/170\/revisions"}],"predecessor-version":[{"id":5646,"href":"https:\/\/pos-graduacao.uepb.edu.br\/ppgli\/wp-json\/wp\/v2\/pages\/170\/revisions\/5646"}],"wp:attachment":[{"href":"https:\/\/pos-graduacao.uepb.edu.br\/ppgli\/wp-json\/wp\/v2\/media?parent=170"}],"curies":[{"name":"wp","href":"https:\/\/api.w.org\/{rel}","templated":true}]}}