{"id":142,"date":"2012-02-09T14:37:31","date_gmt":"2012-02-09T14:37:31","guid":{"rendered":"http:\/\/pos-graduacao.ascom.uepb.edu.br\/ppgli\/?page_id=142"},"modified":"2025-02-06T08:27:32","modified_gmt":"2025-02-06T11:27:32","slug":"grupos-de-pesquisa","status":"publish","type":"page","link":"https:\/\/pos-graduacao.uepb.edu.br\/ppgli\/grupos-de-pesquisa\/","title":{"rendered":"Grupos de Pesquisa"},"content":{"rendered":"<div class=\"wpb-content-wrapper\"><p>[vc_row][vc_column][vc_column_text css=&#8221;&#8221;]<strong>Grupos de pesquisa vinculados ao PPGLI<\/strong><\/p>\n<p>&nbsp;<\/p>\n<table>\n<tbody>\n<tr>\n<td width=\"271\"><strong>Nome do grupo<\/strong><\/td>\n<td width=\"262\"><strong>L\u00edderes<\/strong><\/td>\n<\/tr>\n<tr>\n<td width=\"271\">Benditas Escritas Transgressoras<\/td>\n<td width=\"262\">Maria Simone Marinho Nogueira<\/td>\n<\/tr>\n<tr>\n<td width=\"271\">GEGLICA &#8211; Grupo de Estudos sobre o G\u00f3tico na Literatura, Cinema e Audiovisual<\/td>\n<td width=\"262\">Auric\u00e9lio Soares Fernandes<\/td>\n<\/tr>\n<tr>\n<td width=\"271\">GEPLAE &#8211; Grupo de Estudos e Pesquisa em Logoterapia e An\u00e1lise Existencial<\/td>\n<td width=\"262\">Gilvan de Melo Santos<\/td>\n<\/tr>\n<tr>\n<td width=\"271\">GIELLus &#8211; Grupo Interdisciplinar de Estudos Liter\u00e1rios Lus\u00f3fonos<\/td>\n<td width=\"262\">Aldinida de Medeiros Souza<\/p>\n<p>Marcelo Medeiros da Silva<\/td>\n<\/tr>\n<tr>\n<td width=\"271\">Grupo de Estudos de Literatura e Cr\u00edtica Contempor\u00e2neas \u2013 GELCCO<\/td>\n<td width=\"262\">Wanderlan da Silva Alves<\/td>\n<\/tr>\n<tr>\n<td width=\"271\">Grupo de pesquisa de estudos da oralidade &#8211; GRUPEO<\/td>\n<td width=\"262\">Marcelo Vieira da N\u00f3brega<\/td>\n<\/tr>\n<tr>\n<td width=\"271\">Literatura e cultura afro-brasileira, africana e da di\u00e1spora<\/td>\n<td width=\"262\">Sueli Meira Liebig<\/td>\n<\/tr>\n<tr>\n<td width=\"271\">Litterasofia. Hermen\u00eautica Liter\u00e1ria em di\u00e1logo com Filosofias, Teologias e Ci\u00eancias Sociais<\/td>\n<td width=\"262\">Eli Brand\u00e3o da Silva<\/p>\n<p>Antonio Carlos de Melo Magalh\u00e3es<\/td>\n<\/tr>\n<tr>\n<td width=\"271\">Logoterapia e Sa\u00fade da Fam\u00edlia<\/td>\n<td width=\"262\">Gilvan de Melo Santos<\/td>\n<\/tr>\n<tr>\n<td width=\"271\">Mulher e escrita: resgate, hist\u00f3ria e leituras cr\u00edticas<\/td>\n<td width=\"262\">Marcelo Medeiros da Silva<\/td>\n<\/tr>\n<tr>\n<td width=\"271\">Observat\u00f3rio de Cr\u00edtica Liter\u00e1ria e Literaturas menores<\/td>\n<td width=\"262\">Luciano Barbosa Justino<\/td>\n<\/tr>\n<\/tbody>\n<\/table>\n<p>[\/vc_column_text][\/vc_column][\/vc_row]<\/p>\n<\/div>","protected":false},"excerpt":{"rendered":"<p>[vc_row][vc_column][vc_column_text css=&#8221;&#8221;]Grupos de pesquisa vinculados ao PPGLI &nbsp; Nome do grupo L\u00edderes Benditas Escritas Transgressoras Maria Simone Marinho Nogueira GEGLICA &#8211; Grupo de Estudos sobre o G\u00f3tico na Literatura, Cinema e Audiovisual Auric\u00e9lio Soares Fernandes GEPLAE &#8211; Grupo de Estudos e Pesquisa em Logoterapia e An\u00e1lise Existencial Gilvan de Melo Santos GIELLus &#8211; Grupo Interdisciplinar <a class=\"leiamais\" href=\"https:\/\/pos-graduacao.uepb.edu.br\/ppgli\/grupos-de-pesquisa\/\">Leia Mais&#8230;<\/a><\/p>\n","protected":false},"author":5,"featured_media":0,"parent":0,"menu_order":0,"comment_status":"open","ping_status":"open","template":"","meta":{"footnotes":""},"class_list":["post-142","page","type-page","status-publish","hentry"],"jetpack_sharing_enabled":true,"_links":{"self":[{"href":"https:\/\/pos-graduacao.uepb.edu.br\/ppgli\/wp-json\/wp\/v2\/pages\/142","targetHints":{"allow":["GET"]}}],"collection":[{"href":"https:\/\/pos-graduacao.uepb.edu.br\/ppgli\/wp-json\/wp\/v2\/pages"}],"about":[{"href":"https:\/\/pos-graduacao.uepb.edu.br\/ppgli\/wp-json\/wp\/v2\/types\/page"}],"author":[{"embeddable":true,"href":"https:\/\/pos-graduacao.uepb.edu.br\/ppgli\/wp-json\/wp\/v2\/users\/5"}],"replies":[{"embeddable":true,"href":"https:\/\/pos-graduacao.uepb.edu.br\/ppgli\/wp-json\/wp\/v2\/comments?post=142"}],"version-history":[{"count":37,"href":"https:\/\/pos-graduacao.uepb.edu.br\/ppgli\/wp-json\/wp\/v2\/pages\/142\/revisions"}],"predecessor-version":[{"id":5512,"href":"https:\/\/pos-graduacao.uepb.edu.br\/ppgli\/wp-json\/wp\/v2\/pages\/142\/revisions\/5512"}],"wp:attachment":[{"href":"https:\/\/pos-graduacao.uepb.edu.br\/ppgli\/wp-json\/wp\/v2\/media?parent=142"}],"curies":[{"name":"wp","href":"https:\/\/api.w.org\/{rel}","templated":true}]}}