{"id":8,"date":"2011-11-07T13:23:37","date_gmt":"2011-11-07T13:23:37","guid":{"rendered":"http:\/\/pos-graduacao.ascom.uepb.edu.br\/ppgfp\/?page_id=8"},"modified":"2011-11-07T13:23:37","modified_gmt":"2011-11-07T13:23:37","slug":"publico-alvo","status":"publish","type":"page","link":"https:\/\/pos-graduacao.uepb.edu.br\/ppgfp\/publico-alvo\/","title":{"rendered":"P\u00fablico Alvo"},"content":{"rendered":"<p style=\"text-align: justify;\">O curso visa a forma\u00e7\u00e3o continuada de docentes da rede de educa\u00e7\u00e3o b\u00e1sica da Para\u00edba e da Regi\u00e3o Nordeste, graduados em Pedagogia, Letras e demais licenciaturas, buscando aperfei\u00e7oar sua pr\u00e1tica docente, o processo de aprendizagem e de constru\u00e7\u00e3o do conhecimento e a interven\u00e7\u00e3o nos cen\u00e1rios local, regional e nacional.<\/p>\n","protected":false},"excerpt":{"rendered":"<p>O curso visa a forma\u00e7\u00e3o continuada de docentes da rede de educa\u00e7\u00e3o b\u00e1sica da Para\u00edba e da Regi\u00e3o Nordeste, graduados em Pedagogia, Letras e demais licenciaturas, buscando aperfei\u00e7oar sua pr\u00e1tica docente, o processo de aprendizagem e de constru\u00e7\u00e3o do conhecimento e a interven\u00e7\u00e3o nos cen\u00e1rios local, regional e nacional.<\/p>\n","protected":false},"author":3,"featured_media":0,"parent":0,"menu_order":0,"comment_status":"open","ping_status":"open","template":"","meta":{"footnotes":""},"class_list":["post-8","page","type-page","status-publish","hentry"],"_links":{"self":[{"href":"https:\/\/pos-graduacao.uepb.edu.br\/ppgfp\/wp-json\/wp\/v2\/pages\/8","targetHints":{"allow":["GET"]}}],"collection":[{"href":"https:\/\/pos-graduacao.uepb.edu.br\/ppgfp\/wp-json\/wp\/v2\/pages"}],"about":[{"href":"https:\/\/pos-graduacao.uepb.edu.br\/ppgfp\/wp-json\/wp\/v2\/types\/page"}],"author":[{"embeddable":true,"href":"https:\/\/pos-graduacao.uepb.edu.br\/ppgfp\/wp-json\/wp\/v2\/users\/3"}],"replies":[{"embeddable":true,"href":"https:\/\/pos-graduacao.uepb.edu.br\/ppgfp\/wp-json\/wp\/v2\/comments?post=8"}],"version-history":[{"count":1,"href":"https:\/\/pos-graduacao.uepb.edu.br\/ppgfp\/wp-json\/wp\/v2\/pages\/8\/revisions"}],"predecessor-version":[{"id":9,"href":"https:\/\/pos-graduacao.uepb.edu.br\/ppgfp\/wp-json\/wp\/v2\/pages\/8\/revisions\/9"}],"wp:attachment":[{"href":"https:\/\/pos-graduacao.uepb.edu.br\/ppgfp\/wp-json\/wp\/v2\/media?parent=8"}],"curies":[{"name":"wp","href":"https:\/\/api.w.org\/{rel}","templated":true}]}}