{"id":6,"date":"2011-11-07T13:22:05","date_gmt":"2011-11-07T13:22:05","guid":{"rendered":"http:\/\/pos-graduacao.ascom.uepb.edu.br\/ppgfp\/?page_id=6"},"modified":"2014-07-21T17:52:30","modified_gmt":"2014-07-21T17:52:30","slug":"objetivos","status":"publish","type":"page","link":"https:\/\/pos-graduacao.uepb.edu.br\/ppgfp\/objetivos\/","title":{"rendered":"Objetivos"},"content":{"rendered":"<p>As experi\u00eancias inovadoras de forma\u00e7\u00e3o deste mestrado profissional s\u00e3o destacadas pelas possibilidades de se integrarem \u00e0 pr\u00e1tica dos docentes que atuam em sala de aula. Ressaltam-se as produ\u00e7\u00f5es de e-books, sequ\u00eancias did\u00e1ticas, m\u00f3dulos de unidade tem\u00e1tica, planos de a\u00e7\u00e3o docente, blogs, v\u00eddeo-aulas, minicursos, tutoriais, jogos educativos, softwares etc. &#8211; os produtos finais &#8211; utilizando recursos tecnol\u00f3gicos tais como laptops, tablets, smartphones, lousa interativa dentre outros.<\/p>\n<p>Desde a primeira turma, no PPGFP, desenvolvem-se experi\u00eancias que podem ser utilizadas por outros profissionais no cotidiano de sala de aula, gerando boas pr\u00e1ticas em educa\u00e7\u00e3o. Estes materiais encontram-se dispon\u00edveis no laborat\u00f3rio do curso e dispon\u00edvel para acesso. Todos estes produtos foram apresentados juntamente com o trabalho das disserta\u00e7\u00f5es, no qual os mestrandos devem demonstrar a aplicabilidade das aprendizagens decorrentes da forma\u00e7\u00e3o no mestrado profissional. As possibilidades de integrar as experi\u00eancias do mestrado com a educa\u00e7\u00e3o b\u00e1sica em muito possibilitaram condi\u00e7\u00f5es de melhoria da qualidade dos processos educacionais.<\/p>\n<p>O Programa de P\u00f3s-Gradua\u00e7\u00e3o em Forma\u00e7\u00e3o de Professores\u00a0 assenta-se em dois objetivos gerais:<\/p>\n<ul>\n<li>Formar educadores capazes de contribuir para as mudan\u00e7as no processo de letramento e utiliza\u00e7\u00e3o de tecnologias digitais numa perspectiva cr\u00edtica, bem como contribuir para a qualidade da Educa\u00e7\u00e3o B\u00e1sica na regi\u00e3o.<\/li>\n<li>Formar o profissional capaz de articular a universidade e o sistema de ensino, com vistas \u00e0 deflagra\u00e7\u00e3o de a\u00e7\u00f5es voltadas ao aperfei\u00e7oamento da leitura, produ\u00e7\u00e3o de texto e atua\u00e7\u00e3o no processo de ensino-aprendizagem.<\/li>\n<\/ul>\n","protected":false},"excerpt":{"rendered":"<p>As experi\u00eancias inovadoras de forma\u00e7\u00e3o deste mestrado profissional s\u00e3o destacadas pelas possibilidades de se integrarem \u00e0 pr\u00e1tica dos docentes que atuam em sala de aula. Ressaltam-se as produ\u00e7\u00f5es de e-books, sequ\u00eancias did\u00e1ticas, m\u00f3dulos de unidade tem\u00e1tica, planos de a\u00e7\u00e3o docente, blogs, v\u00eddeo-aulas, minicursos, tutoriais, jogos educativos, softwares etc. &#8211; os produtos finais &#8211; utilizando recursos <a class=\"leiamais\" href=\"https:\/\/pos-graduacao.uepb.edu.br\/ppgfp\/objetivos\/\">Leia Mais&#8230;<\/a><\/p>\n","protected":false},"author":3,"featured_media":0,"parent":0,"menu_order":0,"comment_status":"open","ping_status":"open","template":"","meta":{"footnotes":""},"class_list":["post-6","page","type-page","status-publish","hentry"],"_links":{"self":[{"href":"https:\/\/pos-graduacao.uepb.edu.br\/ppgfp\/wp-json\/wp\/v2\/pages\/6","targetHints":{"allow":["GET"]}}],"collection":[{"href":"https:\/\/pos-graduacao.uepb.edu.br\/ppgfp\/wp-json\/wp\/v2\/pages"}],"about":[{"href":"https:\/\/pos-graduacao.uepb.edu.br\/ppgfp\/wp-json\/wp\/v2\/types\/page"}],"author":[{"embeddable":true,"href":"https:\/\/pos-graduacao.uepb.edu.br\/ppgfp\/wp-json\/wp\/v2\/users\/3"}],"replies":[{"embeddable":true,"href":"https:\/\/pos-graduacao.uepb.edu.br\/ppgfp\/wp-json\/wp\/v2\/comments?post=6"}],"version-history":[{"count":4,"href":"https:\/\/pos-graduacao.uepb.edu.br\/ppgfp\/wp-json\/wp\/v2\/pages\/6\/revisions"}],"predecessor-version":[{"id":84,"href":"https:\/\/pos-graduacao.uepb.edu.br\/ppgfp\/wp-json\/wp\/v2\/pages\/6\/revisions\/84"}],"wp:attachment":[{"href":"https:\/\/pos-graduacao.uepb.edu.br\/ppgfp\/wp-json\/wp\/v2\/media?parent=6"}],"curies":[{"name":"wp","href":"https:\/\/api.w.org\/{rel}","templated":true}]}}