{"id":589,"date":"2018-07-16T13:31:52","date_gmt":"2018-07-16T13:31:52","guid":{"rendered":"https:\/\/pos-graduacao.uepb.edu.br\/ppgfp\/?page_id=589"},"modified":"2025-02-11T16:38:32","modified_gmt":"2025-02-11T16:38:32","slug":"corpo-discente","status":"publish","type":"page","link":"https:\/\/pos-graduacao.uepb.edu.br\/ppgfp\/corpo-discente\/","title":{"rendered":"Corpo Discente"},"content":{"rendered":"<div class=\"wpb-content-wrapper\"><p>[vc_row][vc_column][vc_tta_tabs][vc_tta_section title=&#8221;2022&#8243; tab_id=&#8221;1722514459413-db5e9967-4978&#8243;][vc_column_text css=&#8221;.vc_custom_1739292144814{margin-top: 30px !important;}&#8221;]<\/p>\n<ul>\n<li>Alexandre de Souza Cruz<\/li>\n<li>Augusto S\u00e9rgio Bezerra de Oliveira<\/li>\n<li>Di\u00eago de Lima Santos Silva<\/li>\n<li>Erica Dantas de Oliveira Batista<\/li>\n<li>ERICLES SOUZA ALVES<\/li>\n<li>Ewerton Rafael Raimundo Gomes<\/li>\n<li>FRANCIELE MEDEIROS GON\u00c7ALVES<\/li>\n<li>Patricia da Silva Souza<\/li>\n<li>Valdeir Pereira Silva<\/li>\n<\/ul>\n<p>[\/vc_column_text][\/vc_tta_section][vc_tta_section title=&#8221;2021&#8243; tab_id=&#8221;1739292068070-a5d63f22-d249&#8243;][vc_column_text css=&#8221;.vc_custom_1739292066352{margin-top: 30px !important;}&#8221;]<\/p>\n<ul>\n<li>Adely Carla Santos de Lima<\/li>\n<li>Boanerges da Silva Batista<\/li>\n<li>Elissandra de Oliveira e Oliveira<\/li>\n<li>Elke Alves Farias Coutinho<\/li>\n<li>F\u00e1bia Vit\u00f3ria Nascimento<\/li>\n<li>Fabr\u00edcia \u00cdris de Arruda<\/li>\n<li>Fernando Liberato dos Santos<\/li>\n<li>Francisco de Assis da Macena J\u00fanior<\/li>\n<li>Gildeneide da Silva Brasiliano<\/li>\n<li>Gizelda da Costa Souto<\/li>\n<li>Jahelina de Almeida Silva<\/li>\n<li>Josielio Pereira Marinho<\/li>\n<li>J\u00fanior Alves Feitoza<\/li>\n<li>Kledson de Albuquerque Alves<\/li>\n<li>Let\u00edcia Luana Dion\u00edsio da Silva Paiva<\/li>\n<li>Luana Beatriz de Lima e Silva<\/li>\n<li>Lucielma Karla de Vasconcelos R\u00eago<\/li>\n<li>Maria da Vit\u00f3ria Gomes Costa<\/li>\n<li>Maria Tamires Ramos Lacerda<\/li>\n<li>Mar\u00edlia N\u00f3brega Pereira de Farias<\/li>\n<li>Priscilla Barbosa de Miranda Barros<\/li>\n<li>Raphaela Hildita de S\u00e1 Guedes Deodato<\/li>\n<li>Raylson Gomes Soares<\/li>\n<li>Tatiane Dark dos Santos Souza<\/li>\n<li>Tess\u00e1lia R\u00e9gia Dantas de Ara\u00fajo<\/li>\n<li>Uzenilda Florentino<\/li>\n<li>Wagn\u00eas Barbosa de Ara\u00fajo<\/li>\n<li>Welvis Emanuel Oliveira Machado<\/li>\n<\/ul>\n<p>[\/vc_column_text][\/vc_tta_section][vc_tta_section title=&#8221;2020&#8243; tab_id=&#8221;1739292054984-b09b904e-e58c&#8221;][vc_column_text css=&#8221;.vc_custom_1739289282132{margin-top: 30px !important;}&#8221;]<\/p>\n<ul>\n<li>Ana Paula Borges Laurindo<\/li>\n<li>Andr\u00e9a da Silva Oliveira<\/li>\n<li>Edinalva Clementino de Carvalho<\/li>\n<li>Ediv\u00e2nia Paula Gomes de Freitas<\/li>\n<li>Gisllayne Rufino Souza da N\u00f3brega<\/li>\n<li>Helenildo Arruda de Macedo Junior<\/li>\n<li>Itamara Weskla Barbosa Alves de Brito<\/li>\n<li>Jo\u00e9lica Pereira de Lima<\/li>\n<li>Joyce Almeida Ata\u00edde Alves<\/li>\n<li>Juliana Karla Maia Leite<\/li>\n<li>Karla Karina Abrantes R\u00eago<\/li>\n<li>Lucila Albino Barbosa de Moura<\/li>\n<li>Maria Valdinete de Pontes Matias<\/li>\n<li>N\u00e1dia Fernanda Martins de Ara\u00fajo<\/li>\n<li>Rosana de Oliveira Gomes Santos<\/li>\n<li>Samantha Bruna Santos<\/li>\n<li>Thatiane Oliveira do Nascimento<\/li>\n<li>Wiliana de Ara\u00fajo Borges<\/li>\n<li>Yeman Omar Zapata Barbosa<\/li>\n<\/ul>\n<p>[\/vc_column_text][\/vc_tta_section][vc_tta_section title=&#8221;2019&#8243; tab_id=&#8221;1739289182599-8cdf9c79-fe7a&#8221;][vc_column_text css=&#8221;.vc_custom_1739289157358{margin-top: 30px !important;}&#8221;]<\/p>\n<ul>\n<li>Daniel Batista Santana<\/li>\n<li>D\u00c9BORA KELLY PEREIRA DE ARA\u00daJO<\/li>\n<li>EVELINE RODRIGUES ARA\u00daJO GUEDES DE FREITAS<\/li>\n<li>Fabiana Martins de Freitas<\/li>\n<li>FLAVIANA VIEIRA DA COSTA<\/li>\n<li>Givaldo Cavalcanti da Silva<\/li>\n<li>Heloisa Medeiros da Silva<\/li>\n<li>JACINTA ANTONIA DUARTE RIBEIRO RODRIGUES<\/li>\n<li>Jeniffer Ferreira dos Santos<\/li>\n<li>J\u00e9ssica dos Anjos Pinheiro<\/li>\n<li>KALINA FERNANDA CAVALCANTI FERREIRA<\/li>\n<li>Luciene Tavares da Silva Lima<\/li>\n<li>Maria Bet\u00e2nia Medeiros Maia Sales<\/li>\n<li>Maria Eduarda Rodrigues Moura da Rocha<\/li>\n<li>Maria Elaine Almeida do Nascimento<\/li>\n<li>Raimundo M\u00e9lo Neto Segundo<\/li>\n<li>Raw\u00eana de Almeida Ara\u00fajo Dantas<\/li>\n<li>Renata M\u00e1rcia de Mac\u00eado<\/li>\n<li>RICARDO RODRIGUES NASCIMENTO<\/li>\n<li>ROBSON LIMA DE ARRUDA<\/li>\n<li>SERGIO MORAIS CAVALCANTE FILHO<\/li>\n<li>Susana Gomes e Silva Costa<\/li>\n<li>William Dias Silva<\/li>\n<\/ul>\n<p>[\/vc_column_text][\/vc_tta_section][vc_tta_section title=&#8221;2018&#8243; tab_id=&#8221;1739289146114-7c2fe3b4-3567&#8243;][vc_column_text css=&#8221;.vc_custom_1739289005258{margin-top: 30px !important;}&#8221;]<\/p>\n<ul>\n<li>Aline de Lima Faustino Santos<\/li>\n<li>ALLAN KARDEC ALVES DA MOTA<\/li>\n<li>ANA PAULA AUGUSTA DA SILVA FERNANDES<\/li>\n<li>DANIELA MIGUEL DE SOUZA MORAIS<\/li>\n<li>Danielle Ribeiro Soares<\/li>\n<li>\u00c9RICA CIBELLE DE SOUSA ARA\u00daJO<\/li>\n<li>Everton William de Lima Silva<\/li>\n<li>FERDIRAMAR FARIAS FREITAS<\/li>\n<li>Fernanda Karyne de Oliveira<\/li>\n<li>Francisco Alves Cordeiro Neto<\/li>\n<li>Isabel Correia de Ara\u00fajo<\/li>\n<li>JACKELINE DE ALMEIDA SILVA<\/li>\n<li>Jaquicilene Ferreira da Silva Alves<\/li>\n<li>Joelma da Silva Neves<\/li>\n<li>Jos\u00e9 Wellington Farias da Silva<\/li>\n<li>Josimar Soares da Silva<\/li>\n<li>La\u00e9cio Fernandes de Oliveira<\/li>\n<li>LA\u00cdS SANTOS CASTRO<\/li>\n<li>L\u00daCIA DE F\u00c1TIMA ARA\u00daJO SOUTO BAD\u00da<\/li>\n<li>Marcila de Almeida<\/li>\n<li>MARIA DA CONCEICAO ALMEIDA TEIXEIRA<\/li>\n<li>Maria Leonilde da Silva<\/li>\n<li>MAR\u00cdLIA FELIX DINIZ MELO<\/li>\n<li>NATHALIA PINTO SOUZA<\/li>\n<li>Renato de Araujo<\/li>\n<li>TAYSE DE SOUTO SILVA<\/li>\n<\/ul>\n<p>[\/vc_column_text][\/vc_tta_section][vc_tta_section title=&#8221;2017&#8243; tab_id=&#8221;1722514551073-e5cb358c-f2be&#8221;][vc_column_text css=&#8221;.vc_custom_1739288844081{margin-top: 30px !important;}&#8221;]<\/p>\n<ul>\n<li>Amannda de Paula Barbosa<\/li>\n<li>ANDR\u00c9 LUIS DE FREITAS OLIVEIRA<\/li>\n<li>GERCIM\u00c1RIA SALES DA SILVA<\/li>\n<li>J\u00e9ssica de Sousa Barbosa<\/li>\n<li>Joel Guedes de Sousa<\/li>\n<li>LEONORA CAVALCANTE DE LIMA<\/li>\n<li>Robson Sales Pontes<\/li>\n<li>ROSANA DE OLIVEIRA S\u00c1<\/li>\n<li>Sandro Garcia<\/li>\n<\/ul>\n<p>[\/vc_column_text][\/vc_tta_section][vc_tta_section title=&#8221;2016&#8243; tab_id=&#8221;1722514558885-da2e71a8-a8fd&#8221;][vc_column_text css=&#8221;.vc_custom_1739288751207{margin-top: 30px !important;}&#8221;]<\/p>\n<ul>\n<li>Adriano C\u00e9sar Cabral de Almeida<\/li>\n<li>ALLYSON RAONNE SOARES DO NASCIMENTO<\/li>\n<li>Ana Caroline Pereira da Silva<\/li>\n<li>Ana Claudia Dias Ivazaki<\/li>\n<li>Ana Claudia Santos de Medeiros<\/li>\n<li>ANTONIO AVELINO SOARES<\/li>\n<li>Arilane Florentino F\u00e9lix de Azev\u00eado<\/li>\n<li>Carlos Antonio Camilo dos Santos<\/li>\n<li>CAROLINE DINIZ N\u00d3BREGA ALVES<\/li>\n<li>Cleidiane de Oliveira Silva<\/li>\n<li>Cristhiane Ferreira da Costa<\/li>\n<li>Cristian Fabricio dos Santos Silva<\/li>\n<li>D\u00e9bora do Nascimento Fernandes de Alencar<\/li>\n<li>EVYLLAINE MATIAS VELOSO FERREIRA SANTOS<\/li>\n<li>F\u00e1gner de Oliveira Santos<\/li>\n<li>FRANCILENE FRANCISCA DE ANDRADE<\/li>\n<li>Francisco Igor Arraes Alves Rocha<\/li>\n<li>Francisco Reynaldo Martins Gabriel<\/li>\n<li>GILBERT PATSAYEV MARREIRO MIRANDA<\/li>\n<li>Hayana Crislayne Benevides da Silva<\/li>\n<li>ISABEL REGINA ARA\u00daJO SOBRAL<\/li>\n<li>Izanete Maria Silva de Lima<\/li>\n<li>JO\u00c3O CLIMACO XIMENES NETO<\/li>\n<li>Johne Paulino Barreto<\/li>\n<li>JOS\u00c9 LU\u00cdS DE SOUZA<\/li>\n<li>JOSLEY MAYCON DE SOUSA N\u00d3BREGA<\/li>\n<li>Jussara Candida Correia de Oliveira Farias<\/li>\n<li>Leonardo Ara\u00fajo Diniz<\/li>\n<li>L\u00daCIA DE F\u00c1TIMA FARIAS DA SILVA<\/li>\n<li>Luciana K\u00e1tia Reis<\/li>\n<li>Maria Aparecida de Oliveira<\/li>\n<li>MARIA DA CONCEI\u00c7\u00c3O MAC\u00caDO DE FREITAS<\/li>\n<li>Maria Gorette Andrade Silva<\/li>\n<li>Maria Iolanda Pedrosa<\/li>\n<li>MARIA JOZELMA CABRAL DA SILVA MAROJA<\/li>\n<li>Maria Sandra Pereira<\/li>\n<li>Mar\u00edlia Gerlane Guimar\u00e3es da Silva<\/li>\n<li>MICHELLE SANTINO FIALHO<\/li>\n<li>QUESIA DOS SANTOS SOUZA LEITE<\/li>\n<li>RENATA CLAUDIA SILVA SANTOS DE ARAUJO<\/li>\n<li>RISOLENE JOANA ALVES 20181<\/li>\n<li>ROBSON RUBENILSON DOS SANTOS FERREIRA<\/li>\n<li>Ronny Diogenes de Menezes<\/li>\n<li>Rosemere Dantas Barbosa Nascimento<\/li>\n<li>TERCIO RAMON ALMEIDA SILVA<\/li>\n<li>THA\u00cdS DE OLIVEIRA E SILVA<\/li>\n<li>Valda Ozeane Camara Cassiano de Oliveira<\/li>\n<li>Vilma Mussilene de Ara\u00fajo Candido<\/li>\n<\/ul>\n<p>[\/vc_column_text][\/vc_tta_section][vc_tta_section title=&#8221;2015&#8243; tab_id=&#8221;1722514558706-ebdc3f6f-0f65&#8243;][vc_column_text css=&#8221;.vc_custom_1739288412056{margin-top: 30px !important;}&#8221;]<\/p>\n<ul>\n<li>Adeilma Machado dos Santos<\/li>\n<li>DANIEL TORQUATO FONSECA DE LIMA<\/li>\n<li>Danniele Silva do Nascimento<\/li>\n<li>Fernanda Cavalcanti Vitor<\/li>\n<li>Francisco de Assis Rodrigues de Lima<\/li>\n<li>Iolanda Paula de Lima Brito Mata<\/li>\n<li>Jefferson Flora Santos de Ara\u00fajo<\/li>\n<li>J\u00e9ssica Ferreira Souza da Silva<\/li>\n<li>JOSIENE ALMEIDA VIRGINIO<\/li>\n<li>Kamila Karine dos Santos Wanderley<\/li>\n<li>La\u00e9rcia Jamilly Duarte Diniz N\u00f3brega<\/li>\n<li>Manoel Felix de Santana Neto<\/li>\n<li>MARIA APARECIDA TAVARES MARQUES<\/li>\n<li>MORGANA VIRGINIA SILVA DE MORAIS<\/li>\n<li>Rodrigo Nunes da Silva<\/li>\n<li>Saulo Jos\u00e9 Veloso de Andrade<\/li>\n<li>T\u00c2NIA REGINA MIRANDA LEITE<\/li>\n<\/ul>\n<p>[\/vc_column_text][\/vc_tta_section][vc_tta_section title=&#8221;2014&#8243; tab_id=&#8221;1722514558516-74bced44-4fa1&#8243;][vc_column_text css=&#8221;.vc_custom_1739288233652{margin-top: 30px !important;}&#8221;]<\/p>\n<ul>\n<li>Aline Tavares Costa 20161 Concluiu<\/li>\n<li>Ana Carolina Vieira Lubambo de Britto<\/li>\n<li>Ana Paula de Souza do \u00d3<\/li>\n<li>Ana Paula Oleg\u00e1rio da Silva<\/li>\n<li>Andeilma Fernandes de Lima<\/li>\n<li>Cle\u00f4menes Sales de Lima<\/li>\n<li>Edilene Ara\u00fajo dos Santos 20162 Concluiu<\/li>\n<li>Hertha Cristina Carneiro Pessoa 20162 Concluiu<\/li>\n<li>Josias Silvano de Barros<\/li>\n<li>Juliana Maria Soares dos Santos<\/li>\n<li>L\u00edvia Maria Serafim Duarte Oliveira<\/li>\n<li>Maria do Socorro de Lucena Silva<\/li>\n<li>Maria Eliane Gomes Morais 20162<\/li>\n<li>Maria Emanuela de Oliveira Cruz<\/li>\n<li>Maria Juliana Leolpodino Vilar<\/li>\n<li>Marta Oliveira Barros<\/li>\n<li>Norma Lee Pereira de Farias<\/li>\n<li>Rafael de Farias Ferreira<\/li>\n<li>Ren\u00e1lide de Carvalho Morais Fabr\u00edcio<\/li>\n<li>Tatiana Dias Ferreira<\/li>\n<\/ul>\n<p>[\/vc_column_text][\/vc_tta_section][vc_tta_section title=&#8221;2013&#8243; tab_id=&#8221;1722514692213-88a801cc-8846&#8243;][vc_column_text css=&#8221;.vc_custom_1722514707734{margin-top: 30px !important;}&#8221;][table id=9 \/][\/vc_column_text][\/vc_tta_section][\/vc_tta_tabs][\/vc_column][\/vc_row]<\/p>\n<\/div>","protected":false},"excerpt":{"rendered":"<p>[vc_row][vc_column][vc_tta_tabs][vc_tta_section title=&#8221;2022&#8243; tab_id=&#8221;1722514459413-db5e9967-4978&#8243;][vc_column_text css=&#8221;.vc_custom_1739292144814{margin-top: 30px !important;}&#8221;] Alexandre de Souza Cruz Augusto S\u00e9rgio Bezerra de Oliveira Di\u00eago de Lima Santos Silva Erica Dantas de Oliveira Batista ERICLES SOUZA ALVES Ewerton Rafael Raimundo Gomes FRANCIELE MEDEIROS GON\u00c7ALVES Patricia da Silva Souza Valdeir Pereira Silva [\/vc_column_text][\/vc_tta_section][vc_tta_section title=&#8221;2021&#8243; tab_id=&#8221;1739292068070-a5d63f22-d249&#8243;][vc_column_text css=&#8221;.vc_custom_1739292066352{margin-top: 30px !important;}&#8221;] Adely Carla Santos de Lima Boanerges da <a class=\"leiamais\" href=\"https:\/\/pos-graduacao.uepb.edu.br\/ppgfp\/corpo-discente\/\">Leia Mais&#8230;<\/a><\/p>\n","protected":false},"author":3,"featured_media":0,"parent":0,"menu_order":0,"comment_status":"closed","ping_status":"closed","template":"","meta":{"footnotes":""},"class_list":["post-589","page","type-page","status-publish","hentry"],"_links":{"self":[{"href":"https:\/\/pos-graduacao.uepb.edu.br\/ppgfp\/wp-json\/wp\/v2\/pages\/589","targetHints":{"allow":["GET"]}}],"collection":[{"href":"https:\/\/pos-graduacao.uepb.edu.br\/ppgfp\/wp-json\/wp\/v2\/pages"}],"about":[{"href":"https:\/\/pos-graduacao.uepb.edu.br\/ppgfp\/wp-json\/wp\/v2\/types\/page"}],"author":[{"embeddable":true,"href":"https:\/\/pos-graduacao.uepb.edu.br\/ppgfp\/wp-json\/wp\/v2\/users\/3"}],"replies":[{"embeddable":true,"href":"https:\/\/pos-graduacao.uepb.edu.br\/ppgfp\/wp-json\/wp\/v2\/comments?post=589"}],"version-history":[{"count":62,"href":"https:\/\/pos-graduacao.uepb.edu.br\/ppgfp\/wp-json\/wp\/v2\/pages\/589\/revisions"}],"predecessor-version":[{"id":3262,"href":"https:\/\/pos-graduacao.uepb.edu.br\/ppgfp\/wp-json\/wp\/v2\/pages\/589\/revisions\/3262"}],"wp:attachment":[{"href":"https:\/\/pos-graduacao.uepb.edu.br\/ppgfp\/wp-json\/wp\/v2\/media?parent=589"}],"curies":[{"name":"wp","href":"https:\/\/api.w.org\/{rel}","templated":true}]}}