{"id":58,"date":"2014-04-09T13:31:44","date_gmt":"2014-04-09T13:31:44","guid":{"rendered":"\/ppgfp\/?page_id=58"},"modified":"2024-07-31T19:34:39","modified_gmt":"2024-07-31T19:34:39","slug":"contatos-2","status":"publish","type":"page","link":"https:\/\/pos-graduacao.uepb.edu.br\/ppgfp\/contatos-2\/","title":{"rendered":"Contatos"},"content":{"rendered":"<div class=\"wpb-content-wrapper\"><p>[vc_row][vc_column][vc_column_text css=&#8221;&#8221;]A secretaria do PPGFP atende ao p\u00fablico de segunda a sexta-feira das 08h \u00e0s 12h e\u00a0 das 14h \u00e0s 17h,\u00a0a partir do dia 03 de novembro de 2021, por determina\u00e7\u00e3o na Reitoria da UEPB, o trabalho dos t\u00e9cnicos administrativos da UEPB ocorrer\u00e1 em regime h\u00edbrido \u2013 presencial e remoto. Assim, a secretaria do PPGFP retornar\u00e1 o seu funcionamento de forma presencial nas segundas, quartas e sextas-feiras, das 8h \u00e0s 12h. Nos outros dias e hor\u00e1rios da semana, o\u00a0 atendimento remoto permanece atrav\u00e9s do email e\/ou contato telef\u00f4nico como vinha sendo feito nesse per\u00edodo da Pandemia.[\/vc_column_text][vc_row_inner gap=&#8221;30&#8243; css=&#8221;.vc_custom_1722454477143{margin-top: 30px !important;}&#8221;][vc_column_inner width=&#8221;1\/3&#8243;][vc_text_separator title=&#8221;Endere\u00e7o para correspond\u00eancia&#8221; title_align=&#8221;separator_align_left&#8221; css=&#8221;&#8221;][vc_column_text css=&#8221;&#8221;]Programa de P\u00f3s-Gradua\u00e7\u00e3o em Forma\u00e7\u00e3o de Professores<br \/>\nRua Domitila Cabral de Castro, S\/N, 3\u00ba andar, sala 327<br \/>\nBairro Universit\u00e1rio, CEP: 58429-570<br \/>\nCampina Grande-PB<\/p>\n<p>[\/vc_column_text][\/vc_column_inner][vc_column_inner width=&#8221;1\/3&#8243;][vc_text_separator title=&#8221;Contatos&#8221; title_align=&#8221;separator_align_left&#8221; css=&#8221;&#8221;][vc_column_text css=&#8221;&#8221;]Telefone: (83) 3344-5332<br \/>\ne-mail: ppgfp@setor.uepb.edu.br<br \/>\nURL: https:\/\/pos-graduacao.uepb.edu.br\/ppgfp\/[\/vc_column_text][\/vc_column_inner][vc_column_inner width=&#8221;1\/3&#8243;][vc_text_separator title=&#8221;Demanda Alunos \/ Ouvidoria&#8221; title_align=&#8221;separator_align_left&#8221; css=&#8221;&#8221;][vc_column_text css=&#8221;&#8221;]demandadiscenteppgfp@setor.uepb.edu.br[\/vc_column_text][\/vc_column_inner][\/vc_row_inner][\/vc_column][\/vc_row]<\/p>\n<\/div>","protected":false},"excerpt":{"rendered":"<p>[vc_row][vc_column][vc_column_text css=&#8221;&#8221;]A secretaria do PPGFP atende ao p\u00fablico de segunda a sexta-feira das 08h \u00e0s 12h e\u00a0 das 14h \u00e0s 17h,\u00a0a partir do dia 03 de novembro de 2021, por determina\u00e7\u00e3o na Reitoria da UEPB, o trabalho dos t\u00e9cnicos administrativos da UEPB ocorrer\u00e1 em regime h\u00edbrido \u2013 presencial e remoto. Assim, a secretaria do PPGFP <a class=\"leiamais\" href=\"https:\/\/pos-graduacao.uepb.edu.br\/ppgfp\/contatos-2\/\">Leia Mais&#8230;<\/a><\/p>\n","protected":false},"author":5,"featured_media":0,"parent":0,"menu_order":0,"comment_status":"open","ping_status":"open","template":"","meta":{"footnotes":""},"class_list":["post-58","page","type-page","status-publish","hentry"],"_links":{"self":[{"href":"https:\/\/pos-graduacao.uepb.edu.br\/ppgfp\/wp-json\/wp\/v2\/pages\/58","targetHints":{"allow":["GET"]}}],"collection":[{"href":"https:\/\/pos-graduacao.uepb.edu.br\/ppgfp\/wp-json\/wp\/v2\/pages"}],"about":[{"href":"https:\/\/pos-graduacao.uepb.edu.br\/ppgfp\/wp-json\/wp\/v2\/types\/page"}],"author":[{"embeddable":true,"href":"https:\/\/pos-graduacao.uepb.edu.br\/ppgfp\/wp-json\/wp\/v2\/users\/5"}],"replies":[{"embeddable":true,"href":"https:\/\/pos-graduacao.uepb.edu.br\/ppgfp\/wp-json\/wp\/v2\/comments?post=58"}],"version-history":[{"count":9,"href":"https:\/\/pos-graduacao.uepb.edu.br\/ppgfp\/wp-json\/wp\/v2\/pages\/58\/revisions"}],"predecessor-version":[{"id":2983,"href":"https:\/\/pos-graduacao.uepb.edu.br\/ppgfp\/wp-json\/wp\/v2\/pages\/58\/revisions\/2983"}],"wp:attachment":[{"href":"https:\/\/pos-graduacao.uepb.edu.br\/ppgfp\/wp-json\/wp\/v2\/media?parent=58"}],"curies":[{"name":"wp","href":"https:\/\/api.w.org\/{rel}","templated":true}]}}