{"id":2989,"date":"2024-08-01T12:56:53","date_gmt":"2024-08-01T12:56:53","guid":{"rendered":"https:\/\/pos-graduacao.uepb.edu.br\/ppgfp\/?page_id=2989"},"modified":"2024-08-01T12:56:53","modified_gmt":"2024-08-01T12:56:53","slug":"tutorial","status":"publish","type":"page","link":"https:\/\/pos-graduacao.uepb.edu.br\/ppgfp\/tutorial\/","title":{"rendered":"Tutorial"},"content":{"rendered":"<p><strong>TUTORIAL PARA DEFESA DE DISSERTA\u00c7\u00c3O<\/strong><\/p>\n<p><strong>\u00a0<\/strong>Com o intuito de informar aos mestrandos do PPGFP, descrevemos abaixo as etapas e exig\u00eancias necess\u00e1rias para marca\u00e7\u00e3o de defesa de disserta\u00e7\u00e3o e emiss\u00e3o do diploma, segue o passo a passo.<\/p>\n<ol>\n<li><strong>Antes de marcar a defesa de disserta\u00e7\u00e3o o(a) mestrando(a) deve:<\/strong><\/li>\n<\/ol>\n<ul>\n<li>Ter sido aprovado em exame de profici\u00eancia;<\/li>\n<li>Ter realizado o est\u00e1gio doc\u00eancia (com plano de trabalho, relat\u00f3rio de est\u00e1gio e avalia\u00e7\u00e3o aprovados em reuni\u00e3o do colegiado);<\/li>\n<li>Ter cumprido os 20 cr\u00e9ditos referentes \u00e0s disciplinas;<\/li>\n<li>Ter sido aprovado em exame de qualifica\u00e7\u00e3o.<\/li>\n<\/ul>\n<ol start=\"2\">\n<li><strong>Se todas as exig\u00eancias do item anterior estiverem sido cumpridas, os seguintes documentos dever\u00e3o ser entregues (ou enviados por e-mail) para a secretaria, com, no m\u00ednimo, 15 dias de anteced\u00eancia ao dia da defesa de disserta\u00e7\u00e3o:<\/strong><\/li>\n<\/ol>\n<ul>\n<li>Requerimento de marca\u00e7\u00e3o de defesa (c\u00f3pia impressa\/digitalizada e devidamente assinada);<\/li>\n<li>Ficha de cadastro do membro externo preenchida (via e-mail);<\/li>\n<li>O trabalho de disserta\u00e7\u00e3o em PDF (via e-mail).<\/li>\n<\/ul>\n<ol start=\"3\">\n<li><strong>Ap\u00f3s a entrega dos documentos, a secretaria do curso dever\u00e1:<\/strong><\/li>\n<\/ol>\n<ul>\n<li>Comunicar a homologa\u00e7\u00e3o da banca de examinadores (via e-mail);<\/li>\n<li>Agendar e comunicar o local da defesa (via e-mail) e quando a defesa foi remota o(a) orientador(a) deve agendar e enviar o link para todos que participar\u00e3o da defesa;<\/li>\n<li>Preparar a ata e as declara\u00e7\u00f5es dos examinadores e o Termo de Responsabilidade, que dever\u00e3o ser entregues ao (\u00e0) orientador (a), no momento da defesa. Ap\u00f3s a defesa, o (a) orientador(a) deve preencher a ata e entregar\/ enviar esse documento para serem arquivados na secretaria.<\/li>\n<\/ul>\n<ol start=\"4\">\n<li><strong>No dia da defesa, o(a) mestrando(a) deve levar duas vias da folha de aprova\u00e7\u00e3o, para que as assinaturas dos membros da banca sejam coletadas e o documento seja anexado na vers\u00e3o final do trabalho. <\/strong><\/li>\n<li><strong>Ap\u00f3s a defesa da disserta\u00e7\u00e3o, \u00e9 preciso fazer os ajustes indicados pela banca examinadora. Com os ajustes feitos, a vers\u00e3o final deve ser apresentada ao(\u00e0) orientador(a), para que este(a) autorize o dep\u00f3sito. Para o texto final, deve ser feita uma criteriosa revis\u00e3o lingu\u00edstica, bem como devem ser seguidos o formato dos elementos pr\u00e9-textuais, adotados pelo nosso mestrado e as regras da ABNT vigentes.<\/strong><\/li>\n<li><strong>Com essa etapa conclu\u00edda, \u00e9 preciso solicitar, \u00e0 Biblioteca, a ficha catalogr\u00e1fica e imprimir uma c\u00f3pia do texto final. Al\u00e9m da c\u00f3pia impressa, tamb\u00e9m devem ser entregue &#8211; no PPGFP &#8211; uma c\u00f3pia digital (CD-ROM) do texto final para arquivo. No caso do Termo de Responsabilidade, este dever\u00e1 ser entregue, assinado pelo mestrando \u00e0 secretaria do curso.<\/strong> <strong>\u00a0\u00a0\u00a0\u00a0\u00a0\u00a0\u00a0\u00a0\u00a0\u00a0\u00a0\u00a0\u00a0\u00a0\u00a0\u00a0\u00a0\u00a0\u00a0<\/strong><\/li>\n<li><strong>Para emiss\u00e3o do diploma, o aluno deve entrar com processo no Protocolo Geral da UEPB, anexando ao requerimento os seguintes documentos:<\/strong><\/li>\n<\/ol>\n<ul>\n<li>Nada consta e comprovante de dep\u00f3sito (fornecidos pela biblioteca);<\/li>\n<li>Declara\u00e7\u00e3o de conclus\u00e3o e hist\u00f3rico (fornecidos pela secretaria do mestrado).<\/li>\n<\/ul>\n<p>Com esses procedimentos realizados, a Pr\u00f3-Reitoria de P\u00f3s-Gradua\u00e7\u00e3o e Pesquisa emitir\u00e1 o diploma, num prazo m\u00e1ximo de 30 dias.<\/p>\n","protected":false},"excerpt":{"rendered":"<p>TUTORIAL PARA DEFESA DE DISSERTA\u00c7\u00c3O \u00a0Com o intuito de informar aos mestrandos do PPGFP, descrevemos abaixo as etapas e exig\u00eancias necess\u00e1rias para marca\u00e7\u00e3o de defesa de disserta\u00e7\u00e3o e emiss\u00e3o do diploma, segue o passo a passo. Antes de marcar a defesa de disserta\u00e7\u00e3o o(a) mestrando(a) deve: Ter sido aprovado em exame de profici\u00eancia; Ter realizado <a class=\"leiamais\" href=\"https:\/\/pos-graduacao.uepb.edu.br\/ppgfp\/tutorial\/\">Leia Mais&#8230;<\/a><\/p>\n","protected":false},"author":5,"featured_media":0,"parent":0,"menu_order":0,"comment_status":"closed","ping_status":"closed","template":"","meta":{"footnotes":""},"class_list":["post-2989","page","type-page","status-publish","hentry"],"_links":{"self":[{"href":"https:\/\/pos-graduacao.uepb.edu.br\/ppgfp\/wp-json\/wp\/v2\/pages\/2989","targetHints":{"allow":["GET"]}}],"collection":[{"href":"https:\/\/pos-graduacao.uepb.edu.br\/ppgfp\/wp-json\/wp\/v2\/pages"}],"about":[{"href":"https:\/\/pos-graduacao.uepb.edu.br\/ppgfp\/wp-json\/wp\/v2\/types\/page"}],"author":[{"embeddable":true,"href":"https:\/\/pos-graduacao.uepb.edu.br\/ppgfp\/wp-json\/wp\/v2\/users\/5"}],"replies":[{"embeddable":true,"href":"https:\/\/pos-graduacao.uepb.edu.br\/ppgfp\/wp-json\/wp\/v2\/comments?post=2989"}],"version-history":[{"count":1,"href":"https:\/\/pos-graduacao.uepb.edu.br\/ppgfp\/wp-json\/wp\/v2\/pages\/2989\/revisions"}],"predecessor-version":[{"id":2990,"href":"https:\/\/pos-graduacao.uepb.edu.br\/ppgfp\/wp-json\/wp\/v2\/pages\/2989\/revisions\/2990"}],"wp:attachment":[{"href":"https:\/\/pos-graduacao.uepb.edu.br\/ppgfp\/wp-json\/wp\/v2\/media?parent=2989"}],"curies":[{"name":"wp","href":"https:\/\/api.w.org\/{rel}","templated":true}]}}