{"id":2961,"date":"2024-07-31T18:04:29","date_gmt":"2024-07-31T18:04:29","guid":{"rendered":"https:\/\/pos-graduacao.uepb.edu.br\/ppgfp\/?page_id=2961"},"modified":"2025-01-28T14:19:21","modified_gmt":"2025-01-28T14:19:21","slug":"produtos-educacionais","status":"publish","type":"page","link":"https:\/\/pos-graduacao.uepb.edu.br\/ppgfp\/produtos-educacionais\/","title":{"rendered":"Produtos Educacionais"},"content":{"rendered":"<div class=\"wpb-content-wrapper\"><p>[vc_row][vc_column][vc_tta_tabs][vc_tta_section title=&#8221;2024&#8243; tab_id=&#8221;1734456025703-5ae23548-4cd3&#8243;][vc_column_text css=&#8221;.vc_custom_1738072438939{margin-top: 30px !important;}&#8221;]<a href=\"https:\/\/drive.google.com\/file\/d\/1QdkOZez4Vz1QFErl-G_2wz1kcs4p_tsg\/view?usp=drive_link\" target=\"_blank\" rel=\"noopener\">Ericles Souza Alves<\/a><\/p>\n<ul>\n<li><a href=\"https:\/\/pos-graduacao.uepb.edu.br\/ppgfp\/download\/e-book-diario-de-leituras\/?wpdmdl=3238&amp;masterkey=t72H8B5BHjAqW5NnyeE0ruMnFcbA3J1Yw7LmtTejegnn6eLeXcVWb6jrPnlUbJ2chlwszsoACeH7g_kvCm_K62sLelmmirxhS2n76grzs4c\">E-book: Di\u00e1rio de Leituras<\/a><\/li>\n<\/ul>\n<p>Franciele Medeiros Gon\u00e7alves<\/p>\n<ul>\n<li>Caderno Pedag\u00f3gico:\u00a0<a href=\"https:\/\/pos-graduacao.uepb.edu.br\/ppgfp\/download\/jogos-didaticos-para-ensinar-as-diversas-grafias-do-alfabeto\/?wpdmdl=3224&amp;masterkey=-bvKWqyI84IBAoqQe1e9_4bh5nVruizra-mFtfBDOs43OjfZWnEbLGF22qLuyb8F_J4jXEzbWMKIlESW3D5t1aS31XHNTGvDTWEjvV0e4_8\">Jogos did\u00e1ticos para ensinar as diversas grafias do alfabeto<\/a><\/li>\n<li><a href=\"https:\/\/pos-graduacao.uepb.edu.br\/ppgfp\/download\/caderno-de-sondagem-diversas-grafias-do-alfabeto\/?wpdmdl=3232&amp;masterkey=i6PGJ8Co9R_b8ZUBf2TjSwqBDWrXOO0dmkg91C1rwYJMQozj_VMi80yQ3N39M0BBMN8dLAZ8y2c5zeFizLK-fc36q1TjfmnV_Vq9yBGZvTY\">CADERNO DE SONDAGEM: Diversas Grafias do Alfabeto<\/a><\/li>\n<\/ul>\n<p>Jahelina de Almeida Silva<\/p>\n<ul>\n<li><a href=\"https:\/\/pos-graduacao.uepb.edu.br\/ppgfp\/download\/travessias-pela-cultura-africana-e-afro-brasileira-uma-proposta-para-a-abordagem-de-amoras-e-o-mundo-no-black-power-de-tayo-em-sala-de-aula\/?wpdmdl=3216&amp;masterkey=HSrBhA5aGtz-FrZWCD095dv3IUtajs1CYTquD7C4gX4tx4wqudsMamn0Q59GitmKfjeqd2UzW67HQH-Zlrr5FrwqZuIl6zF_wyiy6yTqQ2A\">TRAVESSIAS PELA CULTURA AFRICANA E AFRO-BRASILEIRA: UMA PROPOSTA PARA A ABORDAGEM DE AMORAS E O MUNDO NO BLACK POWER DE TAY\u00d3 EM SALA DE AULA<\/a><\/li>\n<\/ul>\n<p><a href=\"https:\/\/www.editoralupa.com.br\/livros\/relacoes-de-genero-e-violencia-contra-a-mulher-uma-proposta-de-leitura-para-a-sala-de-aula\/\" target=\"_blank\" rel=\"noopener\">Priscilla Barbosa de Miranda Barros<\/a>[\/vc_column_text][\/vc_tta_section][vc_tta_section title=&#8221;2023&#8243; tab_id=&#8221;1734456054190-378c9b46-37da&#8221;][vc_column_text css=&#8221;.vc_custom_1738072658154{margin-top: 30px !important;}&#8221;]Boanerges da Silva Batista<\/p>\n<ul>\n<li><a href=\"https:\/\/pos-graduacao.uepb.edu.br\/ppgfp\/download\/sequencia-didatica-para-utilizacao-da-robotica-em-sala-de-aula\/?wpdmdl=3236&amp;masterkey=BHppKXe9tZVjt-Bj_YidqEsrlOSz2HjNhdqIYspEfU64lCh9aTnIskfzioCuLwZ4mMti7bKt3B70EQjAaoWWQdXheP5NEaZuOMZG26rfnc0\">SEQU\u00caNCIA DID\u00c1TICA PARA UTILIZA\u00c7\u00c3O DA ROB\u00d3TICA EM SALA DE AULA<\/a><\/li>\n<\/ul>\n<p><a href=\"https:\/\/www.editoralupa.com.br\/livros\/as-vozes-do-sagrado-no-ensino-de-linguagens\/\" target=\"_blank\" rel=\"noopener\">Elissandra de Oliveira e Oliveira<\/a><\/p>\n<p>F\u00e1bia Vit\u00f3ria Nascimento Silva<\/p>\n<ul>\n<li><a href=\"https:\/\/pos-graduacao.uepb.edu.br\/ppgfp\/download\/o-aplicativo-como-ferramenta-de-apoio-para-professores-de-geografia-na-abordagem-de-tematicas-sobre-meio-ambiente\/?wpdmdl=3241&amp;masterkey=vkRphJBWVV8-bAl9aoowq4-k3bUrfI2_dWfjdOqohx6l5BJoI-K2sV94JYR4qz8eN4XywdMvcBNWHNbjBJQw_-fJTuXQhND4AzvVrMhUPZM\">O APLICATIVO COMO FERRAMENTA DE APOIO PARA PROFESSORES DE GEOGRAFIA NA ABORDAGEM DE TEM\u00c1TICAS SOBRE MEIO AMBIENTE<\/a><\/li>\n<\/ul>\n<p>Fabr\u00edcia \u00cdris de Arruda<\/p>\n<ul>\n<li><a href=\"https:\/\/pos-graduacao.uepb.edu.br\/ppgfp\/download\/geografia-e-educacao-inclusiva-a-formacao-docente-com-foco-no-tea\/?wpdmdl=3223&amp;masterkey=-7Ow5grv_oC7Qdk9Xo8kT2P_LtacVi1TAOpgsrzDp5WZPkGWrEYew62WHiYEM226lq5i418RWgQ9tkGmwo1rQ5VN34pmbWXemUWB_VTskSY\">GEOGRAFIA E EDUCA\u00c7\u00c3O INCLUSIVA: A FORMA\u00c7\u00c3O DOCENTE COM FOCO NO TEA<\/a><\/li>\n<\/ul>\n<p>Francisco de Assis da Macena J\u00fanior<\/p>\n<ul>\n<li><strong>Guia de Aprendizagem:<\/strong> <a href=\"https:\/\/pos-graduacao.uepb.edu.br\/ppgfp\/download\/educacao-em-direitos-humanos\/?wpdmdl=3228&amp;masterkey=4kv-nA0VxcmAIZYb1C4gnu7vQVSwSofry7vIlRedI0ZM11-CWqJFvP3zan9F4xYsQOIQ8gb_IkZDMZfsX4UYpWdnEs1AxSnp821ZjEj1xxg\">EDUCA\u00c7\u00c3O EM DIREITOS HUMANOS<\/a><\/li>\n<\/ul>\n<p>Gildeneide da Silva Brasiliano<\/p>\n<ul>\n<li><a href=\"https:\/\/pos-graduacao.uepb.edu.br\/ppgfp\/download\/sequencia-didatica-gildeneide-da-silva-brasiliano\/?wpdmdl=3229&amp;masterkey=YdJz2NXkY7ArW-IALtFr8UzqHKX_8Md8OZyWzIJsgwqULpS5rOXWfSnuEvYx2NSB6VCNWPL4PdeFY0CB45VRdh6o-DJ6UJXKlrS-FSI_kDc\">Sequ\u00eancia Did\u00e1tica<\/a><\/li>\n<\/ul>\n<p>Jeniffer Ferreira dos Santos<\/p>\n<ul>\n<li><a href=\"https:\/\/pos-graduacao.uepb.edu.br\/ppgfp\/download\/a-literatura-paraibana-na-sala-de-aula-caminhos-e-descobertas-para-a-formacao-de-leitores-literarios-nas-aulas-de-lingua-portuguesa\/?wpdmdl=3230&amp;masterkey=ZydE-sUUx4KLOQvRp1vqZf8Wrg1lOh6auKzQ7gaIqRfNtX7JP2GlgemRUq0ZiqsgkNPIGjgAX6-e-Quxl17ZJ1yDsxn-OxCJDjOZXJ2YuE0\">A LITERATURA PARAIBANA NA SALA DE AULA: CAMINHOS E DESCOBERTAS PARA A FORMA\u00c7\u00c3O DE LEITORES LITER\u00c1RIOS NAS AULAS DE L\u00cdNGUA PORTUGUESA<\/a><\/li>\n<\/ul>\n<p><a href=\"https:\/\/www.editoralupa.com.br\/livros\/o-genero-dramatico-na-aula-de-lingua-portuguesa-do-ensino-fundamental\/\" target=\"_blank\" rel=\"noopener\">Josielio Pereira Marinho<\/a><\/p>\n<ul>\n<li>M\u00f3dulo Did\u00e1tico: <a href=\"https:\/\/pos-graduacao.uepb.edu.br\/ppgfp\/download\/modulo-didatico-o-genero-dramatico-na-aula-de-lingua-portuguesa-do-ensino-fundamental\/?wpdmdl=3215&amp;masterkey=xGqqiPn84VZef80i3LOqsIv9m6CWVEEclfkPEVogvQ8oXMETXb_m4dxItvYpqwR6TtjAGBF-MnNjEen0u5w51j339DAJxEvyvz2YRzIURu8\">O G\u00caNERO DRAM\u00c1TICO NA AULA DE L\u00cdNGUA PORTUGUESA DO ENSINO FUNDAMENTAL<\/a><\/li>\n<\/ul>\n<p>J\u00fanior Alves Feitoza<\/p>\n<ul>\n<li><a href=\"https:\/\/pos-graduacao.uepb.edu.br\/ppgfp\/download\/tutorial-criando-um-blog-educacional\/?wpdmdl=3225&amp;masterkey=IvMp2Sd5DNIgEjPnCSJrGtOyNnNUi_xDzu_ht5O3W-1MYGzOj4B5mn_-TQYS9HtDP8pbpUgICLE5rrfN-iSIa4ZS9yETtjCteY8VV6yNgHA\">TUTORIAL:\u00a0CRIANDO UM BLOG EDUCACIONAL<\/a><\/li>\n<\/ul>\n<p>Tess\u00e1lia R\u00e9gia Dantas de Ara\u00fajo<\/p>\n<ul>\n<li><strong>Roteiro Dial\u00f3gico:<\/strong> <a href=\"https:\/\/pos-graduacao.uepb.edu.br\/ppgfp\/download\/roteiro-dialogico-cultura-digital-a-luz-do-circulo-de-bakhtin\/?wpdmdl=3217&amp;masterkey=dWIDSdEYFy16em65pzbIRgHVUaUsgN10XZv1VIs8v2qNMKGapM6xtDIfk5ABHdFVLAzY3Zqxg5VoECjmyCKy76k-rtZbszCHXnrrxY5YonA\">Cultura Digital \u00e0 luz do C\u00edrculo de Bakhtin<\/a><\/li>\n<\/ul>\n<p>[\/vc_column_text][\/vc_tta_section][vc_tta_section title=&#8221;2022&#8243; tab_id=&#8221;1734456053968-ec884480-6cdf&#8221;][vc_column_text css=&#8221;.vc_custom_1738072747035{margin-top: 30px !important;}&#8221;]Givaldo Cavalcanti da Silva<\/p>\n<ul>\n<li><a href=\"https:\/\/pos-graduacao.uepb.edu.br\/ppgfp\/download\/webquest-viva-a-revolucao\/?wpdmdl=3231&amp;masterkey=_m6yzq1GzE8KR0-vWVMj9C56DjBG51_BjFIk_znCCEriXAn2m_R1CspemjzY-NVsB6bMZ97Eu20if2n-kb4_ZCdFsXrVOB5uYgzQvQn4eKI\">WEBQUEST VIVA A REVOLU\u00c7\u00c3O!<\/a><\/li>\n<\/ul>\n<p>Karla Karina Abrantes R\u00eago<\/p>\n<ul>\n<li><a href=\"https:\/\/pos-graduacao.uepb.edu.br\/ppgfp\/download\/orientacoes-para-uma-interacao-virtual-habilidades-socioemocionais-na-relacao-professor-e-aluno\/?wpdmdl=3242&amp;masterkey=725xvM50L8C9q5spJV4_AGfNWs7opyJMvxgm_2YSCosSCCaf4dZ29aZ3jpOKYbmnPWUW-HEGgczlJ9C5__ZatjzNAdODnW39KRaYLMxsYoI\">ORIENTA\u00c7\u00d5ES\u00a0PARA UMA INTERA\u00c7\u00c3O VIRTUAL:\u00a0HABILIDADES SOCIOEMOCIONAIS NA RELA\u00c7\u00c3O PROFESSOR E ALUNO<\/a><\/li>\n<\/ul>\n<p>[\/vc_column_text][\/vc_tta_section][vc_tta_section title=&#8221;2021&#8243; tab_id=&#8221;1734456053764-b44ea751-b8a7&#8243;][vc_column_text css=&#8221;.vc_custom_1738072206850{margin-top: 30px !important;}&#8221;]Aline de Lima Faustino Santos<\/p>\n<ul>\n<li><strong>E-book: <\/strong><a href=\"https:\/\/pos-graduacao.uepb.edu.br\/ppgfp\/download\/guia-didatico-de-ensino-de-ciencias\/?wpdmdl=3214&amp;masterkey=XBrrnv9hVrF6rEmNx5fAWbhrGfrsKu-XXN-4rgRiBWNxxn4bDYT62URuA6l9LLPwy_SaYjg6VHnZ0gfHr3niQbUzXKfymbf-NJDKsAXgiZU\">GUIA DID\u00c1TICO DE ENSINO DE CI\u00caNCIAS<\/a><\/li>\n<\/ul>\n<p><a href=\"https:\/\/joelicalima.wixsite.com\/desenhoanimadoegeo\" target=\"_blank\" rel=\"noopener\">Jo\u00e9lica Pereira de Lima<\/a><\/p>\n<p><a href=\"http:\/\/tede.bc.uepb.edu.br\/jspui\/handle\/tede\/3815\" target=\"_blank\" rel=\"noopener\">Nadia Fernanda Martins de Araujo<\/a><\/p>\n<ul>\n<li><strong>E-book:<\/strong> <a href=\"https:\/\/pos-graduacao.uepb.edu.br\/ppgfp\/download\/atividades-deletramento-digital-noensino-de-lingua-portuguesa-para-surdos\/?wpdmdl=3210&amp;masterkey=FXg0zmOfOv7L7MmPs74y6Q9QpL3jej1K9k7rpwhikERQ8lKom1djWoLw249GXexr0m505MZvIWxPrAwzisOGCdXBKMMBMrwX9md-tKc9n04\" target=\"_blank\" rel=\"noopener\">ATIVIDADES DE LETRAMENTO DIGITAL NOENSINO DE L\u00cdNGUA PORTUGUESA PARA SURDOS<\/a><\/li>\n<\/ul>\n<p>Raimundo M\u00e9lo Neto Segundo<\/p>\n<ul>\n<li><strong>Sequ\u00eancia Did\u00e1tica<\/strong>: <a href=\"https:\/\/pos-graduacao.uepb.edu.br\/ppgfp\/download\/amores-diversos-em-sala-de-aula\/?wpdmdl=3220&amp;masterkey=6zXOuyrsWTGpD3UGs0h-AlaiPMvgLpsAZf1OI2nI02hraXhVOIeQRQhSArnUa4Pkp01_Yd5BO8jJ1zaSoo8FpdJEtJj4Q9rWSjmpgwz7BRg\">AMORES DIVERSOS EM SALA DE AULA<\/a><\/li>\n<\/ul>\n<p>Rosana de Oliveira Gomes Santos<\/p>\n<ul>\n<li>Sequ\u00eancia Did\u00e1tica: <a href=\"https:\/\/pos-graduacao.uepb.edu.br\/ppgfp\/download\/alfabetizando-com-o-filtro-de-barro\/?wpdmdl=3222&amp;masterkey=hwUNCiNvXUfBAPMP5M5HoRmtx95rtBspwa_hU6LuG2tpDrxz_GhSHoLp7r1pMLmGBwAmTBZ4dwctDqk5Y6Z8F0JufoZZxZRDEHxVPFPia24\">ALFABETIZANDO COM O FILTRO DE BARRO<\/a><\/li>\n<\/ul>\n<p>Sergio Morais Cavalcante Filho<\/p>\n<ul>\n<li><a href=\"https:\/\/pos-graduacao.uepb.edu.br\/ppgfp\/download\/aprendizagem-baseada-em-projetos-na-matematica-uma-pratica\/?wpdmdl=3226&amp;masterkey=RxRWvwmnu-rgIC3eRqnfInVG5c120pfHzb5dAo-rhbqNcf981Fc0uPK3Q3HuLxqqRTrHaBTwNzTXv6sxwXNq9GSG3w2YaoScrgaYKJqudiY\">APRENDIZAGEM BASEADA EM PROJETOS NA MATEM\u00c1TICA: uma pr\u00e1tica<\/a><\/li>\n<\/ul>\n<p>[\/vc_column_text][\/vc_tta_section][vc_tta_section title=&#8221;2020&#8243; tab_id=&#8221;1734456053606-9d123ac8-5624&#8243;][vc_column_text css=&#8221;.vc_custom_1738070408552{margin-top: 30px !important;}&#8221;]Fabiana Martins de Freitas<\/p>\n<ul>\n<li><strong>Tutorial<\/strong>: <a href=\"https:\/\/pos-graduacao.uepb.edu.br\/ppgfp\/download\/orientacoes-na-producao-de-ferramentas-multimidias-e-uso-de-webquest-para-professores-do-ensino-fundamental\/?wpdmdl=3218&amp;masterkey=wQnBmPiS1gOl50MHfMQgkf4-rWPxu4YtvFAOsJToTfC_NUUn85vnJtkffjVTft51kHEznT5Keu16D9MJegOh3m8Fmxw0qVF6Bz5-HpYTVCM\">ORIENTA\u00c7\u00d5ES NA PRODU\u00c7\u00c3O DE FERRAMENTAS MULTIM\u00cdDIAS E USO DE WEBQUEST PARA PROFESSORES DO ENSINO FUNDAMENTAL<\/a><\/li>\n<\/ul>\n<p>La\u00e9cio Fernandes de Oliveira<\/p>\n<ul>\n<li><a href=\"https:\/\/pos-graduacao.uepb.edu.br\/ppgfp\/download\/lendo-textos-muntimodais-no-mundo-contemporaneo\/?wpdmdl=3221&amp;masterkey=5mGmg0uQmcm68lsz7GBpyeXwoILXsYS55i13f3rFnSNaoAfkTlsFYDCfuDO4V-ugy-dPeNiVQG4o5bthGLoW008TkZQHSV7CKSnZOgwEa8I\">LENDO TEXTOS MUNTIMODAIS NO MUNDO CONTEMPOR\u00c2NEO<\/a><\/li>\n<\/ul>\n<p>[\/vc_column_text][\/vc_tta_section][vc_tta_section title=&#8221;2019&#8243; tab_id=&#8221;1734456050858-0e68f628-279d&#8221;][vc_column_text css=&#8221;.vc_custom_1737460628502{margin-top: 30px !important;}&#8221;]<\/p>\n<ul>\n<li><a href=\"https:\/\/editorapublicar.com.br\/metodologias-praticas-e-inovacao-na-educacao-contemporanea-volume-3\" target=\"_blank\" rel=\"noopener\">Danielle Ribeiro Soares<\/a><\/li>\n<\/ul>\n<p>[\/vc_column_text][\/vc_tta_section][vc_tta_section title=&#8221;2018&#8243; tab_id=&#8221;1734456059919-4078fdf9-d4a8&#8243;][vc_column_text css=&#8221;.vc_custom_1737460568127{margin-top: 30px !important;}&#8221;]<\/p>\n<ul>\n<li>Francisco Reynaldo Martins Gabriel<\/li>\n<li>Josley Maycon de Sousa N\u00f3brega<\/li>\n<\/ul>\n<p>[\/vc_column_text][\/vc_tta_section][vc_tta_section title=&#8221;2017&#8243; tab_id=&#8221;1734456114888-e8811f87-899a&#8221;][vc_column_text css=&#8221;.vc_custom_1738072576544{margin-top: 30px !important;}&#8221;]Cleidiane de Oliveira Sousa Alves<\/p>\n<p>L\u00facia de F\u00e1tima Farias da Silva<\/p>\n<ul>\n<li><a href=\"https:\/\/pos-graduacao.uepb.edu.br\/ppgfp\/download\/memorias-particulares-de-uma-escola-publica\/?wpdmdl=3239&amp;masterkey=ok7s74F9Zz9Uspb4BZYAFv_i6iC49O_2VoY-6zsm6-OuKMjktaGC2hEfeUMSyT310bZ67ooBsRVfDvptfMOk92YmsbaBllRhcHBYEbbCYIQ\">MEM\u00d3RIAS PARTICULARES DE UMA ESCOLA P\u00daBLICA<\/a><\/li>\n<\/ul>\n<p>[\/vc_column_text][\/vc_tta_section][vc_tta_section title=&#8221;2016&#8243; tab_id=&#8221;1734456111685-7e1f644c-c359&#8243;][vc_column_text css=&#8221;&#8221;]Em constru\u00e7\u00e3o.[\/vc_column_text][\/vc_tta_section][\/vc_tta_tabs][\/vc_column][\/vc_row]<\/p>\n<\/div>","protected":false},"excerpt":{"rendered":"<p>[vc_row][vc_column][vc_tta_tabs][vc_tta_section title=&#8221;2024&#8243; tab_id=&#8221;1734456025703-5ae23548-4cd3&#8243;][vc_column_text css=&#8221;.vc_custom_1738072438939{margin-top: 30px !important;}&#8221;]Ericles Souza Alves E-book: Di\u00e1rio de Leituras Franciele Medeiros Gon\u00e7alves Caderno Pedag\u00f3gico:\u00a0Jogos did\u00e1ticos para ensinar as diversas grafias do alfabeto CADERNO DE SONDAGEM: Diversas Grafias do Alfabeto Jahelina de Almeida Silva TRAVESSIAS PELA CULTURA AFRICANA E AFRO-BRASILEIRA: UMA PROPOSTA PARA A ABORDAGEM DE AMORAS E O MUNDO NO BLACK POWER <a class=\"leiamais\" href=\"https:\/\/pos-graduacao.uepb.edu.br\/ppgfp\/produtos-educacionais\/\">Leia Mais&#8230;<\/a><\/p>\n","protected":false},"author":5,"featured_media":0,"parent":0,"menu_order":0,"comment_status":"closed","ping_status":"closed","template":"","meta":{"footnotes":""},"class_list":["post-2961","page","type-page","status-publish","hentry"],"_links":{"self":[{"href":"https:\/\/pos-graduacao.uepb.edu.br\/ppgfp\/wp-json\/wp\/v2\/pages\/2961","targetHints":{"allow":["GET"]}}],"collection":[{"href":"https:\/\/pos-graduacao.uepb.edu.br\/ppgfp\/wp-json\/wp\/v2\/pages"}],"about":[{"href":"https:\/\/pos-graduacao.uepb.edu.br\/ppgfp\/wp-json\/wp\/v2\/types\/page"}],"author":[{"embeddable":true,"href":"https:\/\/pos-graduacao.uepb.edu.br\/ppgfp\/wp-json\/wp\/v2\/users\/5"}],"replies":[{"embeddable":true,"href":"https:\/\/pos-graduacao.uepb.edu.br\/ppgfp\/wp-json\/wp\/v2\/comments?post=2961"}],"version-history":[{"count":14,"href":"https:\/\/pos-graduacao.uepb.edu.br\/ppgfp\/wp-json\/wp\/v2\/pages\/2961\/revisions"}],"predecessor-version":[{"id":3163,"href":"https:\/\/pos-graduacao.uepb.edu.br\/ppgfp\/wp-json\/wp\/v2\/pages\/2961\/revisions\/3163"}],"wp:attachment":[{"href":"https:\/\/pos-graduacao.uepb.edu.br\/ppgfp\/wp-json\/wp\/v2\/media?parent=2961"}],"curies":[{"name":"wp","href":"https:\/\/api.w.org\/{rel}","templated":true}]}}