{"id":17,"date":"2011-11-07T13:39:34","date_gmt":"2011-11-07T13:39:34","guid":{"rendered":"http:\/\/pos-graduacao.ascom.uepb.edu.br\/ppgfp\/?page_id=17"},"modified":"2024-05-28T18:02:01","modified_gmt":"2024-05-28T18:02:01","slug":"coordenacao","status":"publish","type":"page","link":"https:\/\/pos-graduacao.uepb.edu.br\/ppgfp\/coordenacao\/","title":{"rendered":"Coordena\u00e7\u00e3o"},"content":{"rendered":"<p><strong>Sobre a Coordena\u00e7\u00e3o bi\u00eanio 2023\/2025<\/strong><\/p>\n<p>Os coordenadores s\u00e3o docentes do corpo permanente do PPGFP eleitos, a cada dois anos, para cumprir com as fun\u00e7\u00f5es de Coordena\u00e7\u00e3o do Curso.<\/p>\n<p><strong>Coordenador:<\/strong> Professor Doutor Jo\u00e3o Batista Gon\u00e7alves Bueno<\/p>\n<p><strong>Coordenadora adjunta:<\/strong> Professora Doutora Fab\u00edola M\u00f4nica da Silva Gon\u00e7alves<\/p>\n<p><strong>Secretaria<\/strong><\/p>\n<p>A Secretaria do PPGFP est\u00e1 localizada na sala 327, do pr\u00e9dio da Central de Integra\u00e7\u00e3o Acad\u00eamica da UEPB (CIAC), atende ao p\u00fablico de segunda a sexta-feira, das 07h \u00e0s 13h e\u00a0 das 15h \u00e0s 17h.<\/p>\n<p><strong>Secret\u00e1rio:<\/strong> Marcelo Santos Pequeno<\/p>\n<p>Telefone: 3344-5332<\/p>\n<p>E-mail: <strong>ppgfp@setor.uepb.edu.br;<\/strong> <strong>demandadiscenteppgfp@setor.uepb.edu.br.<\/strong><\/p>\n<p>&nbsp;<\/p>\n","protected":false},"excerpt":{"rendered":"<p>Sobre a Coordena\u00e7\u00e3o bi\u00eanio 2023\/2025 Os coordenadores s\u00e3o docentes do corpo permanente do PPGFP eleitos, a cada dois anos, para cumprir com as fun\u00e7\u00f5es de Coordena\u00e7\u00e3o do Curso. Coordenador: Professor Doutor Jo\u00e3o Batista Gon\u00e7alves Bueno Coordenadora adjunta: Professora Doutora Fab\u00edola M\u00f4nica da Silva Gon\u00e7alves Secretaria A Secretaria do PPGFP est\u00e1 localizada na sala 327, do <a class=\"leiamais\" href=\"https:\/\/pos-graduacao.uepb.edu.br\/ppgfp\/coordenacao\/\">Leia Mais&#8230;<\/a><\/p>\n","protected":false},"author":3,"featured_media":0,"parent":0,"menu_order":0,"comment_status":"open","ping_status":"open","template":"","meta":{"footnotes":""},"class_list":["post-17","page","type-page","status-publish","hentry"],"_links":{"self":[{"href":"https:\/\/pos-graduacao.uepb.edu.br\/ppgfp\/wp-json\/wp\/v2\/pages\/17","targetHints":{"allow":["GET"]}}],"collection":[{"href":"https:\/\/pos-graduacao.uepb.edu.br\/ppgfp\/wp-json\/wp\/v2\/pages"}],"about":[{"href":"https:\/\/pos-graduacao.uepb.edu.br\/ppgfp\/wp-json\/wp\/v2\/types\/page"}],"author":[{"embeddable":true,"href":"https:\/\/pos-graduacao.uepb.edu.br\/ppgfp\/wp-json\/wp\/v2\/users\/3"}],"replies":[{"embeddable":true,"href":"https:\/\/pos-graduacao.uepb.edu.br\/ppgfp\/wp-json\/wp\/v2\/comments?post=17"}],"version-history":[{"count":36,"href":"https:\/\/pos-graduacao.uepb.edu.br\/ppgfp\/wp-json\/wp\/v2\/pages\/17\/revisions"}],"predecessor-version":[{"id":2939,"href":"https:\/\/pos-graduacao.uepb.edu.br\/ppgfp\/wp-json\/wp\/v2\/pages\/17\/revisions\/2939"}],"wp:attachment":[{"href":"https:\/\/pos-graduacao.uepb.edu.br\/ppgfp\/wp-json\/wp\/v2\/media?parent=17"}],"curies":[{"name":"wp","href":"https:\/\/api.w.org\/{rel}","templated":true}]}}