{"id":1286,"date":"2020-01-30T13:07:15","date_gmt":"2020-01-30T13:07:15","guid":{"rendered":"https:\/\/pos-graduacao.uepb.edu.br\/ppgfp\/?page_id=1286"},"modified":"2023-12-05T13:29:55","modified_gmt":"2023-12-05T13:29:55","slug":"downloads","status":"publish","type":"page","link":"https:\/\/pos-graduacao.uepb.edu.br\/ppgfp\/downloads\/","title":{"rendered":"Downloads"},"content":{"rendered":"<ul>\n<li><a href=\"https:\/\/pos-graduacao.uepb.edu.br\/ppgfp\/download\/modelo-de-relatorio-discente-2\/?wpdmdl=2744&amp;masterkey\">Modelo de Relat\u00f3rio Discente<\/a><\/li>\n<li><a href=\"https:\/\/pos-graduacao.uepb.edu.br\/ppgfp\/download\/modelo-de-plano-de-trabalho-ed\/?wpdmdl=2734&amp;masterkey\">Modelo de Plano de trabalho do Est\u00e1gio de Doc\u00eancia<\/a><\/li>\n<li><a href=\"https:\/\/pos-graduacao.uepb.edu.br\/ppgfp\/download\/modelo-do-relatorio-de-atividades-ed\/?wpdmdl=2741&amp;masterkey\">Modelo de Relat\u00f3rio do Est\u00e1gio de Doc\u00eancia<\/a><\/li>\n<li><a href=\"https:\/\/pos-graduacao.uepb.edu.br\/ppgfp\/download\/modelo-de-requerimento-geral\/?wpdmdl=2742&amp;masterkey\">Requerimento Geral<\/a><\/li>\n<li><a href=\"https:\/\/pos-graduacao.uepb.edu.br\/ppgfp\/download\/modelo-de-requerimento-geral-com-parecer-de-orinetador\/?wpdmdl=2743&amp;masterkey\">Requerimento Geral [com parecer do (a) Orientador(a)]<\/a><\/li>\n<li><a href=\"https:\/\/pos-graduacao.uepb.edu.br\/ppgfp\/download\/requerimento-para-exame-de-qualificacao-3\/?wpdmdl=2746&amp;masterkey\">Requerimento para Exame de Qualifica\u00e7\u00e3o<\/a><\/li>\n<li><a href=\"https:\/\/pos-graduacao.uepb.edu.br\/ppgfp\/download\/requerimento-para-defesa-de-dissertacao-3\/?wpdmdl=2745&amp;masterkey\">Requerimento para Defesa de Disserta\u00e7\u00e3o<\/a><\/li>\n<li><a href=\"https:\/\/pos-graduacao.uepb.edu.br\/ppgfp\/download\/tutorial-para-defesa-de-dissertacao\/?wpdmdl=2693&amp;masterkey\">Tutorial para Defesa de Disserta\u00e7\u00e3o<\/a><\/li>\n<\/ul>\n","protected":false},"excerpt":{"rendered":"<p>Modelo de Relat\u00f3rio Discente Modelo de Plano de trabalho do Est\u00e1gio de Doc\u00eancia Modelo de Relat\u00f3rio do Est\u00e1gio de Doc\u00eancia Requerimento Geral Requerimento Geral [com parecer do (a) Orientador(a)] Requerimento para Exame de Qualifica\u00e7\u00e3o Requerimento para Defesa de Disserta\u00e7\u00e3o Tutorial para Defesa de Disserta\u00e7\u00e3o<\/p>\n","protected":false},"author":4,"featured_media":0,"parent":0,"menu_order":0,"comment_status":"closed","ping_status":"closed","template":"","meta":{"footnotes":""},"class_list":["post-1286","page","type-page","status-publish","hentry"],"_links":{"self":[{"href":"https:\/\/pos-graduacao.uepb.edu.br\/ppgfp\/wp-json\/wp\/v2\/pages\/1286","targetHints":{"allow":["GET"]}}],"collection":[{"href":"https:\/\/pos-graduacao.uepb.edu.br\/ppgfp\/wp-json\/wp\/v2\/pages"}],"about":[{"href":"https:\/\/pos-graduacao.uepb.edu.br\/ppgfp\/wp-json\/wp\/v2\/types\/page"}],"author":[{"embeddable":true,"href":"https:\/\/pos-graduacao.uepb.edu.br\/ppgfp\/wp-json\/wp\/v2\/users\/4"}],"replies":[{"embeddable":true,"href":"https:\/\/pos-graduacao.uepb.edu.br\/ppgfp\/wp-json\/wp\/v2\/comments?post=1286"}],"version-history":[{"count":32,"href":"https:\/\/pos-graduacao.uepb.edu.br\/ppgfp\/wp-json\/wp\/v2\/pages\/1286\/revisions"}],"predecessor-version":[{"id":2881,"href":"https:\/\/pos-graduacao.uepb.edu.br\/ppgfp\/wp-json\/wp\/v2\/pages\/1286\/revisions\/2881"}],"wp:attachment":[{"href":"https:\/\/pos-graduacao.uepb.edu.br\/ppgfp\/wp-json\/wp\/v2\/media?parent=1286"}],"curies":[{"name":"wp","href":"https:\/\/api.w.org\/{rel}","templated":true}]}}