{"id":8,"date":"2012-01-19T14:48:48","date_gmt":"2012-01-19T14:48:48","guid":{"rendered":"http:\/\/pos-graduacao.ascom.uepb.edu.br\/ppgecm\/?page_id=8"},"modified":"2016-07-22T09:43:32","modified_gmt":"2016-07-22T12:43:32","slug":"conheca-o-programa","status":"publish","type":"page","link":"https:\/\/pos-graduacao.uepb.edu.br\/ppgecm\/conheca-o-programa\/","title":{"rendered":"Objetivo"},"content":{"rendered":"<p style=\"text-align: justify\">O Programa de P\u00f3s-Gradua\u00e7\u00e3o em Ensino de Ci\u00eancias e Educa\u00e7\u00e3o Matem\u00e1tica possui dois Mestrados o Acad\u00eamico e o Profissional, tendo por objetivos:<br \/>\nI &#8211; contribuir para o aprofundamento de experi\u00eancias, desenvolvimento de pesquisas, produtos e processos educacionais por pesquisadores e profissionais docentes do Ensino de Ci\u00eancias e Educa\u00e7\u00e3o Matem\u00e1tica, da Educa\u00e7\u00e3o Infantil\u00a0ao Ensino Superior;<br \/>\nII &#8211; formar profissionais docentes e pesquisadores com capacidade de identificar, projetar e executar pesquisas no campo do Ensino de Ci\u00eancias e Educa\u00e7\u00e3o Matem\u00e1tica para atuarem no desenvolvimento e na amplia\u00e7\u00e3o dos conhecimentos da \u00e1rea, buscando o aprofundamento e avan\u00e7o do campo de estudo, da pesquisa e da melhoria da qualidade do ensino.<\/p>\n<p style=\"text-align: justify\">\u00a0As atividades curriculares presenciais s\u00e3o distribu\u00eddas em dois dias da semana (segundas e ter\u00e7as-feiras), nos turnos da manh\u00e3, tarde e noite.<\/p>\n<p>Maiores informa\u00e7\u00f5es, consultar regulamento em Arquivos para Downloads.<\/p>\n","protected":false},"excerpt":{"rendered":"<p>O Programa de P\u00f3s-Gradua\u00e7\u00e3o em Ensino de Ci\u00eancias e Educa\u00e7\u00e3o Matem\u00e1tica possui dois Mestrados o Acad\u00eamico e o Profissional, tendo por objetivos: I &#8211; contribuir para o aprofundamento de experi\u00eancias, desenvolvimento de pesquisas, produtos e processos educacionais por pesquisadores e profissionais docentes do Ensino de Ci\u00eancias e Educa\u00e7\u00e3o Matem\u00e1tica, da Educa\u00e7\u00e3o Infantil\u00a0ao Ensino Superior; II <a class=\"leiamais\" href=\"https:\/\/pos-graduacao.uepb.edu.br\/ppgecm\/conheca-o-programa\/\">Leia Mais&#8230;<\/a><\/p>\n","protected":false},"author":5,"featured_media":0,"parent":0,"menu_order":0,"comment_status":"open","ping_status":"open","template":"","meta":{"footnotes":""},"class_list":["post-8","page","type-page","status-publish","hentry"],"_links":{"self":[{"href":"https:\/\/pos-graduacao.uepb.edu.br\/ppgecm\/wp-json\/wp\/v2\/pages\/8","targetHints":{"allow":["GET"]}}],"collection":[{"href":"https:\/\/pos-graduacao.uepb.edu.br\/ppgecm\/wp-json\/wp\/v2\/pages"}],"about":[{"href":"https:\/\/pos-graduacao.uepb.edu.br\/ppgecm\/wp-json\/wp\/v2\/types\/page"}],"author":[{"embeddable":true,"href":"https:\/\/pos-graduacao.uepb.edu.br\/ppgecm\/wp-json\/wp\/v2\/users\/5"}],"replies":[{"embeddable":true,"href":"https:\/\/pos-graduacao.uepb.edu.br\/ppgecm\/wp-json\/wp\/v2\/comments?post=8"}],"version-history":[{"count":8,"href":"https:\/\/pos-graduacao.uepb.edu.br\/ppgecm\/wp-json\/wp\/v2\/pages\/8\/revisions"}],"predecessor-version":[{"id":1160,"href":"https:\/\/pos-graduacao.uepb.edu.br\/ppgecm\/wp-json\/wp\/v2\/pages\/8\/revisions\/1160"}],"wp:attachment":[{"href":"https:\/\/pos-graduacao.uepb.edu.br\/ppgecm\/wp-json\/wp\/v2\/media?parent=8"}],"curies":[{"name":"wp","href":"https:\/\/api.w.org\/{rel}","templated":true}]}}