{"id":728,"date":"2014-04-07T14:17:09","date_gmt":"2014-04-07T17:17:09","guid":{"rendered":"\/ppgecm\/?page_id=728"},"modified":"2015-02-03T11:42:41","modified_gmt":"2015-02-03T14:42:41","slug":"capes","status":"publish","type":"page","link":"https:\/\/pos-graduacao.uepb.edu.br\/ppgecm\/capes\/","title":{"rendered":"Investigando a Formula\u00e7\u00e3o e a Resolu\u00e7\u00e3o de Problemas Matem\u00e1ticos na Sala de Aula: Explorando Conex\u00f5es entre Escola e Universidade"},"content":{"rendered":"<p>[wptabs]<\/p>\n<p>[wptabtitle]Disserta\u00e7\u00f5es de Mestrado[\/wptabtitle]<br \/>\n[wptabcontent]<\/p>\n<ul>\n<li>[wpfilebase tag=fileurl id=150 linktext=&#8217;O ensino da geometria espacial por meio da teoria de Van Hiele: um estudo da Matem\u00e1tica no Ensino M\u00e9dio&#8217; \/]<\/li>\n<li>[wpfilebase tag=fileurl id=149 linktext=&#8217;Uso da calculadora nas aulas de matem\u00e1tica do ensino m\u00e9dio: uma experi\u00eancia com alunos e professores em afogados da ingazeira&#8217; \/]<\/li>\n<li>[wpfilebase tag=fileurl id=142 linktext=&#8217;Explorando significados com a formula\u00e7\u00e3o e a resolu\u00e7\u00e3o de problemas no c\u00e1lculo integral de volumes de figuras s\u00f3lidas utilizando o geogebra 3d na forma\u00e7\u00e3o inicial&#8217; \/]<\/li>\n<li>[wpfilebase tag=fileurl id=143 linktext=&#8217;A Formula\u00e7\u00e3o e resolu\u00e7\u00e3o de problemas matem\u00e1ticos no Est\u00e1gio supervisionado: Reflex\u00f5es a partir da pr\u00e1tica e da forma\u00e7\u00e3o inicial&#8217; \/]<\/li>\n<li>[wpfilebase tag=fileurl id=144 linktext=&#8217;Um estudo baseado na resolu\u00e7\u00e3o de problemas a partir do modelo van hiele e materiais concretos e tecnol\u00f3gicos na apreens\u00e3o das transforma\u00e7\u00f5es no plano&#8217; \/]<\/li>\n<\/ul>\n<p>[\/wptabcontent]<\/p>\n<p>[wptabtitle]Artigos publicados[\/wptabtitle]<br \/>\n[wptabcontent]<\/p>\n<p>Os artigos publicados est\u00e3o publicados nos anais dos seguintes eventos nacional e Internacional, respectivamente:<\/p>\n<ol>\n<li>1. XVII Encontro Brasileiro de Estudantes de P\u00f3s-Gradua\u00e7\u00e3o em Educa\u00e7\u00e3o Matem\u00e1tica;<\/li>\n<li>9no. Congreso Internacional de Educaci\u00f3n Superior \u201cUniversidad 2014\u201d.<\/li>\n<\/ol>\n<ul>\n<li>[wpfilebase tag=fileurl id=134 linktext=&#8217;Refletindo a Partir da Pr\u00e1tica e da Forma\u00e7\u00e3o Inicial: Contribui\u00e7\u00f5es da Formula\u00e7\u00e3o e Resolu\u00e7\u00e3o de Problemas Matem\u00e1ticos no Est\u00e1gio Supervisionado&#8217; \/]<\/li>\n<li>[wpfilebase tag=fileurl id=135 linktext=&#8217;Comunica\u00e7\u00e3o e Resolu\u00e7\u00e3o de Problemas Utilizando o Modelo van Hiele para a Explora\u00e7\u00e3o Geom\u00e9trica em Sala de Aula&#8217; \/]<\/li>\n<li>[wpfilebase tag=fileurl id=136 linktext=&#8217;Formula\u00e7\u00e3o e Resolu\u00e7\u00e3o de Problemas Geom\u00e9tricos a partir de Materiais Manipul\u00e1veis&#8217; \/]<\/li>\n<li>[wpfilebase tag=fileurl id=137 linktext=&#8217;Formula\u00e7\u00e3o e Resolu\u00e7\u00e3o de Problemas Matem\u00e1ticos com o C\u00e1lculo Integral em Volumes de Figuras S\u00f3lidas Utilizando o Geogebra 3D&#8217; \/]<\/li>\n<li>[wpfilebase tag=fileurl id=138 linktext=&#8217;Comunica\u00e7\u00e3o e resolu\u00e7\u00e3o de problemas utilizando o modelo Van Hiele para a explora\u00e7\u00e3o geom\u00e9trica&#8217; \/]<\/li>\n<li>[wpfilebase tag=fileurl id=139 linktext=&#8217;Formula\u00e7\u00e3o e Resolu\u00e7\u00e3o de Problemas Matem\u00e1ticos com o C\u00e1lculo Integral em Volumes de Figuras S\u00f3lidas Utilizando o Geogebra 3D&#8217; \/]<\/li>\n<li>[wpfilebase tag=fileurl id=140 linktext=&#8217;Formula\u00e7\u00e3o e Resolu\u00e7\u00e3o de Problemas Geom\u00e9tricos a partir de Materiais Manipul\u00e1veis&#8217; \/]<\/li>\n<\/ul>\n<p>[\/wptabcontent]<\/p>\n<p>[wptabtitle]Resumos da pesquisa\/2013[\/wptabtitle]<br \/>\n[wptabcontent]<\/p>\n<ul>\n<li>[wpfilebase tag=fileurl id=145 linktext=&#8217;IV semin\u00e1rio OBEDUC &#8211; Resumo expandido&#8217; \/]<\/li>\n<li>[wpfilebase tag=fileurl id=146 linktext=&#8217;Minicurso IV EREM &#8211; Trabalhando a formula\u00e7\u00e3o e resolu\u00e7\u00e3o de problemas geom\u00e9tricos a partir de materiais manipul\u00e1veis&#8217; \/]<\/li>\n<li>[wpfilebase tag=fileurl id=148 linktext=&#8217;Formula\u00e7\u00e3o e resolu\u00e7\u00e3o de problemas matem\u00e1ticos com desenho animado&#8217; \/]<\/li>\n<\/ul>\n<p>[\/wptabcontent]<\/p>\n<p>[wptabtitle]Semin\u00e1rio Semestral[\/wptabtitle]<br \/>\n[wptabcontent]<\/p>\n<p><strong>Programa\u00e7\u00e3o<br \/>\n<\/strong><\/p>\n<ul>\n<li>[wpfilebase tag=fileurl id=258 linktext=&#8217; IV Semin\u00e1rio Semestral&#8217; \/]<\/li>\n<li>[wpfilebase tag=fileurl id=213 linktext=&#8217;III Semin\u00e1rio Semestral&#8217; \/]<\/li>\n<li>[wpfilebase tag=fileurl id=141 linktext=&#8217;II semin\u00e1rio Semestral&#8217; \/]<\/li>\n<\/ul>\n<p><strong>Fotos do IV Semin\u00e1rio Semestral<\/strong><\/p>\n\n\t\t<style type=\"text\/css\">\n\t\t\t#gallery-1 {\n\t\t\t\tmargin: auto;\n\t\t\t}\n\t\t\t#gallery-1 .gallery-item {\n\t\t\t\tfloat: left;\n\t\t\t\tmargin-top: 10px;\n\t\t\t\ttext-align: center;\n\t\t\t\twidth: 20%;\n\t\t\t}\n\t\t\t#gallery-1 img {\n\t\t\t\tborder: 2px solid #cfcfcf;\n\t\t\t}\n\t\t\t#gallery-1 .gallery-caption {\n\t\t\t\tmargin-left: 0;\n\t\t\t}\n\t\t\t\/* see gallery_shortcode() in wp-includes\/media.php *\/\n\t\t<\/style>\n\t\t<div id='gallery-1' class='gallery galleryid-728 gallery-columns-5 gallery-size-thumbnail'><dl class='gallery-item'>\n\t\t\t<dt class='gallery-icon landscape'>\n\t\t\t\t<a href='https:\/\/pos-graduacao.uepb.edu.br\/ppgecm\/files\/2014\/04\/DSCF2725.jpg' rel=\"lightbox[728]\"><img loading=\"lazy\" decoding=\"async\" width=\"180\" height=\"120\" src=\"https:\/\/pos-graduacao.uepb.edu.br\/ppgecm\/files\/2014\/04\/DSCF2725-180x120.jpg\" class=\"attachment-thumbnail size-thumbnail\" alt=\"\" \/><\/a>\n\t\t\t<\/dt><\/dl><dl class='gallery-item'>\n\t\t\t<dt class='gallery-icon landscape'>\n\t\t\t\t<a href='https:\/\/pos-graduacao.uepb.edu.br\/ppgecm\/files\/2014\/04\/DSCF2727.jpg' rel=\"lightbox[728]\"><img loading=\"lazy\" decoding=\"async\" width=\"180\" height=\"120\" src=\"https:\/\/pos-graduacao.uepb.edu.br\/ppgecm\/files\/2014\/04\/DSCF2727-180x120.jpg\" class=\"attachment-thumbnail size-thumbnail\" alt=\"\" \/><\/a>\n\t\t\t<\/dt><\/dl><dl class='gallery-item'>\n\t\t\t<dt class='gallery-icon landscape'>\n\t\t\t\t<a href='https:\/\/pos-graduacao.uepb.edu.br\/ppgecm\/files\/2014\/04\/DSCF2730.jpg' rel=\"lightbox[728]\"><img loading=\"lazy\" decoding=\"async\" width=\"180\" height=\"120\" src=\"https:\/\/pos-graduacao.uepb.edu.br\/ppgecm\/files\/2014\/04\/DSCF2730-180x120.jpg\" class=\"attachment-thumbnail size-thumbnail\" alt=\"\" \/><\/a>\n\t\t\t<\/dt><\/dl><dl class='gallery-item'>\n\t\t\t<dt class='gallery-icon landscape'>\n\t\t\t\t<a href='https:\/\/pos-graduacao.uepb.edu.br\/ppgecm\/files\/2014\/04\/DSCF2721.jpg' rel=\"lightbox[728]\"><img loading=\"lazy\" decoding=\"async\" width=\"180\" height=\"120\" src=\"https:\/\/pos-graduacao.uepb.edu.br\/ppgecm\/files\/2014\/04\/DSCF2721-180x120.jpg\" class=\"attachment-thumbnail size-thumbnail\" alt=\"\" \/><\/a>\n\t\t\t<\/dt><\/dl>\n\t\t\t<br style='clear: both' \/>\n\t\t<\/div>\n\n<p><strong>Fotos do III Semin\u00e1rio Semestral<\/strong><\/p>\n\n\t\t<style type=\"text\/css\">\n\t\t\t#gallery-2 {\n\t\t\t\tmargin: auto;\n\t\t\t}\n\t\t\t#gallery-2 .gallery-item {\n\t\t\t\tfloat: left;\n\t\t\t\tmargin-top: 10px;\n\t\t\t\ttext-align: center;\n\t\t\t\twidth: 20%;\n\t\t\t}\n\t\t\t#gallery-2 img {\n\t\t\t\tborder: 2px solid #cfcfcf;\n\t\t\t}\n\t\t\t#gallery-2 .gallery-caption {\n\t\t\t\tmargin-left: 0;\n\t\t\t}\n\t\t\t\/* see gallery_shortcode() in wp-includes\/media.php *\/\n\t\t<\/style>\n\t\t<div id='gallery-2' class='gallery galleryid-728 gallery-columns-5 gallery-size-thumbnail'><dl class='gallery-item'>\n\t\t\t<dt class='gallery-icon landscape'>\n\t\t\t\t<a href='https:\/\/pos-graduacao.uepb.edu.br\/ppgecm\/files\/2014\/04\/I-SEMIN\u00c1RIO-SEMESTRAL_JULHO-2013-2.jpg' rel=\"lightbox[728]\"><img loading=\"lazy\" decoding=\"async\" width=\"180\" height=\"120\" src=\"https:\/\/pos-graduacao.uepb.edu.br\/ppgecm\/files\/2014\/04\/I-SEMIN\u00c1RIO-SEMESTRAL_JULHO-2013-2-180x120.jpg\" class=\"attachment-thumbnail size-thumbnail\" alt=\"\" \/><\/a>\n\t\t\t<\/dt><\/dl><dl class='gallery-item'>\n\t\t\t<dt class='gallery-icon landscape'>\n\t\t\t\t<a href='https:\/\/pos-graduacao.uepb.edu.br\/ppgecm\/files\/2014\/04\/I-SEMIN\u00c1RIO-SEMESTRAL_JULHO-2013-4.jpg' rel=\"lightbox[728]\"><img loading=\"lazy\" decoding=\"async\" width=\"180\" height=\"120\" src=\"https:\/\/pos-graduacao.uepb.edu.br\/ppgecm\/files\/2014\/04\/I-SEMIN\u00c1RIO-SEMESTRAL_JULHO-2013-4-180x120.jpg\" class=\"attachment-thumbnail size-thumbnail\" alt=\"\" \/><\/a>\n\t\t\t<\/dt><\/dl><dl class='gallery-item'>\n\t\t\t<dt class='gallery-icon landscape'>\n\t\t\t\t<a href='https:\/\/pos-graduacao.uepb.edu.br\/ppgecm\/files\/2014\/04\/I-SEMIN\u00c1RIO-SEMESTRAL_JULHO-2013-5.jpg' rel=\"lightbox[728]\"><img loading=\"lazy\" decoding=\"async\" width=\"180\" height=\"120\" src=\"https:\/\/pos-graduacao.uepb.edu.br\/ppgecm\/files\/2014\/04\/I-SEMIN\u00c1RIO-SEMESTRAL_JULHO-2013-5-180x120.jpg\" class=\"attachment-thumbnail size-thumbnail\" alt=\"\" \/><\/a>\n\t\t\t<\/dt><\/dl><dl class='gallery-item'>\n\t\t\t<dt class='gallery-icon landscape'>\n\t\t\t\t<a href='https:\/\/pos-graduacao.uepb.edu.br\/ppgecm\/files\/2014\/04\/I-SEMIN\u00c1RIO-SEMESTRAL_JULHO-2013.jpg' rel=\"lightbox[728]\"><img loading=\"lazy\" decoding=\"async\" width=\"180\" height=\"120\" src=\"https:\/\/pos-graduacao.uepb.edu.br\/ppgecm\/files\/2014\/04\/I-SEMIN\u00c1RIO-SEMESTRAL_JULHO-2013-180x120.jpg\" class=\"attachment-thumbnail size-thumbnail\" alt=\"\" \/><\/a>\n\t\t\t<\/dt><\/dl><dl class='gallery-item'>\n\t\t\t<dt class='gallery-icon landscape'>\n\t\t\t\t<a href='https:\/\/pos-graduacao.uepb.edu.br\/ppgecm\/files\/2014\/04\/II-SEMIN\u00c1RIO-SEMESTRAL_FEVEREIRO-2014-2.jpg' rel=\"lightbox[728]\"><img loading=\"lazy\" decoding=\"async\" width=\"180\" height=\"120\" src=\"https:\/\/pos-graduacao.uepb.edu.br\/ppgecm\/files\/2014\/04\/II-SEMIN\u00c1RIO-SEMESTRAL_FEVEREIRO-2014-2-180x120.jpg\" class=\"attachment-thumbnail size-thumbnail\" alt=\"\" \/><\/a>\n\t\t\t<\/dt><\/dl><br style=\"clear: both\" \/><dl class='gallery-item'>\n\t\t\t<dt class='gallery-icon landscape'>\n\t\t\t\t<a href='https:\/\/pos-graduacao.uepb.edu.br\/ppgecm\/files\/2014\/04\/II-SEMIN\u00c1RIO-SEMESTRAL_FEVEREIRO-2014-3.jpg' rel=\"lightbox[728]\"><img loading=\"lazy\" decoding=\"async\" width=\"180\" height=\"120\" src=\"https:\/\/pos-graduacao.uepb.edu.br\/ppgecm\/files\/2014\/04\/II-SEMIN\u00c1RIO-SEMESTRAL_FEVEREIRO-2014-3-180x120.jpg\" class=\"attachment-thumbnail size-thumbnail\" alt=\"\" \/><\/a>\n\t\t\t<\/dt><\/dl><dl class='gallery-item'>\n\t\t\t<dt class='gallery-icon landscape'>\n\t\t\t\t<a href='https:\/\/pos-graduacao.uepb.edu.br\/ppgecm\/files\/2014\/04\/II-SEMIN\u00c1RIO-SEMESTRAL_FEVEREIRO-2014-5.jpg' rel=\"lightbox[728]\"><img loading=\"lazy\" decoding=\"async\" width=\"180\" height=\"120\" src=\"https:\/\/pos-graduacao.uepb.edu.br\/ppgecm\/files\/2014\/04\/II-SEMIN\u00c1RIO-SEMESTRAL_FEVEREIRO-2014-5-180x120.jpg\" class=\"attachment-thumbnail size-thumbnail\" alt=\"\" \/><\/a>\n\t\t\t<\/dt><\/dl><dl class='gallery-item'>\n\t\t\t<dt class='gallery-icon landscape'>\n\t\t\t\t<a href='https:\/\/pos-graduacao.uepb.edu.br\/ppgecm\/files\/2014\/04\/II-SEMIN\u00c1RIO-SEMESTRAL_FEVEREIRO-2014-8.jpg' rel=\"lightbox[728]\"><img loading=\"lazy\" decoding=\"async\" width=\"180\" height=\"120\" src=\"https:\/\/pos-graduacao.uepb.edu.br\/ppgecm\/files\/2014\/04\/II-SEMIN\u00c1RIO-SEMESTRAL_FEVEREIRO-2014-8-180x120.jpg\" class=\"attachment-thumbnail size-thumbnail\" alt=\"\" \/><\/a>\n\t\t\t<\/dt><\/dl>\n\t\t\t<br style='clear: both' \/>\n\t\t<\/div>\n\n<p>[\/wptabcontent]<br \/>\n[\/wptabs]<\/p>\n","protected":false},"excerpt":{"rendered":"<p>[wptabs] [wptabtitle]Disserta\u00e7\u00f5es de Mestrado[\/wptabtitle] [wptabcontent] [wpfilebase tag=fileurl id=150 linktext=&#8217;O ensino da geometria espacial por meio da teoria de Van Hiele: um estudo da Matem\u00e1tica no Ensino M\u00e9dio&#8217; \/] [wpfilebase tag=fileurl id=149 linktext=&#8217;Uso da calculadora nas aulas de matem\u00e1tica do ensino m\u00e9dio: uma experi\u00eancia com alunos e professores em afogados da ingazeira&#8217; \/] [wpfilebase tag=fileurl id=142 <a class=\"leiamais\" href=\"https:\/\/pos-graduacao.uepb.edu.br\/ppgecm\/capes\/\">Leia Mais&#8230;<\/a><\/p>\n","protected":false},"author":5,"featured_media":0,"parent":0,"menu_order":0,"comment_status":"open","ping_status":"open","template":"","meta":{"footnotes":""},"class_list":["post-728","page","type-page","status-publish","hentry"],"_links":{"self":[{"href":"https:\/\/pos-graduacao.uepb.edu.br\/ppgecm\/wp-json\/wp\/v2\/pages\/728","targetHints":{"allow":["GET"]}}],"collection":[{"href":"https:\/\/pos-graduacao.uepb.edu.br\/ppgecm\/wp-json\/wp\/v2\/pages"}],"about":[{"href":"https:\/\/pos-graduacao.uepb.edu.br\/ppgecm\/wp-json\/wp\/v2\/types\/page"}],"author":[{"embeddable":true,"href":"https:\/\/pos-graduacao.uepb.edu.br\/ppgecm\/wp-json\/wp\/v2\/users\/5"}],"replies":[{"embeddable":true,"href":"https:\/\/pos-graduacao.uepb.edu.br\/ppgecm\/wp-json\/wp\/v2\/comments?post=728"}],"version-history":[{"count":25,"href":"https:\/\/pos-graduacao.uepb.edu.br\/ppgecm\/wp-json\/wp\/v2\/pages\/728\/revisions"}],"predecessor-version":[{"id":948,"href":"https:\/\/pos-graduacao.uepb.edu.br\/ppgecm\/wp-json\/wp\/v2\/pages\/728\/revisions\/948"}],"wp:attachment":[{"href":"https:\/\/pos-graduacao.uepb.edu.br\/ppgecm\/wp-json\/wp\/v2\/media?parent=728"}],"curies":[{"name":"wp","href":"https:\/\/api.w.org\/{rel}","templated":true}]}}