{"id":5738,"date":"2024-06-11T14:42:30","date_gmt":"2024-06-11T17:42:30","guid":{"rendered":"https:\/\/pos-graduacao.uepb.edu.br\/ppgecm\/?page_id=5738"},"modified":"2024-06-11T14:50:38","modified_gmt":"2024-06-11T17:50:38","slug":"pagina-inicial","status":"publish","type":"page","link":"https:\/\/pos-graduacao.uepb.edu.br\/ppgecm\/","title":{"rendered":"P\u00e1gina Inicial"},"content":{"rendered":"<div class=\"wpb-content-wrapper\"><p>[vc_row gap=&#8221;30&#8243;][vc_column width=&#8221;2\/3&#8243;][vc_text_separator title=&#8221;Not\u00edcias&#8221; i_icon_fontawesome=&#8221;fas fa-angle-double-right&#8221; i_color=&#8221;custom&#8221; title_align=&#8221;separator_align_left&#8221; add_icon=&#8221;true&#8221; i_custom_color=&#8221;#cc0000&#8243; css=&#8221;.vc_custom_1718127523106{margin-top: 30px !important;}&#8221;]<div class=\"mdl-grid\"><div class=\"mdl-cell--6-col mdl-cell--6-col-tablet mdl-cell--12-col-phone bloco-noticias\"><div class=\"titulo-noticia-widget\"><a href=\"https:\/\/pos-graduacao.uepb.edu.br\/ppgecm\/senecem-seminarios-nacionais-em-ensino-de-ciencias-e-educacao-matematica-06-04\/\"><h3 class=\"titulo-destaque-noticia\">SENECEM \u2013 Semin\u00e1rios Nacionais em Ensino de Ci\u00eancias e Educa\u00e7\u00e3o Matem\u00e1tica - 06\/04<\/h3><\/a><\/div><div class=\"titulo-noticia-widget\"><a href=\"https:\/\/pos-graduacao.uepb.edu.br\/ppgecm\/edital-ppgecem-013-2025-resultado-final-com-classificacao\/\"><h3 class=\"titulo-destaque-noticia\">EDITAL\/PPGECEM 013\/2025 - RESULTADO FINAL COM CLASSIFICA\u00c7\u00c3O<\/h3><\/a><\/div><div class=\"titulo-noticia-widget\"><a href=\"https:\/\/pos-graduacao.uepb.edu.br\/ppgecm\/edital-ppgecem-012-2025-resultado-final-com-classificacao\/\"><h3 class=\"titulo-destaque-noticia\">EDITAL\/PPGECEM 012\/2025 - RESULTADO FINAL COM CLASSIFICA\u00c7\u00c3O<\/h3><\/a><\/div><div class=\"titulo-noticia-widget\"><a href=\"https:\/\/pos-graduacao.uepb.edu.br\/ppgecm\/edital-geral-renoen-002-2025-resultado-resultado-final-apos-recursos-polo-uepb-turma-2026-1\/\"><h3 class=\"titulo-destaque-noticia\">EDITAL GERAL RENOEN 002\/2025 - RESULTADO RESULTADO FINAL AP\u00d3S RECURSOS POLO UEPB \u2013 TURMA 2026.1<\/h3><\/a><\/div><div class=\"titulo-noticia-widget\"><a href=\"https:\/\/pos-graduacao.uepb.edu.br\/ppgecm\/senecem-seminarios-nacionais-em-ensino-de-ciencias-e-educacao-matematica-30-03\/\"><h3 class=\"titulo-destaque-noticia\">SENECEM \u2013 Semin\u00e1rios Nacionais em Ensino de Ci\u00eancias e Educa\u00e7\u00e3o Matem\u00e1tica - 30\/03<\/h3><\/a><\/div><\/div><div class=\"mdl-cell--6-col mdl-cell--6-col-tablet mdl-cell--12-col-phone bloco-noticias\"><div class=\"titulo-noticia-widget\"><a href=\"https:\/\/pos-graduacao.uepb.edu.br\/ppgecm\/edital-ppgecem-013-2025-resultado-dos-recursos-interpostos-ao-resultado-da-entrevista\/\"><h3 class=\"titulo-destaque-noticia\">EDITAL\/PPGECEM 013\/2025 - RESULTADO DOS RECURSOS INTERPOSTOS AO RESULTADO DA ENTREVISTA<\/h3><\/a><\/div><div class=\"titulo-noticia-widget\"><a href=\"https:\/\/pos-graduacao.uepb.edu.br\/ppgecm\/semestre-2026-1-ppgecem-e-renoen-ppgecem-boletim-01\/\"><h3 class=\"titulo-destaque-noticia\">Semestre 2026.1 PPGECEM e RENOEN-PPGECEM - Boletim 01<\/h3><\/a><\/div><div class=\"titulo-noticia-widget\"><a href=\"https:\/\/pos-graduacao.uepb.edu.br\/ppgecm\/convocacao-de-reuniao\/\"><h3 class=\"titulo-destaque-noticia\">CONVOCA\u00c7\u00c3O DE REUNI\u00c3O<\/h3><\/a><\/div><div class=\"titulo-noticia-widget\"><a href=\"https:\/\/pos-graduacao.uepb.edu.br\/ppgecm\/edital-geral-renoen-002-2025-resultado-resultado-final-com-pontuacao-polo-uepb-turma-2026-1\/\"><h3 class=\"titulo-destaque-noticia\">EDITAL GERAL RENOEN 002\/2025 - RESULTADO RESULTADO FINAL COM PONTUA\u00c7\u00c3O POLO UEPB \u2013 TURMA 2026.1<\/h3><\/a><\/div><div class=\"titulo-noticia-widget\"><a href=\"https:\/\/pos-graduacao.uepb.edu.br\/ppgecm\/edital-ppgecem-012-2025-resultado-dos-recursos-interpostos-ao-resultado-das-entrevistas-defesa-do-projeto-de-pesquisa-e-do-memorial\/\"><h3 class=\"titulo-destaque-noticia\">EDITAL\/PPGECEM 012\/2025 - RESULTADO DOS RECURSOS INTERPOSTOS AO RESULTADO DAS ENTREVISTAS (DEFESA DO PROJETO DE PESQUISA E DO MEMORIAL)<\/h3><\/a><\/div><\/div><\/div>[\/vc_column][vc_column width=&#8221;1\/3&#8243;][vc_text_separator title=&#8221;Links \u00dateis&#8221; i_icon_fontawesome=&#8221;fas fa-angle-double-right&#8221; i_color=&#8221;custom&#8221; title_align=&#8221;separator_align_left&#8221; add_icon=&#8221;true&#8221; i_custom_color=&#8221;#cc0000&#8243; css=&#8221;.vc_custom_1718127553764{margin-top: 30px !important;}&#8221;][vc_btn title=&#8221;CAPES&#8221; shape=&#8221;square&#8221; color=&#8221;blue&#8221; size=&#8221;lg&#8221; align=&#8221;left&#8221; button_block=&#8221;true&#8221; link=&#8221;url:http%3A%2F%2Fwww.capes.gov.br%2F|target:_blank&#8221; css=&#8221;.vc_custom_1718127626341{margin-bottom: 5px !important;}&#8221;][vc_btn title=&#8221;CNPq&#8221; shape=&#8221;square&#8221; color=&#8221;primary&#8221; size=&#8221;lg&#8221; align=&#8221;left&#8221; button_block=&#8221;true&#8221; link=&#8221;url:http%3A%2F%2Fwww.cnpq.br%2F|target:_blank&#8221; css=&#8221;.vc_custom_1718127656405{margin-bottom: 5px !important;}&#8221;][vc_btn title=&#8221;Plataforma Lattes&#8221; shape=&#8221;square&#8221; color=&#8221;info&#8221; size=&#8221;lg&#8221; align=&#8221;left&#8221; button_block=&#8221;true&#8221; link=&#8221;url:http%3A%2F%2Flattes.cnpq.br%2F|target:_blank&#8221; css=&#8221;.vc_custom_1718127698818{margin-bottom: 5px !important;}&#8221;][vc_btn title=&#8221;Plataforma Sucupira&#8221; shape=&#8221;square&#8221; color=&#8221;turquoise&#8221; size=&#8221;lg&#8221; align=&#8221;left&#8221; button_block=&#8221;true&#8221; link=&#8221;url:https%3A%2F%2Fsucupira.capes.gov.br%2Fsucupira%2F|target:_blank&#8221; css=&#8221;.vc_custom_1718127739547{margin-bottom: 5px !important;}&#8221;][vc_btn title=&#8221;SUAP&#8221; shape=&#8221;square&#8221; color=&#8221;inverse&#8221; size=&#8221;lg&#8221; align=&#8221;left&#8221; button_block=&#8221;true&#8221; link=&#8221;url:https%3A%2F%2Fsuap.uepb.edu.br%2F|target:_blank&#8221; css=&#8221;.vc_custom_1718128265564{margin-bottom: 5px !important;}&#8221;][\/vc_column][\/vc_row][vc_row gap=&#8221;30&#8243;][vc_column width=&#8221;2\/3&#8243;][vc_text_separator title=&#8221;Editais&#8221; i_icon_fontawesome=&#8221;fas fa-angle-double-right&#8221; i_color=&#8221;custom&#8221; title_align=&#8221;separator_align_left&#8221; add_icon=&#8221;true&#8221; i_custom_color=&#8221;#cc0000&#8243; css=&#8221;.vc_custom_1718128030249{margin-top: 30px !important;}&#8221;][vc_column_text]<div class='w3eden'>\n    <div class=''>\n\n        \n        <div id=\"content_wpdm_package_1\">\n            <div class='row'><div class='col-lg-12 col-md-6 col-12'><!-- WPDM Link Template: Default Template -->\n\n<div class=\"link-template-default card mb-2\">\n    <div class=\"card-body\">\n        <div class=\"media\">\n            <div class=\"mr-3 img-48\"><img decoding=\"async\" class=\"wpdm_icon\" alt=\"\u00edcone\" src=\"https:\/\/pos-graduacao.uepb.edu.br\/ppgecm\/wp-content\/plugins\/download-manager\/assets\/file-type-icons\/pdf.svg\" \/><\/div>\n            <div class=\"media-body\">\n                <h3 class=\"package-title\"><a href='https:\/\/pos-graduacao.uepb.edu.br\/ppgecm\/download\/edital-ppgecem-013-2025-resultado-final-com-classificacao\/'>EDITAL\/PPGECEM 013\/2025 - RESULTADO FINAL COM CLASSIFICA\u00c7\u00c3O<\/a><\/h3>\n                <div class=\"text-muted text-small\"><i class=\"fas fa-copy\"><\/i> 1  arquivo(s) <i class=\"fas fa-hdd ml-3\"><\/i> 76.89 KB<\/div>\n            <\/div>\n            <div class=\"ml-3\">\n                <a class='wpdm-download-link download-on-click btn btn-primary ' rel='nofollow' href='#' data-downloadurl=\"https:\/\/pos-graduacao.uepb.edu.br\/ppgecm\/download\/edital-ppgecem-013-2025-resultado-final-com-classificacao\/?wpdmdl=6570&refresh=69d27d74f034f1775402356\">Download<\/a>\n            <\/div>\n        <\/div>\n    <\/div>\n<\/div>\n\n<\/div><div class='col-lg-12 col-md-6 col-12'><!-- WPDM Link Template: Default Template -->\n\n<div class=\"link-template-default card mb-2\">\n    <div class=\"card-body\">\n        <div class=\"media\">\n            <div class=\"mr-3 img-48\"><img decoding=\"async\" class=\"wpdm_icon\" alt=\"\u00edcone\" src=\"https:\/\/pos-graduacao.uepb.edu.br\/ppgecm\/wp-content\/plugins\/download-manager\/assets\/file-type-icons\/pdf.svg\" \/><\/div>\n            <div class=\"media-body\">\n                <h3 class=\"package-title\"><a href='https:\/\/pos-graduacao.uepb.edu.br\/ppgecm\/download\/edital-ppgecem-012-2025-resultado-final-com-classificacao\/'>EDITAL\/PPGECEM 012\/2025 - RESULTADO FINAL COM CLASSIFICA\u00c7\u00c3O<\/a><\/h3>\n                <div class=\"text-muted text-small\"><i class=\"fas fa-copy\"><\/i> 1  arquivo(s) <i class=\"fas fa-hdd ml-3\"><\/i> 74.13 KB<\/div>\n            <\/div>\n            <div class=\"ml-3\">\n                <a class='wpdm-download-link download-on-click btn btn-primary ' rel='nofollow' href='#' data-downloadurl=\"https:\/\/pos-graduacao.uepb.edu.br\/ppgecm\/download\/edital-ppgecem-012-2025-resultado-final-com-classificacao\/?wpdmdl=6567&refresh=69d27d74f18371775402356\">Download<\/a>\n            <\/div>\n        <\/div>\n    <\/div>\n<\/div>\n\n<\/div><div class='col-lg-12 col-md-6 col-12'><!-- WPDM Link Template: Default Template -->\n\n<div class=\"link-template-default card mb-2\">\n    <div class=\"card-body\">\n        <div class=\"media\">\n            <div class=\"mr-3 img-48\"><img decoding=\"async\" class=\"wpdm_icon\" alt=\"\u00edcone\" src=\"https:\/\/pos-graduacao.uepb.edu.br\/ppgecm\/wp-content\/plugins\/download-manager\/assets\/file-type-icons\/pdf.svg\" \/><\/div>\n            <div class=\"media-body\">\n                <h3 class=\"package-title\"><a href='https:\/\/pos-graduacao.uepb.edu.br\/ppgecm\/download\/edital-geral-renoen-002-2025-resultado-resultado-final-apos-recursos-polo-uepb-turma-2026-1\/'>EDITAL GERAL RENOEN 002\/2025 - RESULTADO RESULTADO FINAL AP\u00d3S RECURSOS POLO UEPB \u2013 TURMA 2026.1<\/a><\/h3>\n                <div class=\"text-muted text-small\"><i class=\"fas fa-copy\"><\/i> 1  arquivo(s) <i class=\"fas fa-hdd ml-3\"><\/i> 100.31 KB<\/div>\n            <\/div>\n            <div class=\"ml-3\">\n                <a class='wpdm-download-link download-on-click btn btn-primary ' rel='nofollow' href='#' data-downloadurl=\"https:\/\/pos-graduacao.uepb.edu.br\/ppgecm\/download\/edital-geral-renoen-002-2025-resultado-resultado-final-apos-recursos-polo-uepb-turma-2026-1\/?wpdmdl=6564&refresh=69d27d74f23ce1775402356\">Download<\/a>\n            <\/div>\n        <\/div>\n    <\/div>\n<\/div>\n\n<\/div><div class='col-lg-12 col-md-6 col-12'><!-- WPDM Link Template: Default Template -->\n\n<div class=\"link-template-default card mb-2\">\n    <div class=\"card-body\">\n        <div class=\"media\">\n            <div class=\"mr-3 img-48\"><img decoding=\"async\" class=\"wpdm_icon\" alt=\"\u00edcone\" src=\"https:\/\/pos-graduacao.uepb.edu.br\/ppgecm\/wp-content\/plugins\/download-manager\/assets\/file-type-icons\/pdf.svg\" \/><\/div>\n            <div class=\"media-body\">\n                <h3 class=\"package-title\"><a href='https:\/\/pos-graduacao.uepb.edu.br\/ppgecm\/download\/edital-ppgecem-013-2025-resultado-dos-recursos-interpostos-ao-resultado-da-entrevista\/'>EDITAL\/PPGECEM 013\/2025 - RESULTADO DOS RECURSOS INTERPOSTOS AO RESULTADO DA ENTREVISTA<\/a><\/h3>\n                <div class=\"text-muted text-small\"><i class=\"fas fa-copy\"><\/i> 1  arquivo(s) <i class=\"fas fa-hdd ml-3\"><\/i> 81.66 KB<\/div>\n            <\/div>\n            <div class=\"ml-3\">\n                <a class='wpdm-download-link download-on-click btn btn-primary ' rel='nofollow' href='#' data-downloadurl=\"https:\/\/pos-graduacao.uepb.edu.br\/ppgecm\/download\/edital-ppgecem-013-2025-resultado-dos-recursos-interpostos-ao-resultado-da-entrevista\/?wpdmdl=6557&refresh=69d27d74f2f9b1775402356\">Download<\/a>\n            <\/div>\n        <\/div>\n    <\/div>\n<\/div>\n\n<\/div><\/div>            <div style='clear:both'><\/div><div class='text-center'><ul class='pagination wpdm-pagination pagination-centered text-center'><li><span aria-current=\"page\" class=\"page-numbers current\">1<\/span><\/li><li><a data-container='#content_wpdm_package_1' class=\"page-numbers\" href=\"https:\/\/pos-graduacao.uepb.edu.br\/ppgecm\/wp-json\/wp\/v2\/pages\/5738\/?cp=2\">2<\/a><\/li><li><a data-container='#content_wpdm_package_1' class=\"page-numbers\" href=\"https:\/\/pos-graduacao.uepb.edu.br\/ppgecm\/wp-json\/wp\/v2\/pages\/5738\/?cp=3\">3<\/a><\/li><li><span class=\"page-numbers dots\">&hellip;<\/span><\/li><li><a data-container='#content_wpdm_package_1' class=\"page-numbers\" href=\"https:\/\/pos-graduacao.uepb.edu.br\/ppgecm\/wp-json\/wp\/v2\/pages\/5738\/?cp=108\">108<\/a><\/li><li><a data-container='#content_wpdm_package_1' class=\"page-numbers\" href=\"https:\/\/pos-graduacao.uepb.edu.br\/ppgecm\/wp-json\/wp\/v2\/pages\/5738\/?cp=109\">109<\/a><\/li><li><a data-container='#content_wpdm_package_1' class=\"next page-numbers\" href=\"https:\/\/pos-graduacao.uepb.edu.br\/ppgecm\/wp-json\/wp\/v2\/pages\/5738\/?cp=2\"> <i style=\"display: inline-block;width: 8px;height: 8px;border-right: 2px solid;border-top: 2px solid;transform: rotate(45deg);margin-left: -2px;margin-top: -2px;\"><\/i> <\/a><\/li><\/ul><\/div><div style='clear:both'><\/div>        <\/div>\n\n        <div style='clear:both'><\/div>\n    <\/div>\n<\/div>\n[\/vc_column_text][\/vc_column][vc_column width=&#8221;1\/3&#8243;][vc_text_separator title=&#8221;Eventos&#8221; i_icon_fontawesome=&#8221;fas fa-angle-double-right&#8221; i_color=&#8221;custom&#8221; title_align=&#8221;separator_align_left&#8221; add_icon=&#8221;true&#8221; i_custom_color=&#8221;#cc0000&#8243; css=&#8221;.vc_custom_1718128009458{margin-top: 30px !important;}&#8221;]<div class=\"mdl-grid\"><div class=\"mdl-cell--12-col bloco-noticias\"><div class=\"titulo-noticia-widget\"><a href=\"https:\/\/pos-graduacao.uepb.edu.br\/ppgecm\/senecem-seminarios-nacionais-em-ensino-de-ciencias-e-educacao-matematica-06-04\/\"><h3 class=\"titulo-destaque-noticia\">SENECEM \u2013 Semin\u00e1rios Nacionais em Ensino de Ci\u00eancias e Educa\u00e7\u00e3o Matem\u00e1tica - 06\/04<\/h3><\/a><\/div><div class=\"titulo-noticia-widget\"><a href=\"https:\/\/pos-graduacao.uepb.edu.br\/ppgecm\/senecem-seminarios-nacionais-em-ensino-de-ciencias-e-educacao-matematica-30-03\/\"><h3 class=\"titulo-destaque-noticia\">SENECEM \u2013 Semin\u00e1rios Nacionais em Ensino de Ci\u00eancias e Educa\u00e7\u00e3o Matem\u00e1tica - 30\/03<\/h3><\/a><\/div><div class=\"titulo-noticia-widget\"><a href=\"https:\/\/pos-graduacao.uepb.edu.br\/ppgecm\/semestre-2026-1-ppgecem-e-renoen-ppgecem-boletim-01\/\"><h3 class=\"titulo-destaque-noticia\">Semestre 2026.1 PPGECEM e RENOEN-PPGECEM - Boletim 01<\/h3><\/a><\/div><div class=\"titulo-noticia-widget\"><a href=\"https:\/\/pos-graduacao.uepb.edu.br\/ppgecm\/convocacao-de-reuniao\/\"><h3 class=\"titulo-destaque-noticia\">CONVOCA\u00c7\u00c3O DE REUNI\u00c3O<\/h3><\/a><\/div><div class=\"titulo-noticia-widget\"><a href=\"https:\/\/pos-graduacao.uepb.edu.br\/ppgecm\/senecem-seminarios-nacionais-em-ensino-de-ciencias-e-educacao-matematica-23-03\/\"><h3 class=\"titulo-destaque-noticia\">SENECEM \u2013 Semin\u00e1rios Nacionais em Ensino de Ci\u00eancias e Educa\u00e7\u00e3o Matem\u00e1tica - 23\/03<\/h3><\/a><\/div><div class=\"titulo-noticia-widget\"><a href=\"https:\/\/pos-graduacao.uepb.edu.br\/ppgecm\/senecem-seminarios-nacionais-em-ensino-de-ciencias-e-educacao-matematica-09-03\/\"><h3 class=\"titulo-destaque-noticia\">SENECEM \u2013 Semin\u00e1rios Nacionais em Ensino de Ci\u00eancias e Educa\u00e7\u00e3o Matem\u00e1tica - 09\/03<\/h3><\/a><\/div><\/div><\/div>[vc_text_separator title=&#8221;Traduza esta p\u00e1gina&#8221; i_icon_fontawesome=&#8221;fas fa-angle-double-right&#8221; i_color=&#8221;custom&#8221; title_align=&#8221;separator_align_left&#8221; add_icon=&#8221;true&#8221; i_custom_color=&#8221;#cc0000&#8243; css=&#8221;.vc_custom_1718128131970{margin-top: 30px !important;}&#8221;][vc_column_text css=&#8221;.vc_custom_1718128221463{margin-left: 15px !important;}&#8221;]<div class=\"gtranslate_wrapper\" id=\"gt-wrapper-10902576\"><\/div>[\/vc_column_text][\/vc_column][\/vc_row]<\/p>\n<\/div>","protected":false},"excerpt":{"rendered":"<p>[vc_row gap=&#8221;30&#8243;][vc_column width=&#8221;2\/3&#8243;][vc_text_separator title=&#8221;Not\u00edcias&#8221; i_icon_fontawesome=&#8221;fas fa-angle-double-right&#8221; i_color=&#8221;custom&#8221; title_align=&#8221;separator_align_left&#8221; add_icon=&#8221;true&#8221; i_custom_color=&#8221;#cc0000&#8243; css=&#8221;.vc_custom_1718127523106{margin-top: 30px !important;}&#8221;][\/vc_column][vc_column width=&#8221;1\/3&#8243;][vc_text_separator title=&#8221;Links \u00dateis&#8221; i_icon_fontawesome=&#8221;fas fa-angle-double-right&#8221; i_color=&#8221;custom&#8221; title_align=&#8221;separator_align_left&#8221; add_icon=&#8221;true&#8221; i_custom_color=&#8221;#cc0000&#8243; css=&#8221;.vc_custom_1718127553764{margin-top: 30px !important;}&#8221;][vc_btn title=&#8221;CAPES&#8221; shape=&#8221;square&#8221; color=&#8221;blue&#8221; size=&#8221;lg&#8221; align=&#8221;left&#8221; button_block=&#8221;true&#8221; link=&#8221;url:http%3A%2F%2Fwww.capes.gov.br%2F|target:_blank&#8221; css=&#8221;.vc_custom_1718127626341{margin-bottom: 5px !important;}&#8221;][vc_btn title=&#8221;CNPq&#8221; shape=&#8221;square&#8221; color=&#8221;primary&#8221; size=&#8221;lg&#8221; align=&#8221;left&#8221; button_block=&#8221;true&#8221; link=&#8221;url:http%3A%2F%2Fwww.cnpq.br%2F|target:_blank&#8221; css=&#8221;.vc_custom_1718127656405{margin-bottom: 5px !important;}&#8221;][vc_btn title=&#8221;Plataforma Lattes&#8221; shape=&#8221;square&#8221; color=&#8221;info&#8221; size=&#8221;lg&#8221; align=&#8221;left&#8221; button_block=&#8221;true&#8221; link=&#8221;url:http%3A%2F%2Flattes.cnpq.br%2F|target:_blank&#8221; css=&#8221;.vc_custom_1718127698818{margin-bottom: 5px <a class=\"leiamais\" href=\"https:\/\/pos-graduacao.uepb.edu.br\/ppgecm\/\">Leia Mais&#8230;<\/a><\/p>\n","protected":false},"author":5,"featured_media":0,"parent":0,"menu_order":0,"comment_status":"closed","ping_status":"closed","template":"","meta":{"footnotes":""},"class_list":["post-5738","page","type-page","status-publish","hentry"],"_links":{"self":[{"href":"https:\/\/pos-graduacao.uepb.edu.br\/ppgecm\/wp-json\/wp\/v2\/pages\/5738","targetHints":{"allow":["GET"]}}],"collection":[{"href":"https:\/\/pos-graduacao.uepb.edu.br\/ppgecm\/wp-json\/wp\/v2\/pages"}],"about":[{"href":"https:\/\/pos-graduacao.uepb.edu.br\/ppgecm\/wp-json\/wp\/v2\/types\/page"}],"author":[{"embeddable":true,"href":"https:\/\/pos-graduacao.uepb.edu.br\/ppgecm\/wp-json\/wp\/v2\/users\/5"}],"replies":[{"embeddable":true,"href":"https:\/\/pos-graduacao.uepb.edu.br\/ppgecm\/wp-json\/wp\/v2\/comments?post=5738"}],"version-history":[{"count":13,"href":"https:\/\/pos-graduacao.uepb.edu.br\/ppgecm\/wp-json\/wp\/v2\/pages\/5738\/revisions"}],"predecessor-version":[{"id":5751,"href":"https:\/\/pos-graduacao.uepb.edu.br\/ppgecm\/wp-json\/wp\/v2\/pages\/5738\/revisions\/5751"}],"wp:attachment":[{"href":"https:\/\/pos-graduacao.uepb.edu.br\/ppgecm\/wp-json\/wp\/v2\/media?parent=5738"}],"curies":[{"name":"wp","href":"https:\/\/api.w.org\/{rel}","templated":true}]}}