{"id":53,"date":"2012-01-19T15:36:12","date_gmt":"2012-01-19T15:36:12","guid":{"rendered":"http:\/\/pos-graduacao.ascom.uepb.edu.br\/ppgecm\/?page_id=53"},"modified":"2021-05-13T16:52:27","modified_gmt":"2021-05-13T19:52:27","slug":"revistas","status":"publish","type":"page","link":"https:\/\/pos-graduacao.uepb.edu.br\/ppgecm\/revistas\/","title":{"rendered":"Revistas"},"content":{"rendered":"<p>[wptabs]<\/p>\n<p>[wptabtitle]Revista Educa\u00e7\u00e3o Matem\u00e1tica em Foco[\/wptabtitle]<br \/>\n[wptabcontent]<\/p>\n<p>&nbsp;<\/p>\n<ul>\n<li>[wpfilebase tag=fileurl id=383 linktext=&#8217;Volume 5 &#8211; N\u00famero 2 &#8211; Jul\/Dez 2016&#8242; \/]<\/li>\n<li>[wpfilebase tag=fileurl id=944 linktext=&#8217;Volume 5 &#8211; N\u00famero 1 &#8211; Jan\/Jun 2016&#8242; \/]<\/li>\n<li>[wpfilebase tag=fileurl id=378 linktext=&#8217;Volume 3 &#8211; N\u00famero 2\u00a0&#8211; Jul\/Dez 2014&#8242; \/]<\/li>\n<li>[wpfilebase tag=fileurl id=359 linktext=&#8217;Volume 3 &#8211; N\u00famero 1 &#8211; Jan\/Jun 2014&#8242; \/]<\/li>\n<li>[wpfilebase tag=fileurl id=248 linktext=&#8217;Volume 2 &#8211; N\u00famero 2 &#8211; Ago\/Dez 2013&#8242; \/]<\/li>\n<li>[wpfilebase tag=fileurl id=242 linktext=&#8217;Volume 2 &#8211; N\u00famero 1 &#8211; Jan\/Jun 2013&#8242; \/]<\/li>\n<li>[wpfilebase tag=fileurl id=133 linktext=&#8217;Volume 1 &#8211; N\u00famero 2 &#8211; Ago\/Dez 2012&#8242; \/]<\/li>\n<li>[wpfilebase tag=fileurl id=63 linktext=&#8217;Volume 1 &#8211;\u00a0 N\u00famero 1 &#8211; Jan\/Jun 2012&#8242; \/]<\/li>\n<li>[wpfilebase tag=fileurl id=65 linktext=&#8217;Normas para a publica\u00e7\u00e3o de artigos na revista Educa\u00e7\u00e3o Matem\u00e1tica em Foco&#8217; \/]<\/li>\n<li>[wpfilebase tag=fileurl id=100 linktext=&#8217; Rules for Article Publication in the Educa\u00e7\u00e3o Matem\u00e1tica em Foco Journal (English)&#8217; \/]<\/li>\n<li>[wpfilebase tag=fileurl id=99 linktext=&#8217;Normas para La Publicaci\u00f3n de Art\u00edculos en la Revista Educa\u00e7\u00e3o Matem\u00e1tica em Foco (Espa\u00f1ol)&#8217; \/]<\/li>\n<\/ul>\n<p><strong>Editora chefe:<\/strong> Prof\u00aa. Dr\u00aa K\u00e1tia Maria de Medeiros<\/p>\n<p>e-mail:<a href=\"mailto:katiamedeirosuepb@gmail.com\"> katiamedeirosuepb@gmail.com<\/a><\/p>\n<p>[\/wptabcontent]<\/p>\n<p>[wptabtitle]Outras Revistas[\/wptabtitle]<br \/>\n[wptabcontent]<\/p>\n<ul>\n<li><a href=\"http:\/\/www.cienciaemtela.nutes.ufrj.br\/volume1\/2\/pesquisa_em_ensino.html\" target=\"_blank\" rel=\"noopener noreferrer\">Ci\u00eancia em Tela<\/a><\/li>\n<li><a href=\"http:\/\/www.springer.com\/education+%26+language\/mathematics+education\/journal\/10649\" target=\"_blank\" rel=\"noopener noreferrer\">Educational Studies in Mathematics<\/a><\/li>\n<li><a href=\"http:\/\/www.pg.utfpr.edu.br\/depog\/periodicos\/index.php\/rbect\" target=\"_blank\" rel=\"noopener noreferrer\">Revista Brasileira de Ensino de Ci\u00eancia e Tecnologia<\/a><\/li>\n<li><a href=\"http:\/\/www.ifrj.edu.br\/revista\/index.php\/revistacienciaseideias\/index\" target=\"_blank\" rel=\"noopener noreferrer\">Revista Ci\u00eancias &amp; Id\u00e9ias<\/a><\/li>\n<li><a href=\"http:\/\/www.if.ufrgs.br\/eenci\/\" target=\"_blank\" rel=\"noopener noreferrer\">Revista Experi\u00eancias em Ensino de Ci\u00eancias<\/a><\/li>\n<li><a href=\"http:\/\/www.if.ufrgs.br\/ienci\/?go=instrucao_autores\" target=\"_blank\" rel=\"noopener noreferrer\">Revista Investiga\u00e7\u00f5es em Ensino de Ci\u00eancias<\/a><\/li>\n<\/ul>\n<p>[\/wptabcontent]<\/p>\n<p>[\/wptabs]<\/p>\n<p>&nbsp;<\/p>\n","protected":false},"excerpt":{"rendered":"<p>[wptabs] [wptabtitle]Revista Educa\u00e7\u00e3o Matem\u00e1tica em Foco[\/wptabtitle] [wptabcontent] &nbsp; [wpfilebase tag=fileurl id=383 linktext=&#8217;Volume 5 &#8211; N\u00famero 2 &#8211; Jul\/Dez 2016&#8242; \/] [wpfilebase tag=fileurl id=944 linktext=&#8217;Volume 5 &#8211; N\u00famero 1 &#8211; Jan\/Jun 2016&#8242; \/] [wpfilebase tag=fileurl id=378 linktext=&#8217;Volume 3 &#8211; N\u00famero 2\u00a0&#8211; Jul\/Dez 2014&#8242; \/] [wpfilebase tag=fileurl id=359 linktext=&#8217;Volume 3 &#8211; N\u00famero 1 &#8211; Jan\/Jun 2014&#8242; \/] <a class=\"leiamais\" href=\"https:\/\/pos-graduacao.uepb.edu.br\/ppgecm\/revistas\/\">Leia Mais&#8230;<\/a><\/p>\n","protected":false},"author":5,"featured_media":0,"parent":0,"menu_order":0,"comment_status":"open","ping_status":"open","template":"","meta":{"footnotes":""},"class_list":["post-53","page","type-page","status-publish","hentry"],"_links":{"self":[{"href":"https:\/\/pos-graduacao.uepb.edu.br\/ppgecm\/wp-json\/wp\/v2\/pages\/53","targetHints":{"allow":["GET"]}}],"collection":[{"href":"https:\/\/pos-graduacao.uepb.edu.br\/ppgecm\/wp-json\/wp\/v2\/pages"}],"about":[{"href":"https:\/\/pos-graduacao.uepb.edu.br\/ppgecm\/wp-json\/wp\/v2\/types\/page"}],"author":[{"embeddable":true,"href":"https:\/\/pos-graduacao.uepb.edu.br\/ppgecm\/wp-json\/wp\/v2\/users\/5"}],"replies":[{"embeddable":true,"href":"https:\/\/pos-graduacao.uepb.edu.br\/ppgecm\/wp-json\/wp\/v2\/comments?post=53"}],"version-history":[{"count":34,"href":"https:\/\/pos-graduacao.uepb.edu.br\/ppgecm\/wp-json\/wp\/v2\/pages\/53\/revisions"}],"predecessor-version":[{"id":3285,"href":"https:\/\/pos-graduacao.uepb.edu.br\/ppgecm\/wp-json\/wp\/v2\/pages\/53\/revisions\/3285"}],"wp:attachment":[{"href":"https:\/\/pos-graduacao.uepb.edu.br\/ppgecm\/wp-json\/wp\/v2\/media?parent=53"}],"curies":[{"name":"wp","href":"https:\/\/api.w.org\/{rel}","templated":true}]}}