{"id":43,"date":"2012-01-19T15:15:11","date_gmt":"2012-01-19T15:15:11","guid":{"rendered":"http:\/\/pos-graduacao.ascom.uepb.edu.br\/ppgecm\/?page_id=43"},"modified":"2024-06-12T11:02:18","modified_gmt":"2024-06-12T14:02:18","slug":"inscricoes-e-selecao","status":"publish","type":"page","link":"https:\/\/pos-graduacao.uepb.edu.br\/ppgecm\/inscricoes-e-selecao\/","title":{"rendered":"Processos Seletivos"},"content":{"rendered":"<div class=\"wpb-content-wrapper\"><p>[vc_row][vc_column][vc_column_text css=&#8221;.vc_custom_1718200679352{margin-top: 30px !important;margin-bottom: 30px !important;}&#8221;]<strong>Mestrados Acad\u00eamico e Profissional em Ensino de Ci\u00eancias e Educa\u00e7\u00e3o Matem\u00e1tica<\/strong>[\/vc_column_text][vc_tta_tabs][vc_tta_section title=&#8221;2023&#8243; tab_id=&#8221;1718197287383-e9f1fb38-b854&#8243;][vc_column_text css=&#8221;.vc_custom_1718197345909{margin-top: 20px !important;}&#8221;]<\/p>\n<ul>\n<li><a href=\"https:\/\/pos-graduacao.uepb.edu.br\/ppgecm\/download\/editais\/2023.1-MESTRADO-Selecao-Edital_003_PPGECEM_MESTRADOS_Profissional_e_academico.pdf\">Edital \u2013 Sele\u00e7\u00e3o 2023<\/a><\/li>\n<li><a href=\"https:\/\/pos-graduacao.uepb.edu.br\/ppgecm\/download\/editais\/2023_Edital_003_ERRATA-MESTRADOS.pdf\">Errata N\u00ba1 \u2013 Edital 003\/2022<\/a><\/li>\n<li><a href=\"https:\/\/pos-graduacao.uepb.edu.br\/ppgecm\/download\/editais\/2023_Edital_003_termo_aditivo_001_Mestrados.pdf\">Termo aditivo 01\/2022<\/a><\/li>\n<li><a href=\"https:\/\/pos-graduacao.uepb.edu.br\/ppgecm\/download\/editais\/mestrado_homologacao_inscricoes_ME_MP_2023.pdf\">Inscri\u00e7\u00f5es Homologadas<\/a><\/li>\n<li><a href=\"https:\/\/pos-graduacao.uepb.edu.br\/ppgecm\/download\/editais\/RECURSOS_MP_ME_homologacao_inscricoes_2023.pdf\">Inscri\u00e7\u00f5es homologadas p\u00f3s recursos<\/a><\/li>\n<li><a href=\"https:\/\/pos-graduacao.uepb.edu.br\/ppgecm\/download\/editais\/MP_ME_resultado_etapa_I_prova_escrita_turmas_2023.pdf\">Resultado da prova escrita (Etapa I)<\/a><\/li>\n<li><a href=\"https:\/\/pos-graduacao.uepb.edu.br\/ppgecm\/download\/editais\/MP_ME_resultado_recursos_etapa_I_prova_escrita_turmas_2023.pdf\">Resultado da prova escrita p\u00f3s recursos<\/a><\/li>\n<li><a href=\"https:\/\/pos-graduacao.uepb.edu.br\/ppgecm\/download\/editais\/MP_ME_resultado_etapa_II_entrevistas_turmas_2023.pdf\">Resultado das entrevistas (Etapa II)<\/a><\/li>\n<li><a href=\"https:\/\/pos-graduacao.uepb.edu.br\/ppgecm\/download\/editais\/MP_ME_resultado_recursos_etapa_II_entrevista_turmas_2023.pdf\">Resultado das entrevistas p\u00f3s recursos<\/a><\/li>\n<li><a href=\"https:\/\/pos-graduacao.uepb.edu.br\/ppgecm\/download\/editais\/edital_003_resultado_final_com_classificacao_mestrados_2023.pdf\">Resultado final<\/a><\/li>\n<li><a href=\"https:\/\/pos-graduacao.uepb.edu.br\/ppgecm\/download\/editais\/edital_003_resultado_dos_recursos_ao_resultado_final_2023.pdf\">Resultado final p\u00f3s recursos<\/a><\/li>\n<li><a href=\"https:\/\/pos-graduacao.uepb.edu.br\/ppgecm\/download\/editais\/edital_003_resultado_final_apos_recursos_com_vagas_de_acoes_afirmativas_mestrados_2023.pdf\">Resultado final com vagas de a\u00e7\u00f5es afirmativas<\/a><\/li>\n<\/ul>\n<p>[\/vc_column_text][\/vc_tta_section][vc_tta_section title=&#8221;2022&#8243; tab_id=&#8221;1718197334396-e22427d8-bcce&#8221;][vc_column_text css=&#8221;.vc_custom_1718197363426{margin-top: 20px !important;}&#8221;]<\/p>\n<ul>\n<li><a href=\"https:\/\/pos-graduacao.uepb.edu.br\/ppgecm\/download\/editais\/Edital-002-PPGECEM-Selecao-2022.1-MESTRADOS-_Academico_Profissional-1.pdf\">Edital \u2013 Sele\u00e7\u00e3o 2022<\/a><\/li>\n<li><a href=\"https:\/\/pos-graduacao.uepb.edu.br\/ppgecm\/download\/editais\/mestrado_homologacao_inscricoes_ME_MP_2022.pdf\">Inscri\u00e7\u00f5es homologadas<\/a><\/li>\n<li><a href=\"https:\/\/pos-graduacao.uepb.edu.br\/ppgecm\/download\/editais\/RECURSOS_MP_ME_homologacao_inscricoes_2022.pdf\">Inscri\u00e7\u00f5es homologadas p\u00f3s recursos<\/a><\/li>\n<li><a href=\"https:\/\/pos-graduacao.uepb.edu.br\/ppgecm\/download\/editais\/MP_ME_resultado_etapa_I_prova_escrita_turmas_2022.pdf\">Resultado da prova escrita (Etapa I)<\/a><\/li>\n<li><a href=\"https:\/\/pos-graduacao.uepb.edu.br\/ppgecm\/wp-admin\/admin.php?page=wpfilebase_files&amp;action=editfile&amp;file_id=1018&amp;redirect_to=%2Fppgecm%2Fwp-admin%2Fadmin.php%3Fpage%3Dwpfilebase_files%26edited%3D1018\">Resultado da prova escrita p\u00f3s recursos<\/a><\/li>\n<li><a href=\"https:\/\/pos-graduacao.uepb.edu.br\/ppgecm\/download\/editais\/edital_002_mestrados_resultado_entrevista_turmas_2022.pdf\">Resultado das entrevistas (Etapa II)<\/a><\/li>\n<li><a href=\"https:\/\/pos-graduacao.uepb.edu.br\/ppgecm\/download\/editais\/Mestrados_resultado_recursos_a_entrevista_etapaII_2022.pdf\">Resultado das entrevistas p\u00f3s recursos<\/a><\/li>\n<li><a href=\"https:\/\/pos-graduacao.uepb.edu.br\/ppgecm\/download\/editais\/edital_002_resultado_final_mestrados_2022.pdf\">Resultado final<\/a><\/li>\n<li><a href=\"https:\/\/pos-graduacao.uepb.edu.br\/ppgecm\/download\/editais\/edital_002_resultado_final_apos_recursos_mestrados_2022.pdf\">Resultado final p\u00f3s recursos<\/a><\/li>\n<\/ul>\n<p>[\/vc_column_text][\/vc_tta_section][vc_tta_section title=&#8221;2021&#8243; tab_id=&#8221;1718197334246-392a091c-5289&#8243;][vc_column_text css=&#8221;.vc_custom_1718197381507{margin-top: 20px !important;}&#8221;]<\/p>\n<ul>\n<li><a href=\"https:\/\/pos-graduacao.uepb.edu.br\/ppgecm\/download\/editais\/PPGECEM-Selecao-para-Mestrado-Profissional-e-Academico-Turma-2021.pdf\">Edital \u2013 Sele\u00e7\u00e3o 2021<\/a><\/li>\n<li><a href=\"https:\/\/pos-graduacao.uepb.edu.br\/ppgecm\/download\/editais\/mestrado_homologacao_inscricoes_TURMAS_2021.pdf\">Inscri\u00e7\u00f5es Homologadas<\/a><\/li>\n<li><a href=\"https:\/\/pos-graduacao.uepb.edu.br\/ppgecm\/download\/editais\/Resultado_RECURSOS_MESTRADO_homologacao_inscricoes.pdf\">Recursos \u2013 Inscri\u00e7\u00f5es Homologadas<\/a><\/li>\n<li><a href=\"https:\/\/pos-graduacao.uepb.edu.br\/ppgecm\/download\/editais\/Resultado-da-prova-escrita-Mestrados-Selecao-2021.pdf\">Resultado da Prova Escrita (Etapa I)<\/a><\/li>\n<li><a href=\"https:\/\/pos-graduacao.uepb.edu.br\/ppgecm\/download\/editais\/RESULTADO-COMPLEMENTAR-Mestrado-PROVA-ESCRITA-Etapa1-EDITAL-PPGECEM-002-2020-Selecao-Mestrado-2021.pdf\">Resultado Complementar da Prova Escrita (Etapa I)<\/a><\/li>\n<li><a href=\"https:\/\/pos-graduacao.uepb.edu.br\/ppgecm\/download\/editais\/edital_002_resultado_recursos_prova_escrita.pdf\">Recursos \u2013 Prova Escrita (Etapa I)<\/a><\/li>\n<li><a href=\"https:\/\/pos-graduacao.uepb.edu.br\/ppgecm\/download\/editais\/convocacao-para-entrevista-mestrados-2021.pdf\">Convoca\u00e7\u00e3o para entrevistas \u2013 Etapa II\u00a0<\/a><\/li>\n<li><a href=\"https:\/\/pos-graduacao.uepb.edu.br\/ppgecm\/download\/editais\/edital_002_mestrados_resultado_entrevista.pdf\">Resultado \u2013 Entrevistas (Etapa II)<\/a><\/li>\n<li><a href=\"https:\/\/pos-graduacao.uepb.edu.br\/ppgecm\/download\/editais\/RESULTADOS-DOS-RECURSOS_ENTREVISTAS-MESTRADO-Etapa2-EDITAL-PPGECEM-002-2020-Selecao-Mestrado-2021.pdf\">Recursos \u2013 Entrevistas (Etapa II)<\/a><\/li>\n<li><a href=\"https:\/\/pos-graduacao.uepb.edu.br\/ppgecm\/download\/editais\/edital_002_resultado_final_mestrados_2021.pdf\">Resultado Final<\/a><\/li>\n<li><a href=\"https:\/\/pos-graduacao.uepb.edu.br\/ppgecm\/download\/editais\/edital_0022020_resultado_final_apos_recursos_mestrados_2021.pdf\">Recursos ao Resultado Final<\/a><\/li>\n<\/ul>\n<p>[\/vc_column_text][\/vc_tta_section][vc_tta_section title=&#8221;2020&#8243; tab_id=&#8221;1718197334067-7c8cf292-2a90&#8243;][vc_column_text css=&#8221;.vc_custom_1718200533882{margin-top: 20px !important;}&#8221;]<\/p>\n<ul>\n<li>Resultado final\u00a0<a href=\"https:\/\/pos-graduacao.uepb.edu.br\/ppgecm\/download\/editais\/Resultado-das-entrevistas.pdf\">(Aqui)<\/a><\/li>\n<li>Resultado da Argui\u00e7\u00e3o (<a href=\"https:\/\/pos-graduacao.uepb.edu.br\/ppgecm\/wp-admin\/post.php?post=2709&amp;action=edit\">Aqui<\/a>)<\/li>\n<li>Hor\u00e1rios das Entrevistas (<a href=\"https:\/\/pos-graduacao.uepb.edu.br\/ppgecm\/download\/editais\/Horarios-das-Entrevistas.pdf\">Aqui<\/a>)<\/li>\n<li>Resultado da prova escrita (<a href=\"https:\/\/pos-graduacao.uepb.edu.br\/ppgecm\/download\/editais\/Resultado-da-Prova-Escrita-APOS-RECURSOS.pdf\">ap\u00f3s recursos<\/a>)<\/li>\n<li>Resultado dos Recursos (<a href=\"https:\/\/pos-graduacao.uepb.edu.br\/ppgecm\/download\/Resultado-dos-Recursos.pdf\">aqui<\/a>)<\/li>\n<li>Resultado da Prova Escrita (<a href=\"https:\/\/pos-graduacao.uepb.edu.br\/ppgecm\/download\/editais\/RESULTADO-DA-PROVA-ESCRITA.pdf\">aqui<\/a>)<\/li>\n<li>Locais de Prova \u2013\u00a0<a href=\"https:\/\/pos-graduacao.uepb.edu.br\/ppgecm\/download\/editais\/Locais-de-da-Prova-Escrita-primeira-etapa.pdf\">Aqui<\/a><\/li>\n<li>Inscri\u00e7\u00f5es Homologadas \u2013\u00a0<a href=\"https:\/\/pos-graduacao.uepb.edu.br\/ppgecm\/download\/editais\/PPGECEM-INSCRICOES-HOMOLOGADAS-2020_2.pdf\">Aqui<\/a><\/li>\n<li>Processo Seletivo 2019 \u2013\u00a0<a href=\"https:\/\/pos-graduacao.uepb.edu.br\/ppgecm\/download\/edital_ppgecem_selecao_2020_publicacao.pdf\">Edital<\/a><\/li>\n<\/ul>\n<p>[\/vc_column_text][\/vc_tta_section][vc_tta_section title=&#8221;2019&#8243; tab_id=&#8221;1718200550658-6f245144-7a04&#8243;][vc_column_text css=&#8221;.vc_custom_1718200574601{margin-top: 20px !important;}&#8221;]<\/p>\n<ul>\n<li>Resultado Final (<a href=\"https:\/\/pos-graduacao.uepb.edu.br\/ppgecm\/download\/editais\/ppgecem_resultado_final_com_classificacao3_2.pdf\">Ap\u00f3s Recursos<\/a>)<\/li>\n<li>Resultado do Recursos \u2013\u00a0<a href=\"https:\/\/pos-graduacao.uepb.edu.br\/ppgecm\/download\/recursos_3.pdf\">Aqui<\/a><\/li>\n<li>Resultado Final (<a href=\"https:\/\/pos-graduacao.uepb.edu.br\/ppgecm\/download\/editais\/ppgecem_resultado_final_com_classificacao2_2.pdf\">Aqui<\/a>)<\/li>\n<li>Resultado Ap\u00f3s An\u00e1lise de T\u00edtulos \u2013\u00a0<a href=\"https:\/\/pos-graduacao.uepb.edu.br\/ppgecm\/download\/editais\/ppgecem_resultado_titulos_2019.pdf\">Aqui<\/a><\/li>\n<li>Resultado da Argui\u00e7\u00e3o \u2013\u00a0<a href=\"https:\/\/pos-graduacao.uepb.edu.br\/ppgecm\/download\/editais\/ppgecem_resultado_arguicao_2019.pdf\">Aqui<\/a><\/li>\n<li>Hor\u00e1rios das Entrevistas (<a href=\"https:\/\/pos-graduacao.uepb.edu.br\/ppgecm\/download\/Selecao_2019-Convocacao2etapa.pdf\">Segunda Etapa<\/a>)<\/li>\n<li>Resultado da Prova Escrita (<a href=\"https:\/\/pos-graduacao.uepb.edu.br\/ppgecm\/download\/ppgecem_resultado_prova_escrita_2019.pdf\">Primeira Etapa<\/a>)<\/li>\n<li>Inscri\u00e7\u00f5es Homologadas \u2013\u00a0<a href=\"https:\/\/pos-graduacao.uepb.edu.br\/ppgecm\/download\/ppgecem_inscricoes_homologadas_2019.pdf\">Aqui<\/a><\/li>\n<li>Chamada para Aluno Especial 2018.2 \u2013\u00a0<a href=\"https:\/\/pos-graduacao.uepb.edu.br\/ppgecm\/download\/editais\/Chamada-para-aluno-especial-20182.pdf\">Edital<\/a><\/li>\n<li>Processo Seletivo 2019 \u2013\u00a0<a href=\"https:\/\/pos-graduacao.uepb.edu.br\/ppgecm\/download\/editais\/PPGECEM_Edital_0012018_Selecao_2019.pdf\">Edital<\/a><\/li>\n<\/ul>\n<p>[\/vc_column_text][\/vc_tta_section][vc_tta_section title=&#8221;2018&#8243; tab_id=&#8221;1718200550211-7f40f350-d998&#8243;][vc_column_text css=&#8221;.vc_custom_1718200593587{margin-top: 20px !important;}&#8221;]<\/p>\n<ul>\n<li><a title=\"Download Edital-001-2017-Sele\u00e7\u00e3o 2018\" href=\"https:\/\/pos-graduacao.uepb.edu.br\/ppgecm\/download\/selecao_2018\/Edital-001-2017-Selecao_2018.pdf\">Edital-001-2017-Sele\u00e7\u00e3o 2018<\/a><\/li>\n<li><a title=\"Download Resultado Final - 2018\" href=\"https:\/\/pos-graduacao.uepb.edu.br\/ppgecm\/download\/selecao_2018\/Resultado-Final-2018.pdf\">Resultado Final &#8211; 2018<\/a><\/li>\n<\/ul>\n<p>[\/vc_column_text][\/vc_tta_section][vc_tta_section title=&#8221;2017&#8243; tab_id=&#8221;1718200549625-d51348ee-1fdf&#8221;][vc_column_text css=&#8221;.vc_custom_1718200614530{margin-top: 20px !important;}&#8221;]<\/p>\n<ul>\n<li><a title=\"Download Resultado Final - 2017\" href=\"https:\/\/pos-graduacao.uepb.edu.br\/ppgecm\/download\/selecao_2017\/Resultado-Final-2017.pdf\">Resultado Final &#8211; 2017<\/a><\/li>\n<li><a title=\"Download Edital 002 2016 Selecao 2017\" href=\"https:\/\/pos-graduacao.uepb.edu.br\/ppgecm\/download\/selecao_2017\/Edital_002_2016_Selecao_2017.PDF\">Edital 002 2016 Selecao 2017<\/a><\/li>\n<\/ul>\n<p>[\/vc_column_text][\/vc_tta_section][\/vc_tta_tabs][vc_column_text css=&#8221;.vc_custom_1718200822642{margin-top: 30px !important;margin-bottom: 30px !important;}&#8221;]<strong>Doutorado Profissional em Ensino de Ci\u00eancias e Educa\u00e7\u00e3o Matem\u00e1tica<\/strong>[\/vc_column_text][vc_tta_tabs][vc_tta_section title=&#8221;2023&#8243; tab_id=&#8221;1718200704206-a0efa633-48d4&#8243;][vc_column_text css=&#8221;.vc_custom_1718200740992{margin-top: 20px !important;}&#8221;]<\/p>\n<ul>\n<li><a href=\"https:\/\/pos-graduacao.uepb.edu.br\/ppgecm\/download\/editais\/2023.1-SelecaoDOUTORADO_Edital_002_PPGECEM_DOUTORADO_Profissional.pdf\">Edital \u2013 Sele\u00e7\u00e3o 2023<\/a><\/li>\n<li><a href=\"https:\/\/pos-graduacao.uepb.edu.br\/ppgecm\/download\/editais\/2023_Edital_003_ERRATA-DOUTORADO_profissional.pdf\">Errata N\u00ba1- Edital 002\/2022<\/a><\/li>\n<li><a href=\"https:\/\/pos-graduacao.uepb.edu.br\/ppgecm\/download\/editais\/2023_Edital_002_termo_aditivo_001_Doutorado_Profissional.pdf\">Termo aditivo 01\/2022<\/a><\/li>\n<li><a href=\"https:\/\/pos-graduacao.uepb.edu.br\/ppgecm\/inscricoes-homologadas-processo-seletivo-doutorado-profissional\/\">Inscri\u00e7\u00f5es Homologadas<\/a><\/li>\n<li><a href=\"https:\/\/pos-graduacao.uepb.edu.br\/ppgecm\/download\/editais\/RECURSOS_doutorado_homologacao_inscricoes_2023.pdf\">Inscri\u00e7\u00f5es homologadas p\u00f3s recursos<\/a><\/li>\n<li><a href=\"https:\/\/pos-graduacao.uepb.edu.br\/ppgecm\/download\/editais\/DP_resultado_prova_escrita_2023.pdf\">Resultado da prova escrita (Etapa I)<\/a><\/li>\n<li><a href=\"https:\/\/pos-graduacao.uepb.edu.br\/ppgecm\/download\/editais\/DP_resultado_apos_recursos_prova_escrita_2023-1.pdf\">Resultado da prova escrita p\u00f3s recursos<\/a><\/li>\n<li><a href=\"https:\/\/pos-graduacao.uepb.edu.br\/ppgecm\/download\/editais\/DP_resultado_ETAPAII_projeto_de_pesquisa_2023.pdf\">Resultado da an\u00e1lise do projeto de pesquisa (etapa II)<\/a><\/li>\n<li><a href=\"https:\/\/pos-graduacao.uepb.edu.br\/ppgecm\/download\/editais\/DP_resultado_de_recursos_projeto_de_pesquisa_2023.pdf\">Resultado da an\u00e1lise do projeto de pesquisa p\u00f3s recursos<\/a><\/li>\n<li><a href=\"https:\/\/pos-graduacao.uepb.edu.br\/ppgecm\/download\/editais\/DP_resultado_ETAPAIII_entrevistas_2023.pdf\">Resultado das entrevistas (Etapa III)<\/a><\/li>\n<li><a href=\"https:\/\/pos-graduacao.uepb.edu.br\/ppgecm\/download\/editais\/DP_resultado_recursos_interpostos_ETAPAIII_2023.pdf\">Resultado das entrevistas p\u00f3s recursos<\/a><\/li>\n<li><a href=\"https:\/\/pos-graduacao.uepb.edu.br\/ppgecm\/download\/editais\/DP_RETIFICADO_resultado_final_com_classificacao_2023.pdf\">Resultado final<\/a><\/li>\n<li><a href=\"https:\/\/pos-graduacao.uepb.edu.br\/ppgecm\/download\/editais\/DP_resultado_recursos_interpostos_FINAL_2023.pdf\">Resultado final p\u00f3s recursos<\/a><\/li>\n<\/ul>\n<p>[\/vc_column_text][\/vc_tta_section][vc_tta_section title=&#8221;2022&#8243; tab_id=&#8221;1718200704242-03b8429c-9e6b&#8221;][vc_column_text css=&#8221;.vc_custom_1718200756946{margin-top: 20px !important;}&#8221;]<\/p>\n<ul>\n<li><a href=\"https:\/\/pos-graduacao.uepb.edu.br\/ppgecm\/download\/editais\/Edital-001-2021-PPGECEM_Doutorado_Profissional_2022.pdf\">Edital \u2013 Sele\u00e7\u00e3o 2022<\/a><\/li>\n<li><a href=\"https:\/\/pos-graduacao.uepb.edu.br\/ppgecm\/download\/editais\/HOMOLOGACAO-DAS-INSCRICOES-Edital-001-2021-PPGECEM_Doutorado_Profissional_2022_2.pdf\">Inscri\u00e7\u00f5es Homologadas<\/a><\/li>\n<li><a href=\"https:\/\/pos-graduacao.uepb.edu.br\/ppgecm\/download\/editais\/RECURSOS-DOUTORADOS-HOMOLOGACAO-INSCRICAO-EDITAL-001-2021-Selecao-2022.pdf\">Inscri\u00e7\u00f5es Homologadas p\u00f3s recursos<\/a><\/li>\n<li><a href=\"https:\/\/pos-graduacao.uepb.edu.br\/ppgecm\/download\/editais\/DP_resultado_prova_escrita_2022.pdf\">Resultado da prova escrita (etapa I)<\/a><\/li>\n<li><a href=\"https:\/\/pos-graduacao.uepb.edu.br\/ppgecm\/download\/editais\/EDITAL001_2021_turma_2022_DP_resultado_recursos_etapa1.pdf\">Resultado da prova escrita p\u00f3s recursos<\/a><\/li>\n<li><a href=\"https:\/\/pos-graduacao.uepb.edu.br\/ppgecm\/download\/editais\/DP_resultado_projeto_de_pesquisa_2022.pdf\">Resultado da an\u00e1lise do projeto de pesquisa (etapa II)<\/a><\/li>\n<li><a href=\"https:\/\/pos-graduacao.uepb.edu.br\/ppgecm\/download\/editais\/DP_resultado_recursos_etapa2_turma_2022.pdf\">Resultado da an\u00e1lise do projeto de pesquisa p\u00f3s recursos<\/a><\/li>\n<li><a href=\"https:\/\/pos-graduacao.uepb.edu.br\/ppgecm\/download\/editais\/DP_resultado_entrevistas_turma_2022.pdf\">Resultado das entrevistas (etapa III)<\/a><\/li>\n<li><a href=\"https:\/\/pos-graduacao.uepb.edu.br\/ppgecm\/download\/editais\/doutorado_resultado_recursos_a_entrevista_etapaIII_2022.pdf\">Resultado das entrevista p\u00f3s recursos<\/a><\/li>\n<li><a href=\"https:\/\/pos-graduacao.uepb.edu.br\/ppgecm\/download\/editais\/edital_001_resultado_final_doutorado_2022.pdf\">Resultado final<\/a><\/li>\n<li><a href=\"https:\/\/pos-graduacao.uepb.edu.br\/ppgecm\/download\/editais\/edital_001_resultado_final_apos_recursos_doutorado_2022.pdf\">Resultado final p\u00f3s recursos<\/a><\/li>\n<\/ul>\n<p>[\/vc_column_text][\/vc_tta_section][vc_tta_section title=&#8221;2021&#8243; tab_id=&#8221;1718200704268-4d34dd25-f428&#8243;][vc_column_text css=&#8221;.vc_custom_1718200780578{margin-top: 20px !important;}&#8221;]<\/p>\n<ul>\n<li><a href=\"https:\/\/pos-graduacao.uepb.edu.br\/ppgecm\/download\/editais\/Doutorado-Profissional-em-Ensino-de-Ciencias-e-Educacao-Matematica-Turma-2021-Edital-de-Selecao.pdf\">Edital \u2013 Sele\u00e7\u00e3o 2021<\/a><\/li>\n<li><a href=\"https:\/\/pos-graduacao.uepb.edu.br\/ppgecm\/download\/editais\/doutorado2021_homologacao_inscricoes.pdf\">Inscri\u00e7\u00f5es Homologadas<\/a><\/li>\n<li><a href=\"https:\/\/pos-graduacao.uepb.edu.br\/ppgecm\/download\/editais\/Resultado-dos-RECURSOS_doutorado_homologacao_inscricoes_3.pdf\">Inscri\u00e7\u00f5es Homologadas (p\u00f3s recursos)<\/a><\/li>\n<li><a href=\"https:\/\/pos-graduacao.uepb.edu.br\/ppgecm\/download\/editais\/resultado_prova_escrita.pdf\">Resultado da Prova Escrita (Etapa I)<\/a><\/li>\n<li><a href=\"https:\/\/pos-graduacao.uepb.edu.br\/ppgecm\/download\/editais\/RECURSOS-Etapa1-Prova-Escrita-EDITAL-PPGECEM-001-2020-Selecao-Doutorado-2021.pdf\">Recursos \u2013 Prova Escrita (Etapa I)<\/a><\/li>\n<li><a href=\"https:\/\/pos-graduacao.uepb.edu.br\/ppgecm\/download\/editais\/resultado_etapa_II_projeto_de_pesquisa.pdf\">Resultado dos Projetos de Pesquisa (Etapa II)<\/a><\/li>\n<li><a href=\"https:\/\/pos-graduacao.uepb.edu.br\/ppgecm\/download\/editais\/Resultado-dos-recursos-etapa2-doutorado-2021.pdf\">Recursos \u2013 Resultado dos Projetos de Pesquisa (Etapa II)<\/a><\/li>\n<li><a href=\"https:\/\/pos-graduacao.uepb.edu.br\/ppgecm\/download\/editais\/doutorado-2021-convocacao-para-entrevista.pdf\">Convoca\u00e7\u00e3o para entrevistas \u2013 Etapa III<\/a><\/li>\n<li><a href=\"https:\/\/pos-graduacao.uepb.edu.br\/ppgecm\/download\/editais\/resultado_etapa_III_entrevista_doutorado.pdf\">Resultado \u2013 Entrevistas (Etapa III)<\/a><\/li>\n<li><a href=\"https:\/\/pos-graduacao.uepb.edu.br\/ppgecm\/download\/editais\/doutorado_resultado_recursos_a_entrevista_etapaIII.pdf\">Recursos \u2013 Entrevistas (Etapa III)<\/a><\/li>\n<li><a href=\"https:\/\/pos-graduacao.uepb.edu.br\/ppgecm\/download\/editais\/edital_001_resultado_final_doutorado_2021.pdf\">Resultado Final<\/a><\/li>\n<li><a href=\"https:\/\/pos-graduacao.uepb.edu.br\/ppgecm\/download\/editais\/edital-0012020-resultado_recursos_ao_resultado_final-doutorado_2021.pdf\">Recursos ao Resultado Final<\/a><\/li>\n<\/ul>\n<p>[\/vc_column_text][\/vc_tta_section][\/vc_tta_tabs][vc_column_text css=&#8221;.vc_custom_1718200852344{margin-top: 30px !important;margin-bottom: 30px !important;}&#8221;]<strong>Doutorado\u00a0 \u2013 Rede Nordeste de Ensino\u00a0 (RENOEN)<\/strong>[\/vc_column_text][vc_tta_tabs][vc_tta_section title=&#8221;2023&#8243; tab_id=&#8221;1718200862156-edd51eb7-6eb6&#8243;][vc_column_text css=&#8221;.vc_custom_1718200940137{margin-top: 20px !important;}&#8221;]<\/p>\n<ul>\n<li><a href=\"https:\/\/pos-graduacao.uepb.edu.br\/ppgecm\/download\/editais\/Edital_01_2022_RENOEN_GERAL.pdf\">Edital de abertura<\/a><\/li>\n<li><a href=\"https:\/\/pos-graduacao.uepb.edu.br\/ppgecm\/download\/editais\/Edital_01_2022_RENOEN_homologacao_das_inscricoes.pdf\">Inscri\u00e7\u00f5es Homologadas<\/a><\/li>\n<li><a href=\"https:\/\/pos-graduacao.uepb.edu.br\/ppgecm\/download\/editais\/Edital_01_2022_RENOEN_inscricoes_homologadas_apos_recursos_turma2023.pdf\">Inscri\u00e7\u00f5es Homologadas (P\u00f3s recursos)<\/a><\/li>\n<li><a href=\"https:\/\/pos-graduacao.uepb.edu.br\/ppgecm\/download\/editais\/Edital_01_2022_RENOEN_resultado_etapa1.pdf\">Resultado do Pr\u00e9-projeto de pesquisa (Etapa I)<\/a><\/li>\n<li><a href=\"https:\/\/pos-graduacao.uepb.edu.br\/ppgecm\/download\/editais\/Edital_01_2022_RENOEN_RESULTADO_dos_recursos_etapa1_e_CONVOCACAO_etapa2.pdf\">Resultado da Etapa I ap\u00f3s recursos e Convoca\u00e7\u00e3o para etapa II<\/a><\/li>\n<li><a href=\"https:\/\/pos-graduacao.uepb.edu.br\/ppgecm\/download\/editais\/Edital_01_2022_RENOEN_resultado_etapa2.pdf\">Resultado da defesa do pr\u00e9-projeto e argui\u00e7\u00e3o (Etapa II)<\/a><\/li>\n<li><a href=\"https:\/\/pos-graduacao.uepb.edu.br\/ppgecm\/download\/editais\/Edital_01_2022_RENOEN_RESULTADO_apos_recursos_etapa2.pdf\">Resultado da Etapa II p\u00f3s recursos<\/a><\/li>\n<li><a href=\"https:\/\/pos-graduacao.uepb.edu.br\/ppgecm\/download\/editais\/Edital_01_2022_RENOEN_resultado_etapa3.pdf\">Resultado da avalia\u00e7\u00e3o curricular (Etapa III)<\/a><\/li>\n<li><a href=\"https:\/\/pos-graduacao.uepb.edu.br\/ppgecm\/download\/editais\/Edital_01_2022_RENOEN_resultado_recursos_etapa3.pdf\">Resultado da Etapa III p\u00f3s recursos<\/a><\/li>\n<li><a href=\"https:\/\/pos-graduacao.uepb.edu.br\/ppgecm\/download\/editais\/Edital_01_2022_RENOEN_resultado_final.pdf\">Resultado final<\/a><\/li>\n<li><a href=\"https:\/\/pos-graduacao.uepb.edu.br\/ppgecm\/download\/editais\/Edital_01_2022_RENOEN_resultado_final_apos_recursos-1.pdf\">Resultado final ap\u00f3s recursos<\/a><\/li>\n<\/ul>\n<p>[\/vc_column_text][\/vc_tta_section][vc_tta_section title=&#8221;2021.2\/2022.1&#8243; tab_id=&#8221;1718200862186-3b6eba62-97b6&#8243;][vc_column_text css=&#8221;.vc_custom_1718200915137{margin-top: 20px !important;}&#8221;]<\/p>\n<ul>\n<li><a href=\"https:\/\/pos-graduacao.uepb.edu.br\/ppgecm\/?wpfb_dl=935\">Edital de Abertura<\/a><\/li>\n<li><a href=\"https:\/\/pos-graduacao.uepb.edu.br\/ppgecm\/?wpfb_dl=955\">Inscri\u00e7\u00f5es Homologadas<\/a><\/li>\n<li><a href=\"https:\/\/pos-graduacao.uepb.edu.br\/ppgecm\/?wpfb_dl=956\">Inscri\u00e7\u00f5es Homologadas (P\u00f3s recursos)<\/a><\/li>\n<li><a href=\"https:\/\/pos-graduacao.uepb.edu.br\/ppgecm\/download\/editais\/Edital_01_2021_RENOEN-UEPB-Etapa-I-RESULTADO-PRE-PROJETO-DE-PESQUISA.pdf\">Resultado do Pr\u00e9-projeto de pesquisa (Etapa I)<\/a><\/li>\n<li><a href=\"https:\/\/pos-graduacao.uepb.edu.br\/ppgecm\/download\/editais\/Etapa-1-RESULTADO-APOS-RECURSOS-E-CONVOCACAO-PARA-ETAPA-2-Edital_01_2021_RENOEN-UEPB.pdf\">Resultado da Etapa I ap\u00f3s recursos e Convoca\u00e7\u00e3o para Etapa II<\/a><\/li>\n<li><a href=\"https:\/\/pos-graduacao.uepb.edu.br\/ppgecm\/download\/editais\/Etapa-2-RESULTADO-RENOEN-da-Etapa-2-EliminatoriaE28093-Defesa-do-pre-projeto-e-arguicao-EDITAL-GERAL-RENOEN-001-2021.pdf\">Resultado da Defesa do Pr\u00e9-projeto e argui\u00e7\u00e3o (Etapa II)<\/a><\/li>\n<li><a href=\"https:\/\/pos-graduacao.uepb.edu.br\/ppgecm\/download\/editais\/Etapa-2-RESULTADO-APOS-RECURSOS-EDITAL-GERAL-RENOEN-001-2021-1.pdf\">Resultado da Etapa II ap\u00f3s recursos<\/a><\/li>\n<li><a href=\"https:\/\/pos-graduacao.uepb.edu.br\/ppgecm\/download\/editais\/Etapa-3-RESULTADO-Etapa-3-CLASSIFICATORIA-EDITAL-GERAL-RENOEN-001-2021.pdf\">Resultado da Avalia\u00e7\u00e3o curricular (Etapa III)<\/a><\/li>\n<li><a href=\"https:\/\/pos-graduacao.uepb.edu.br\/ppgecm\/download\/editais\/Etapa-3-RESULTADO-APOS-RECURSO-Etapa-3-CLASSIFICATORIA-EDITAL-GERAL-RENOEN-001-2021.pdf\">Resultado da Etapa III ap\u00f3s recursos<\/a><\/li>\n<li><a href=\"https:\/\/pos-graduacao.uepb.edu.br\/ppgecm\/download\/editais\/RESULTADO-FINAL-EDITAL-GERAL-RENOEN-001-2021.pdf\">Resultado Final<\/a><\/li>\n<li><a href=\"https:\/\/pos-graduacao.uepb.edu.br\/ppgecm\/download\/editais\/RESULTADO-FINAL-APOS-RECURSOS-EDITAL-GERAL-RENOEN-001-2021.pdf\">Resultado Final ap\u00f3s recursos<\/a><\/li>\n<\/ul>\n<p>[\/vc_column_text][\/vc_tta_section][\/vc_tta_tabs][\/vc_column][\/vc_row]<\/p>\n<\/div>","protected":false},"excerpt":{"rendered":"<p>[vc_row][vc_column][vc_column_text css=&#8221;.vc_custom_1718200679352{margin-top: 30px !important;margin-bottom: 30px !important;}&#8221;]Mestrados Acad\u00eamico e Profissional em Ensino de Ci\u00eancias e Educa\u00e7\u00e3o Matem\u00e1tica[\/vc_column_text][vc_tta_tabs][vc_tta_section title=&#8221;2023&#8243; tab_id=&#8221;1718197287383-e9f1fb38-b854&#8243;][vc_column_text css=&#8221;.vc_custom_1718197345909{margin-top: 20px !important;}&#8221;] Edital \u2013 Sele\u00e7\u00e3o 2023 Errata N\u00ba1 \u2013 Edital 003\/2022 Termo aditivo 01\/2022 Inscri\u00e7\u00f5es Homologadas Inscri\u00e7\u00f5es homologadas p\u00f3s recursos Resultado da prova escrita (Etapa I) Resultado da prova escrita p\u00f3s recursos Resultado das entrevistas (Etapa <a class=\"leiamais\" href=\"https:\/\/pos-graduacao.uepb.edu.br\/ppgecm\/inscricoes-e-selecao\/\">Leia Mais&#8230;<\/a><\/p>\n","protected":false},"author":5,"featured_media":0,"parent":0,"menu_order":0,"comment_status":"open","ping_status":"open","template":"","meta":{"footnotes":""},"class_list":["post-43","page","type-page","status-publish","hentry"],"_links":{"self":[{"href":"https:\/\/pos-graduacao.uepb.edu.br\/ppgecm\/wp-json\/wp\/v2\/pages\/43","targetHints":{"allow":["GET"]}}],"collection":[{"href":"https:\/\/pos-graduacao.uepb.edu.br\/ppgecm\/wp-json\/wp\/v2\/pages"}],"about":[{"href":"https:\/\/pos-graduacao.uepb.edu.br\/ppgecm\/wp-json\/wp\/v2\/types\/page"}],"author":[{"embeddable":true,"href":"https:\/\/pos-graduacao.uepb.edu.br\/ppgecm\/wp-json\/wp\/v2\/users\/5"}],"replies":[{"embeddable":true,"href":"https:\/\/pos-graduacao.uepb.edu.br\/ppgecm\/wp-json\/wp\/v2\/comments?post=43"}],"version-history":[{"count":112,"href":"https:\/\/pos-graduacao.uepb.edu.br\/ppgecm\/wp-json\/wp\/v2\/pages\/43\/revisions"}],"predecessor-version":[{"id":5757,"href":"https:\/\/pos-graduacao.uepb.edu.br\/ppgecm\/wp-json\/wp\/v2\/pages\/43\/revisions\/5757"}],"wp:attachment":[{"href":"https:\/\/pos-graduacao.uepb.edu.br\/ppgecm\/wp-json\/wp\/v2\/media?parent=43"}],"curies":[{"name":"wp","href":"https:\/\/api.w.org\/{rel}","templated":true}]}}