{"id":2983,"date":"2020-08-27T12:16:55","date_gmt":"2020-08-27T15:16:55","guid":{"rendered":"https:\/\/pos-graduacao.uepb.edu.br\/ppgecm\/?page_id=2983"},"modified":"2024-06-12T16:17:06","modified_gmt":"2024-06-12T19:17:06","slug":"mestrado-profissional","status":"publish","type":"page","link":"https:\/\/pos-graduacao.uepb.edu.br\/ppgecm\/mestrado-profissional\/","title":{"rendered":"Mestrado Profissional"},"content":{"rendered":"<div class=\"wpb-content-wrapper\"><p>[vc_row][vc_column width=&#8221;1\/2&#8243;][vc_column_text]<strong>PERCURSO FORMATIVO DO MESTRADO PROFISSIONAL<\/strong><\/p>\n<p>Para integraliza\u00e7\u00e3o do curso de Mestrado Profissional, o candidato dever\u00e1 cumprir 66 cr\u00e9ditos, sendo:<\/p>\n<ul>\n<li>Disciplinas*: 30 cr\u00e9ditos<\/li>\n<li>Est\u00e1gio Docente: 2 cr\u00e9ditos<\/li>\n<li>Produto ou Processo Educacional e Disserta\u00e7\u00e3o de Mestrado: 34 cr\u00e9ditos<\/li>\n<\/ul>\n<p><strong>\u00a0<\/strong><strong>* <\/strong>Os 30 cr\u00e9ditos em disciplinas devem possuir, no m\u00ednimo, a seguinte composi\u00e7\u00e3o:<\/p>\n<ul>\n<li>Disciplinas obrigat\u00f3rias (OB): 8 cr\u00e9ditos<\/li>\n<li>Disciplinas de \u00c1rea de Concentra\u00e7\u00e3o (AC): 8 cr\u00e9ditos<\/li>\n<li>Disciplinas de Linha de Pesquisa (LP): 4 cr\u00e9ditos<\/li>\n<li>Disciplinas Optativas (OP): 8 cr\u00e9ditos<\/li>\n<li>Semin\u00e1rios Nacionais em Ensino de Ci\u00eancias e Educa\u00e7\u00e3o Matem\u00e1tica (SENECEM): 2 cr\u00e9ditos<\/li>\n<\/ul>\n<p><strong>Lembramos que:<\/strong><\/p>\n<ul>\n<li>Cada cr\u00e9dito corresponde a 15 h\/aula.<\/li>\n<li>Os SENECEM s\u00e3o oferecidos todos os semestres, equivalendo a um cr\u00e9dito por semestre.<\/li>\n<li>Qualquer disciplina de AC ou LP cursada adicionalmente pode ser contabilizada como OP.<\/li>\n<\/ul>\n<p>[\/vc_column_text][\/vc_column][vc_column width=&#8221;1\/2&#8243;][vc_column_text]<strong>Rela\u00e7\u00e3o de disciplinas<\/strong>[\/vc_column_text][vc_tta_accordion title_tag=&#8221;h3&#8243; section_title_tag=&#8221;h2&#8243; style=&#8221;modern&#8221; shape=&#8221;square&#8221; c_icon=&#8221;triangle&#8221; active_section=&#8221;&#8221; collapsible_all=&#8221;true&#8221; css=&#8221;.vc_custom_1718212456309{margin-top: 30px !important;}&#8221;][vc_tta_section title=&#8221;SENECEM&#8221; tab_id=&#8221;1718202418227-478a3f3d-1650&#8243;][vc_column_text]<\/p>\n<ol>\n<li>Semin\u00e1rios Nacionais de Ensino de Ci\u00eancias e Educa\u00e7\u00e3o Matem\u00e1tica<\/li>\n<\/ol>\n<p>[\/vc_column_text][\/vc_tta_section][vc_tta_section title=&#8221;Disciplinas Obrigat\u00f3rias (OB)&#8221; tab_id=&#8221;1718202438083-6d3e8664-1df3&#8243;][vc_column_text]<\/p>\n<ol>\n<li>Metodologia da Pesquisa em Ensino de Ci\u00eancias e Matem\u00e1tica<\/li>\n<li>Teorias da Aprendizagem no Ensino de Ci\u00eancias e Matem\u00e1tica<\/li>\n<\/ol>\n<p>[\/vc_column_text][\/vc_tta_section][vc_tta_section title=&#8221;Disciplinas de Linha de Pesquisa (LP)&#8221; tab_id=&#8221;1718202474358-0f780dd6-cd93&#8243;][vc_column_text]<\/p>\n<ol>\n<li>Hist\u00f3ria e Filosofia das Ci\u00eancias e da Matem\u00e1tica<\/li>\n<li>Tecnologias de Informa\u00e7\u00e3o e Comunica\u00e7\u00e3o e a Pr\u00e1tica Docente<\/li>\n<li>Metodologia e Did\u00e1tica no Ensino de Ci\u00eancias e Matem\u00e1tica<\/li>\n<li>Tecnologias e Educa\u00e7\u00e3o Matem\u00e1tica<\/li>\n<li>Filosofias da Matem\u00e1tica e da Educa\u00e7\u00e3o Matem\u00e1tica<\/li>\n<\/ol>\n<p>[\/vc_column_text][\/vc_tta_section][\/vc_tta_accordion][vc_column_text css=&#8221;.vc_custom_1718202925198{margin-top: 30px !important;margin-bottom: 30px !important;}&#8221;]<strong>Disciplinas por \u00c1rea de Concentra\u00e7\u00e3o (AC)<\/strong>[\/vc_column_text][vc_tta_accordion title_tag=&#8221;h3&#8243; section_title_tag=&#8221;h2&#8243; style=&#8221;modern&#8221; shape=&#8221;square&#8221; c_icon=&#8221;triangle&#8221; active_section=&#8221;&#8221; collapsible_all=&#8221;true&#8221;][vc_tta_section title=&#8221;Educa\u00e7\u00e3o Matem\u00e1tica&#8221; tab_id=&#8221;1718212334658-a63af86b-2aee&#8221;][vc_column_text]<\/p>\n<ol>\n<li>Fundamentos de Teoria dos N\u00fameros<\/li>\n<li>Fundamentos de \u00c1lgebra<\/li>\n<li>T\u00f3picos de Geometria<\/li>\n<li>T\u00f3picos de An\u00e1lise<\/li>\n<li>Ensino-Aprendizagem de Matem\u00e1tica no Ensino Fundamental e M\u00e9dio<\/li>\n<\/ol>\n<p>[\/vc_column_text][\/vc_tta_section][vc_tta_section title=&#8221;Ensino de F\u00edsica&#8221; tab_id=&#8221;1718212334677-28fdfbac-e57f&#8221;][vc_column_text]<\/p>\n<ol>\n<li>F\u00edsica no Ensino M\u00e9dio.<\/li>\n<li>T\u00f3picos de F\u00edsica Cl\u00e1ssica<\/li>\n<li>T\u00f3picos de F\u00edsica Moderna e Contempor\u00e2nea<\/li>\n<li>Laborat\u00f3rio Did\u00e1tico e Ensino de F\u00edsica<\/li>\n<\/ol>\n<p>[\/vc_column_text][\/vc_tta_section][vc_tta_section title=&#8221;Educa\u00e7\u00e3o Biol\u00f3gica&#8221; tab_id=&#8221;1718212334695-26e89295-8116&#8243;][vc_column_text]<\/p>\n<ol>\n<li>Epistemologia, Hist\u00f3ria e Natureza da Ci\u00eancia no Ensino de Biologia<\/li>\n<li>Pesquisa Qualitativa Aplicada ao Ensino de Biologia<\/li>\n<li>Pr\u00e1ticas de Laborat\u00f3rio para o Ensino de Ci\u00eancias<\/li>\n<li>T\u00f3picos de Biologia &#8211; Biotecnologia<\/li>\n<\/ol>\n<p>[\/vc_column_text][\/vc_tta_section][vc_tta_section title=&#8221;Educa\u00e7\u00e3o Qu\u00edmica&#8221; tab_id=&#8221;1718212334710-5115eba7-877c&#8221;][vc_column_text]<\/p>\n<ol>\n<li>Metodologias para o Ensino de Qu\u00edmica Geral e Inorg\u00e2nica na Educa\u00e7\u00e3o B\u00e1sica<\/li>\n<li>Instrumentaliza\u00e7\u00e3o para o Ensino de F\u00edsico-Qu\u00edmica na Educa\u00e7\u00e3o B\u00e1sica<\/li>\n<li>T\u00f3picos de Qu\u00edmica<\/li>\n<\/ol>\n<p>[\/vc_column_text][\/vc_tta_section][vc_tta_section title=&#8221;Disciplinas Optativas (OP)&#8221; tab_id=&#8221;1718212334723-082d5fe4-0d70&#8243;][vc_column_text]<\/p>\n<ol>\n<li>A Ci\u00eancia e seus P\u00fablicos<\/li>\n<li>Ambientes Virtuais e Colaborativos de Ensino-Aprendizagem<\/li>\n<li>Ci\u00eancia, Tecnologia e Sociedade<\/li>\n<li>Comunica\u00e7\u00e3o e Resolu\u00e7\u00e3o de Problemas no Ensino e na Aprendizagem da Matem\u00e1tica<\/li>\n<li>Discuss\u00e3o Critica de Artigos de Pesquisa em Ensino de F\u00edsica e Educa\u00e7\u00e3o Matem\u00e1tica<\/li>\n<li>Doc\u00eancia no Ensino Superior<\/li>\n<li>Educa\u00e7\u00e3o Matem\u00e1tica Dentro da P\u00f3s-Modernidade<\/li>\n<li>Epistemologia da Ci\u00eancia e Ensino de F\u00edsica<\/li>\n<li>Estilos de Aprendizagem no Contexto Educativo de Uso das Tecnologias<\/li>\n<li>Forma\u00e7\u00e3o Cient\u00edfica e Doc\u00eancia<\/li>\n<li>Hist\u00f3ria Social das Ci\u00eancias<\/li>\n<li>Laborat\u00f3rio de Matem\u00e1tica na Forma\u00e7\u00e3o de Professores<\/li>\n<li>Modelagem Matem\u00e1tica<\/li>\n<li>Objetos de Aprendizagem e o Ensino de Ci\u00eancias e Matem\u00e1tica<\/li>\n<li>Produ\u00e7\u00e3o de Material Did\u00e1tico Com o Uso de Textos de Divulga\u00e7\u00e3o Cient\u00edfica<\/li>\n<li>Reda\u00e7\u00e3o Cient\u00edfica<\/li>\n<li>Resolu\u00e7\u00e3o de Problemas e Construtivismo Social<\/li>\n<li>Simula\u00e7\u00f5es no Ensino de F\u00edsica<\/li>\n<li>Sociologia da Ci\u00eancia<\/li>\n<li>Tem\u00e1ticas de Informa\u00e7\u00e3o e Comunica\u00e7\u00e3o<\/li>\n<li>Tend\u00eancias em Educa\u00e7\u00e3o Matem\u00e1tica<\/li>\n<li>T\u00f3picos de Biologia<\/li>\n<li>T\u00f3picos de Ensino de F\u00edsica<\/li>\n<li>T\u00f3picos de Ensino de Matem\u00e1tica<\/li>\n<\/ol>\n<p>[\/vc_column_text][\/vc_tta_section][\/vc_tta_accordion][\/vc_column][\/vc_row]<\/p>\n<\/div>","protected":false},"excerpt":{"rendered":"<p>[vc_row][vc_column width=&#8221;1\/2&#8243;][vc_column_text]PERCURSO FORMATIVO DO MESTRADO PROFISSIONAL Para integraliza\u00e7\u00e3o do curso de Mestrado Profissional, o candidato dever\u00e1 cumprir 66 cr\u00e9ditos, sendo: Disciplinas*: 30 cr\u00e9ditos Est\u00e1gio Docente: 2 cr\u00e9ditos Produto ou Processo Educacional e Disserta\u00e7\u00e3o de Mestrado: 34 cr\u00e9ditos \u00a0* Os 30 cr\u00e9ditos em disciplinas devem possuir, no m\u00ednimo, a seguinte composi\u00e7\u00e3o: Disciplinas obrigat\u00f3rias (OB): 8 cr\u00e9ditos <a class=\"leiamais\" href=\"https:\/\/pos-graduacao.uepb.edu.br\/ppgecm\/mestrado-profissional\/\">Leia Mais&#8230;<\/a><\/p>\n","protected":false},"author":34,"featured_media":0,"parent":0,"menu_order":0,"comment_status":"closed","ping_status":"closed","template":"","meta":{"footnotes":""},"class_list":["post-2983","page","type-page","status-publish","hentry"],"_links":{"self":[{"href":"https:\/\/pos-graduacao.uepb.edu.br\/ppgecm\/wp-json\/wp\/v2\/pages\/2983","targetHints":{"allow":["GET"]}}],"collection":[{"href":"https:\/\/pos-graduacao.uepb.edu.br\/ppgecm\/wp-json\/wp\/v2\/pages"}],"about":[{"href":"https:\/\/pos-graduacao.uepb.edu.br\/ppgecm\/wp-json\/wp\/v2\/types\/page"}],"author":[{"embeddable":true,"href":"https:\/\/pos-graduacao.uepb.edu.br\/ppgecm\/wp-json\/wp\/v2\/users\/34"}],"replies":[{"embeddable":true,"href":"https:\/\/pos-graduacao.uepb.edu.br\/ppgecm\/wp-json\/wp\/v2\/comments?post=2983"}],"version-history":[{"count":12,"href":"https:\/\/pos-graduacao.uepb.edu.br\/ppgecm\/wp-json\/wp\/v2\/pages\/2983\/revisions"}],"predecessor-version":[{"id":5806,"href":"https:\/\/pos-graduacao.uepb.edu.br\/ppgecm\/wp-json\/wp\/v2\/pages\/2983\/revisions\/5806"}],"wp:attachment":[{"href":"https:\/\/pos-graduacao.uepb.edu.br\/ppgecm\/wp-json\/wp\/v2\/media?parent=2983"}],"curies":[{"name":"wp","href":"https:\/\/api.w.org\/{rel}","templated":true}]}}