{"id":2979,"date":"2020-08-27T12:15:44","date_gmt":"2020-08-27T15:15:44","guid":{"rendered":"https:\/\/pos-graduacao.uepb.edu.br\/ppgecm\/?page_id=2979"},"modified":"2024-06-12T11:17:19","modified_gmt":"2024-06-12T14:17:19","slug":"cursos-oferecidos","status":"publish","type":"page","link":"https:\/\/pos-graduacao.uepb.edu.br\/ppgecm\/cursos-oferecidos\/","title":{"rendered":"Cursos oferecidos"},"content":{"rendered":"<div class=\"wpb-content-wrapper\"><p>[vc_row][vc_column][vc_column_text]Os cursos de p\u00f3s-gradua\u00e7\u00e3o\u00a0<em>stricto sensu<\/em> oferecidos pelo PPGECEM-UEPB s\u00e3o de Doutorado Profissional, Mestrado Profissional e Mestrado Acad\u00eamico, al\u00e9m de participa\u00e7\u00e3o como polo no Doutorado Acad\u00eamico da Rede Nordeste de Ensino (Renoen), como listado abaixo.<\/p>\n<p>Todos os cursos do PPGECEM s\u00e3o presenciais, com aulas, prioritariamente, \u00e0s segundas e ter\u00e7as-feiras, nos turnos da manh\u00e3, tarde e noite, mas com atividades de pesquisa, orienta\u00e7\u00e3o e demais atividades podendo ocorrer em qualquer outro dia da semana, conforme orienta\u00e7\u00e3o e necessidades dos projetos desenvolvidos. Tamb\u00e9m podem ser oferecidas disciplinas em outros dias e hor\u00e1rios, a depender da demanda e disponibilidade dos docentes\/ pesquisadores, inclusive convidados.<\/p>\n<p>Em raz\u00e3o da pandemia da Covid-19, como determinadas na RESOLU\u00c7\u00c3O\/UEPB\/CONSEPE\/0229\/2020, atualmente, as atividades presenciais est\u00e3o ocorrendo em modo remoto. T\u00e3o logo sejam retomadas as atividades presenciais no \u00e2mbito da UEPB, as aulas do PPGECEM tamb\u00e9m assim ocorrer\u00e3o, no CCT-UEPB, em Campina Grande.[\/vc_column_text][\/vc_column][\/vc_row][vc_row gap=&#8221;30&#8243; css=&#8221;.vc_custom_1718201796956{margin-top: 30px !important;}&#8221;][vc_column][vc_text_separator title=&#8221;Cursos oferecidos&#8221; title_align=&#8221;separator_align_left&#8221;][\/vc_column][\/vc_row][vc_row][vc_column width=&#8221;1\/2&#8243;][vc_column_text]<strong>Doutorado Profissional em Ensino de Ci\u00eancias e Educa\u00e7\u00e3o Matem\u00e1tica<\/strong><em><br \/>\n<\/em><\/p>\n<ul>\n<li>Aprova\u00e7\u00e3o: 2019<\/li>\n<li>In\u00edcio: 2021<\/li>\n<\/ul>\n<p><strong>Mestrado Profissional em Ensino de Ci\u00eancias e Educa\u00e7\u00e3o Matem\u00e1tica<\/strong><\/p>\n<ul>\n<li>In\u00edcio: 2007<\/li>\n<li>Conceito Capes: 4<\/li>\n<\/ul>\n<p>[\/vc_column_text][\/vc_column][vc_column width=&#8221;1\/2&#8243;][vc_column_text]<strong>Mestrado Acad\u00eamico em Ensino de Ci\u00eancias e Educa\u00e7\u00e3o Matem\u00e1tica<\/strong><em><br \/>\n<\/em><\/p>\n<ul>\n<li>In\u00edcio: 2013<\/li>\n<li>Conceito Capes: 3<\/li>\n<\/ul>\n<p><strong>Doutorado Acad\u00eamico em Rede (Rede Nordeste de Ensino \u2013 Renoen), em conjunto com UFS, UFAL, UFC, IFCE, UESB e UFRPE<\/strong><\/p>\n<ul>\n<li>Aprova\u00e7\u00e3o: 2019<\/li>\n<li>In\u00edcio: 2021<\/li>\n<\/ul>\n<p>[\/vc_column_text][\/vc_column][\/vc_row]<\/p>\n<\/div>","protected":false},"excerpt":{"rendered":"<p>[vc_row][vc_column][vc_column_text]Os cursos de p\u00f3s-gradua\u00e7\u00e3o\u00a0stricto sensu oferecidos pelo PPGECEM-UEPB s\u00e3o de Doutorado Profissional, Mestrado Profissional e Mestrado Acad\u00eamico, al\u00e9m de participa\u00e7\u00e3o como polo no Doutorado Acad\u00eamico da Rede Nordeste de Ensino (Renoen), como listado abaixo. Todos os cursos do PPGECEM s\u00e3o presenciais, com aulas, prioritariamente, \u00e0s segundas e ter\u00e7as-feiras, nos turnos da manh\u00e3, tarde e noite, <a class=\"leiamais\" href=\"https:\/\/pos-graduacao.uepb.edu.br\/ppgecm\/cursos-oferecidos\/\">Leia Mais&#8230;<\/a><\/p>\n","protected":false},"author":34,"featured_media":0,"parent":0,"menu_order":0,"comment_status":"closed","ping_status":"closed","template":"","meta":{"footnotes":""},"class_list":["post-2979","page","type-page","status-publish","hentry"],"_links":{"self":[{"href":"https:\/\/pos-graduacao.uepb.edu.br\/ppgecm\/wp-json\/wp\/v2\/pages\/2979","targetHints":{"allow":["GET"]}}],"collection":[{"href":"https:\/\/pos-graduacao.uepb.edu.br\/ppgecm\/wp-json\/wp\/v2\/pages"}],"about":[{"href":"https:\/\/pos-graduacao.uepb.edu.br\/ppgecm\/wp-json\/wp\/v2\/types\/page"}],"author":[{"embeddable":true,"href":"https:\/\/pos-graduacao.uepb.edu.br\/ppgecm\/wp-json\/wp\/v2\/users\/34"}],"replies":[{"embeddable":true,"href":"https:\/\/pos-graduacao.uepb.edu.br\/ppgecm\/wp-json\/wp\/v2\/comments?post=2979"}],"version-history":[{"count":14,"href":"https:\/\/pos-graduacao.uepb.edu.br\/ppgecm\/wp-json\/wp\/v2\/pages\/2979\/revisions"}],"predecessor-version":[{"id":5766,"href":"https:\/\/pos-graduacao.uepb.edu.br\/ppgecm\/wp-json\/wp\/v2\/pages\/2979\/revisions\/5766"}],"wp:attachment":[{"href":"https:\/\/pos-graduacao.uepb.edu.br\/ppgecm\/wp-json\/wp\/v2\/media?parent=2979"}],"curies":[{"name":"wp","href":"https:\/\/api.w.org\/{rel}","templated":true}]}}