{"id":28,"date":"2012-01-19T15:06:14","date_gmt":"2012-01-19T15:06:14","guid":{"rendered":"http:\/\/pos-graduacao.ascom.uepb.edu.br\/ppgecm\/?page_id=28"},"modified":"2024-06-12T14:49:00","modified_gmt":"2024-06-12T17:49:00","slug":"grupos-de-pesquisa","status":"publish","type":"page","link":"https:\/\/pos-graduacao.uepb.edu.br\/ppgecm\/grupos-de-pesquisa\/","title":{"rendered":"Grupos de Pesquisa"},"content":{"rendered":"<div class=\"wpb-content-wrapper\"><p>[vc_row][vc_column][vc_tta_accordion title_tag=&#8221;h3&#8243; section_title_tag=&#8221;h2&#8243; style=&#8221;modern&#8221; shape=&#8221;square&#8221; c_icon=&#8221;triangle&#8221; active_section=&#8221;&#8221; collapsible_all=&#8221;true&#8221;][vc_tta_section title=&#8221;Metodologias para a Educa\u00e7\u00e3o em Qu\u00edmica&#8221; tab_id=&#8221;1718214226813-b1712778-acd7&#8243;][vc_column_text css=&#8221;.vc_custom_1718214291217{margin-top: 20px !important;}&#8221;]O Grupo de Pesquisa em Metodologias para a Educa\u00e7\u00e3o em Qu\u00edmica \u2013 GPMEQ,\u00a0 teve in\u00edcio em 2014, juntamente com a aprova\u00e7\u00e3o da linha de pesquisa em Ensino de Qu\u00edmica no Mestrado Acad\u00eamico e Profissional em Ensino de Ci\u00eancias e Matem\u00e1tica da UEPB. Atualmente conta com a participa\u00e7\u00e3o de docentes do Departamento de Qu\u00edmica e discentes de gradua\u00e7\u00e3o e mestrado.<\/p>\n<p>Tem como objetivos desenvolver novas metodologias para o ensino de qu\u00edmica nos cursos de forma\u00e7\u00e3o e inicial e continuada do professor. \u00c9 not\u00f3rio o crescimento de pesquisas realizadas no Brasil e no exterior em rela\u00e7\u00e3o ao ensino de ci\u00eancias. E neste contexto, as metodologias de ensino-aprendizagem, em espa\u00e7o de educa\u00e7\u00e3o formal e n\u00e3o formal, em conson\u00e2ncia com os princ\u00edpios da CTSA (Ci\u00eancia, Tecnologia, Sociedade e Ambiente) nesta perspectiva contribuir\u00e1 com o processo de ensino e aprendizagem do educado de forma cr\u00edtica e reflexiva.<\/p>\n<p>Diret\u00f3rio CNPq:\u00a0<a href=\"http:\/\/dgp.cnpq.br\/dgp\/espelhogrupo\/9255485686461566\" target=\"_blank\" rel=\"noopener noreferrer\">http:\/\/dgp.cnpq.br\/dgp\/espelhogrupo\/9255485686461566<\/a>[\/vc_column_text][\/vc_tta_section][vc_tta_section title=&#8221;Grupo de hist\u00f3ria da ci\u00eancia e ensino&#8221; tab_id=&#8221;1718214261855-835b7fae-ef47&#8243;][vc_column_text css=&#8221;.vc_custom_1718214404994{margin-top: 20px !important;}&#8221;]O Grupo de Hist\u00f3ria das Ci\u00eancias e Ensino teve in\u00edcio em 2007, juntamente com a aprova\u00e7\u00e3o do Mestrado Profissional em Ensino de Ci\u00eancias e Matem\u00e1tica da UEPB. Atualmente conta com a participa\u00e7\u00e3o de docentes dos Departamentos de F\u00edsica, Educa\u00e7\u00e3o e Psicologia e discentes de gradua\u00e7\u00e3o, mestrado e doutorado.<\/p>\n<p>Tem como objetivo o estudo da Hist\u00f3ria e Filosofia da Ci\u00eancia sob diferentes perspectivas, como forma de contribuir para o ensino-aprendizagem de ci\u00eancias, bem como para a forma\u00e7\u00e3o cient\u00edfica de um modo geral.<\/p>\n<p>Site do grupo (provis\u00f3ria): <a href=\"http:\/\/sites.google.com\/site\/ghceuepb\/home\" target=\"_blank\" rel=\"noopener noreferrer\">http:\/\/sites.google.com\/site\/ghceuepb\/home<\/a><\/p>\n<p>Diret\u00f3rio CNPq:\u00a0<a href=\"http:\/\/dgp.cnpq.br\/buscaoperacional\/detalhegrupo.jsp?grupo=43197089IPZBKS\" target=\"_blank\" rel=\"noopener noreferrer\">http:\/\/dgp.cnpq.br\/buscaoperacional\/detalhegrupo.jsp?grupo=43197089IPZBKS<\/a>[\/vc_column_text][\/vc_tta_section][vc_tta_section title=&#8221;Leitura e Escrita em Educa\u00e7\u00e3o Matem\u00e1tica \u2013 LEEMAT&#8221; tab_id=&#8221;1718214274400-547d25b0-f1e3&#8243;][vc_column_text css=&#8221;.vc_custom_1718214349080{margin-top: 20px !important;}&#8221;]O LEEMAT tem por objetivo problematizar quest\u00f5es relativas \u00e0 leitura e escrita em Educa\u00e7\u00e3o Matem\u00e1tica, mormente aquelas concernentes \u00e0 linguagem matem\u00e1tica, \u00e0 produ\u00e7\u00e3o de significados em aulas de Matem\u00e1tica, inclusive na forma\u00e7\u00e3o de professores, no \u00e2mbito escolar e na universidade. Em sua metodologia, inclui a pesquisa te\u00f3rica acerca destas quest\u00f5es e alguns desdobramentos direcionados para o trabalho em sala de aula.<\/p>\n<p>Diret\u00f3rio CNPq:\u00a0<a href=\"http:\/\/dgp.cnpq.br\/dgp\/espelhogrupo\/2056465554689409\">http:\/\/dgp.cnpq.br\/dgp\/espelhogrupo\/2056465554689409<\/a>[\/vc_column_text][\/vc_tta_section][vc_tta_section title=&#8221;Tecnologia digital e aquisi\u00e7\u00e3o do conhecimento&#8221; tab_id=&#8221;1718214273671-07b310b7-4cf7&#8243;][vc_column_text css=&#8221;.vc_custom_1718214394065{margin-top: 20px !important;}&#8221;]Realiza\u00e7\u00e3o de pesquisas sobre Juventude e tecnologias digitais. A palavra chave que o grupo tem em mente \u00e9: Emerg\u00eancia! Diz respeito a Palavra que aponta para a necessidade de pesquisas sobre o potencial das diferentes interfaces digitais para o processo de ensinar e aprender nas diferentes \u00e1reas e em especial em ci\u00eancias e Matem\u00e1tica uma vez que esse fazer faz parte do viver um mundo contempor\u00e2neo com suas mudan\u00e7as, aceitando mudar para colaborar com a educa\u00e7\u00e3o das novas gera\u00e7\u00f5es. Uma tem\u00e1tica que necessita um estudo com diferentes olhares, pelo que o grupo vem construindo seu conhecimento atrav\u00e9s das trocas que vem estabelecendo com pesquisadores de diferentes \u00e1reas de conhecimento. Tanto dentro como fora da institui\u00e7\u00e3o, no Brasil e no exterior. Assim como tem-se feito representar em participa\u00e7\u00f5es em congressos regionais, nacionais e internacionais e em publica\u00e7\u00f5es: livros e peri\u00f3dicos. Al\u00e9m de participa\u00e7\u00e3o na Rede Brasileira de Jogos e Educa\u00e7\u00e3o, eventos espec\u00edficos da \u00e1rea de ci\u00eancias, Matem\u00e1tica , Educa\u00e7\u00e3o e de Games como o SBGAMES, Luso brasileiro para quest\u00f5es curriculares entre outros, Editais como: Propesq, inicia\u00e7\u00e3o cient\u00edfica e FINEP.<\/p>\n<p>Site do grupo: <a href=\"http:\/\/www.grupotdac.com\/\" target=\"_blank\" rel=\"noopener noreferrer\">http:\/\/www.grupotdac.com<\/a><\/p>\n<p>Diret\u00f3rio CNPq:\u00a0<a href=\"http:\/\/dgp.cnpq.br\/diretorioc\/fontes\/detalhegrupo.jsp?grupo=4319708OPME0BF\" target=\"_blank\" rel=\"noopener noreferrer\">http:\/\/dgp.cnpq.br\/diretorioc\/fontes\/detalhegrupo.jsp?grupo=4319708OPME0BF<\/a>[\/vc_column_text][\/vc_tta_section][vc_tta_section title=&#8221;Grupo de Pesquisa em Resolu\u00e7\u00e3o de Problemas e Educa\u00e7\u00e3o Matem\u00e1tica&#8221; tab_id=&#8221;1718214273056-3acc197c-3694&#8243;][vc_column_text css=&#8221;.vc_custom_1718214482182{margin-top: 20px !important;}&#8221;]O Grupo de Pesquisa em Resolu\u00e7\u00e3o de Problemas e Educa\u00e7\u00e3o Matem\u00e1tica \u2013 GPRPEM \u2013 desenvolve suas atividades no Programa de P\u00f3s-Gradua\u00e7\u00e3o em Ensino de Ci\u00eancias e Educa\u00e7\u00e3o Matem\u00e1tica da UEPB \u2013 Campina Grande e no Centro de Ci\u00eancias Humanas e Exatas da UEPB \u2013 Monteiro. Inicialmente foi formado e constitu\u00eddo por alunos do Curso de Licenciatura em Matem\u00e1tica do Campus Monteiro\/PB e por professores de Matem\u00e1tica da regi\u00e3o do Cariri Paraibano em 2008, sempre coordenado pelo Prof. Dr. Roger Huanca. Est\u00e1 inscrito no Diret\u00f3rio de Grupos de Pesquisa do CNPq.<\/p>\n<p>Site do grupo: <a href=\"http:\/\/grupos.uepb.edu.br\/gprpem\/\" target=\"_blank\" rel=\"noopener noreferrer\">http:\/\/grupos.uepb.edu.br\/gprpem\/<\/a>[\/vc_column_text][\/vc_tta_section][vc_tta_section title=&#8221;Grupo de Estudos da Complexidade e da Vida \u2013 GRECOMVIDA&#8221; tab_id=&#8221;1718214272432-88c9de1f-6da4&#8243;][vc_column_text css=&#8221;.vc_custom_1718214473519{margin-top: 20px !important;}&#8221;]Nos anos de exist\u00eancia do GRECOMVIDA realizamos tr\u00eas congressos, nos quais os produtos desenvolvidos, em conson\u00e2ncia com as suas linhas de pesquisa, est\u00e3o publicizados nos Cadernos de Mem\u00f3rias, tanto daqueles realizados por pesquisadores do GRECOMVIDA, como dos integrantes dos GRECOMs co-irm\u00e3os. As reuni\u00f5es de estudo do GRECOMVIDA acontecem semanalmente, tendo a participa\u00e7\u00e3o dos estudantes dos cursos de Gradua\u00e7\u00e3o e de P\u00f3sGradua\u00e7\u00e3o nos quais est\u00e3o associados os pesquisadores que comp\u00f5em o Grupo. A produ\u00e7\u00e3o bibliogr\u00e1fica do GRECOMVIDA contempla em torno de quarenta artigos, vinte e seis monografias e cinco disserta\u00e7\u00f5es, frutos das pesquisas realizadas por estudantes da Gradua\u00e7\u00e3o em Ci\u00eancias Biol\u00f3gicas (Inicia\u00e7\u00e3o Cient\u00edfica e Inicia\u00e7\u00e3o a Doc\u00eancia) e do Mestrado em Ensino de Ci\u00eancias da UEPB. Destacamos a relev\u00e2ncia dos interc\u00e2mbios com os GRECOMs das IES parceiras (UFRN, IFRN, UFPB e UFCG), as quais tamb\u00e9m t\u00eam acolhido os nossos egressos em seus cursos de P\u00f3s-Gradua\u00e7\u00e3o.<\/p>\n<p>Diret\u00f3rio CNPq: <a href=\"https:\/\/dgp.cnpq.br\/dgp\/espelhogrupo\/3111869751292654\" target=\"_blank\" rel=\"noopener\">https:\/\/dgp.cnpq.br\/dgp\/espelhogrupo\/3111869751292654<\/a>[\/vc_column_text][\/vc_tta_section][\/vc_tta_accordion][\/vc_column][\/vc_row]<\/p>\n<\/div>","protected":false},"excerpt":{"rendered":"<p>[vc_row][vc_column][vc_tta_accordion title_tag=&#8221;h3&#8243; section_title_tag=&#8221;h2&#8243; style=&#8221;modern&#8221; shape=&#8221;square&#8221; c_icon=&#8221;triangle&#8221; active_section=&#8221;&#8221; collapsible_all=&#8221;true&#8221;][vc_tta_section title=&#8221;Metodologias para a Educa\u00e7\u00e3o em Qu\u00edmica&#8221; tab_id=&#8221;1718214226813-b1712778-acd7&#8243;][vc_column_text css=&#8221;.vc_custom_1718214291217{margin-top: 20px !important;}&#8221;]O Grupo de Pesquisa em Metodologias para a Educa\u00e7\u00e3o em Qu\u00edmica \u2013 GPMEQ,\u00a0 teve in\u00edcio em 2014, juntamente com a aprova\u00e7\u00e3o da linha de pesquisa em Ensino de Qu\u00edmica no Mestrado Acad\u00eamico e Profissional em Ensino de Ci\u00eancias <a class=\"leiamais\" href=\"https:\/\/pos-graduacao.uepb.edu.br\/ppgecm\/grupos-de-pesquisa\/\">Leia Mais&#8230;<\/a><\/p>\n","protected":false},"author":5,"featured_media":0,"parent":0,"menu_order":0,"comment_status":"open","ping_status":"open","template":"","meta":{"footnotes":""},"class_list":["post-28","page","type-page","status-publish","hentry"],"_links":{"self":[{"href":"https:\/\/pos-graduacao.uepb.edu.br\/ppgecm\/wp-json\/wp\/v2\/pages\/28","targetHints":{"allow":["GET"]}}],"collection":[{"href":"https:\/\/pos-graduacao.uepb.edu.br\/ppgecm\/wp-json\/wp\/v2\/pages"}],"about":[{"href":"https:\/\/pos-graduacao.uepb.edu.br\/ppgecm\/wp-json\/wp\/v2\/types\/page"}],"author":[{"embeddable":true,"href":"https:\/\/pos-graduacao.uepb.edu.br\/ppgecm\/wp-json\/wp\/v2\/users\/5"}],"replies":[{"embeddable":true,"href":"https:\/\/pos-graduacao.uepb.edu.br\/ppgecm\/wp-json\/wp\/v2\/comments?post=28"}],"version-history":[{"count":20,"href":"https:\/\/pos-graduacao.uepb.edu.br\/ppgecm\/wp-json\/wp\/v2\/pages\/28\/revisions"}],"predecessor-version":[{"id":5788,"href":"https:\/\/pos-graduacao.uepb.edu.br\/ppgecm\/wp-json\/wp\/v2\/pages\/28\/revisions\/5788"}],"wp:attachment":[{"href":"https:\/\/pos-graduacao.uepb.edu.br\/ppgecm\/wp-json\/wp\/v2\/media?parent=28"}],"curies":[{"name":"wp","href":"https:\/\/api.w.org\/{rel}","templated":true}]}}