{"id":1557,"date":"2018-05-18T20:14:46","date_gmt":"2018-05-18T23:14:46","guid":{"rendered":"https:\/\/pos-graduacao.uepb.edu.br\/ppgecm\/?page_id=1557"},"modified":"2026-04-17T12:17:13","modified_gmt":"2026-04-17T15:17:13","slug":"horarios-2018-1","status":"publish","type":"page","link":"https:\/\/pos-graduacao.uepb.edu.br\/ppgecm\/horarios-2018-1\/","title":{"rendered":"Hor\u00e1rios"},"content":{"rendered":"<div class=\"wpb-content-wrapper\"><p>[vc_row][vc_column][vc_column_text css=&#8221;&#8221;]<\/p>\n<ul>\n<li><a href=\"https:\/\/pos-graduacao.uepb.edu.br\/ppgecm\/download\/2026-1-horario-ppgecem-renoen\/\">Hor\u00e1rio 2026.1<\/a><\/li>\n<li><a href=\"https:\/\/pos-graduacao.uepb.edu.br\/ppgecm\/download\/horario-2025-2\/\">Hor\u00e1rio 2025.2<\/a><\/li>\n<li><a href=\"https:\/\/pos-graduacao.uepb.edu.br\/ppgecm\/download\/horario-2025-1\/\">Hor\u00e1rio 2025.1<\/a><\/li>\n<li><a href=\"https:\/\/pos-graduacao.uepb.edu.br\/ppgecm\/files\/2024\/03\/2024.1-Horario-2024.1-RETIFICADO-PPGECEM-RENOEN-1.pdf\">Hor\u00e1rio 2024.1<\/a><\/li>\n<li><a href=\"https:\/\/pos-graduacao.uepb.edu.br\/ppgecm\/files\/2023\/08\/2023.2-Horario-RETIFICADO-PPGECEM-RENOEN.pdf\">Hor\u00e1rios 2023.2<\/a><\/li>\n<li><a href=\"https:\/\/pos-graduacao.uepb.edu.br\/ppgecm\/download\/horarios\/Horario-2023.1-PPGECEM-RENOEN.pdf\">Hor\u00e1rios 2023.1<\/a><\/li>\n<li><a href=\"https:\/\/pos-graduacao.uepb.edu.br\/ppgecm\/download\/horarios\/2022.2-HorarioRETIFICADO-PPGECEM-RENOEN-UEPB.pdf\">Hor\u00e1rios 2022.2<\/a><\/li>\n<li><a href=\"https:\/\/pos-graduacao.uepb.edu.br\/ppgecm\/download\/horarios\/2022_HORARIO-2022.1-PPGECEM-RENOEN.pdf\">Hor\u00e1rios 2022.1<\/a><\/li>\n<li><a href=\"https:\/\/pos-graduacao.uepb.edu.br\/ppgecm\/download\/horarios\/Horario2021.2-RETIFICADO-Disciplinas-PPGECEMRENOEN-UEPB.pdf\">Hor\u00e1rios 2021.2<\/a><\/li>\n<li><a href=\"https:\/\/pos-graduacao.uepb.edu.br\/ppgecm\/download\/horarios\/Horarios-2021.1-com-Links-5.pdf\">Hor\u00e1rios 2021.1 com <em>Links<\/em><\/a><\/li>\n<li><a href=\"https:\/\/pos-graduacao.uepb.edu.br\/ppgecm\/download\/horarios\/Horario_2021.1.pdf\">Hor\u00e1rios 2021.1<\/a><\/li>\n<li><a href=\"https:\/\/pos-graduacao.uepb.edu.br\/ppgecm\/download\/horarios\/Horario_verao_atualizado-3.pdf\">Hor\u00e1rios de Ver\u00e3o 2021<\/a><\/li>\n<li><a href=\"https:\/\/pos-graduacao.uepb.edu.br\/ppgecm\/files\/2020\/02\/Hor\u00e1rios-2020.1.pdf\">Hor\u00e1rios 2020.1<\/a><\/li>\n<li><a href=\"https:\/\/pos-graduacao.uepb.edu.br\/ppgecm\/download\/horarios\/Horario_20192_v3-1.pdf\">Hor\u00e1rios 2019.2\u00a0<\/a><\/li>\n<li><a href=\"https:\/\/pos-graduacao.uepb.edu.br\/ppgecm\/download\/horarios\/Horario_20191_versaofinal-3.pdf\">Hor\u00e1rios 2019.1<\/a><\/li>\n<li><a href=\"https:\/\/pos-graduacao.uepb.edu.br\/ppgecm\/download\/horario_20182v3.pdf\">Hor\u00e1rios 2018.2<\/a><\/li>\n<li><a href=\"https:\/\/pos-graduacao.uepb.edu.br\/ppgecm\/download\/Horarios-2018.1.pdf\">Hor\u00e1rios 2018.1<\/a><\/li>\n<\/ul>\n<p>[\/vc_column_text][\/vc_column][\/vc_row]<\/p>\n<\/div>","protected":false},"excerpt":{"rendered":"<p>[vc_row][vc_column][vc_column_text css=&#8221;&#8221;] Hor\u00e1rio 2026.1 Hor\u00e1rio 2025.2 Hor\u00e1rio 2025.1 Hor\u00e1rio 2024.1 Hor\u00e1rios 2023.2 Hor\u00e1rios 2023.1 Hor\u00e1rios 2022.2 Hor\u00e1rios 2022.1 Hor\u00e1rios 2021.2 Hor\u00e1rios 2021.1 com Links Hor\u00e1rios 2021.1 Hor\u00e1rios de Ver\u00e3o 2021 Hor\u00e1rios 2020.1 Hor\u00e1rios 2019.2\u00a0 Hor\u00e1rios 2019.1 Hor\u00e1rios 2018.2 Hor\u00e1rios 2018.1 [\/vc_column_text][\/vc_column][\/vc_row]<\/p>\n","protected":false},"author":43,"featured_media":0,"parent":0,"menu_order":0,"comment_status":"closed","ping_status":"closed","template":"","meta":{"footnotes":""},"class_list":["post-1557","page","type-page","status-publish","hentry"],"_links":{"self":[{"href":"https:\/\/pos-graduacao.uepb.edu.br\/ppgecm\/wp-json\/wp\/v2\/pages\/1557","targetHints":{"allow":["GET"]}}],"collection":[{"href":"https:\/\/pos-graduacao.uepb.edu.br\/ppgecm\/wp-json\/wp\/v2\/pages"}],"about":[{"href":"https:\/\/pos-graduacao.uepb.edu.br\/ppgecm\/wp-json\/wp\/v2\/types\/page"}],"author":[{"embeddable":true,"href":"https:\/\/pos-graduacao.uepb.edu.br\/ppgecm\/wp-json\/wp\/v2\/users\/43"}],"replies":[{"embeddable":true,"href":"https:\/\/pos-graduacao.uepb.edu.br\/ppgecm\/wp-json\/wp\/v2\/comments?post=1557"}],"version-history":[{"count":49,"href":"https:\/\/pos-graduacao.uepb.edu.br\/ppgecm\/wp-json\/wp\/v2\/pages\/1557\/revisions"}],"predecessor-version":[{"id":6587,"href":"https:\/\/pos-graduacao.uepb.edu.br\/ppgecm\/wp-json\/wp\/v2\/pages\/1557\/revisions\/6587"}],"wp:attachment":[{"href":"https:\/\/pos-graduacao.uepb.edu.br\/ppgecm\/wp-json\/wp\/v2\/media?parent=1557"}],"curies":[{"name":"wp","href":"https:\/\/api.w.org\/{rel}","templated":true}]}}