{"id":1479,"date":"2018-05-17T10:26:34","date_gmt":"2018-05-17T13:26:34","guid":{"rendered":"https:\/\/pos-graduacao.uepb.edu.br\/ppgecm\/?page_id=1479"},"modified":"2025-01-05T16:46:38","modified_gmt":"2025-01-05T19:46:38","slug":"corpo-docente-2","status":"publish","type":"page","link":"https:\/\/pos-graduacao.uepb.edu.br\/ppgecm\/corpo-docente-2\/","title":{"rendered":"Corpo Docente"},"content":{"rendered":"<div class=\"wpb-content-wrapper\"><p>[vc_row gap=&#8221;30&#8243;][vc_column width=&#8221;1\/2&#8243;][vc_column_text css=&#8221;&#8221;]<a href=\"http:\/\/lattes.cnpq.br\/3694934576040433\"><span style=\"font-family: Times New Roman, serif\"><b>Alessandro Frederico da Silveira<\/b><\/span><\/a><br \/>\n<span style=\"font-family: Times New Roman, serif\">Doutor em Ensino, Filosofia e Hist\u00f3ria das Ci\u00eancias, UFBA, 2011<br \/>\n<\/span><span style=\"font-family: Times New Roman, serif\">Departamento de F\u00edsica \u2013 UEPB<br \/>\n<\/span><span style=\"font-family: Times New Roman, serif\">alessandrofred@yahoo.com.br<\/span><\/p>\n<p class=\"western\"><a href=\"http:\/\/buscatextual.cnpq.br\/buscatextual\/visualizacv.do?id=K4771716J4\"><span style=\"font-family: Times New Roman, serif\"><b>Ana Raquel Pereira de Ata\u00edde<\/b><\/span><\/a><br \/>\n<span style=\"font-family: Times New Roman, serif\">Doutora em Ensino, Filosofia e Hist\u00f3ria das Ci\u00eancias, UFBA, 2012<br \/>\n<\/span><span style=\"font-family: Times New Roman, serif\">Departamento de F\u00edsica \u2013 UEPB<br \/>\n<\/span><span style=\"font-family: Times New Roman, serif\">arpataide@uepb.edu.br<\/span><\/p>\n<p class=\"western\"><a href=\"http:\/\/lattes.cnpq.br\/1093400715444576\"><span style=\"font-family: Times New Roman, serif\"><b>An\u00edbal de Menezes Maciel<\/b><\/span><\/a><br \/>\n<span style=\"font-family: Times New Roman, serif\">Doutor em Educa\u00e7\u00e3o, UFPB, 2015<br \/>\n<\/span><span style=\"font-family: Times New Roman, serif\">Departamento de Matem\u00e1tica \u2013 UEPB<br \/>\n<\/span><span style=\"font-family: Times New Roman, serif\">anibalmenezesmaciel@gmail.com<\/span><\/p>\n<p class=\"western\"><a href=\"http:\/\/buscatextual.cnpq.br\/buscatextual\/visualizacv.do?id=K4766205P3\"><span style=\"font-family: Times New Roman, serif\"><b>Cibelle de F\u00e1tima Castro de Assis<\/b><\/span><\/a><br \/>\n<span style=\"font-family: Times New Roman, serif\">Doutora em Educa\u00e7\u00e3o, UFPE, 2010<br \/>\n<\/span><span style=\"font-family: Times New Roman, serif\">Departamento de Ci\u00eancias Exatas \u2013 UFPB (Rio Tinto)<br \/>\n<\/span><span style=\"font-family: Times New Roman, serif\">cibelle@dce.ufpb.br<\/span><\/p>\n<p class=\"western\"><a href=\"http:\/\/lattes.cnpq.br\/0573233540937425\"><span style=\"font-family: Times New Roman, serif\"><b>Cidoval Morais de Sousa<\/b><\/span><\/a><br \/>\n<span style=\"font-family: Times New Roman, serif\">Doutor em Geoci\u00eancias, UNICAMP, 2005<br \/>\n<\/span><span style=\"font-family: Times New Roman, serif\">Departamento de Comunica\u00e7\u00e3o \u2013 UEPB<br \/>\n<\/span><span style=\"font-family: Times New Roman, serif\">cidoval@gmail.com<\/span><\/p>\n<p class=\"western\"><a href=\"http:\/\/lattes.cnpq.br\/7518586937701331\"><span style=\"font-family: Times New Roman, serif\"><b>Cristiano de Almeida Cardoso Marcelino Jr.<\/b><\/span><\/a><br \/>\n<span style=\"font-family: Times New Roman, serif\">Doutor em Educa\u00e7\u00e3o, UFRN, 2014<br \/>\n<\/span><span style=\"font-family: Times New Roman, serif\">Departamento de Qu\u00edmica &#8211; UFPB<br \/>\n<\/span><span style=\"font-family: Times New Roman, serif\">cristianomarcelinojr@uol.com.br<\/span><\/p>\n<p class=\"western\"><a href=\"http:\/\/buscatextual.cnpq.br\/buscatextual\/visualizacv.do?id=K4132208T8\"><span style=\"font-family: Times New Roman, serif\"><b>Eduardo Gomes Onofre<\/b><\/span><\/a><br \/>\n<span style=\"font-family: Times New Roman, serif\">Doutor em Sociologia, Universit\u00e9 de Strasbourg, 2013<br \/>\n<\/span><span style=\"font-family: Times New Roman, serif\">Departamento de Educa\u00e7\u00e3o \u2013 UEPB<br \/>\n<\/span><span style=\"font-family: Times New Roman, serif\">eduonofre@gmail.com<\/span><\/p>\n<p class=\"western\"><a href=\"http:\/\/lattes.cnpq.br\/6428823615325023\"><span style=\"font-family: Times New Roman, serif\"><b>Filomena Maria Gon\u00e7alves da Silva Cordeiro Moita<\/b><\/span><\/a><br \/>\n<span style=\"font-family: Times New Roman, serif\">Doutora em Educa\u00e7\u00e3o, UFPB, 2006<br \/>\n<\/span><span style=\"font-family: Times New Roman, serif\">Departamento de Educa\u00e7\u00e3o \u2013 UEPB<br \/>\n<\/span><span style=\"font-family: Times New Roman, serif\">filomena_moita@hotmail.com<\/span><\/p>\n<p class=\"western\"><a href=\"http:\/\/buscatextual.cnpq.br\/buscatextual\/visualizacv.do?id=K4782607Z1\"><span style=\"font-family: Times New Roman, serif\"><b>Francisco Ferreira Dantas Filho<\/b><\/span><\/a><br \/>\n<span style=\"font-family: Times New Roman, serif\">Doutor em Engenharia de Processo, UFCG, 2013<br \/>\n<\/span><span style=\"font-family: Times New Roman, serif\">Departamento de Qu\u00edmica \u2013 UEPB<br \/>\n<\/span><span style=\"font-family: Times New Roman, serif\">dantasquimica@yahoo.com.br<\/span><\/p>\n<p class=\"western\"><a href=\"http:\/\/lattes.cnpq.br\/6267763090014832\"><span style=\"font-family: Times New Roman, serif\"><b>Helber Rangel Formiga Leite de Almeida<\/b><\/span><\/a><br \/>\n<span style=\"font-family: Times New Roman, serif\">Doutor em E<\/span><span style=\"font-family: Times New Roman, serif\">duca\u00e7\u00e3o Matem\u00e1tica<\/span><span style=\"font-family: Times New Roman, serif\">, U<\/span><span style=\"font-family: Times New Roman, serif\">nesp<\/span><span style=\"font-family: Times New Roman, serif\">, 201<\/span><span style=\"font-family: Times New Roman, serif\">6<br \/>\n<\/span><span style=\"font-family: Times New Roman, serif\">Unidade Acad\u00eamica de Ci\u00eancias e Tecnologia Ambiental<\/span><span style=\"font-family: Times New Roman, serif\"> \u2013 U<\/span><span style=\"font-family: Times New Roman, serif\">FCG<br \/>\n<\/span><span style=\"font-family: Times New Roman, serif\">helber.rangel@gmail.com<\/span><\/p>\n<p class=\"western\"><a href=\"http:\/\/buscatextual.cnpq.br\/buscatextual\/visualizacv.do?id=K4781182U4\"><span style=\"font-family: Times New Roman, serif\"><b>John Andrew Fossa<\/b><\/span><\/a><br \/>\n<span style=\"font-family: Times New Roman, serif\">Doutor em Educa\u00e7\u00e3o Matem\u00e1tica, Texas A&amp;M University &#8211; USA, 1994<br \/>\n<\/span><span style=\"font-family: Times New Roman, serif\">Departamento de Matem\u00e1tica \u2013 UEPB<br \/>\n<\/span><span style=\"font-family: Times New Roman, serif\">jfossa03@gmail.com<\/span><\/p>\n<p class=\"western\"><a href=\"http:\/\/buscatextual.cnpq.br\/buscatextual\/visualizacv.do?id=K4717084U6\"><span style=\"font-family: Times New Roman, serif\"><b>Jos\u00e9 Joelson Pimentel de Almeida<\/b><\/span><\/a><br \/>\n<span style=\"font-family: Times New Roman, serif\">Doutor em Ensino, Filosofia e Hist\u00f3ria das Ci\u00eancias, UFBA, 2012<br \/>\n<\/span><span style=\"font-family: Times New Roman, serif\">Departamento de Matem\u00e1tica \u2013 UEPB<br \/>\n<\/span><span style=\"font-family: Times New Roman, serif\">jjedmat@gmail.com<\/span><\/p>\n<p class=\"western\"><a href=\"http:\/\/buscatextual.cnpq.br\/buscatextual\/visualizacv.do?id=K4708733Y4\"><span style=\"font-family: Times New Roman, serif\"><b>Jos\u00e9 Lamartine da Costa Barbosa<\/b><\/span><\/a><br \/>\n<span style=\"font-family: Times New Roman, serif\">Doutor em Ensino, Filosofia e Hist\u00f3ria das Ci\u00eancias, UFBA, 2012<br \/>\n<\/span><span style=\"font-family: Times New Roman, serif\">Departamento de Matem\u00e1tica \u2013 UEPB<br \/>\n<\/span><span style=\"font-family: Times New Roman, serif\">lamartine.barbosa@uol.com.br<\/span><\/p>\n<p><a href=\"http:\/\/buscatextual.cnpq.br\/buscatextual\/visualizacv.do?id=K4791717Z2\"><span style=\"font-family: Times New Roman, serif\"><b>Karla Patr\u00edcia de Oliveira Luna<\/b><\/span><\/a><br \/>\n<span style=\"font-family: Times New Roman, serif\">Doutora em Sa\u00fade P\u00fablica, Fiocruz, 2010<br \/>\n<\/span><span style=\"font-family: Times New Roman, serif\">Departamento de Biologia \u2013 UEPB<br \/>\n<\/span><span style=\"font-family: Times New Roman, serif\">karlaceatox@yahoo.com.br<\/span>[\/vc_column_text][\/vc_column][vc_column width=&#8221;1\/2&#8243;][vc_column_text]<\/p>\n<p class=\"western\"><a href=\"http:\/\/lattes.cnpq.br\/0279191804042650\"><span style=\"font-family: Times New Roman, serif\"><b>Marcelo Gomes Germano<\/b><\/span><\/a><br \/>\n<span style=\"font-family: Times New Roman, serif\">Doutor em Educa\u00e7\u00e3o, UFPB, 2008<br \/>\n<\/span><span style=\"font-family: Times New Roman, serif\">Departamento de F\u00edsica \u2013 UEPB<br \/>\n<\/span><span style=\"font-family: Times New Roman, serif\">mggermano@cct.uepb.edu.br<\/span><\/p>\n<p class=\"western\"><a href=\"http:\/\/buscatextual.cnpq.br\/buscatextual\/visualizacv.do?id=K4790285H2\"><span style=\"font-family: Times New Roman, serif\"><b>M\u00e1rcia Adelino da Silva Dias<\/b><\/span><\/a><br \/>\n<span style=\"font-family: Times New Roman, serif\">Doutora em Educa\u00e7\u00e3o, UFRN, 2008<br \/>\n<\/span><span style=\"font-family: Times New Roman, serif\">Departamento de Biologia \u2013 UEPB<br \/>\n<\/span><span style=\"font-family: Times New Roman, serif\">marciaadelinosilva@gmail.com<\/span><\/p>\n<p class=\"western\"><a href=\"http:\/\/buscatextual.cnpq.br\/buscatextual\/visualizacv.do?id=K4584916U7\"><span style=\"font-family: Times New Roman, serif\"><b>Marcos Ant\u00f4nio Barros Santos<\/b><\/span><\/a><br \/>\n<span style=\"font-family: Times New Roman, serif\">Doutor em Ensino, Filosofia e Hist\u00f3ria das Ci\u00eancias, UFBA, 2012<br \/>\n<\/span><span style=\"font-family: Times New Roman, serif\">Departamento de F\u00edsica \u2013 UEPB<br \/>\n<\/span><span style=\"font-family: Times New Roman, serif\">marcos_fis@hotmail.com<\/span><\/p>\n<p class=\"western\"><a href=\"http:\/\/buscatextual.cnpq.br\/buscatextual\/visualizacv.do?id=K4776718D0\"><span style=\"font-family: Times New Roman, serif\"><b>Marcus Bessa de Menezes<\/b><\/span><\/a><br \/>\n<span style=\"font-family: Times New Roman, serif\">Doutor em Educa\u00e7\u00e3o, UFPE, 2010<br \/>\n<\/span><span style=\"font-family: Times New Roman, serif\">Unidadade Acad\u00eamica de Educa\u00e7\u00e3o do Campo &#8211; UFCG<br \/>\n<\/span><span style=\"font-family: Times New Roman, serif\">marcusbessa@gmail.com<\/span><\/p>\n<p class=\"western\"><a href=\"http:\/\/lattes.cnpq.br\/0309471026419288\"><span style=\"font-family: Times New Roman, serif\"><b>Maria Alves de Azer\u00eado<\/b><\/span><\/a><br \/>\n<span style=\"font-family: Times New Roman, serif\">Doutora em Educa\u00e7\u00e3o, UFPB, 2013<br \/>\n<\/span><span style=\"font-family: Times New Roman, serif\">Departamento de Metodologia da Educa\u00e7\u00e3o\u2013 UFPB<br \/>\n<\/span><span style=\"font-family: Times New Roman, serif\">marazeredo@hotmail.com<\/span><\/p>\n<p class=\"western\"><a href=\"http:\/\/lattes.cnpq.br\/4154719055505498\"><span style=\"font-family: Times New Roman, serif\"><b>Maria Betania Sabino Fernandes<\/b><\/span><\/a><br \/>\n<span style=\"font-family: Times New Roman, serif\">Doutora em Educa\u00e7\u00e3o, UFPB, 2014<br \/>\n<\/span><span style=\"font-family: Times New Roman, serif\">Departamento de Metodologia da Educa\u00e7\u00e3o\u2013 UFPB<br \/>\n<\/span><span style=\"font-family: Times New Roman, serif\">fernandes_ufpb@yahoo.com.br<\/span><\/p>\n<p class=\"western\"><a href=\"http:\/\/buscatextual.cnpq.br\/buscatextual\/visualizacv.do?id=K4792176T5\"><span style=\"font-family: Times New Roman, serif\"><b>Paulo Cesar Geglio<\/b><\/span><\/a><br \/>\n<span style=\"font-family: Times New Roman, serif\">Doutor em Educa\u00e7\u00e3o, PUC-SP, 2003<br \/>\n<\/span><span style=\"font-family: Times New Roman, serif\">Departamento de Educa\u00e7\u00e3o \u2013 UFPB<br \/>\n<\/span><span style=\"font-family: Times New Roman, serif\">pcgeglio@terra.com.br<\/span><\/p>\n<p class=\"western\"><a href=\"http:\/\/lattes.cnpq.br\/1399033210518957\"><span style=\"font-family: Times New Roman, serif\"><b>Pedro L\u00facio Barboza<\/b><\/span><\/a><br \/>\n<span style=\"font-family: Times New Roman, serif\">Doutor em Ensino, Filosofia e Hist\u00f3ria das Ci\u00eancias, UFBA, 2011<br \/>\n<\/span><span style=\"font-family: Times New Roman, serif\">Departamento de Matem\u00e1tica \u2013 UEPB<br \/>\n<\/span><span style=\"font-family: Times New Roman, serif\">plbcg@yahoo.com.br<\/span><\/p>\n<p class=\"western\"><a href=\"http:\/\/buscatextual.cnpq.br\/buscatextual\/visualizacv.do?id=K4757740E6\"><span style=\"font-family: Times New Roman, serif\"><b>Roger Ruben Huaman Huanca<\/b><\/span><\/a><br \/>\n<span style=\"font-family: Times New Roman, serif\">Doutor em Educa\u00e7\u00e3o Matem\u00e1tica, UNESP, 2014<br \/>\n<\/span><span style=\"font-family: Times New Roman, serif\">Centro de Ci\u00eancias Humanas e Exatas \u2013 UEPB<br \/>\n<\/span><span style=\"font-family: Times New Roman, serif\">roger@uepb.edu.br<\/span><\/p>\n<p class=\"western\"><span style=\"font-family: Times New Roman, serif\"><b><a href=\"http:\/\/buscatextual.cnpq.br\/buscatextual\/visualizacv.do?id=K4704320U2\">Rog\u00e9ria Gaud\u00eancio do R\u00eago<\/a><br \/>\n<\/b><\/span><span style=\"font-family: Times New Roman, serif\">Doutora em Educa\u00e7\u00e3o, UFRN, 2000<br \/>\n<\/span><span style=\"font-family: Times New Roman, serif\">Departamento de Matem\u00e1tica \u2013 UFPB<br \/>\n<\/span><span style=\"font-family: Times New Roman, serif\">rogeriaedumat@gmail.com<\/span><\/p>\n<p class=\"western\"><a href=\"http:\/\/lattes.cnpq.br\/8695612846450802\"><span style=\"font-family: Times New Roman, serif\"><b>Silvanio de Andrade<\/b><\/span><\/a><br \/>\n<span style=\"font-family: Times New Roman, serif\">Doutor em Educa\u00e7\u00e3o, USP, 2008<br \/>\n<\/span><span style=\"font-family: Times New Roman, serif\">Departamento de Matem\u00e1tica \u2013 UEPB<br \/>\n<\/span><span style=\"font-family: Times New Roman, serif\">silvanio@usp.br<\/span><\/p>\n<p class=\"western\"><a href=\"http:\/\/buscatextual.cnpq.br\/buscatextual\/visualizacv.do?id=K4704750E6\"><span style=\"font-family: Times New Roman, serif\"><b>Z\u00e9lia Maria de Arruda Santiago<\/b><\/span><\/a><br \/>\n<span style=\"font-family: Times New Roman, serif\">Doutora em Educa\u00e7\u00e3o, UFPB, 2010<br \/>\n<\/span><span style=\"font-family: Times New Roman, serif\">Departamento de Educa\u00e7\u00e3o \u2013 UEPB<br \/>\n<\/span><span style=\"font-family: Times New Roman, serif\">zeliasantiago@yahoo.com.br<\/span><\/p>\n<p><a href=\"http:\/\/lattes.cnpq.br\/5172901212568467\">Ti\u00eago dos Santos Freitas<\/a><br \/>\nDoutor em Ci\u00eancia, Tecnologia e Educa\u00e7\u00e3o, CEFET-RJ, 2019<br \/>\nCentro de Ci\u00eancias Humanas e Exatas \u2013 UEPB<br \/>\ntiego@servidor.uepb.edu.br<\/p>\n<p><a href=\"http:\/\/lattes.cnpq.br\/1937979982636984\">Jair Mois\u00e9s de Sousa<\/a><br \/>\nDoutorado em Educa\u00e7\u00e3o, UFRN, 2017.<br \/>\nCentro de Ci\u00eancias Biol\u00f3gicas e da Sa\u00fade \u2013 UFCG<br \/>\njair.moises@professor.ufcg.edu.br[\/vc_column_text][\/vc_column][\/vc_row]<\/p>\n<\/div>","protected":false},"excerpt":{"rendered":"<p>[vc_row gap=&#8221;30&#8243;][vc_column width=&#8221;1\/2&#8243;][vc_column_text css=&#8221;&#8221;]Alessandro Frederico da Silveira Doutor em Ensino, Filosofia e Hist\u00f3ria das Ci\u00eancias, UFBA, 2011 Departamento de F\u00edsica \u2013 UEPB alessandrofred@yahoo.com.br Ana Raquel Pereira de Ata\u00edde Doutora em Ensino, Filosofia e Hist\u00f3ria das Ci\u00eancias, UFBA, 2012 Departamento de F\u00edsica \u2013 UEPB arpataide@uepb.edu.br An\u00edbal de Menezes Maciel Doutor em Educa\u00e7\u00e3o, UFPB, 2015 Departamento de <a class=\"leiamais\" href=\"https:\/\/pos-graduacao.uepb.edu.br\/ppgecm\/corpo-docente-2\/\">Leia Mais&#8230;<\/a><\/p>\n","protected":false},"author":38,"featured_media":0,"parent":0,"menu_order":0,"comment_status":"closed","ping_status":"closed","template":"","meta":{"footnotes":""},"class_list":["post-1479","page","type-page","status-publish","hentry"],"_links":{"self":[{"href":"https:\/\/pos-graduacao.uepb.edu.br\/ppgecm\/wp-json\/wp\/v2\/pages\/1479","targetHints":{"allow":["GET"]}}],"collection":[{"href":"https:\/\/pos-graduacao.uepb.edu.br\/ppgecm\/wp-json\/wp\/v2\/pages"}],"about":[{"href":"https:\/\/pos-graduacao.uepb.edu.br\/ppgecm\/wp-json\/wp\/v2\/types\/page"}],"author":[{"embeddable":true,"href":"https:\/\/pos-graduacao.uepb.edu.br\/ppgecm\/wp-json\/wp\/v2\/users\/38"}],"replies":[{"embeddable":true,"href":"https:\/\/pos-graduacao.uepb.edu.br\/ppgecm\/wp-json\/wp\/v2\/comments?post=1479"}],"version-history":[{"count":21,"href":"https:\/\/pos-graduacao.uepb.edu.br\/ppgecm\/wp-json\/wp\/v2\/pages\/1479\/revisions"}],"predecessor-version":[{"id":6063,"href":"https:\/\/pos-graduacao.uepb.edu.br\/ppgecm\/wp-json\/wp\/v2\/pages\/1479\/revisions\/6063"}],"wp:attachment":[{"href":"https:\/\/pos-graduacao.uepb.edu.br\/ppgecm\/wp-json\/wp\/v2\/media?parent=1479"}],"curies":[{"name":"wp","href":"https:\/\/api.w.org\/{rel}","templated":true}]}}