{"id":1471,"date":"2018-05-17T10:04:59","date_gmt":"2018-05-17T13:04:59","guid":{"rendered":"https:\/\/pos-graduacao.uepb.edu.br\/ppgecm\/?page_id=1471"},"modified":"2020-08-21T00:26:15","modified_gmt":"2020-08-21T03:26:15","slug":"objetivos","status":"publish","type":"page","link":"https:\/\/pos-graduacao.uepb.edu.br\/ppgecm\/objetivos\/","title":{"rendered":"Objetivos"},"content":{"rendered":"<p>O PPGECEM-UEPB tem por objetivo formar docentes\/pesquisadores de alto n\u00edvel, qualificados para o exerc\u00edcio da pr\u00e1tica profissional avan\u00e7ada e transformadora de suas realidades profissionais, a partir da aten\u00e7\u00e3o a demandas de institui\u00e7\u00f5es de ensino e de pesquisa, da educa\u00e7\u00e3o infantil ao ensino superior. Esta busca se d\u00e1 por meio de um processo envolvendo interconex\u00f5es que visam \u00e0 compreens\u00e3o dos processos de ensino e aprendizagem das Ci\u00eancias (F\u00edsica, Qu\u00edmica e Biologia) e da Matem\u00e1tica, sempre envolvendo o di\u00e1logo entre a Universidade e os locais de atua\u00e7\u00e3o dos protagonistas dos projetos desenvolvidos. A proposta \u00e9 que haja uma interlocu\u00e7\u00e3o a partir do estado da arte da pr\u00f3pria \u00e1rea de Ensino de Ci\u00eancias (compreendendo Educa\u00e7\u00e3o Biol\u00f3gica, Educa\u00e7\u00e3o Qu\u00edmica e<br \/>\nEnsino de F\u00edsica) e Educa\u00e7\u00e3o Matem\u00e1tica com campos como os da Educa\u00e7\u00e3o, Psicologia, Sociologia, Antropologia, Hist\u00f3ria, Lingu\u00edstica e Filosofia, tomando como base estudos, pesquisas, pr\u00e1ticas, avan\u00e7os e inova\u00e7\u00f5es da \u00e1rea nas esferas local, nacional e internacional.<\/p>\n<p>Desta forma, prop\u00f5e-se um di\u00e1logo que envolva a transposi\u00e7\u00e3o de conhecimentos, atendendo demandas espec\u00edficas com vistas ao desenvolvimento nacional, regional e local, promovendo uma articula\u00e7\u00e3o integrada da forma\u00e7\u00e3o profissional com as redes e institui\u00e7\u00f5es de pesquisa e ensino.<\/p>\n<p>Os cursos de Mestrado Profissional e Doutorado Profissional cumprem esse papel ao articular o desenvolvimento de um produto ou processo educacional como forma de promover esta forma\u00e7\u00e3o para os profissionais das \u00e1reas envolvidas. De maneira an\u00e1loga, o curso de Mestrado Acad\u00eamico prop\u00f5e uma discuss\u00e3o acerca de problem\u00e1ticas importantes que, em sua maioria, t\u00eam origem na pr\u00e1tica profissional, sempre envolvendo rela\u00e7\u00f5es com os debates acad\u00eamicos de alto n\u00edvel.<\/p>\n","protected":false},"excerpt":{"rendered":"<p>O PPGECEM-UEPB tem por objetivo formar docentes\/pesquisadores de alto n\u00edvel, qualificados para o exerc\u00edcio da pr\u00e1tica profissional avan\u00e7ada e transformadora de suas realidades profissionais, a partir da aten\u00e7\u00e3o a demandas de institui\u00e7\u00f5es de ensino e de pesquisa, da educa\u00e7\u00e3o infantil ao ensino superior. Esta busca se d\u00e1 por meio de um processo envolvendo interconex\u00f5es que <a class=\"leiamais\" href=\"https:\/\/pos-graduacao.uepb.edu.br\/ppgecm\/objetivos\/\">Leia Mais&#8230;<\/a><\/p>\n","protected":false},"author":38,"featured_media":0,"parent":0,"menu_order":0,"comment_status":"closed","ping_status":"closed","template":"","meta":{"footnotes":""},"class_list":["post-1471","page","type-page","status-publish","hentry"],"_links":{"self":[{"href":"https:\/\/pos-graduacao.uepb.edu.br\/ppgecm\/wp-json\/wp\/v2\/pages\/1471","targetHints":{"allow":["GET"]}}],"collection":[{"href":"https:\/\/pos-graduacao.uepb.edu.br\/ppgecm\/wp-json\/wp\/v2\/pages"}],"about":[{"href":"https:\/\/pos-graduacao.uepb.edu.br\/ppgecm\/wp-json\/wp\/v2\/types\/page"}],"author":[{"embeddable":true,"href":"https:\/\/pos-graduacao.uepb.edu.br\/ppgecm\/wp-json\/wp\/v2\/users\/38"}],"replies":[{"embeddable":true,"href":"https:\/\/pos-graduacao.uepb.edu.br\/ppgecm\/wp-json\/wp\/v2\/comments?post=1471"}],"version-history":[{"count":7,"href":"https:\/\/pos-graduacao.uepb.edu.br\/ppgecm\/wp-json\/wp\/v2\/pages\/1471\/revisions"}],"predecessor-version":[{"id":2952,"href":"https:\/\/pos-graduacao.uepb.edu.br\/ppgecm\/wp-json\/wp\/v2\/pages\/1471\/revisions\/2952"}],"wp:attachment":[{"href":"https:\/\/pos-graduacao.uepb.edu.br\/ppgecm\/wp-json\/wp\/v2\/media?parent=1471"}],"curies":[{"name":"wp","href":"https:\/\/api.w.org\/{rel}","templated":true}]}}