{"id":1093,"date":"2016-04-18T08:54:31","date_gmt":"2016-04-18T11:54:31","guid":{"rendered":"https:\/\/pos-graduacao.uepb.edu.br\/ppgecm\/?page_id=1093"},"modified":"2024-07-18T09:03:18","modified_gmt":"2024-07-18T12:03:18","slug":"apresentacao","status":"publish","type":"page","link":"https:\/\/pos-graduacao.uepb.edu.br\/ppgecm\/apresentacao\/","title":{"rendered":"Apresenta\u00e7\u00e3o"},"content":{"rendered":"<p>O Programa de P\u00f3s-Gradua\u00e7\u00e3o em Ensino de Ci\u00eancias e Educa\u00e7\u00e3o Matem\u00e1tica da Universidade Estadual da Para\u00edba (PPGECEM-UEPB) est\u00e1 em funcionamento desde 2007, quando iniciou o curso de <a href=\"https:\/\/pos-graduacao.uepb.edu.br\/ppgecm\/mestrado-profissional\/\"><strong>Mestrado Profissional em Ensino de Ci\u00eancias e Educa\u00e7\u00e3o Matem\u00e1tica<\/strong><\/a>. Em seu in\u00edcio, atendia a profissionais formados nas \u00e1reas de Matem\u00e1tica e F\u00edsica. Pela demanda, em pouco tempo percebeu-se a necessidade de amplia\u00e7\u00e3o das vagas na \u00e1rea de Ensino de Ci\u00eancias. Assim, a partir de 2013 ampliou-se a oferta para atender a profissionais\u00a0 formados nas \u00e1reas de Biologia, Qu\u00edmica, Pedagogia e afins.<\/p>\n<p>No ano de 2013, foi iniciado tamb\u00e9m o curso de <a href=\"https:\/\/pos-graduacao.uepb.edu.br\/ppgecm\/mestrado-academico\/\"><strong>Mestrado Acad\u00eamico em Ensino de Ci\u00eancias e Educa\u00e7\u00e3o Matem\u00e1tica<\/strong><\/a>.<\/p>\n<p>At\u00e9 o in\u00edcio do m\u00eas de agosto de 2020, j\u00e1 foram defendidas 278 disserta\u00e7\u00f5es de mestrado, sendo 188 do Mestrado Profissional e 90 do Mestrado Acad\u00eamico.<\/p>\n<p>No ano de 2019 foi aprovado o curso de\u00a0<a href=\"https:\/\/pos-graduacao.uepb.edu.br\/ppgecm\/doutorado-profissional\/#1718201970486-56b69bc9-9bde\"><strong>Doutorado Profissional em Ensino de Ci\u00eancias e Educa\u00e7\u00e3o Matem\u00e1tica<\/strong><\/a>. Sendo o primeiro Doutorado Profissional da \u00e1rea 46 da Capes (Ensino) aprovado na Regi\u00e3o Nordeste, este curso tem a sele\u00e7\u00e3o para a primeira turma prevista para o segundo semestre do ano de 2020, com previs\u00e3o de in\u00edcio para o primeiro semestre de 2021.<\/p>\n<p>O Programa participa ainda do <a href=\"https:\/\/pos-graduacao.uepb.edu.br\/ppgecm\/renoen\/\"><strong>Doutorado Acad\u00eamico em Rede (Rede Nordeste de Ensino &#8211; Renoen)<\/strong><\/a>, uma Associa\u00e7\u00e3o em Rede (AR) de sete IES dos estados da regi\u00e3o Nordeste (UFS, UFAL, UFC, IFCE, UEPB, UESB e UFRPE).<\/p>\n<p>Desta forma, hoje o PPGECEM-UEPB possui os cursos de\u00a0<strong>Mestrado Profissional<\/strong>,\u00a0<strong>Mestrado Acad\u00eamico<\/strong>,\u00a0<strong>Doutorado Profissional\u00a0<\/strong>e participa, como um dos polos, do\u00a0<strong>Renoen<\/strong>.<\/p>\n<p>Ressalta-se que todos os cursos s\u00e3o presenciais, com aulas no Centro de Ci\u00eancias e Tecnologia (CCT-UEPB), na cidade de Campina Grande &#8211; PB.<\/p>\n<p>Veja aqui os percursos formativos de todos os cursos:<br \/>\n<a href=\"https:\/\/pos-graduacao.uepb.edu.br\/ppgecm\/mestrado-profissional\/\"><strong>Mestrado Profissional em Ensino de Ci\u00eancias e Educa\u00e7\u00e3o Matem\u00e1tica<\/strong><\/a>.<\/p>\n<p><a href=\"https:\/\/pos-graduacao.uepb.edu.br\/ppgecm\/mestrado-academico\/\"><strong>Mestrado Acad\u00eamico em Ensino de Ci\u00eancias e Educa\u00e7\u00e3o Matem\u00e1tica<\/strong><\/a>.<\/p>\n<p><a href=\"https:\/\/pos-graduacao.uepb.edu.br\/ppgecm\/doutorado-profissional\/#1718201970486-56b69bc9-9bde\"><strong>Doutorado Profissional em Ensino de Ci\u00eancias e Educa\u00e7\u00e3o Matem\u00e1tica<\/strong><\/a>.<\/p>\n<p><a href=\"https:\/\/pos-graduacao.uepb.edu.br\/ppgecm\/renoen\/\"><strong>Doutorado Acad\u00eamico em Rede (Rede Nordeste de Ensino &#8211; Renoen)<\/strong><\/a><\/p>\n","protected":false},"excerpt":{"rendered":"<p>O Programa de P\u00f3s-Gradua\u00e7\u00e3o em Ensino de Ci\u00eancias e Educa\u00e7\u00e3o Matem\u00e1tica da Universidade Estadual da Para\u00edba (PPGECEM-UEPB) est\u00e1 em funcionamento desde 2007, quando iniciou o curso de Mestrado Profissional em Ensino de Ci\u00eancias e Educa\u00e7\u00e3o Matem\u00e1tica. Em seu in\u00edcio, atendia a profissionais formados nas \u00e1reas de Matem\u00e1tica e F\u00edsica. Pela demanda, em pouco tempo percebeu-se <a class=\"leiamais\" href=\"https:\/\/pos-graduacao.uepb.edu.br\/ppgecm\/apresentacao\/\">Leia Mais&#8230;<\/a><\/p>\n","protected":false},"author":43,"featured_media":0,"parent":0,"menu_order":0,"comment_status":"closed","ping_status":"closed","template":"","meta":{"footnotes":""},"class_list":["post-1093","page","type-page","status-publish","hentry"],"_links":{"self":[{"href":"https:\/\/pos-graduacao.uepb.edu.br\/ppgecm\/wp-json\/wp\/v2\/pages\/1093","targetHints":{"allow":["GET"]}}],"collection":[{"href":"https:\/\/pos-graduacao.uepb.edu.br\/ppgecm\/wp-json\/wp\/v2\/pages"}],"about":[{"href":"https:\/\/pos-graduacao.uepb.edu.br\/ppgecm\/wp-json\/wp\/v2\/types\/page"}],"author":[{"embeddable":true,"href":"https:\/\/pos-graduacao.uepb.edu.br\/ppgecm\/wp-json\/wp\/v2\/users\/43"}],"replies":[{"embeddable":true,"href":"https:\/\/pos-graduacao.uepb.edu.br\/ppgecm\/wp-json\/wp\/v2\/comments?post=1093"}],"version-history":[{"count":24,"href":"https:\/\/pos-graduacao.uepb.edu.br\/ppgecm\/wp-json\/wp\/v2\/pages\/1093\/revisions"}],"predecessor-version":[{"id":5824,"href":"https:\/\/pos-graduacao.uepb.edu.br\/ppgecm\/wp-json\/wp\/v2\/pages\/1093\/revisions\/5824"}],"wp:attachment":[{"href":"https:\/\/pos-graduacao.uepb.edu.br\/ppgecm\/wp-json\/wp\/v2\/media?parent=1093"}],"curies":[{"name":"wp","href":"https:\/\/api.w.org\/{rel}","templated":true}]}}