{"id":69,"date":"2012-07-05T17:38:23","date_gmt":"2012-07-05T17:38:23","guid":{"rendered":"http:\/\/pos-graduacao.ascom.uepb.edu.br\/ppgec\/?page_id=69"},"modified":"2025-11-17T15:25:29","modified_gmt":"2025-11-17T18:25:29","slug":"dissertacoes","status":"publish","type":"page","link":"https:\/\/pos-graduacao.uepb.edu.br\/ppgec\/dissertacoes\/","title":{"rendered":"Teses e Disserta\u00e7\u00f5es"},"content":{"rendered":"<div class=\"wpb-content-wrapper\"><p>[vc_row][vc_column][vc_column_text css=&#8221;&#8221;]<a href=\"http:\/\/tede.bc.uepb.edu.br\/jspui\/simple-search?location=&amp;query=PPGEC&amp;rpp=100&amp;sort_by=dc.date.issued_dt&amp;order=DESC&amp;etal=0&amp;submit_search=Atualizar\" target=\"_blank\" rel=\"noopener noreferrer\">Sistema de Publica\u00e7\u00e3o Eletr\u00f4nica de Teses e Disserta\u00e7\u00f5es<\/a>[\/vc_column_text][\/vc_column][\/vc_row]<\/p>\n<\/div>","protected":false},"excerpt":{"rendered":"<p>[vc_row][vc_column][vc_column_text css=&#8221;&#8221;]Sistema de Publica\u00e7\u00e3o Eletr\u00f4nica de Teses e Disserta\u00e7\u00f5es[\/vc_column_text][\/vc_column][\/vc_row]<\/p>\n","protected":false},"author":26,"featured_media":0,"parent":0,"menu_order":0,"comment_status":"open","ping_status":"closed","template":"","meta":{"footnotes":""},"class_list":["post-69","page","type-page","status-publish","hentry"],"_links":{"self":[{"href":"https:\/\/pos-graduacao.uepb.edu.br\/ppgec\/wp-json\/wp\/v2\/pages\/69","targetHints":{"allow":["GET"]}}],"collection":[{"href":"https:\/\/pos-graduacao.uepb.edu.br\/ppgec\/wp-json\/wp\/v2\/pages"}],"about":[{"href":"https:\/\/pos-graduacao.uepb.edu.br\/ppgec\/wp-json\/wp\/v2\/types\/page"}],"author":[{"embeddable":true,"href":"https:\/\/pos-graduacao.uepb.edu.br\/ppgec\/wp-json\/wp\/v2\/users\/26"}],"replies":[{"embeddable":true,"href":"https:\/\/pos-graduacao.uepb.edu.br\/ppgec\/wp-json\/wp\/v2\/comments?post=69"}],"version-history":[{"count":31,"href":"https:\/\/pos-graduacao.uepb.edu.br\/ppgec\/wp-json\/wp\/v2\/pages\/69\/revisions"}],"predecessor-version":[{"id":3844,"href":"https:\/\/pos-graduacao.uepb.edu.br\/ppgec\/wp-json\/wp\/v2\/pages\/69\/revisions\/3844"}],"wp:attachment":[{"href":"https:\/\/pos-graduacao.uepb.edu.br\/ppgec\/wp-json\/wp\/v2\/media?parent=69"}],"curies":[{"name":"wp","href":"https:\/\/api.w.org\/{rel}","templated":true}]}}