{"id":660,"date":"2013-09-11T19:13:23","date_gmt":"2013-09-11T19:13:23","guid":{"rendered":"\/ppgec\/?page_id=660"},"modified":"2022-05-16T12:40:01","modified_gmt":"2022-05-16T12:40:01","slug":"laboratorios","status":"publish","type":"page","link":"https:\/\/pos-graduacao.uepb.edu.br\/ppgec\/laboratorios\/","title":{"rendered":"Laborat\u00f3rios"},"content":{"rendered":"<p>&nbsp;<\/p>\n<p>O PPGEC mant\u00e9m v\u00ednculo com diversos laborat\u00f3rios de pesquisa localizados nos Campi I (Campina Grande) e V (Jo\u00e3o Pessoa) da UEPB, al\u00e9m de laborat\u00f3rios da UFMG (Minas Gerais) e IMAR-CMA (Universidade de Coimbra), Portugal.<\/p>\n<p>&nbsp;<\/p>\n<p>Clique nos links abaixo para conhecer nossos laborat\u00f3rios parceiros.<\/p>\n<p>&nbsp;<\/p>\n<ul>\n<li>Laborat\u00f3rio de Ecologia Aqu\u00e1tica &#8211; LEAq\/UEPB<\/li>\n<li><a href=\"http:\/\/labmaruepb.blogspot.com.br\/\" target=\"_blank\" rel=\"noopener\">Laborat\u00f3rio de Biologia Marinha &#8211; LabMar\/UEPB<\/a><\/li>\n<li><a href=\"http:\/\/www.icb.ufmg.br\/labs\/benthos\/index.htm\" target=\"_blank\" rel=\"noopener\">Laborat\u00f3rio de Ecologia de Bentos &#8211; LEB\/UFMG<\/a><\/li>\n<li><a href=\"http:\/\/leveuepbsemiarido.blogspot.com.br\/\" target=\"_blank\" rel=\"noopener\">Laborat\u00f3rio de Ecologia Vegetal &#8211; LEVe\/UEPB<\/a><\/li>\n<li><a href=\"https:\/\/departamentos.uepb.edu.br\/depbio\/laboratorios\/laboratorio-de-ecologia-de-bentos-leb\/\">Laborat\u00f3rio de Ecologia de Bentos &#8211; UEPB<\/a><\/li>\n<li><a href=\"http:\/\/gersa.uepb.edu.br\" target=\"_blank\" rel=\"noopener\">Laborat\u00f3rio de Ecologia &#8211; UEPB\/Campus V<\/a><\/li>\n<li><a href=\"https:\/\/departamentos.uepb.edu.br\/depbio\/laboratorios\/laboratorio-de-pesquisa-botanica-lpbot\/\">Laborat\u00f3rio de Bot\u00e2nica &#8211; UEPB\u00a0<\/a><\/li>\n<li>Laborat\u00f3rio de Ecologia de Peixes &#8211; UEPB<\/li>\n<li>Laborat\u00f3rio de Etnoecologia\/Herpetologia &#8211; UEPB<\/li>\n<\/ul>\n<p>&nbsp;<\/p>\n<p>Em constru\u00e7\u00e3o&#8230;<\/p>\n","protected":false},"excerpt":{"rendered":"<p>&nbsp; O PPGEC mant\u00e9m v\u00ednculo com diversos laborat\u00f3rios de pesquisa localizados nos Campi I (Campina Grande) e V (Jo\u00e3o Pessoa) da UEPB, al\u00e9m de laborat\u00f3rios da UFMG (Minas Gerais) e IMAR-CMA (Universidade de Coimbra), Portugal. &nbsp; Clique nos links abaixo para conhecer nossos laborat\u00f3rios parceiros. &nbsp; Laborat\u00f3rio de Ecologia Aqu\u00e1tica &#8211; LEAq\/UEPB Laborat\u00f3rio de Biologia <a class=\"leiamais\" href=\"https:\/\/pos-graduacao.uepb.edu.br\/ppgec\/laboratorios\/\">Leia Mais&#8230;<\/a><\/p>\n","protected":false},"author":64,"featured_media":0,"parent":0,"menu_order":0,"comment_status":"open","ping_status":"open","template":"","meta":{"footnotes":""},"class_list":["post-660","page","type-page","status-publish","hentry"],"_links":{"self":[{"href":"https:\/\/pos-graduacao.uepb.edu.br\/ppgec\/wp-json\/wp\/v2\/pages\/660","targetHints":{"allow":["GET"]}}],"collection":[{"href":"https:\/\/pos-graduacao.uepb.edu.br\/ppgec\/wp-json\/wp\/v2\/pages"}],"about":[{"href":"https:\/\/pos-graduacao.uepb.edu.br\/ppgec\/wp-json\/wp\/v2\/types\/page"}],"author":[{"embeddable":true,"href":"https:\/\/pos-graduacao.uepb.edu.br\/ppgec\/wp-json\/wp\/v2\/users\/64"}],"replies":[{"embeddable":true,"href":"https:\/\/pos-graduacao.uepb.edu.br\/ppgec\/wp-json\/wp\/v2\/comments?post=660"}],"version-history":[{"count":9,"href":"https:\/\/pos-graduacao.uepb.edu.br\/ppgec\/wp-json\/wp\/v2\/pages\/660\/revisions"}],"predecessor-version":[{"id":2413,"href":"https:\/\/pos-graduacao.uepb.edu.br\/ppgec\/wp-json\/wp\/v2\/pages\/660\/revisions\/2413"}],"wp:attachment":[{"href":"https:\/\/pos-graduacao.uepb.edu.br\/ppgec\/wp-json\/wp\/v2\/media?parent=660"}],"curies":[{"name":"wp","href":"https:\/\/api.w.org\/{rel}","templated":true}]}}