{"id":596,"date":"2013-09-06T12:27:01","date_gmt":"2013-09-06T12:27:01","guid":{"rendered":"\/ppgec\/?page_id=596"},"modified":"2022-09-26T17:09:39","modified_gmt":"2022-09-26T17:09:39","slug":"eventos","status":"publish","type":"page","link":"https:\/\/pos-graduacao.uepb.edu.br\/ppgec\/eventos\/","title":{"rendered":"Eventos"},"content":{"rendered":"<p>[wptabs]<\/p>\n<p>[wptabtitle]Cursos, encontros e oficinas[\/wptabtitle]<br \/>\n[wptabcontent]<\/p>\n<p><strong>2022<\/strong><\/p>\n<p>&#8211; <a href=\"https:\/\/pos-graduacao.uepb.edu.br\/ppgec\/ppgec-promove-curso-de-ferias-conexao-caatinga-do-litoral-ao-sertao\/\">Curso de f\u00e9rias<\/a><\/p>\n<p>&nbsp;<\/p>\n<p><strong>2020<\/strong><\/p>\n<p>&#8211; <a href=\"https:\/\/pos-graduacao.uepb.edu.br\/ppgec\/cursos-de-inverno-do-ppgec-uepb-2020\/\" target=\"_blank\" rel=\"noopener noreferrer\">Cursos de Inverno<\/a><\/p>\n<p>&nbsp;<\/p>\n<p><strong>2019<\/strong><\/p>\n<p>&#8211; <a href=\"https:\/\/pos-graduacao.uepb.edu.br\/ppgec\/files\/2019\/02\/WhatsApp-Image-2019-02-13-at-00.31.23.jpeg\" target=\"_blank\" rel=\"noopener noreferrer\">Semin\u00e1rio Integrador Termite Day<\/a><\/p>\n<p>&nbsp;<\/p>\n<p><strong>2018<\/strong><\/p>\n<p>&#8211; I Semin\u00e1rio: &#8220;Um dia no mar&#8221;<\/p>\n<p>&#8211; <a href=\"https:\/\/ppgeceiec.wixsite.com\/uepb\" target=\"_blank\" rel=\"noopener noreferrer\">II Encontro Internacional de Ecologia e Conserva\u00e7\u00e3o<\/a><\/p>\n<p>&nbsp;<\/p>\n<p><b>2016<\/b><\/p>\n<p style=\"text-align: justify\">&#8211; <a href=\"https:\/\/pos-graduacao.uepb.edu.br\/ppgec\/cursos-de-inverno-em-ecologia-2016\/\" target=\"_blank\" rel=\"noopener noreferrer\">Curso de Inverno em Ecologia &#8211; 2016<\/a><\/p>\n<p>&nbsp;<\/p>\n<p style=\"text-align: justify\"><b>2015 <\/b><\/p>\n<p style=\"text-align: justify\">&#8211;\u00a0[wpfilebase tag=fileurl id=173 linktext=&#8217;Curso de Inverno em Ecologia &#8211; 2015&#8242; \/]<\/p>\n<p>&nbsp;<\/p>\n<p style=\"text-align: justify\"><b>2014 <\/b><\/p>\n<p style=\"text-align: justify\">&#8211;\u00a0<a href=\"https:\/\/pos-graduacao.uepb.edu.br\/ppgec\/ii-workshop-sobre-etnobiologia-e-conservacao-da-natureza\/\" target=\"_blank\" rel=\"noopener noreferrer\">2\u00ba\u00a0Workshop sobre Etnobiologia e Conserva\u00e7\u00e3o da Natureza<\/a><\/p>\n<p style=\"text-align: justify\">&#8211;\u00a0<a href=\"https:\/\/pos-graduacao.uepb.edu.br\/ppgec\/ii-workshop-sobre-etnobiologia-e-conservacao-da-natureza\/\" target=\"_blank\" rel=\"noopener noreferrer\">3\u00ba\u00a0Encontro Paraibano de Etnobiologia e Etnoecologia<\/a><\/p>\n<p>&nbsp;<\/p>\n<p style=\"text-align: justify\"><strong>2013 <\/strong><\/p>\n<p style=\"text-align: justify\">&#8211;\u00a0<a href=\"https:\/\/pos-graduacao.uepb.edu.br\/ppgec\/ii-curso-avancado-em-ecologia-de-estuarios\" target=\"_blank\" rel=\"noopener noreferrer\">2\u00ba Curso Avan\u00e7ado em Ecologia de Estu\u00e1rios<\/a><\/p>\n<p style=\"text-align: justify\">&#8211;\u00a0<a href=\"\/\/pos-graduacao.uepb.edu.br\/ppgec\/workshop-sobre-conectividade-e-monitoramento-de-ecossistemas-estuarinos\" target=\"_blank\" rel=\"noopener noreferrer\">Workshop sobre Conectividade e Monitoramento de Ecossistemas Estuarianos<\/a><\/p>\n<p style=\"text-align: justify\">&#8211;\u00a0<a href=\"https:\/\/pos-graduacao.uepb.edu.br\/ppgec\/4o-bioindex-encontro-sobre-o-uso-de-organismos-como-bioindicadores\" target=\"_blank\" rel=\"noopener noreferrer\">4\u00ba\u00a0BIOINDEX: Encontro sobre o Uso de Organismos como Bioindicadores<\/a><\/p>\n<p>&nbsp;<\/p>\n<p style=\"text-align: justify\"><strong>2012 <\/strong><\/p>\n<p style=\"text-align: justify\">&#8211;\u00a0<a href=\"https:\/\/pos-graduacao.uepb.edu.br\/ppgec\/curso-avancado-de-ecologia-de-estuarios\" target=\"_blank\" rel=\"noopener noreferrer\">Curso Avan\u00e7ado em Ecologia de Estu\u00e1rios<\/a><\/p>\n<p style=\"text-align: justify\">[\/wptabcontent]<\/p>\n<p>[\/wptabs]<\/p>\n","protected":false},"excerpt":{"rendered":"<p>[wptabs] [wptabtitle]Cursos, encontros e oficinas[\/wptabtitle] [wptabcontent] 2022 &#8211; Curso de f\u00e9rias &nbsp; 2020 &#8211; Cursos de Inverno &nbsp; 2019 &#8211; Semin\u00e1rio Integrador Termite Day &nbsp; 2018 &#8211; I Semin\u00e1rio: &#8220;Um dia no mar&#8221; &#8211; II Encontro Internacional de Ecologia e Conserva\u00e7\u00e3o &nbsp; 2016 &#8211; Curso de Inverno em Ecologia &#8211; 2016 &nbsp; 2015 &#8211;\u00a0[wpfilebase tag=fileurl <a class=\"leiamais\" href=\"https:\/\/pos-graduacao.uepb.edu.br\/ppgec\/eventos\/\">Leia Mais&#8230;<\/a><\/p>\n","protected":false},"author":26,"featured_media":0,"parent":0,"menu_order":0,"comment_status":"open","ping_status":"open","template":"","meta":{"footnotes":""},"class_list":["post-596","page","type-page","status-publish","hentry"],"_links":{"self":[{"href":"https:\/\/pos-graduacao.uepb.edu.br\/ppgec\/wp-json\/wp\/v2\/pages\/596","targetHints":{"allow":["GET"]}}],"collection":[{"href":"https:\/\/pos-graduacao.uepb.edu.br\/ppgec\/wp-json\/wp\/v2\/pages"}],"about":[{"href":"https:\/\/pos-graduacao.uepb.edu.br\/ppgec\/wp-json\/wp\/v2\/types\/page"}],"author":[{"embeddable":true,"href":"https:\/\/pos-graduacao.uepb.edu.br\/ppgec\/wp-json\/wp\/v2\/users\/26"}],"replies":[{"embeddable":true,"href":"https:\/\/pos-graduacao.uepb.edu.br\/ppgec\/wp-json\/wp\/v2\/comments?post=596"}],"version-history":[{"count":92,"href":"https:\/\/pos-graduacao.uepb.edu.br\/ppgec\/wp-json\/wp\/v2\/pages\/596\/revisions"}],"predecessor-version":[{"id":2505,"href":"https:\/\/pos-graduacao.uepb.edu.br\/ppgec\/wp-json\/wp\/v2\/pages\/596\/revisions\/2505"}],"wp:attachment":[{"href":"https:\/\/pos-graduacao.uepb.edu.br\/ppgec\/wp-json\/wp\/v2\/media?parent=596"}],"curies":[{"name":"wp","href":"https:\/\/api.w.org\/{rel}","templated":true}]}}