{"id":584,"date":"2013-09-03T18:05:50","date_gmt":"2013-09-03T18:05:50","guid":{"rendered":"\/ppgec\/?page_id=584"},"modified":"2020-07-10T18:08:20","modified_gmt":"2020-07-10T18:08:20","slug":"linhas-de-pesquisa","status":"publish","type":"page","link":"https:\/\/pos-graduacao.uepb.edu.br\/ppgec\/linhas-de-pesquisa\/","title":{"rendered":"\u00c1reas de concentra\u00e7\u00e3o"},"content":{"rendered":"<p>A \u00e1rea de concentra\u00e7\u00e3o em Ecologia e Conserva\u00e7\u00e3o de Ecossistemas aborda aspectos te\u00f3rico-metodol\u00f3gicos que visam formar pesquisadores que respondam quest\u00f5es ecol\u00f3gicas e de conserva\u00e7\u00e3o da biodiversidade a n\u00edvel ecossist\u00eamico. As pesquisas desenvolvidas enfatizar\u00e3o as intera\u00e7\u00f5es entre o ambiente f\u00edsico, processos biogeoqu\u00edmicos e as rela\u00e7\u00f5es estabelecidas entre as popula\u00e7\u00f5es humanas e os ecossistemas, al\u00e9m de informa\u00e7\u00f5es essenciais para a compreens\u00e3o das respostas ambientais e ecol\u00f3gicas frente \u00e0s mudan\u00e7as globais atuais e as press\u00f5es antr\u00f3picas.<\/p>\n<p><strong>Linhas de Pesquisa<\/strong><\/p>\n<p><em>Biodiversidade e Conserva\u00e7\u00e3o em Ecossistemas Terrestres e Aqu\u00e1ticos<\/em> &#8211; Essa linha de pesquisa engloba estudos que agreguem conhecimento sobre a abund\u00e2ncia, a varia\u00e7\u00e3o e diversidade em escala local e regional frente aos poss\u00edveis impactos sobre as popula\u00e7\u00f5es humanas e comunidades biol\u00f3gicas, gerando, assim, conhecimento e estrat\u00e9gias de uso e gest\u00e3o sustent\u00e1vel para a conserva\u00e7\u00e3o da biodiversidade, particularmente na regi\u00e3o Nordeste.<\/p>\n<p><em>Processos Ecol\u00f3gicos e Funcionamento em Ecossistemas Terrestres e Aqu\u00e1ticos<\/em> &#8211; Essa linha de pesquisa busca caracterizar e quantificar os (1) padr\u00f5es espaciais, temporais e de grupos funcionais (diversidade funcional) da sucess\u00e3o ecol\u00f3gica; (2) a produtividade ecossist\u00eamica e, finalmente (3) determinar como a produtividade e a sucess\u00e3o podem ser utilizadas tanto para a manuten\u00e7\u00e3o da diversidade quanto para a restaura\u00e7\u00e3o ecossist\u00eamica ap\u00f3s dist\u00farbios de origem antr\u00f3pica.<\/p>\n","protected":false},"excerpt":{"rendered":"<p>A \u00e1rea de concentra\u00e7\u00e3o em Ecologia e Conserva\u00e7\u00e3o de Ecossistemas aborda aspectos te\u00f3rico-metodol\u00f3gicos que visam formar pesquisadores que respondam quest\u00f5es ecol\u00f3gicas e de conserva\u00e7\u00e3o da biodiversidade a n\u00edvel ecossist\u00eamico. As pesquisas desenvolvidas enfatizar\u00e3o as intera\u00e7\u00f5es entre o ambiente f\u00edsico, processos biogeoqu\u00edmicos e as rela\u00e7\u00f5es estabelecidas entre as popula\u00e7\u00f5es humanas e os ecossistemas, al\u00e9m de informa\u00e7\u00f5es <a class=\"leiamais\" href=\"https:\/\/pos-graduacao.uepb.edu.br\/ppgec\/linhas-de-pesquisa\/\">Leia Mais&#8230;<\/a><\/p>\n","protected":false},"author":5,"featured_media":0,"parent":0,"menu_order":0,"comment_status":"open","ping_status":"open","template":"","meta":{"footnotes":""},"class_list":["post-584","page","type-page","status-publish","hentry"],"_links":{"self":[{"href":"https:\/\/pos-graduacao.uepb.edu.br\/ppgec\/wp-json\/wp\/v2\/pages\/584","targetHints":{"allow":["GET"]}}],"collection":[{"href":"https:\/\/pos-graduacao.uepb.edu.br\/ppgec\/wp-json\/wp\/v2\/pages"}],"about":[{"href":"https:\/\/pos-graduacao.uepb.edu.br\/ppgec\/wp-json\/wp\/v2\/types\/page"}],"author":[{"embeddable":true,"href":"https:\/\/pos-graduacao.uepb.edu.br\/ppgec\/wp-json\/wp\/v2\/users\/5"}],"replies":[{"embeddable":true,"href":"https:\/\/pos-graduacao.uepb.edu.br\/ppgec\/wp-json\/wp\/v2\/comments?post=584"}],"version-history":[{"count":11,"href":"https:\/\/pos-graduacao.uepb.edu.br\/ppgec\/wp-json\/wp\/v2\/pages\/584\/revisions"}],"predecessor-version":[{"id":2081,"href":"https:\/\/pos-graduacao.uepb.edu.br\/ppgec\/wp-json\/wp\/v2\/pages\/584\/revisions\/2081"}],"wp:attachment":[{"href":"https:\/\/pos-graduacao.uepb.edu.br\/ppgec\/wp-json\/wp\/v2\/media?parent=584"}],"curies":[{"name":"wp","href":"https:\/\/api.w.org\/{rel}","templated":true}]}}