{"id":300,"date":"2012-11-20T23:33:58","date_gmt":"2012-11-20T23:33:58","guid":{"rendered":"http:\/\/pos-graduacao.ascom.uepb.edu.br\/ppgec\/?page_id=300"},"modified":"2025-02-10T11:10:38","modified_gmt":"2025-02-10T14:10:38","slug":"grade-curricular","status":"publish","type":"page","link":"https:\/\/pos-graduacao.uepb.edu.br\/ppgec\/grade-curricular\/","title":{"rendered":"Grade Curricular"},"content":{"rendered":"<div class=\"wpb-content-wrapper\"><p>[vc_row][vc_column][vc_column_text]<strong>Os discentes do mestrado devem totalizar um m\u00ednimo de 30 cr\u00e9ditos, sendo 27 em disciplinas (15 das obrigat\u00f3rias + 12 das eletivas) e 03 da Disserta\u00e7\u00e3o; enquanto os discentes do doutorado devem totalizar um m\u00ednimo de 48 cr\u00e9ditos, sendo 36 em disciplinas (03 da obrigat\u00f3ria + 33 das eletivas) e 12 da Tese.<\/strong>[\/vc_column_text][\/vc_column][\/vc_row][vc_row][vc_column][vc_tta_tabs][vc_tta_section title=&#8221;Disciplinas Obrigat\u00f3rias&#8221; tab_id=&#8221;1701782246913-eea4e339-70bc&#8221;][vc_column_text]<strong>C\u00f3d. | Disciplina (cr\u00e9ditos\/Carga hor\u00e1ria) | Ementa<\/strong><\/p>\n<ul>\n<li>111002 | Bioestat\u00edstica (3\/45) |\u00a0<a href=\"https:\/\/pos-graduacao.uepb.edu.br\/ppgec\/download\/111002-bioestatistica-mec-02\/?wpdmdl=3079&amp;masterkey\"><strong>Ementa<\/strong><\/a><\/li>\n<li>111003 | Ecologia de Popula\u00e7\u00f5es (3\/45) |\u00a0<a href=\"https:\/\/pos-graduacao.uepb.edu.br\/ppgec\/download\/111003-ecologia-de-populacoes-mec-02\/?wpdmdl=3078&amp;masterkey\"><strong>Ementa<\/strong><\/a><\/li>\n<li>111004 | Metodologia da Pesquisa e do Trabalho Cient\u00edfico (3\/45) |\u00a0<a href=\"https:\/\/pos-graduacao.uepb.edu.br\/ppgec\/download\/metodologia-da-pesquisa-e-do-trabalho-cientifico-mec-02\/?wpdmdl=3077&amp;masterkey\"><strong>Ementa<\/strong><\/a><\/li>\n<li>111005 |\u00a0Ecologia de Comunidades (3\/45) |\u00a0<a href=\"https:\/\/pos-graduacao.uepb.edu.br\/ppgec\/download\/111005-ecologia-de-comunidades-mec-02\/?wpdmdl=3080&amp;masterkey\"><strong>Ementa<\/strong><\/a><\/li>\n<li>111006 | Ecologia e Conserva\u00e7\u00e3o de Ecossistemas (3\/45) |\u00a0<a href=\"https:\/\/pos-graduacao.uepb.edu.br\/ppgec\/download\/111006-ecologia-e-conservacao-de-ecossistemas-mec-02\/?wpdmdl=3087&amp;masterkey\"><strong>Ementa<\/strong><\/a><\/li>\n<li>112005 | Processos e Funcionamento Ecossist\u00eamico (3\/45)* |\u00a0<a href=\"https:\/\/pos-graduacao.uepb.edu.br\/ppgec\/download\/112005-processos-e-funcionamento-ecossistemico-mec-02\/?wpdmdl=3130&amp;masterkey\"><strong>Ementa<\/strong><\/a><\/li>\n<\/ul>\n<p>* Obrigatoriedade apenas para o Doutorado.[\/vc_column_text][\/vc_tta_section][vc_tta_section title=&#8221;Disciplinas Eletivas&#8221; tab_id=&#8221;1701782297009-d0d7a561-4aee&#8221;][vc_column_text css=&#8221;&#8221;]<strong>C\u00f3d. | Disciplina (cr\u00e9ditos\/Carga hor\u00e1ria) | Ementa<\/strong><\/p>\n<ul>\n<li>112001 |\u00a0Ecologia de Campo (5\/75) |\u00a0<a href=\"https:\/\/pos-graduacao.uepb.edu.br\/ppgec\/download\/112001-ecologia-de-campo-mec-02\/?wpdmdl=3126&amp;masterkey\"><strong>Ementa<\/strong><\/a><\/li>\n<li>112002 | Etnobiologia e Conserva\u00e7\u00e3o (3\/45) |\u00a0<a href=\"https:\/\/pos-graduacao.uepb.edu.br\/ppgec\/download\/112002-etnobiologia-e-conservacao-mec-02\/?wpdmdl=3127&amp;masterkey\"><strong>Ementa<\/strong><\/a><\/li>\n<li>112003 | Ecologia de Comunidades Vegetais (3\/45) |\u00a0<a href=\"https:\/\/pos-graduacao.uepb.edu.br\/ppgec\/download\/112003-ecologia-de-comunidades-vegetais-mec-02\/?wpdmdl=3128&amp;masterkey\"><strong>Ementa<\/strong><\/a><\/li>\n<li>112004 | Geotecnologias Aplicadas a An\u00e1lise Ambiental (3\/45) |\u00a0<a href=\"https:\/\/pos-graduacao.uepb.edu.br\/ppgec\/download\/112004-geotecnologias-aplicadas-a-analise-ambiental-mec-02\/?wpdmdl=3129&amp;masterkey\"><strong>Ementa<\/strong><\/a><\/li>\n<li>112005 | Processos e Funcionamento Ecossist\u00eamico (3\/45) |\u00a0<a href=\"https:\/\/pos-graduacao.uepb.edu.br\/ppgec\/download\/112005-processos-e-funcionamento-ecossistemico-mec-02\/?wpdmdl=3130&amp;masterkey\"><strong>Ementa<\/strong><\/a><\/li>\n<li>112006 |\u00a0Filosofia da Ci\u00eancia (3\/45) |\u00a0<a href=\"https:\/\/pos-graduacao.uepb.edu.br\/ppgec\/download\/112006-filosofia-da-ciencia-mec-02\/?wpdmdl=3131&amp;masterkey\"><strong>Ementa<\/strong><\/a><\/li>\n<li>112007 | Conserva\u00e7\u00e3o da Biodiversidade (3\/45) |\u00a0<a href=\"https:\/\/pos-graduacao.uepb.edu.br\/ppgec\/download\/112007-conservacao-de-biodiversidade\/?wpdmdl=3115&amp;masterkey\"><strong>Ementa<\/strong><\/a><\/li>\n<li>112008 | Reda\u00e7\u00e3o de Artigos Cient\u00edficos (3\/45) |\u00a0<a href=\"https:\/\/pos-graduacao.uepb.edu.br\/ppgec\/download\/112008-redacao-de-artigos-cientificos-mec-02\/?wpdmdl=3132&amp;masterkey\"><strong>Ementa<\/strong><\/a><\/li>\n<li>112009 | Diversidade, Filogenia, Ecologia e Conserva\u00e7\u00e3o de Angiosperma (3\/45) | <a href=\"https:\/\/pos-graduacao.uepb.edu.br\/ppgec\/download\/112009-diversidade-filogenia-ecologia-e-conservacao-de-angiosperma-mec-02\/?wpdmdl=3133&amp;masterkey\"><strong>Ementa<\/strong><\/a><\/li>\n<li>112010 | Conectividade de Popula\u00e7\u00f5es Costeiro-Marinhas (3\/45) |\u00a0<a href=\"https:\/\/pos-graduacao.uepb.edu.br\/ppgec\/download\/112010-conectividade-de-populacoes-costeiro-marinhas-mec-02_assinado-docx\/?wpdmdl=3503&amp;masterkey=-05_AfC1q8R-pHyZ-UR3RM35zTHYHbLSX4W-SKpSPOmcS2ekmBNY1kRaZpr0bVZ38HWAKsCA3f8gzvaK46eveZkFTA8yg3Fb9fu2PmlrH3Q\"><strong>Ementa<\/strong><\/a><\/li>\n<li>112011 | An\u00e1lise de Dados em Ecologia (3\/45) |\u00a0<a href=\"https:\/\/pos-graduacao.uepb.edu.br\/ppgec\/download\/112011-analise-de-dados-em-ecologia-mec-02-1\/?wpdmdl=3135&amp;masterkey\"><strong>Ementa<\/strong><\/a><\/li>\n<li>112012 | Ecologia de Estu\u00e1rios (3\/45) |\u00a0<a href=\"https:\/\/pos-graduacao.uepb.edu.br\/ppgec\/download\/112012-ecologia-de-estuarios-mec-02\/?wpdmdl=3136&amp;masterkey\"><strong>Ementa<\/strong><\/a><\/li>\n<li>112013 | Biogeografia e Macroecologia (3\/45) |\u00a0<a href=\"https:\/\/pos-graduacao.uepb.edu.br\/ppgec\/download\/112013-biogeografia-e-macroecologia-mec-02\/?wpdmdl=3160&amp;masterkey\"><strong>Ementa<\/strong><\/a><\/li>\n<li>112014 | Biomonitoramento e Modelagem Preditiva (3\/45) |\u00a0<a href=\"https:\/\/pos-graduacao.uepb.edu.br\/ppgec\/download\/112014-biomonitoramento-e-modelagem-preditiva-mec-02\/?wpdmdl=3161&amp;masterkey\"><strong>Ementa<\/strong><\/a><\/li>\n<li>112015 | Delineamento Amostral (3\/45) |\u00a0<a href=\"https:\/\/pos-graduacao.uepb.edu.br\/ppgec\/download\/112015-delineamento-amostral-mec-02\/?wpdmdl=3162&amp;masterkey\"><strong>Ementa<\/strong><\/a><\/li>\n<li>112016 | Limnologia (3\/45)\u00a0|\u00a0<a href=\"https:\/\/pos-graduacao.uepb.edu.br\/ppgec\/download\/112016-limnologia-mec-02\/?wpdmdl=3163&amp;masterkey\"><strong>Ementa<\/strong><\/a><\/li>\n<li>112017 |\u00a0M\u00e9todos de Quantifica\u00e7\u00e3o da Diversidade Biol\u00f3gica (3\/45)\u00a0|\u00a0<a href=\"https:\/\/pos-graduacao.uepb.edu.br\/ppgec\/download\/112017-metodos-de-quantificacao-da-diversidade-biologica-mec-02\/?wpdmdl=3164&amp;masterkey\"><strong>Ementa<\/strong><\/a><\/li>\n<li>112018 | Ecologia e Conserva\u00e7\u00e3o de Ambientes Costeiros e Marinhos (3\/45) |\u00a0<a href=\"https:\/\/pos-graduacao.uepb.edu.br\/ppgec\/download\/112018-ecologia-e-conservacao-de-ambientes-costeiros-e-marinhos-mec-02\/?wpdmdl=3165&amp;masterkey\"><strong>Ementa<\/strong><\/a><\/li>\n<li>113024 | M\u00e9todos quantitativos em ecologia de comunidades (4\/60)\u00a0 | <a href=\"https:\/\/pos-graduacao.uepb.edu.br\/ppgec\/download\/metodos-quantitativos-em-ecologia-de-comunidades\/?wpdmdl=3387&amp;masterkey=VV0dlfL0dotyruMavCBBnYMFc8reUmsZHN5wJUfUOheeMiB5380xQtnVG4FGwzTCQ1SiyEp9IXHJYS6KXKf1QM_agl9loOIKRGU1vFKkXMc\">Ementa\u00a0<\/a><\/li>\n<\/ul>\n<p>* Obrigatoriedade apenas para o Doutorado.[\/vc_column_text][\/vc_tta_section][vc_tta_section title=&#8221;TAEC&#8221; tab_id=&#8221;1701782322520-24473195-6f2c&#8221;][vc_column_text css=&#8221;&#8221;]<strong>C\u00f3d. | Disciplina (cr\u00e9ditos\/Carga hor\u00e1ria) | Ementa<\/strong><\/p>\n<ul>\n<li>113001 | TAEC: Fatores Influenciando as Intera\u00e7\u00f5es entre Esp\u00e9cies em Comunidades (3\/45) |\u00a0<a href=\"https:\/\/pos-graduacao.uepb.edu.br\/ppgec\/download\/113001-taec-fatores-influenciando-as-interacoes-entre-especies-em-comunidades-mec-02\/?wpdmdl=3089&amp;masterkey\"><strong>Ementa<\/strong><\/a><\/li>\n<li>113002 | TAEC: Valora\u00e7\u00e3o de Servi\u00e7os Ecossist\u00eamicos (3\/45) |\u00a0<a href=\"https:\/\/pos-graduacao.uepb.edu.br\/ppgec\/download\/113002-taec-valoracao-de-servicos-ecossistemicos-mec-02\/?wpdmdl=3090&amp;masterkey\"><strong>Ementa<\/strong><\/a><\/li>\n<li>113003 | TAEC: Teorias, Padr\u00f5es e Processos em Comunidades Biol\u00f3gicas (3\/45) | <a href=\"https:\/\/pos-graduacao.uepb.edu.br\/ppgec\/download\/113003-f-taec-teorias-padroes-e-processos-em-comunidades-biologicas-mec-02\/?wpdmdl=3117&amp;masterkey\">Ementa<\/a><\/li>\n<li>113004 | TAEC: G\u00eanese de solos (3\/45) |\u00a0<a href=\"https:\/\/pos-graduacao.uepb.edu.br\/ppgec\/download\/113004-taec-genese-de-solos-mec-02\/?wpdmdl=3143&amp;masterkey\"><strong>Ementa<\/strong><\/a><\/li>\n<li>113005 | TAEC: Introdu\u00e7\u00e3o a Meta-an\u00e1lise em Ecologia (3\/45) |\u00a0<a href=\"https:\/\/pos-graduacao.uepb.edu.br\/ppgec\/download\/113005-taec-introducao-a-meta-analise-em-ecologia-mec-02\/?wpdmdl=3145&amp;masterkey\"><strong>Ementa<\/strong><\/a><\/li>\n<li>113006 | TAEC: Ecologia de Peixes Estuarinos (3\/45) |\u00a0<a href=\"https:\/\/pos-graduacao.uepb.edu.br\/ppgec\/download\/113006-taec-ecologia-de-peixes-estuarinos-mec-02\/?wpdmdl=3144&amp;masterkey\"><strong>Ementa<\/strong><\/a><\/li>\n<li>113007 | TAEC: Introdu\u00e7\u00e3o a Ecologia Funcional (3\/45) |\u00a0<a href=\"https:\/\/pos-graduacao.uepb.edu.br\/ppgec\/download\/113007-taec-introducao-a-ecologia-funcional-mec-02\/?wpdmdl=3146&amp;masterkey\"><strong>Ementa<\/strong><\/a><\/li>\n<li>113008 | TAEC: Ecologia de Florestas Secas (3\/45) |\u00a0<a href=\"https:\/\/pos-graduacao.uepb.edu.br\/ppgec\/download\/113008-taec-ecologia-de-florestas-secas-mec-02\/?wpdmdl=3147&amp;masterkey\"><strong>Ementa<\/strong><\/a><\/li>\n<li>113009 | TAEC: Sistem\u00e1tica e Conserva\u00e7\u00e3o de Invertebrados Marinhos (3\/45) |\u00a0<a href=\"https:\/\/pos-graduacao.uepb.edu.br\/ppgec\/download\/113009-f-taec-sistematica-e-conservacao-de-invertebrados-marinhos-mec-02\/?wpdmdl=3148&amp;masterkey\"><strong>Ementa<\/strong><\/a><\/li>\n<li>113010 | TAEC: Ecologia Humana (3\/45) |\u00a0<a href=\"https:\/\/pos-graduacao.uepb.edu.br\/ppgec\/download\/113010-taec-ecologia-humana-mec-02\/?wpdmdl=3149&amp;masterkey\"><strong>Ementa<\/strong><\/a><\/li>\n<li>113011 | TAEC: Biomonitoramento (3\/45) |<strong><a href=\"https:\/\/pos-graduacao.uepb.edu.br\/ppgec\/download\/113011-f-taec-biomonitoramento-mec-02\/?wpdmdl=3150&amp;masterkey\">Ementa<\/a><\/strong><\/li>\n<li>113012 | TAEC: Ecologia Te\u00f3rica (3\/45) |\u00a0<a href=\"https:\/\/pos-graduacao.uepb.edu.br\/ppgec\/download\/113012-f-taec-ecologia-teorica-mec-02\/?wpdmdl=3151&amp;masterkey\"><strong>Ementa<\/strong><\/a><\/li>\n<li>113013 | TAEC: Classifica\u00e7\u00e3o de Servi\u00e7os Ecossit\u00eamicos (3\/45) |\u00a0<a href=\"https:\/\/pos-graduacao.uepb.edu.br\/ppgec\/?wpfb_dl=457\"><strong>Ementa<\/strong><\/a><\/li>\n<li>113014 | TAEC: Delineamento Amostral e An\u00e1lise de Dados (3\/45) |\u00a0<a href=\"https:\/\/pos-graduacao.uepb.edu.br\/ppgec\/download\/113014-f-taec-delineamento-amostral-e-analise-de-dados-mec-02\/?wpdmdl=3153&amp;masterkey\"><strong>Ementa<\/strong><\/a><\/li>\n<li>113015 | TAEC: Conserva\u00e7\u00e3o Biocultural (3\/45) |\u00a0<a href=\"https:\/\/pos-graduacao.uepb.edu.br\/ppgec\/download\/113015-f-taec-conservacao-biocultural-mec-02\/?wpdmdl=3154&amp;masterkey\"><strong>Ementa<\/strong><\/a><\/li>\n<li>113016 | TAEC: Ci\u00eancia, Tecnologia, Sociedade e Ambiente (3\/45) |\u00a0<a href=\"https:\/\/pos-graduacao.uepb.edu.br\/ppgec\/download\/113016-taec-ciencia-tecnologia-sociedade-e-ambiente-mec-02-2\/?wpdmdl=3501&amp;masterkey=00l4rxxccXrORv_ir2IiD7m8WGfRrR4GHZgQ4nPDWZBDoiqmo-kz8tAhk9M7cVLI870Zb0TiNxePi21ziJSvtyud4lpGGR7ZeLG0BUo9VQc\"><strong>Ementa<\/strong><\/a><\/li>\n<li>113017 | TAEC: Estudos Etnobiol\u00f3gicos (3\/45) |\u00a0<a href=\"https:\/\/pos-graduacao.uepb.edu.br\/ppgec\/download\/113017-f-taec-estudos-etnobiologicos-mec-02\/?wpdmdl=3156&amp;masterkey\"><strong>Ementa<\/strong><\/a><\/li>\n<li>113018 | TAEC: Ictiologia (3\/45) |\u00a0<a href=\"https:\/\/pos-graduacao.uepb.edu.br\/ppgec\/download\/113018-f-taec-ictiologia-mec-02\/?wpdmdl=3157&amp;masterkey\"><strong>Ementa<\/strong><\/a><\/li>\n<li>113019 | TAEC: Ecofisiologia de Plantas do Semi\u00e1rido (3\/45) |\u00a0<a href=\"https:\/\/pos-graduacao.uepb.edu.br\/ppgec\/download\/113019-taec-ecofisiologia-de-plantas-do-semiarido-mec-02\/?wpdmdl=3158&amp;masterkey\"><strong>Ementa<\/strong><\/a><\/li>\n<li>113020 | TAEC: Ecologia de Sementes (3\/45) |\u00a0<a href=\"https:\/\/pos-graduacao.uepb.edu.br\/ppgec\/download\/113020-taec-ecologia-de-sementes-mec-02\/?wpdmdl=3199&amp;masterkey\"><strong>Ementa<\/strong><\/a><\/li>\n<li>113021 | TAEC: Ecologia Global e Mudan\u00e7as Clim\u00e1ticas (2\/30) |\u00a0<a href=\"https:\/\/pos-graduacao.uepb.edu.br\/ppgec\/download\/ementa-taec-ecologia-global-e-mudancas-climaticas\/?wpdmdl=3235&amp;masterkey\"><strong>Ementa<\/strong><\/a><\/li>\n<li>113022 | TAEC: \u00c1reas Protegidas e Conserva\u00e7\u00e3o Biocultural (3\/45) |\u00a0<a href=\"https:\/\/pos-graduacao.uepb.edu.br\/ppgec\/download\/ementa-taec-area-protegidas-e-conservacao-biocultural\/?wpdmdl=3195&amp;masterkey\"><strong>Ementa<\/strong><\/a><\/li>\n<li>113023 | TAEC: Educa\u00e7\u00e3o Ambiental (3\/45) |\u00a0<a href=\"https:\/\/pos-graduacao.uepb.edu.br\/ppgec\/download\/ementa-taec-educacao-ambiental\/?wpdmdl=3224&amp;masterkey\"><strong>Ementa<\/strong><\/a><\/li>\n<li>113025 | TAEC: Diversidade Funcional (2\/30) |\u00a0<a href=\"https:\/\/pos-graduacao.uepb.edu.br\/ppgec\/download\/113025-diversidade-funcional-mec-02\/?wpdmdl=3275&amp;masterkey\"><strong>Ementa<\/strong><\/a><\/li>\n<li>113026 | TAEC: Morfologia e desenvolvimento floral: ferramentas b\u00e1sicas na reconstru\u00e7\u00e3o evolutiva das angiospermas (3\/45) |\u00a0<a href=\"https:\/\/pos-graduacao.uepb.edu.br\/ppgec\/download\/113026-morfologia-e-desenv-floral-mec-02\/?wpdmdl=3308&amp;masterkey\"><strong>Ementa<\/strong><\/a><\/li>\n<li>113027 | TAEC: Divulga\u00e7\u00e3o Cient\u00edfica (3\/45) |\u00a0<a href=\"https:\/\/pos-graduacao.uepb.edu.br\/ppgec\/download\/113027-taec-divulgacao-cientifica\/?wpdmdl=3310&amp;masterkey\"><strong>Ementa<\/strong><\/a><\/li>\n<li>XXXX\u00a0 | TAEC: Ecologia de solos e ecologia de plantas da caatinga (3\/45) |\u00a0<a href=\"https:\/\/pos-graduacao.uepb.edu.br\/ppgec\/download\/taec-ecologia-de-solos-e-ecologia-de-plantas-da-caatinga\/?wpdmdl=3470&amp;masterkey=j8l2xKGbEXW1te-9wrPbKtCPubN18szLSUo8lq2JrhHDYVzmTTt3cLwIRUGzF7KH3bjTNtHCIF-UkYfGtRcnZJoMo-HHTR3zcbnsaej_igk\"><strong>Ementa<\/strong><\/a><\/li>\n<\/ul>\n<p>[\/vc_column_text][\/vc_tta_section][vc_tta_section title=&#8221;Atividades Obrigat\u00f3rias&#8221; tab_id=&#8221;1701782354015-acf32ec0-7e90&#8243;][vc_column_text]<em><strong>Mestrado<\/strong><\/em><\/p>\n<ul>\n<li>Disserta\u00e7\u00e3o (3\/45)<\/li>\n<li>Est\u00e1gio Doc\u00eancia (30 horas)<\/li>\n<li>Exame de Profici\u00eancia (Ingl\u00eas)<\/li>\n<li>Semin\u00e1rios I \u2013 Apresenta\u00e7\u00e3o e Avalia\u00e7\u00e3o de Projeto (6 meses)<\/li>\n<li>Semin\u00e1rios II \u2013 Relat\u00f3rio de Atividades (12 meses)<\/li>\n<li>Semin\u00e1rios III \u2013 Qualifica\u00e7\u00e3o (18 meses)<\/li>\n<\/ul>\n<p><em><strong>Doutorado<\/strong><\/em><\/p>\n<ul>\n<li>Tese (12\/180)<\/li>\n<li>Est\u00e1gio Doc\u00eancia (60 horas \u2013 em dois per\u00edodos distintos)<\/li>\n<li>Exame de Profici\u00eancia (Ingl\u00eas e Espanhol)<\/li>\n<li>Semin\u00e1rios I \u2013 Defesa de Projeto de Doutorado (12 meses)<\/li>\n<li>Semin\u00e1rios II \u2013 Qualifica\u00e7\u00e3o de Tese (24 meses)<\/li>\n<li>Semin\u00e1rios III \u2013 Evolu\u00e7\u00e3o da Tese (36 meses)<\/li>\n<\/ul>\n<p>[\/vc_column_text][\/vc_tta_section][vc_tta_section title=&#8221;Ementas&#8221; tab_id=&#8221;1701782379769-a17a82a9-5888&#8243;][vc_column_text]Confira\u00a0<a href=\"https:\/\/pos-graduacao.uepb.edu.br\/ppgec\/download\/ementas-das-disciplinas-ppgec\/?wpdmdl=2761&amp;masterkey\">aqui<\/a>.[\/vc_column_text][\/vc_tta_section][vc_tta_section title=&#8221;T\u00f3picos Especiais j\u00e1 ministrados&#8221; tab_id=&#8221;1701782403344-9bb67ad8-f311&#8243;][vc_column_text]Primeira oferta em 2020<\/p>\n<p><strong>C\u00f3d. | Disciplina (cr\u00e9ditos\/Carga hor\u00e1ria) | Ementa<\/strong><\/p>\n<ul>\n<li>TAEC: Introdu\u00e7\u00e3o a Ecologia Funcional (3\/45) |\u00a0<a href=\"https:\/\/pos-graduacao.uepb.edu.br\/ppgec\/download\/113007-taec-introducao-a-ecologia-funcional-mec-02\/?wpdmdl=3146&amp;masterkey\"><strong>Ementa<\/strong><\/a><\/li>\n<\/ul>\n<p>Primeira oferta em 2013<\/p>\n<ul>\n<li><a href=\"https:\/\/pos-graduacao.uepb.edu.br\/ppgec\/download\/ementa-de-disciplina-topico-especial-estatistica-aplicada\/?wpdmdl=2822&amp;masterkey\">Introdu\u00e7\u00e3o ao Programa Estat\u00edstico R<\/a><\/li>\n<li>Delineamento Amostral e An\u00e1lise de Dados Ecol\u00f3gicos<\/li>\n<li>Conserva\u00e7\u00e3o da Biodiversidade<\/li>\n<li>Publica\u00e7\u00e3o Cient\u00edfica<\/li>\n<li>Introdu\u00e7\u00e3o a Geoprocessamento e Sistema de Informa\u00e7\u00e3o Geogr\u00e1fica<\/li>\n<\/ul>\n<p>Em 2012<\/p>\n<ul>\n<li><a href=\"https:\/\/pos-graduacao.uepb.edu.br\/ppgec\/download\/ementa-ecologia-de-estuarios\/?wpdmdl=2763&amp;masterkey\">Ecologia de Estu\u00e1rios<\/a><\/li>\n<li><a href=\"https:\/\/pos-graduacao.uepb.edu.br\/ppgec\/download\/ementa-bioprospeccao-projetos-cientificos\/?wpdmdl=2777&amp;masterkey\">Bioprospec\u00e7\u00e3o de Projetos Cient\u00edficos<\/a><\/li>\n<li><a href=\"https:\/\/pos-graduacao.uepb.edu.br\/ppgec\/download\/ementa-de-disciplina-topico-especial-estatistica-aplicada-2\/?wpdmdl=2823&amp;masterkey\">Estat\u00edstica Aplicada<\/a><\/li>\n<\/ul>\n<p>Em 2011<\/p>\n<ul>\n<li style=\"list-style-type: none\">\n<ul>\n<li><a href=\"https:\/\/pos-graduacao.uepb.edu.br\/ppgec\/download\/ementa-gestao-de-zonas-costeiras\/?wpdmdl=2766&amp;masterkey\">Gest\u00e3o Ambiental em Zonas Costeiras e Estuarinas<\/a><\/li>\n<li><a href=\"https:\/\/pos-graduacao.uepb.edu.br\/ppgec\/download\/ementa-de-disciplina-topico-especial-redacao-de-artigos-cientificos\/?wpdmdl=2816&amp;masterkey\">Reda\u00e7\u00e3o de Artigos Cient\u00edficos<\/a><\/li>\n<\/ul>\n<\/li>\n<\/ul>\n<p>[\/vc_column_text][\/vc_tta_section][\/vc_tta_tabs][\/vc_column][\/vc_row]<\/p>\n<\/div>","protected":false},"excerpt":{"rendered":"<p>[vc_row][vc_column][vc_column_text]Os discentes do mestrado devem totalizar um m\u00ednimo de 30 cr\u00e9ditos, sendo 27 em disciplinas (15 das obrigat\u00f3rias + 12 das eletivas) e 03 da Disserta\u00e7\u00e3o; enquanto os discentes do doutorado devem totalizar um m\u00ednimo de 48 cr\u00e9ditos, sendo 36 em disciplinas (03 da obrigat\u00f3ria + 33 das eletivas) e 12 da Tese.[\/vc_column_text][\/vc_column][\/vc_row][vc_row][vc_column][vc_tta_tabs][vc_tta_section title=&#8221;Disciplinas Obrigat\u00f3rias&#8221; <a class=\"leiamais\" href=\"https:\/\/pos-graduacao.uepb.edu.br\/ppgec\/grade-curricular\/\">Leia Mais&#8230;<\/a><\/p>\n","protected":false},"author":26,"featured_media":0,"parent":0,"menu_order":0,"comment_status":"open","ping_status":"open","template":"","meta":{"footnotes":""},"class_list":["post-300","page","type-page","status-publish","hentry"],"_links":{"self":[{"href":"https:\/\/pos-graduacao.uepb.edu.br\/ppgec\/wp-json\/wp\/v2\/pages\/300","targetHints":{"allow":["GET"]}}],"collection":[{"href":"https:\/\/pos-graduacao.uepb.edu.br\/ppgec\/wp-json\/wp\/v2\/pages"}],"about":[{"href":"https:\/\/pos-graduacao.uepb.edu.br\/ppgec\/wp-json\/wp\/v2\/types\/page"}],"author":[{"embeddable":true,"href":"https:\/\/pos-graduacao.uepb.edu.br\/ppgec\/wp-json\/wp\/v2\/users\/26"}],"replies":[{"embeddable":true,"href":"https:\/\/pos-graduacao.uepb.edu.br\/ppgec\/wp-json\/wp\/v2\/comments?post=300"}],"version-history":[{"count":101,"href":"https:\/\/pos-graduacao.uepb.edu.br\/ppgec\/wp-json\/wp\/v2\/pages\/300\/revisions"}],"predecessor-version":[{"id":3681,"href":"https:\/\/pos-graduacao.uepb.edu.br\/ppgec\/wp-json\/wp\/v2\/pages\/300\/revisions\/3681"}],"wp:attachment":[{"href":"https:\/\/pos-graduacao.uepb.edu.br\/ppgec\/wp-json\/wp\/v2\/media?parent=300"}],"curies":[{"name":"wp","href":"https:\/\/api.w.org\/{rel}","templated":true}]}}