{"id":2744,"date":"2023-11-27T11:20:05","date_gmt":"2023-11-27T11:20:05","guid":{"rendered":"https:\/\/pos-graduacao.uepb.edu.br\/ppgec\/?page_id=2744"},"modified":"2023-12-07T13:41:30","modified_gmt":"2023-12-07T13:41:30","slug":"pagina-inicial","status":"publish","type":"page","link":"https:\/\/pos-graduacao.uepb.edu.br\/ppgec\/","title":{"rendered":"P\u00e1gina Inicial"},"content":{"rendered":"<div class=\"wpb-content-wrapper\"><p>[vc_row][vc_column width=&#8221;2\/3&#8243;][vc_text_separator title=&#8221;\u00daltimas Not\u00edcias&#8221; i_icon_fontawesome=&#8221;fas fa-angle-double-right&#8221; i_color=&#8221;custom&#8221; title_align=&#8221;separator_align_left&#8221; add_icon=&#8221;true&#8221; i_custom_color=&#8221;#cc0000&#8243;]<div class=\"mdl-grid\"><div class=\"mdl-cell--6-col mdl-cell--6-col-tablet mdl-cell--12-col-phone bloco-noticias\"><div class=\"titulo-noticia-widget\"><a href=\"https:\/\/pos-graduacao.uepb.edu.br\/ppgec\/edital-para-aluno-especial-2026-1-ppgec\/\"><h3 class=\"titulo-destaque-noticia\">Edital para aluno especial 2026.1 - PPGEC<\/h3><\/a><\/div><div class=\"titulo-noticia-widget\"><a href=\"https:\/\/pos-graduacao.uepb.edu.br\/ppgec\/selecao-de-bolsista-de-pos-doutorado\/\"><h3 class=\"titulo-destaque-noticia\">Sele\u00e7\u00e3o de bolsista de P\u00f3s-doutorado<\/h3><\/a><\/div><div class=\"titulo-noticia-widget\"><a href=\"https:\/\/pos-graduacao.uepb.edu.br\/ppgec\/terceira-etapa-da-selecao-de-mestrado-2026-1-ordem-de-apresentacao\/\"><h3 class=\"titulo-destaque-noticia\">Terceira Etapa da sele\u00e7\u00e3o de Mestrado 2026.1 - Ordem de apresenta\u00e7\u00e3o<\/h3><\/a><\/div><div class=\"titulo-noticia-widget\"><a href=\"https:\/\/pos-graduacao.uepb.edu.br\/ppgec\/segunda-etapa-da-selecao-de-doutorado-2026-1-ordem-de-apresentacao\/\"><h3 class=\"titulo-destaque-noticia\">Segunda Etapa da sele\u00e7\u00e3o de doutorado 2026.1 - Ordem de apresenta\u00e7\u00e3o<\/h3><\/a><\/div><div class=\"titulo-noticia-widget\"><a href=\"https:\/\/pos-graduacao.uepb.edu.br\/ppgec\/resultado-final-selecao-extra-2025-2\/\"><h3 class=\"titulo-destaque-noticia\">Resultado Final - Sele\u00e7\u00e3o Extra 2025.2<\/h3><\/a><\/div><\/div><div class=\"mdl-cell--6-col mdl-cell--6-col-tablet mdl-cell--12-col-phone bloco-noticias\"><div class=\"titulo-noticia-widget\"><a href=\"https:\/\/pos-graduacao.uepb.edu.br\/ppgec\/selecao-para-turma-2026-1-ppgec\/\"><h3 class=\"titulo-destaque-noticia\">Processo Seletivo para Turma 2026.1 - PPGEC<\/h3><\/a><\/div><div class=\"titulo-noticia-widget\"><a href=\"https:\/\/pos-graduacao.uepb.edu.br\/ppgec\/primeira-etapa-da-selecao-extra-2025-2\/\"><h3 class=\"titulo-destaque-noticia\">Primeira etapa da Sele\u00e7\u00e3o Extra 2025.2<\/h3><\/a><\/div><div class=\"titulo-noticia-widget\"><a href=\"https:\/\/pos-graduacao.uepb.edu.br\/ppgec\/selecao-extra-2025-2\/\"><h3 class=\"titulo-destaque-noticia\">Sele\u00e7ao EXTRA 2025.2<\/h3><\/a><\/div><div class=\"titulo-noticia-widget\"><a href=\"https:\/\/pos-graduacao.uepb.edu.br\/ppgec\/credenciamento-do-ppgec-2026-2028\/\"><h3 class=\"titulo-destaque-noticia\">Credenciamento do PPGEC 2026-2028<\/h3><\/a><\/div><div class=\"titulo-noticia-widget\"><a href=\"https:\/\/pos-graduacao.uepb.edu.br\/ppgec\/resultado-da-selecao-para-aluno-especial-2025-2\/\"><h3 class=\"titulo-destaque-noticia\">Resultado da sele\u00e7\u00e3o para aluno especial 2025.2<\/h3><\/a><\/div><\/div><\/div>[vc_row_inner][vc_column_inner width=&#8221;1\/2&#8243;][vc_text_separator title=&#8221;Editais e Sele\u00e7\u00f5es&#8221; i_icon_fontawesome=&#8221;fas fa-angle-double-right&#8221; i_color=&#8221;custom&#8221; title_align=&#8221;separator_align_left&#8221; add_icon=&#8221;true&#8221; i_custom_color=&#8221;#cc0000&#8243;][vc_column_text]<div class='w3eden'>\n    <div class=''>\n\n        \n        <div id=\"content_wpdm_package_1\">\n            <div class='row'><div class='col-lg-12 col-md-6 col-12'><!-- WPDM Link Template: Default Template -->\n\n<div class=\"link-template-default card mb-2\">\n    <div class=\"card-body\">\n        <div class=\"media\">\n            <div class=\"mr-3 img-48\"><img decoding=\"async\" class=\"wpdm_icon\" alt=\"\u00edcone\" src=\"https:\/\/pos-graduacao.uepb.edu.br\/ppgec\/wp-content\/plugins\/download-manager\/assets\/file-type-icons\/pdf.svg\" \/><\/div>\n            <div class=\"media-body\">\n                <h3 class=\"package-title\"><a href='https:\/\/pos-graduacao.uepb.edu.br\/ppgec\/download\/resultado-selecao-aluno-especial-2026-1\/'>Resultado-Selecao-Aluno-Especial-2026.1<\/a><\/h3>\n                <div class=\"text-muted text-small\"><i class=\"fas fa-copy\"><\/i> 1  arquivo(s) <i class=\"fas fa-hdd ml-3\"><\/i> 131.25 KB<\/div>\n            <\/div>\n            <div class=\"ml-3\">\n                <a class='wpdm-download-link download-on-click btn btn-primary ' rel='nofollow' href='#' data-downloadurl=\"https:\/\/pos-graduacao.uepb.edu.br\/ppgec\/download\/resultado-selecao-aluno-especial-2026-1\/?wpdmdl=3898&refresh=69ea2606c21241776952838\">Download<\/a>\n            <\/div>\n        <\/div>\n    <\/div>\n<\/div>\n\n<\/div><div class='col-lg-12 col-md-6 col-12'><!-- WPDM Link Template: Default Template -->\n\n<div class=\"link-template-default card mb-2\">\n    <div class=\"card-body\">\n        <div class=\"media\">\n            <div class=\"mr-3 img-48\"><img decoding=\"async\" class=\"wpdm_icon\" alt=\"\u00edcone\" src=\"https:\/\/pos-graduacao.uepb.edu.br\/ppgec\/wp-content\/plugins\/download-manager\/assets\/file-type-icons\/pdf.svg\" \/><\/div>\n            <div class=\"media-body\">\n                <h3 class=\"package-title\"><a href='https:\/\/pos-graduacao.uepb.edu.br\/ppgec\/download\/edital-aluno-especial-2026-1-ppgec\/'>Edital-Aluno-Especial -2026.1 - PPGEC<\/a><\/h3>\n                <div class=\"text-muted text-small\"><i class=\"fas fa-copy\"><\/i> 1  arquivo(s) <i class=\"fas fa-hdd ml-3\"><\/i> 210.44 KB<\/div>\n            <\/div>\n            <div class=\"ml-3\">\n                <a class='wpdm-download-link download-on-click btn btn-primary ' rel='nofollow' href='#' data-downloadurl=\"https:\/\/pos-graduacao.uepb.edu.br\/ppgec\/download\/edital-aluno-especial-2026-1-ppgec\/?wpdmdl=3894&refresh=69ea2606c7a801776952838\">Download<\/a>\n            <\/div>\n        <\/div>\n    <\/div>\n<\/div>\n\n<\/div><div class='col-lg-12 col-md-6 col-12'><!-- WPDM Link Template: Default Template -->\n\n<div class=\"link-template-default card mb-2\">\n    <div class=\"card-body\">\n        <div class=\"media\">\n            <div class=\"mr-3 img-48\"><img decoding=\"async\" class=\"wpdm_icon\" alt=\"\u00edcone\" src=\"https:\/\/pos-graduacao.uepb.edu.br\/ppgec\/wp-content\/plugins\/download-manager\/assets\/file-type-icons\/pdf.svg\" \/><\/div>\n            <div class=\"media-body\">\n                <h3 class=\"package-title\"><a href='https:\/\/pos-graduacao.uepb.edu.br\/ppgec\/download\/resultado-final-selecao-de-pos-doc-fapesq-2026\/'>RESULTADO FINAL - SELE\u00c7\u00c3O DE P\u00d3S DOC FAPESQ 2026<\/a><\/h3>\n                <div class=\"text-muted text-small\"><i class=\"fas fa-copy\"><\/i> 1  arquivo(s) <i class=\"fas fa-hdd ml-3\"><\/i> 244.40 KB<\/div>\n            <\/div>\n            <div class=\"ml-3\">\n                <a class='wpdm-download-link download-on-click btn btn-primary ' rel='nofollow' href='#' data-downloadurl=\"https:\/\/pos-graduacao.uepb.edu.br\/ppgec\/download\/resultado-final-selecao-de-pos-doc-fapesq-2026\/?wpdmdl=3889&refresh=69ea2606c97e41776952838\">Download<\/a>\n            <\/div>\n        <\/div>\n    <\/div>\n<\/div>\n\n<\/div><div class='col-lg-12 col-md-6 col-12'><!-- WPDM Link Template: Default Template -->\n\n<div class=\"link-template-default card mb-2\">\n    <div class=\"card-body\">\n        <div class=\"media\">\n            <div class=\"mr-3 img-48\"><img decoding=\"async\" class=\"wpdm_icon\" alt=\"\u00edcone\" src=\"https:\/\/pos-graduacao.uepb.edu.br\/ppgec\/wp-content\/plugins\/download-manager\/assets\/file-type-icons\/pdf.svg\" \/><\/div>\n            <div class=\"media-body\">\n                <h3 class=\"package-title\"><a href='https:\/\/pos-graduacao.uepb.edu.br\/ppgec\/download\/selecao-de-bolsista-de-pos-doutorado-resultado-preliminar-final\/'>SELE\u00c7\u00c3O DE BOLSISTA DE P\u00d3S-DOUTORADO - RESULTADO PRELIMINAR FINAL<\/a><\/h3>\n                <div class=\"text-muted text-small\"><i class=\"fas fa-copy\"><\/i> 1  arquivo(s) <i class=\"fas fa-hdd ml-3\"><\/i> 179.63 KB<\/div>\n            <\/div>\n            <div class=\"ml-3\">\n                <a class='wpdm-download-link download-on-click btn btn-primary ' rel='nofollow' href='#' data-downloadurl=\"https:\/\/pos-graduacao.uepb.edu.br\/ppgec\/download\/selecao-de-bolsista-de-pos-doutorado-resultado-preliminar-final\/?wpdmdl=3886&refresh=69ea2606cb46e1776952838\">Download<\/a>\n            <\/div>\n        <\/div>\n    <\/div>\n<\/div>\n\n<\/div><div class='col-lg-12 col-md-6 col-12'><!-- WPDM Link Template: Default Template -->\n\n<div class=\"link-template-default card mb-2\">\n    <div class=\"card-body\">\n        <div class=\"media\">\n            <div class=\"mr-3 img-48\"><img decoding=\"async\" class=\"wpdm_icon\" alt=\"\u00edcone\" src=\"https:\/\/pos-graduacao.uepb.edu.br\/ppgec\/wp-content\/plugins\/download-manager\/assets\/file-type-icons\/pdf.svg\" \/><\/div>\n            <div class=\"media-body\">\n                <h3 class=\"package-title\"><a href='https:\/\/pos-graduacao.uepb.edu.br\/ppgec\/download\/homologacao-das-inscricao-da-selecao-de-bolsa-pos-doc-fapesq-2026\/'>Homologa\u00e7\u00e3o  das Inscri\u00e7\u00e3o da Sele\u00e7\u00e3o de Bolsa P\u00f3s-Doc - FAPESQ 2026<\/a><\/h3>\n                <div class=\"text-muted text-small\"><i class=\"fas fa-copy\"><\/i> 1  arquivo(s) <i class=\"fas fa-hdd ml-3\"><\/i> 155.11 KB<\/div>\n            <\/div>\n            <div class=\"ml-3\">\n                <a class='wpdm-download-link download-on-click btn btn-primary ' rel='nofollow' href='#' data-downloadurl=\"https:\/\/pos-graduacao.uepb.edu.br\/ppgec\/download\/homologacao-das-inscricao-da-selecao-de-bolsa-pos-doc-fapesq-2026\/?wpdmdl=3885&refresh=69ea2606cd1891776952838\">Download<\/a>\n            <\/div>\n        <\/div>\n    <\/div>\n<\/div>\n\n<\/div><div class='col-lg-12 col-md-6 col-12'><!-- WPDM Link Template: Default Template -->\n\n<div class=\"link-template-default card mb-2\">\n    <div class=\"card-body\">\n        <div class=\"media\">\n            <div class=\"mr-3 img-48\"><img decoding=\"async\" class=\"wpdm_icon\" alt=\"\u00edcone\" src=\"https:\/\/pos-graduacao.uepb.edu.br\/ppgec\/wp-content\/plugins\/download-manager\/assets\/file-type-icons\/pdf.svg\" \/><\/div>\n            <div class=\"media-body\">\n                <h3 class=\"package-title\"><a href='https:\/\/pos-graduacao.uepb.edu.br\/ppgec\/download\/anexo-2_retificado_posdoc_ppgec_2026\/'>Anexo 2_retificado_PosDoc_PPGEC_2026<\/a><\/h3>\n                <div class=\"text-muted text-small\"><i class=\"fas fa-copy\"><\/i> 1  arquivo(s) <i class=\"fas fa-hdd ml-3\"><\/i> 161.40 KB<\/div>\n            <\/div>\n            <div class=\"ml-3\">\n                <a class='wpdm-download-link download-on-click btn btn-primary ' rel='nofollow' href='#' data-downloadurl=\"https:\/\/pos-graduacao.uepb.edu.br\/ppgec\/download\/anexo-2_retificado_posdoc_ppgec_2026\/?wpdmdl=3881&refresh=69ea2606cea391776952838\">Download<\/a>\n            <\/div>\n        <\/div>\n    <\/div>\n<\/div>\n\n<\/div><div class='col-lg-12 col-md-6 col-12'><!-- WPDM Link Template: Default Template -->\n\n<div class=\"link-template-default card mb-2\">\n    <div class=\"card-body\">\n        <div class=\"media\">\n            <div class=\"mr-3 img-48\"><img decoding=\"async\" class=\"wpdm_icon\" alt=\"\u00edcone\" src=\"https:\/\/pos-graduacao.uepb.edu.br\/ppgec\/wp-content\/plugins\/download-manager\/assets\/file-type-icons\/pdf.svg\" \/><\/div>\n            <div class=\"media-body\">\n                <h3 class=\"package-title\"><a href='https:\/\/pos-graduacao.uepb.edu.br\/ppgec\/download\/edital_posdoc_ppgec_2026\/'>Edital_PosDoc_PPGEC_2026<\/a><\/h3>\n                <div class=\"text-muted text-small\"><i class=\"fas fa-copy\"><\/i> 1  arquivo(s) <i class=\"fas fa-hdd ml-3\"><\/i> 269.36 KB<\/div>\n            <\/div>\n            <div class=\"ml-3\">\n                <a class='wpdm-download-link download-on-click btn btn-primary ' rel='nofollow' href='#' data-downloadurl=\"https:\/\/pos-graduacao.uepb.edu.br\/ppgec\/download\/edital_posdoc_ppgec_2026\/?wpdmdl=3878&refresh=69ea2606cfc7f1776952838\">Download<\/a>\n            <\/div>\n        <\/div>\n    <\/div>\n<\/div>\n\n<\/div><div class='col-lg-12 col-md-6 col-12'><!-- WPDM Link Template: Default Template -->\n\n<div class=\"link-template-default card mb-2\">\n    <div class=\"card-body\">\n        <div class=\"media\">\n            <div class=\"mr-3 img-48\"><img decoding=\"async\" class=\"wpdm_icon\" alt=\"\u00edcone\" src=\"https:\/\/pos-graduacao.uepb.edu.br\/ppgec\/wp-content\/plugins\/download-manager\/assets\/file-type-icons\/pdf.svg\" \/><\/div>\n            <div class=\"media-body\">\n                <h3 class=\"package-title\"><a href='https:\/\/pos-graduacao.uepb.edu.br\/ppgec\/download\/resultado-final-selecao-2026-1-mestrado\/'>RESULTADO FINAL: Sele\u00e7\u00e3o 2026.1 - Mestrado<\/a><\/h3>\n                <div class=\"text-muted text-small\"><i class=\"fas fa-copy\"><\/i> 1  arquivo(s) <i class=\"fas fa-hdd ml-3\"><\/i> 207.60 KB<\/div>\n            <\/div>\n            <div class=\"ml-3\">\n                <a class='wpdm-download-link download-on-click btn btn-primary ' rel='nofollow' href='#' data-downloadurl=\"https:\/\/pos-graduacao.uepb.edu.br\/ppgec\/download\/resultado-final-selecao-2026-1-mestrado\/?wpdmdl=3873&refresh=69ea2606d1aff1776952838\">Download<\/a>\n            <\/div>\n        <\/div>\n    <\/div>\n<\/div>\n\n<\/div><div class='col-lg-12 col-md-6 col-12'><!-- WPDM Link Template: Default Template -->\n\n<div class=\"link-template-default card mb-2\">\n    <div class=\"card-body\">\n        <div class=\"media\">\n            <div class=\"mr-3 img-48\"><img decoding=\"async\" class=\"wpdm_icon\" alt=\"\u00edcone\" src=\"https:\/\/pos-graduacao.uepb.edu.br\/ppgec\/wp-content\/plugins\/download-manager\/assets\/file-type-icons\/pdf.svg\" \/><\/div>\n            <div class=\"media-body\">\n                <h3 class=\"package-title\"><a href='https:\/\/pos-graduacao.uepb.edu.br\/ppgec\/download\/resultado_final_-_selecao_2026-_doutorado\/'>Resultado_Final_-_Selecao_2026-_doutorado<\/a><\/h3>\n                <div class=\"text-muted text-small\"><i class=\"fas fa-copy\"><\/i> 1  arquivo(s) <i class=\"fas fa-hdd ml-3\"><\/i> 138.14 KB<\/div>\n            <\/div>\n            <div class=\"ml-3\">\n                <a class='wpdm-download-link download-on-click btn btn-primary ' rel='nofollow' href='#' data-downloadurl=\"https:\/\/pos-graduacao.uepb.edu.br\/ppgec\/download\/resultado_final_-_selecao_2026-_doutorado\/?wpdmdl=3872&refresh=69ea2606d32f21776952838\">Download<\/a>\n            <\/div>\n        <\/div>\n    <\/div>\n<\/div>\n\n<\/div><div class='col-lg-12 col-md-6 col-12'><!-- WPDM Link Template: Default Template -->\n\n<div class=\"link-template-default card mb-2\">\n    <div class=\"card-body\">\n        <div class=\"media\">\n            <div class=\"mr-3 img-48\"><img decoding=\"async\" class=\"wpdm_icon\" alt=\"\u00edcone\" src=\"https:\/\/pos-graduacao.uepb.edu.br\/ppgec\/wp-content\/plugins\/download-manager\/assets\/file-type-icons\/pdf.svg\" \/><\/div>\n            <div class=\"media-body\">\n                <h3 class=\"package-title\"><a href='https:\/\/pos-graduacao.uepb.edu.br\/ppgec\/download\/resultado-retificado-analise-de-curriculo-mestrado-selecao-2026-1\/'>Resultado RETIFICADO Ana\u0301lise de curriculo-Mestrado-Selecao-2026.1<\/a><\/h3>\n                <div class=\"text-muted text-small\"><i class=\"fas fa-copy\"><\/i> 1  arquivo(s) <i class=\"fas fa-hdd ml-3\"><\/i> 112.95 KB<\/div>\n            <\/div>\n            <div class=\"ml-3\">\n                <a class='wpdm-download-link download-on-click btn btn-primary ' rel='nofollow' href='#' data-downloadurl=\"https:\/\/pos-graduacao.uepb.edu.br\/ppgec\/download\/resultado-retificado-analise-de-curriculo-mestrado-selecao-2026-1\/?wpdmdl=3871&refresh=69ea2606d45131776952838\">Download<\/a>\n            <\/div>\n        <\/div>\n    <\/div>\n<\/div>\n\n<\/div><\/div>            <div style='clear:both'><\/div><div class='text-center'><ul class='pagination wpdm-pagination pagination-centered text-center'><li><span aria-current=\"page\" class=\"page-numbers current\">1<\/span><\/li><li><a data-container='#content_wpdm_package_1' class=\"page-numbers\" href=\"https:\/\/pos-graduacao.uepb.edu.br\/ppgec\/wp-json\/wp\/v2\/pages\/2744\/?cp=2\">2<\/a><\/li><li><a data-container='#content_wpdm_package_1' class=\"page-numbers\" href=\"https:\/\/pos-graduacao.uepb.edu.br\/ppgec\/wp-json\/wp\/v2\/pages\/2744\/?cp=3\">3<\/a><\/li><li><span class=\"page-numbers dots\">&hellip;<\/span><\/li><li><a data-container='#content_wpdm_package_1' class=\"page-numbers\" href=\"https:\/\/pos-graduacao.uepb.edu.br\/ppgec\/wp-json\/wp\/v2\/pages\/2744\/?cp=9\">9<\/a><\/li><li><a data-container='#content_wpdm_package_1' class=\"page-numbers\" href=\"https:\/\/pos-graduacao.uepb.edu.br\/ppgec\/wp-json\/wp\/v2\/pages\/2744\/?cp=10\">10<\/a><\/li><li><a data-container='#content_wpdm_package_1' class=\"next page-numbers\" href=\"https:\/\/pos-graduacao.uepb.edu.br\/ppgec\/wp-json\/wp\/v2\/pages\/2744\/?cp=2\"> <i style=\"display: inline-block;width: 8px;height: 8px;border-right: 2px solid;border-top: 2px solid;transform: rotate(45deg);margin-left: -2px;margin-top: -2px;\"><\/i> <\/a><\/li><\/ul><\/div><div style='clear:both'><\/div>        <\/div>\n\n        <div style='clear:both'><\/div>\n    <\/div>\n<\/div>\n[\/vc_column_text][\/vc_column_inner][vc_column_inner width=&#8221;1\/2&#8243;][vc_text_separator title=&#8221;Eventos&#8221; i_icon_fontawesome=&#8221;fas fa-angle-double-right&#8221; i_color=&#8221;custom&#8221; title_align=&#8221;separator_align_left&#8221; add_icon=&#8221;true&#8221; i_custom_color=&#8221;#cc0000&#8243;][\/vc_column_inner][\/vc_row_inner][\/vc_column][vc_column width=&#8221;1\/3&#8243;][vc_text_separator title=&#8221;Traduza este site&#8221; i_icon_fontawesome=&#8221;fas fa-angle-double-right&#8221; i_color=&#8221;custom&#8221; title_align=&#8221;separator_align_left&#8221; add_icon=&#8221;true&#8221; i_custom_color=&#8221;#cc0000&#8243;][vc_column_text]<div class=\"gtranslate_wrapper\" id=\"gt-wrapper-86938448\"><\/div>[\/vc_column_text][vc_text_separator title=&#8221;Acesso R\u00e1pido&#8221; i_icon_fontawesome=&#8221;fas fa-angle-double-right&#8221; i_color=&#8221;custom&#8221; title_align=&#8221;separator_align_left&#8221; add_icon=&#8221;true&#8221; i_custom_color=&#8221;#cc0000&#8243;][vc_btn title=&#8221;CAPES&#8221; style=&#8221;flat&#8221; shape=&#8221;square&#8221; color=&#8221;info&#8221; size=&#8221;lg&#8221; align=&#8221;left&#8221; button_block=&#8221;true&#8221; link=&#8221;url:http%3A%2F%2Fwww.capes.gov.br%2F|target:_blank&#8221; css=&#8221;.vc_custom_1701088819814{margin-bottom: 10px !important;}&#8221;][vc_btn title=&#8221;CNPQ&#8221; style=&#8221;flat&#8221; shape=&#8221;square&#8221; color=&#8221;danger&#8221; size=&#8221;lg&#8221; align=&#8221;left&#8221; button_block=&#8221;true&#8221; link=&#8221;url:http%3A%2F%2Fwww.cnpq.br%2F|target:_blank&#8221; css=&#8221;.vc_custom_1701088838745{margin-bottom: 10px !important;}&#8221;][vc_btn title=&#8221;EMBRAPA&#8221; style=&#8221;flat&#8221; shape=&#8221;square&#8221; color=&#8221;green&#8221; size=&#8221;lg&#8221; align=&#8221;left&#8221; button_block=&#8221;true&#8221; link=&#8221;url:http%3A%2F%2Fwww.embrapa.br%2F|target:_blank&#8221; css=&#8221;.vc_custom_1701088857088{margin-bottom: 10px !important;}&#8221;][vc_btn title=&#8221;INSA&#8221; style=&#8221;flat&#8221; shape=&#8221;square&#8221; color=&#8221;warning&#8221; size=&#8221;lg&#8221; align=&#8221;left&#8221; button_block=&#8221;true&#8221; link=&#8221;url:http%3A%2F%2Fwww.insa.gov.br%2F|target:_blank&#8221; css=&#8221;.vc_custom_1701088890670{margin-bottom: 10px !important;}&#8221;][vc_btn title=&#8221;MEC&#8221; style=&#8221;flat&#8221; shape=&#8221;square&#8221; color=&#8221;violet&#8221; size=&#8221;lg&#8221; align=&#8221;left&#8221; button_block=&#8221;true&#8221; link=&#8221;url:http%3A%2F%2Fportal.mec.gov.br%2Findex.php|target:_blank&#8221; css=&#8221;.vc_custom_1701088911136{margin-bottom: 10px !important;}&#8221;][vc_btn title=&#8221;PLATAFORMA LATTES&#8221; style=&#8221;flat&#8221; shape=&#8221;square&#8221; color=&#8221;peacoc&#8221; size=&#8221;lg&#8221; align=&#8221;left&#8221; button_block=&#8221;true&#8221; link=&#8221;url:http%3A%2F%2Flattes.cnpq.br%2F|target:_blank&#8221; css=&#8221;.vc_custom_1701089964958{margin-bottom: 10px !important;}&#8221;][vc_btn title=&#8221;PRPGP&#8221; style=&#8221;flat&#8221; shape=&#8221;square&#8221; color=&#8221;chino&#8221; size=&#8221;lg&#8221; align=&#8221;left&#8221; button_block=&#8221;true&#8221; link=&#8221;url:http%3A%2F%2Fprpgp.uepb.edu.br%2F|target:_blank&#8221; css=&#8221;.vc_custom_1701089990389{margin-bottom: 10px !important;}&#8221;][vc_btn title=&#8221;SOCIEDADE BOT\u00c2NICA DO BRASIL&#8221; style=&#8221;flat&#8221; shape=&#8221;square&#8221; color=&#8221;vista-blue&#8221; size=&#8221;lg&#8221; align=&#8221;left&#8221; button_block=&#8221;true&#8221; link=&#8221;url:http%3A%2F%2Fwww.botanica.org.br%2F|target:_blank&#8221; css=&#8221;.vc_custom_1701090010909{margin-bottom: 10px !important;}&#8221;][vc_btn title=&#8221;SOCIEDADE BRASILEIRA DE LIMNOLOGIA&#8221; style=&#8221;flat&#8221; shape=&#8221;square&#8221; color=&#8221;mulled-wine&#8221; size=&#8221;lg&#8221; align=&#8221;left&#8221; button_block=&#8221;true&#8221; link=&#8221;url:http%3A%2F%2Fwww.ablimno.org.br%2Findex.php|target:_blank&#8221; css=&#8221;.vc_custom_1701090065525{margin-bottom: 10px !important;}&#8221;][vc_btn title=&#8221;SOCIEDADE DE ECOLOGIA DO BRASIL&#8221; style=&#8221;flat&#8221; shape=&#8221;square&#8221; color=&#8221;blue&#8221; size=&#8221;lg&#8221; align=&#8221;left&#8221; button_block=&#8221;true&#8221; link=&#8221;url:http%3A%2F%2Fwww.seb-ecologia.org.br%2F|target:_blank&#8221; css=&#8221;.vc_custom_1701090058119{margin-bottom: 10px !important;}&#8221;][vc_btn title=&#8221;UEPB&#8221; style=&#8221;flat&#8221; shape=&#8221;square&#8221; color=&#8221;danger&#8221; size=&#8221;lg&#8221; align=&#8221;left&#8221; button_block=&#8221;true&#8221; link=&#8221;url:https%3A%2F%2Fuepb.edu.br%2F|target:_blank&#8221; css=&#8221;.vc_custom_1701090118317{margin-bottom: 10px !important;}&#8221;][\/vc_column][\/vc_row]<\/p>\n<\/div>","protected":false},"excerpt":{"rendered":"<p>[vc_row][vc_column width=&#8221;2\/3&#8243;][vc_text_separator title=&#8221;\u00daltimas Not\u00edcias&#8221; i_icon_fontawesome=&#8221;fas fa-angle-double-right&#8221; i_color=&#8221;custom&#8221; title_align=&#8221;separator_align_left&#8221; add_icon=&#8221;true&#8221; i_custom_color=&#8221;#cc0000&#8243;][vc_row_inner][vc_column_inner width=&#8221;1\/2&#8243;][vc_text_separator title=&#8221;Editais e Sele\u00e7\u00f5es&#8221; i_icon_fontawesome=&#8221;fas fa-angle-double-right&#8221; i_color=&#8221;custom&#8221; title_align=&#8221;separator_align_left&#8221; add_icon=&#8221;true&#8221; i_custom_color=&#8221;#cc0000&#8243;][vc_column_text][\/vc_column_text][\/vc_column_inner][vc_column_inner width=&#8221;1\/2&#8243;][vc_text_separator title=&#8221;Eventos&#8221; i_icon_fontawesome=&#8221;fas fa-angle-double-right&#8221; i_color=&#8221;custom&#8221; title_align=&#8221;separator_align_left&#8221; add_icon=&#8221;true&#8221; i_custom_color=&#8221;#cc0000&#8243;][\/vc_column_inner][\/vc_row_inner][\/vc_column][vc_column width=&#8221;1\/3&#8243;][vc_text_separator title=&#8221;Traduza este site&#8221; i_icon_fontawesome=&#8221;fas fa-angle-double-right&#8221; i_color=&#8221;custom&#8221; title_align=&#8221;separator_align_left&#8221; add_icon=&#8221;true&#8221; i_custom_color=&#8221;#cc0000&#8243;][vc_column_text][\/vc_column_text][vc_text_separator title=&#8221;Acesso R\u00e1pido&#8221; i_icon_fontawesome=&#8221;fas fa-angle-double-right&#8221; i_color=&#8221;custom&#8221; title_align=&#8221;separator_align_left&#8221; add_icon=&#8221;true&#8221; i_custom_color=&#8221;#cc0000&#8243;][vc_btn title=&#8221;CAPES&#8221; style=&#8221;flat&#8221; shape=&#8221;square&#8221; color=&#8221;info&#8221; size=&#8221;lg&#8221; align=&#8221;left&#8221; button_block=&#8221;true&#8221; link=&#8221;url:http%3A%2F%2Fwww.capes.gov.br%2F|target:_blank&#8221; css=&#8221;.vc_custom_1701088819814{margin-bottom: <a class=\"leiamais\" href=\"https:\/\/pos-graduacao.uepb.edu.br\/ppgec\/\">Leia Mais&#8230;<\/a><\/p>\n","protected":false},"author":34,"featured_media":0,"parent":0,"menu_order":0,"comment_status":"closed","ping_status":"closed","template":"","meta":{"footnotes":""},"class_list":["post-2744","page","type-page","status-publish","hentry"],"_links":{"self":[{"href":"https:\/\/pos-graduacao.uepb.edu.br\/ppgec\/wp-json\/wp\/v2\/pages\/2744","targetHints":{"allow":["GET"]}}],"collection":[{"href":"https:\/\/pos-graduacao.uepb.edu.br\/ppgec\/wp-json\/wp\/v2\/pages"}],"about":[{"href":"https:\/\/pos-graduacao.uepb.edu.br\/ppgec\/wp-json\/wp\/v2\/types\/page"}],"author":[{"embeddable":true,"href":"https:\/\/pos-graduacao.uepb.edu.br\/ppgec\/wp-json\/wp\/v2\/users\/34"}],"replies":[{"embeddable":true,"href":"https:\/\/pos-graduacao.uepb.edu.br\/ppgec\/wp-json\/wp\/v2\/comments?post=2744"}],"version-history":[{"count":10,"href":"https:\/\/pos-graduacao.uepb.edu.br\/ppgec\/wp-json\/wp\/v2\/pages\/2744\/revisions"}],"predecessor-version":[{"id":3383,"href":"https:\/\/pos-graduacao.uepb.edu.br\/ppgec\/wp-json\/wp\/v2\/pages\/2744\/revisions\/3383"}],"wp:attachment":[{"href":"https:\/\/pos-graduacao.uepb.edu.br\/ppgec\/wp-json\/wp\/v2\/media?parent=2744"}],"curies":[{"name":"wp","href":"https:\/\/api.w.org\/{rel}","templated":true}]}}