{"id":237,"date":"2012-08-29T14:35:37","date_gmt":"2012-08-29T14:35:37","guid":{"rendered":"http:\/\/pos-graduacao.ascom.uepb.edu.br\/ppgec\/?page_id=237"},"modified":"2026-02-05T13:43:15","modified_gmt":"2026-02-05T16:43:15","slug":"coordenacao","status":"publish","type":"page","link":"https:\/\/pos-graduacao.uepb.edu.br\/ppgec\/coordenacao\/","title":{"rendered":"Coordena\u00e7\u00e3o"},"content":{"rendered":"<div class=\"wpb-content-wrapper\"><p>[vc_row][vc_column][vc_column_text css=&#8221;&#8221;]<\/p>\r\n<p><strong>Coordenador:<\/strong><\/p>\r\n<p>Prof. Dr. S\u00e9rgio de Faria Lopes | sergiolopes@servidor.uepb.edu.br<\/p>\r\n<p><strong>Coordenadora Adjunta:<\/strong><\/p>\r\n<p>Profa. Dra. Maria Avany Bezerra Gusm\u00e3o | bezerra.avany@servidor.uepb.edu.br<\/p>\r\n<p><strong>Secret\u00e1ria:<\/strong><\/p>\r\n<p>T\u00e9c. Alana Ramos Alves | alanaramos@servidor.uepb.edu.br<\/p>\r\n<p><strong>Auxiliar Administrativa: <\/strong><\/p>\r\n<p>T\u00e9c. Andreza Bezerra dos Santos | andreza@servidor.uepb.edu.br<\/p>\r\n<p>&nbsp;<\/p>\r\n<p><strong>Colegiado do Programa:<\/strong><\/p>\r\n<p><em>Titulares:<\/em><\/p>\r\n<p>Prof. Dr. S\u00e9rgio de Faria Lopes (Coordenador)<br \/>Profa. Dra.\u00a0 Maria Avany Bezerra Gusm\u00e3o (Coord. Adjunta)<br \/>Prof. Dr. Andr\u00e9 Luiz Machado Pessanha<br \/>Profa. Dra. Joseline Molozzi<br \/>Prof. Dr. Elvio S\u00e9rgio Figueiredo Medeiros <br \/>Discente Vandemberg de Andrade Luna Filho (mestrado)<br \/>Discente Joselice da Silva Pereira\u00a0 (doutorado)<\/p>\r\n<p><em>Suplentes:<\/em><\/p>\r\n<p>Profa. Dra. Thelma L\u00facia Pereira Dias<br \/>Profa. Dra. Elisabeth Emilia Augusta Dantas Tolke<br \/>Prof. Dr. Ant\u00f4nio Augusto Pereira de Sousa<br \/>Discente L\u00edvia Maria Os\u00f3rio de Sousa (mestrado)<br \/>Discente Layanna\u00a0 de Almeida Gomes Bastos (doutorado)<\/p>\r\n\r\n<p>&nbsp;<\/p>\r\n<p>[\/vc_column_text][\/vc_column][\/vc_row]<\/p><\/div>","protected":false},"excerpt":{"rendered":"<p>[vc_row][vc_column][vc_column_text css=&#8221;&#8221;] Coordenador: Prof. Dr. S\u00e9rgio de Faria Lopes | sergiolopes@servidor.uepb.edu.br Coordenadora Adjunta: Profa. Dra. Maria Avany Bezerra Gusm\u00e3o | bezerra.avany@servidor.uepb.edu.br Secret\u00e1ria: T\u00e9c. Alana Ramos Alves | alanaramos@servidor.uepb.edu.br Auxiliar Administrativa: T\u00e9c. Andreza Bezerra dos Santos | andreza@servidor.uepb.edu.br &nbsp; Colegiado do Programa: Titulares: Prof. Dr. S\u00e9rgio de Faria Lopes (Coordenador)Profa. Dra.\u00a0 Maria Avany Bezerra Gusm\u00e3o (Coord. <a class=\"leiamais\" href=\"https:\/\/pos-graduacao.uepb.edu.br\/ppgec\/coordenacao\/\">Leia Mais&#8230;<\/a><\/p>\n","protected":false},"author":26,"featured_media":0,"parent":0,"menu_order":2,"comment_status":"open","ping_status":"open","template":"","meta":{"footnotes":""},"class_list":["post-237","page","type-page","status-publish","hentry"],"_links":{"self":[{"href":"https:\/\/pos-graduacao.uepb.edu.br\/ppgec\/wp-json\/wp\/v2\/pages\/237","targetHints":{"allow":["GET"]}}],"collection":[{"href":"https:\/\/pos-graduacao.uepb.edu.br\/ppgec\/wp-json\/wp\/v2\/pages"}],"about":[{"href":"https:\/\/pos-graduacao.uepb.edu.br\/ppgec\/wp-json\/wp\/v2\/types\/page"}],"author":[{"embeddable":true,"href":"https:\/\/pos-graduacao.uepb.edu.br\/ppgec\/wp-json\/wp\/v2\/users\/26"}],"replies":[{"embeddable":true,"href":"https:\/\/pos-graduacao.uepb.edu.br\/ppgec\/wp-json\/wp\/v2\/comments?post=237"}],"version-history":[{"count":60,"href":"https:\/\/pos-graduacao.uepb.edu.br\/ppgec\/wp-json\/wp\/v2\/pages\/237\/revisions"}],"predecessor-version":[{"id":3882,"href":"https:\/\/pos-graduacao.uepb.edu.br\/ppgec\/wp-json\/wp\/v2\/pages\/237\/revisions\/3882"}],"wp:attachment":[{"href":"https:\/\/pos-graduacao.uepb.edu.br\/ppgec\/wp-json\/wp\/v2\/media?parent=237"}],"curies":[{"name":"wp","href":"https:\/\/api.w.org\/{rel}","templated":true}]}}