{"id":1548,"date":"2018-02-19T13:57:24","date_gmt":"2018-02-19T13:57:24","guid":{"rendered":"https:\/\/pos-graduacao.uepb.edu.br\/ppgec\/?page_id=1548"},"modified":"2025-08-20T09:06:05","modified_gmt":"2025-08-20T12:06:05","slug":"comissoes","status":"publish","type":"page","link":"https:\/\/pos-graduacao.uepb.edu.br\/ppgec\/comissoes\/","title":{"rendered":"Comiss\u00f5es"},"content":{"rendered":"<div class=\"wpb-content-wrapper\"><p>[vc_row][vc_column][vc_column_text css=&#8221;&#8221;]<strong>Comiss\u00e3o de Bolsas 2025<\/strong><\/p>\n<p align=\"justify\">Prof. Dr. S\u00e9rgio de Farias Lopes (Presidente)<\/p>\n<p>Prof. Dr. Andr\u00e9 Luiz Machado Pessanha (Membro)<\/p>\n<p>Discente Layanna de Almeida Gomes Bastos (Membro)<\/p>\n<p>&nbsp;<\/p>\n<p><strong>Comiss\u00e3o de Autoavalia\u00e7\u00e3o 2025-2027<\/strong><\/p>\n<p align=\"justify\"><span style=\"font-family: Calibri, serif\"><span style=\"font-size: small\"><span style=\"font-family: Times New Roman, serif\"><span style=\"font-size: medium\">Prof. Dr. Edson Gomes de Moura J\u00fanior<\/span><\/span> <span style=\"color: #000000\"><span style=\"font-family: Times New Roman, serif\"><span style=\"font-size: medium\">(Presidente)<\/span><\/span><\/span><\/span><\/span><\/p>\n<p align=\"justify\"><span style=\"font-family: Calibri, serif\"><span style=\"font-size: small\"><span style=\"font-family: Times New Roman, serif\"><span style=\"font-size: medium\">Discente Me. Viviane Micaela Canuto Medeiros (Membro)<\/span><\/span><\/span><\/span><\/p>\n<p align=\"justify\"><span style=\"font-family: Calibri, serif\"><span style=\"font-size: small\"><span style=\"font-family: Times New Roman, serif\"><span style=\"font-size: medium\">Egresso Dr. Marllon Rinaldo de Lima Andrade<\/span><\/span> <span style=\"font-family: Times New Roman, serif\"><span style=\"font-size: medium\">(Membro)<\/span><\/span><\/span><\/span><\/p>\n<p>&nbsp;<\/p>\n<p><strong>Comiss\u00e3o de Extens\u00e3o<\/strong><\/p>\n<p align=\"justify\"><span style=\"font-family: Calibri, serif\"><span style=\"font-size: small\"><span style=\"font-family: Times New Roman, serif\"><span style=\"font-size: medium\">Profa. Dra. Maria Avany Bezerra Gusm\u00e3o<\/span><\/span> <span style=\"color: #000000\"><span style=\"font-family: Times New Roman, serif\"><span style=\"font-size: medium\">(Presidente)<\/span><\/span><\/span><\/span><\/span><\/p>\n<p align=\"justify\"><span style=\"font-family: Calibri, serif\"><span style=\"font-size: small\"><span style=\"color: #000000\"><span style=\"font-family: Times New Roman, serif\"><span style=\"font-size: medium\">Prof. D<\/span><\/span><\/span><span style=\"font-family: Times New Roman, serif\"><span style=\"font-size: medium\">r.<\/span><\/span><span style=\"font-family: Times New Roman, serif\"><span style=\"font-size: medium\"> Marcelo Nogueira de Carvalho Kokubum (Membro)<\/span><\/span><\/span><\/span><\/p>\n<p align=\"justify\"><span style=\"font-family: Calibri, serif\"><span style=\"font-size: small\"><span style=\"font-family: Times New Roman, serif\"><span style=\"font-size: medium\">Disc. Me.<\/span><\/span> <span style=\"font-size: medium\">Steffany Sales Galisa <span style=\"font-family: Times New Roman, serif\">(Membro)<\/span><\/span><\/span><\/span><\/p>\n<p align=\"justify\"><span style=\"font-family: Calibri, serif\"><span style=\"font-size: small\"><span style=\"font-family: Times New Roman, serif\"><span style=\"font-size: medium\">Disc.<\/span><\/span><span style=\"font-family: Times New Roman, serif\"><span style=\"font-size: medium\"> Me. Juliana Delfino de Sousa (Membro)<\/span><\/span><\/span><\/span><\/p>\n<p align=\"justify\"><span style=\"font-family: Calibri, serif\"><span style=\"font-size: small\"><span style=\"font-family: Times New Roman, serif\"><span style=\"font-size: medium\">Disc.<\/span><\/span><span style=\"font-family: Times New Roman, serif\"><span style=\"font-size: medium\"> Me. Betsy Dantas de Medeiros (Membro)<\/span><\/span><\/span><\/span><\/p>\n<p>\u00a0[\/vc_column_text][\/vc_column][\/vc_row]<\/p>\n<\/div>","protected":false},"excerpt":{"rendered":"<p>[vc_row][vc_column][vc_column_text css=&#8221;&#8221;]Comiss\u00e3o de Bolsas 2025 Prof. Dr. S\u00e9rgio de Farias Lopes (Presidente) Prof. Dr. Andr\u00e9 Luiz Machado Pessanha (Membro) Discente Layanna de Almeida Gomes Bastos (Membro) &nbsp; Comiss\u00e3o de Autoavalia\u00e7\u00e3o 2025-2027 Prof. Dr. Edson Gomes de Moura J\u00fanior (Presidente) Discente Me. Viviane Micaela Canuto Medeiros (Membro) Egresso Dr. Marllon Rinaldo de Lima Andrade (Membro) &nbsp; <a class=\"leiamais\" href=\"https:\/\/pos-graduacao.uepb.edu.br\/ppgec\/comissoes\/\">Leia Mais&#8230;<\/a><\/p>\n","protected":false},"author":26,"featured_media":0,"parent":0,"menu_order":5,"comment_status":"closed","ping_status":"closed","template":"","meta":{"footnotes":""},"class_list":["post-1548","page","type-page","status-publish","hentry"],"_links":{"self":[{"href":"https:\/\/pos-graduacao.uepb.edu.br\/ppgec\/wp-json\/wp\/v2\/pages\/1548","targetHints":{"allow":["GET"]}}],"collection":[{"href":"https:\/\/pos-graduacao.uepb.edu.br\/ppgec\/wp-json\/wp\/v2\/pages"}],"about":[{"href":"https:\/\/pos-graduacao.uepb.edu.br\/ppgec\/wp-json\/wp\/v2\/types\/page"}],"author":[{"embeddable":true,"href":"https:\/\/pos-graduacao.uepb.edu.br\/ppgec\/wp-json\/wp\/v2\/users\/26"}],"replies":[{"embeddable":true,"href":"https:\/\/pos-graduacao.uepb.edu.br\/ppgec\/wp-json\/wp\/v2\/comments?post=1548"}],"version-history":[{"count":15,"href":"https:\/\/pos-graduacao.uepb.edu.br\/ppgec\/wp-json\/wp\/v2\/pages\/1548\/revisions"}],"predecessor-version":[{"id":3755,"href":"https:\/\/pos-graduacao.uepb.edu.br\/ppgec\/wp-json\/wp\/v2\/pages\/1548\/revisions\/3755"}],"wp:attachment":[{"href":"https:\/\/pos-graduacao.uepb.edu.br\/ppgec\/wp-json\/wp\/v2\/media?parent=1548"}],"curies":[{"name":"wp","href":"https:\/\/api.w.org\/{rel}","templated":true}]}}