{"id":11,"date":"2012-01-17T13:03:31","date_gmt":"2012-01-17T13:03:31","guid":{"rendered":"http:\/\/pos-graduacao.ascom.uepb.edu.br\/ppgec\/?page_id=11"},"modified":"2020-07-10T18:07:40","modified_gmt":"2020-07-10T18:07:40","slug":"objetivo-geral","status":"publish","type":"page","link":"https:\/\/pos-graduacao.uepb.edu.br\/ppgec\/objetivo-geral\/","title":{"rendered":"Objetivos"},"content":{"rendered":"<p>O PPGEC objetiva oferecer qualifica\u00e7\u00e3o cient\u00edfica em n\u00edvel de p\u00f3s-gradua\u00e7\u00e3o para bi\u00f3logos e profissionais de \u00e1reas relacionadas, com a finalidade de formar recursos humanos habilitados a desenvolver atividades de pesquisa e desenvolvimento tecnol\u00f3gico, ensino e extens\u00e3o na \u00e1rea da Ecologia e Conserva\u00e7\u00e3o. Esses profissionais dever\u00e3o ainda, desenvolver habilidades metodol\u00f3gicas e conhecimento cient\u00edfico te\u00f3rico para realizar consultoria e avalia\u00e7\u00e3o ambiental, e ser capazes de tomar decis\u00f5es frente \u00e0 elabora\u00e7\u00e3o de projetos, programas ou pol\u00edticas p\u00fablicas para o manejo sustent\u00e1vel e conserva\u00e7\u00e3o da diversidade biol\u00f3gica, com uma forma\u00e7\u00e3o voltada aos ecossistemas do nordeste brasileiro e a realidade de suas popula\u00e7\u00f5es humanas.<\/p>\n<p>S\u00e3o objetivos espec\u00edficos do PPGEC:<\/p>\n<ul>\n<li>Formar pessoal qualificado para o exerc\u00edcio da pesquisa;<\/li>\n<li>Formar pessoal qualificado para o exerc\u00edcio do magist\u00e9rio superior, no campo da ecologia e conserva\u00e7\u00e3o da biodiversidade;<\/li>\n<li>Incentivar a pesquisa na \u00e1rea de concentra\u00e7\u00e3o do Programa em perspectivas multidisciplinares e interdisciplinares, promovendo a compreens\u00e3o dos fatores que afetam a diversidade biol\u00f3gica em diferentes escalas e ecossistemas;<\/li>\n<li>Promover a produ\u00e7\u00e3o, difus\u00e3o e aplica\u00e7\u00e3o do conhecimento da ecologia e conserva\u00e7\u00e3o, na realidade biol\u00f3gica e social, no \u00e2mbito regional e nacional;<\/li>\n<li>Promover estudos que subsidiem propostas para cria\u00e7\u00e3o de unidades de conserva\u00e7\u00e3o, modelos para a explora\u00e7\u00e3o de recursos e ocupa\u00e7\u00e3o da orla mar\u00edtima, espa\u00e7o rural e urbano no litoral e semi-\u00e1rido brasileiro; conserva\u00e7\u00e3o de patrim\u00f4nio gen\u00e9tico; programas de educa\u00e7\u00e3o formal e informal e de divulga\u00e7\u00e3o cient\u00edfica; entre outros afins.<\/li>\n<\/ul>\n<p><strong>Perfil do profissional:<\/strong><\/p>\n<p>Os egressos do PPGEC devem estar capacitados a atuar na pesquisa, ensino e extens\u00e3o nas \u00e1reas do conhecimento relativas \u00e0 conserva\u00e7\u00e3o da diversidade biol\u00f3gica em todas as escalas, e na avalia\u00e7\u00e3o e gest\u00e3o do emprego, impactos e conserva\u00e7\u00e3o dos recursos naturais. A \u00e1rea de atua\u00e7\u00e3o do mestre em Ecologia e Conserva\u00e7\u00e3o \u00e9 ampla, abrangendo a doc\u00eancia em IES, a consultoria para avalia\u00e7\u00e3o ambiental em \u00f3rg\u00e3os p\u00fablicos e privados, atua\u00e7\u00e3o em institui\u00e7\u00f5es de conserva\u00e7\u00e3o, recupera\u00e7\u00e3o e manejo ambiental, bem como junto ao poder p\u00fablico na elabora\u00e7\u00e3o de pol\u00edticas e programas de educa\u00e7\u00e3o e de sustentabilidade socioambiental. Como pesquisador, o profissional deve contribuir na produ\u00e7\u00e3o de conhecimento in\u00e9dito e relevante sobre os v\u00e1rios aspectos da biodiversidade, seu manejo e conserva\u00e7\u00e3o. Como docente no ensino superior deve estar apto a transmitir conhecimentos atualizados sobre as diversas disciplinas relacionadas com a conserva\u00e7\u00e3o da diversidade biol\u00f3gica. Como profissional liberal deve estar capacitado a desenvolver estudos e coleta de dados prim\u00e1rios e pret\u00e9ritos, para embasar solu\u00e7\u00f5es para os problemas e outras demandas em sua \u00e1rea de atua\u00e7\u00e3o, al\u00e9m de reconhecer e avaliar conflitos, propondo solu\u00e7\u00f5es e a\u00e7\u00f5es mitigadoras.<\/p>\n","protected":false},"excerpt":{"rendered":"<p>O PPGEC objetiva oferecer qualifica\u00e7\u00e3o cient\u00edfica em n\u00edvel de p\u00f3s-gradua\u00e7\u00e3o para bi\u00f3logos e profissionais de \u00e1reas relacionadas, com a finalidade de formar recursos humanos habilitados a desenvolver atividades de pesquisa e desenvolvimento tecnol\u00f3gico, ensino e extens\u00e3o na \u00e1rea da Ecologia e Conserva\u00e7\u00e3o. Esses profissionais dever\u00e3o ainda, desenvolver habilidades metodol\u00f3gicas e conhecimento cient\u00edfico te\u00f3rico para realizar <a class=\"leiamais\" href=\"https:\/\/pos-graduacao.uepb.edu.br\/ppgec\/objetivo-geral\/\">Leia Mais&#8230;<\/a><\/p>\n","protected":false},"author":5,"featured_media":0,"parent":0,"menu_order":0,"comment_status":"open","ping_status":"open","template":"","meta":{"footnotes":""},"class_list":["post-11","page","type-page","status-publish","hentry"],"_links":{"self":[{"href":"https:\/\/pos-graduacao.uepb.edu.br\/ppgec\/wp-json\/wp\/v2\/pages\/11","targetHints":{"allow":["GET"]}}],"collection":[{"href":"https:\/\/pos-graduacao.uepb.edu.br\/ppgec\/wp-json\/wp\/v2\/pages"}],"about":[{"href":"https:\/\/pos-graduacao.uepb.edu.br\/ppgec\/wp-json\/wp\/v2\/types\/page"}],"author":[{"embeddable":true,"href":"https:\/\/pos-graduacao.uepb.edu.br\/ppgec\/wp-json\/wp\/v2\/users\/5"}],"replies":[{"embeddable":true,"href":"https:\/\/pos-graduacao.uepb.edu.br\/ppgec\/wp-json\/wp\/v2\/comments?post=11"}],"version-history":[{"count":20,"href":"https:\/\/pos-graduacao.uepb.edu.br\/ppgec\/wp-json\/wp\/v2\/pages\/11\/revisions"}],"predecessor-version":[{"id":2079,"href":"https:\/\/pos-graduacao.uepb.edu.br\/ppgec\/wp-json\/wp\/v2\/pages\/11\/revisions\/2079"}],"wp:attachment":[{"href":"https:\/\/pos-graduacao.uepb.edu.br\/ppgec\/wp-json\/wp\/v2\/media?parent=11"}],"curies":[{"name":"wp","href":"https:\/\/api.w.org\/{rel}","templated":true}]}}