{"id":90,"date":"2012-05-30T13:52:53","date_gmt":"2012-05-30T16:52:53","guid":{"rendered":"http:\/\/pos-graduacao.ascom.uepb.edu.br\/ppgdr\/?page_id=90"},"modified":"2021-12-27T13:14:06","modified_gmt":"2021-12-27T16:14:06","slug":"documentos-e-editais","status":"publish","type":"page","link":"https:\/\/pos-graduacao.uepb.edu.br\/ppgdr\/documentos-e-editais\/","title":{"rendered":"Formul\u00e1rios para Agendamento de Defesa\/Qualifica\u00e7\u00e3o"},"content":{"rendered":"<p>Formul\u00e1rio de Agendamento de Defesa<\/p>\n<p><a href=\"https:\/\/pos-graduacao.uepb.edu.br\/ppgdr\/files\/2021\/12\/Formulario-de-Agendamento-de-Defesa-PPGDR.docx\">Formul\u00e1rio de Agendamento de Defesa &#8211; PPGDR<\/a><\/p>\n<p>Observa\u00e7\u00e3o: O formul\u00e1rio deve ser preenchido e enviado pelo aluno para o e-mail ppgdr@setor.uepb.edu.br, junto com o texto da defesa. A documenta\u00e7\u00e3o ser\u00e1 submetida ao Colegiado para verifica\u00e7\u00e3o dos membros da banca. Ap\u00f3s a a avalia\u00e7\u00e3o do Colegiado, o aluno receber\u00e1 o comunicado por e-mail sobre a autoriza\u00e7\u00e3o da banca.<\/p>\n<p><strong>Aten\u00e7\u00e3o<\/strong>: o examinador externo dever ser\u00a0 professor doutor pertencente\u00a0 a programa de p\u00f3s-gradua\u00e7\u00e3o externo \u00e0 UEPB, conforme regimento.<\/p>\n<p>Formul\u00e1rio de Agendamento de Qualifica\u00e7\u00e3o<\/p>\n<p><a href=\"https:\/\/pos-graduacao.uepb.edu.br\/ppgdr\/files\/2021\/12\/Formulario-de-Agendamento-de-Qualificacao-PPGDR.docx\">Formul\u00e1rio de Agendamento de Qualifica\u00e7\u00e3o- PPGDR<\/a><\/p>\n<p>Observa\u00e7\u00e3o: O formul\u00e1rio deve ser preenchido e enviado pelo aluno para o e-mail ppgdr@setor.uepb.edu.br, junto com o texto da Qualifica\u00e7\u00e3o. A documenta\u00e7\u00e3o ser\u00e1 submetida ao Colegiado para verifica\u00e7\u00e3o dos membros da banca. Ap\u00f3s a a avalia\u00e7\u00e3o do Colegiado, o aluno receber\u00e1 o comunicado por e-mail sobre a autoriza\u00e7\u00e3o da banca.<\/p>\n","protected":false},"excerpt":{"rendered":"<p>Formul\u00e1rio de Agendamento de Defesa Formul\u00e1rio de Agendamento de Defesa &#8211; PPGDR Observa\u00e7\u00e3o: O formul\u00e1rio deve ser preenchido e enviado pelo aluno para o e-mail ppgdr@setor.uepb.edu.br, junto com o texto da defesa. A documenta\u00e7\u00e3o ser\u00e1 submetida ao Colegiado para verifica\u00e7\u00e3o dos membros da banca. Ap\u00f3s a a avalia\u00e7\u00e3o do Colegiado, o aluno receber\u00e1 o comunicado <a class=\"leiamais\" href=\"https:\/\/pos-graduacao.uepb.edu.br\/ppgdr\/documentos-e-editais\/\">Leia Mais&#8230;<\/a><\/p>\n","protected":false},"author":3,"featured_media":0,"parent":0,"menu_order":0,"comment_status":"open","ping_status":"open","template":"","meta":{"footnotes":""},"class_list":["post-90","page","type-page","status-publish","hentry"],"_links":{"self":[{"href":"https:\/\/pos-graduacao.uepb.edu.br\/ppgdr\/wp-json\/wp\/v2\/pages\/90","targetHints":{"allow":["GET"]}}],"collection":[{"href":"https:\/\/pos-graduacao.uepb.edu.br\/ppgdr\/wp-json\/wp\/v2\/pages"}],"about":[{"href":"https:\/\/pos-graduacao.uepb.edu.br\/ppgdr\/wp-json\/wp\/v2\/types\/page"}],"author":[{"embeddable":true,"href":"https:\/\/pos-graduacao.uepb.edu.br\/ppgdr\/wp-json\/wp\/v2\/users\/3"}],"replies":[{"embeddable":true,"href":"https:\/\/pos-graduacao.uepb.edu.br\/ppgdr\/wp-json\/wp\/v2\/comments?post=90"}],"version-history":[{"count":28,"href":"https:\/\/pos-graduacao.uepb.edu.br\/ppgdr\/wp-json\/wp\/v2\/pages\/90\/revisions"}],"predecessor-version":[{"id":4230,"href":"https:\/\/pos-graduacao.uepb.edu.br\/ppgdr\/wp-json\/wp\/v2\/pages\/90\/revisions\/4230"}],"wp:attachment":[{"href":"https:\/\/pos-graduacao.uepb.edu.br\/ppgdr\/wp-json\/wp\/v2\/media?parent=90"}],"curies":[{"name":"wp","href":"https:\/\/api.w.org\/{rel}","templated":true}]}}