{"id":838,"date":"2014-11-11T15:08:40","date_gmt":"2014-11-11T18:08:40","guid":{"rendered":"\/ppgdr\/?page_id=838"},"modified":"2017-05-29T11:23:02","modified_gmt":"2017-05-29T14:23:02","slug":"dissertacoes-turma-2014","status":"publish","type":"page","link":"https:\/\/pos-graduacao.uepb.edu.br\/ppgdr\/dissertacoes-turma-2014\/","title":{"rendered":"Disserta\u00e7\u00f5es &#8211; Turma 2014"},"content":{"rendered":"<p>[wptabs]<\/p>\n<p>[wptabtitle] Disserta\u00e7\u00f5es 2014[\/wptabtitle]<br \/>\n[wptabcontent]<\/p>\n<p>1- Alisson Eduardo Maul de Farias &#8211;\u00a0[wpfilebase tag=fileurl path=&#8217;dissertacoes\/dissertacoes_turma_2014\/DISSERTACAO-ALISSON-EDUARDO-MAUL-DE-FARIAS.pdf&#8217; linktext=&#8217;AN\u00c1LISE DE INDICADORES DA GEST\u00c3O DE RES\u00cdDUOS S\u00d3LIDOS URBANOS NA CIDADE DE CAMPINA GRANDE (PB) A PARTIR DA PERCEP\u00c7\u00c3O DOS ATORES SOCIAIS&#8217; \/]<\/p>\n<p>2-Almir Cla\u00fadio de Farias &#8211;\u00a0[wpfilebase tag=fileurl path=&#8217;dissertacoes\/dissertacoes_turma_2014\/DISSERTACAO-ALMIR-CLAUDIO-DE-FARIAS-.pdf&#8217; linktext=&#8217;ESTRAT\u00c9GIAS DE REPRODU\u00c7\u00c3O SOCIAL DA AGRICULTURA FAMILIAR: A PLURIATIVIDADE NO MUNIC\u00cdPIO DE ASSUN\u00c7\u00c3O (PB)&#8217; \/]<\/p>\n<p>3-Ana Keli de Queiroz &#8211;\u00a0[wpfilebase tag=fileurl path=&#8217;dissertacoes\/dissertacoes_turma_2014\/DISSERTACAO-ANA-KELI-DE-QUEIROZ.pdf&#8217; linktext=&#8217;PRODU\u00c7\u00c3O E APROPRIA\u00c7\u00c3O ESPACIAL EM CAMPINA GRANDE: O EMPREENDIMENTO IMOBILI\u00c1RIO RESIDENCIAL MAJOR VENEZIANO I (2010 \u2013 2015)&#8217; \/]<\/p>\n<p>4- Denise Helena Delmiro de Souza &#8211;\u00a0[wpfilebase tag=fileurl path=&#8217;dissertacoes\/dissertacoes_turma_2014\/DISSERTACAO-DENISE-HELENA-DELMIRO-DE-SOUZA.pdf&#8217; linktext=&#8217;TENS\u00d5ES MIDI\u00c1TICAS (OU CONFLITOS DE MEDIA\u00c7\u00c3O) ENTRE A COMUNIDADE E A GEST\u00c3O P\u00daBLICA \u2013 A AGENDA DO CALEND\u00c1RIO JPB&#8217; \/]<\/p>\n<p>5- Francinilda Rufino de Souza &#8211;\u00a0[wpfilebase tag=fileurl path=&#8217;dissertacoes\/dissertacoes_turma_2014\/DISSERTACAO-FRANCINILDA-RUFINO-DE-SOUZA.pdf&#8217; linktext=&#8217;POR TR\u00c1S DAS CORTINAS: DESENVOLVIMENTO TERRITORIAL E AS POL\u00cdTICAS CULTURAIS PARA O ARTESANATO&#8217; \/]<\/p>\n<p>6- Hugo Feitosa Gon\u00e7alves &#8211;\u00a0[wpfilebase tag=fileurl path=&#8217;dissertacoes\/dissertacoes_turma_2014\/DISSERTACAO-HUGO-FEITOSA-GONCALVES.pdf&#8217; linktext=&#8217;A QUEST\u00c3O REGIONAL NO NORDESTE: uma an\u00e1lise da trajet\u00f3ria socioecon\u00f4mica do Nordeste brasileiro entre a d\u00e9cada de 1950 e o final dos anos 2000&#8242; \/]<\/p>\n<p>7-Maria do Socorro Barbosa de Moura &#8211;\u00a0[wpfilebase tag=fileurl path=&#8217;dissertacoes\/dissertacoes_turma_2014\/DISSERTACAO-MARIA-DO-SOCORRO-BARBOSA-DE-MOURA.pdf&#8217; linktext=&#8217;TECNOLOGIAS SOCIAIS DE CAPTA\u00c7\u00c3O DE \u00c1GUA DA CHUVA E SUAS RELA\u00c7\u00d5ES COM O DESENVOLVIMENTO RURAL DE BARRA DE SANTANA &#8211; PB&#8217; \/]<\/p>\n<p>8- Mariana Quirino Fechine &#8211;\u00a0[wpfilebase tag=fileurl path=&#8217;dissertacoes\/dissertacoes_turma_2014\/DISSERTACAO-MARIANA-QUIRINO-FECHINE.pdf&#8217; linktext=&#8217;AS RELA\u00c7\u00d5ES ENTRE CULTURA E DESENVOLVIMENTO A PARTIR DOS FESTIVAIS DE CINEMA DA PARA\u00cdBA&#8217; \/]<\/p>\n<p>9- Maynne Santos de Oliveira &#8211;\u00a0[wpfilebase tag=fileurl path=&#8217;dissertacoes\/dissertacoes_turma_2014\/DISSERTACAO-MAYNNE-SANTOS-DE-OLIVEIRA-PDF.pdf&#8217; linktext=&#8217;INTERMEDIA\u00c7\u00c3O DE M\u00c3O DE OBRA E DESENVOLVIMENTO REGIONAL: O SISTEMA NACIONAL DE EMPREGO NO MUNIC\u00cdPIO DE CAMPINA GRANDE-PB&#8217; \/]<\/p>\n<p>10- R\u00f4mulo Ferreira de Az\u00eavedo Filho &#8211;\u00a0[wpfilebase tag=fileurl path=&#8217;dissertacoes\/dissertacoes_turma_2014\/DISSERTACAO-ROMULO-FERREIRA-DE-AZEVEDO-FILHO.pdf&#8217; linktext=&#8217;CAMPINA GRANDE, DESENVOLVIMENTO E TELEVIS\u00c3O REGIONAL: O CASO DA TV BORBOREMA&#8217; \/]<\/p>\n<p>11- Sandra Paula Veras Amorim Costa &#8211;\u00a0[wpfilebase tag=fileurl path=&#8217;dissertacoes\/dissertacoes_turma_2014\/DISSERTACAO-SANDRA-PAULA-VERAS-AMORIM-COSTA.pdf&#8217; linktext=&#8217;O MAIOR S\u00c3O JO\u00c3O DO MUNDO, DE CAMPINA GRANDE \u2013 PB E AS CONCEP\u00c7\u00d5ES DE DESENVOLVIMENTO: uma an\u00e1lise de conte\u00fado das falas de atores envolvidos em sua formula\u00e7\u00e3o e realiza\u00e7\u00e3o&#8217; \/]<\/p>\n<p>12- Thiago Lima Matias &#8211;\u00a0[wpfilebase tag=fileurl path=&#8217;dissertacoes\/dissertacoes_turma_2014\/DISSERTACAO-THIAGO-LIMA-MATIAS.pdf&#8217; linktext=&#8217;ATORES EM REDE NA PROMO\u00c7\u00c3O DA AGROECOLOGIA: um estudo das feiras agroecol\u00f3gicas da Microrregi\u00e3o de Campina Grande-PB&#8217; \/]<\/p>\n<p>&nbsp;<\/p>\n<p>[wptabcontent]<\/p>\n","protected":false},"excerpt":{"rendered":"<p>[wptabs] [wptabtitle] Disserta\u00e7\u00f5es 2014[\/wptabtitle] [wptabcontent] 1- Alisson Eduardo Maul de Farias &#8211;\u00a0[wpfilebase tag=fileurl path=&#8217;dissertacoes\/dissertacoes_turma_2014\/DISSERTACAO-ALISSON-EDUARDO-MAUL-DE-FARIAS.pdf&#8217; linktext=&#8217;AN\u00c1LISE DE INDICADORES DA GEST\u00c3O DE RES\u00cdDUOS S\u00d3LIDOS URBANOS NA CIDADE DE CAMPINA GRANDE (PB) A PARTIR DA PERCEP\u00c7\u00c3O DOS ATORES SOCIAIS&#8217; \/] 2-Almir Cla\u00fadio de Farias &#8211;\u00a0[wpfilebase tag=fileurl path=&#8217;dissertacoes\/dissertacoes_turma_2014\/DISSERTACAO-ALMIR-CLAUDIO-DE-FARIAS-.pdf&#8217; linktext=&#8217;ESTRAT\u00c9GIAS DE REPRODU\u00c7\u00c3O SOCIAL DA AGRICULTURA FAMILIAR: A PLURIATIVIDADE NO MUNIC\u00cdPIO <a class=\"leiamais\" href=\"https:\/\/pos-graduacao.uepb.edu.br\/ppgdr\/dissertacoes-turma-2014\/\">Leia Mais&#8230;<\/a><\/p>\n","protected":false},"author":17,"featured_media":0,"parent":0,"menu_order":0,"comment_status":"open","ping_status":"open","template":"","meta":{"footnotes":""},"class_list":["post-838","page","type-page","status-publish","hentry"],"_links":{"self":[{"href":"https:\/\/pos-graduacao.uepb.edu.br\/ppgdr\/wp-json\/wp\/v2\/pages\/838","targetHints":{"allow":["GET"]}}],"collection":[{"href":"https:\/\/pos-graduacao.uepb.edu.br\/ppgdr\/wp-json\/wp\/v2\/pages"}],"about":[{"href":"https:\/\/pos-graduacao.uepb.edu.br\/ppgdr\/wp-json\/wp\/v2\/types\/page"}],"author":[{"embeddable":true,"href":"https:\/\/pos-graduacao.uepb.edu.br\/ppgdr\/wp-json\/wp\/v2\/users\/17"}],"replies":[{"embeddable":true,"href":"https:\/\/pos-graduacao.uepb.edu.br\/ppgdr\/wp-json\/wp\/v2\/comments?post=838"}],"version-history":[{"count":22,"href":"https:\/\/pos-graduacao.uepb.edu.br\/ppgdr\/wp-json\/wp\/v2\/pages\/838\/revisions"}],"predecessor-version":[{"id":2790,"href":"https:\/\/pos-graduacao.uepb.edu.br\/ppgdr\/wp-json\/wp\/v2\/pages\/838\/revisions\/2790"}],"wp:attachment":[{"href":"https:\/\/pos-graduacao.uepb.edu.br\/ppgdr\/wp-json\/wp\/v2\/media?parent=838"}],"curies":[{"name":"wp","href":"https:\/\/api.w.org\/{rel}","templated":true}]}}