{"id":836,"date":"2014-11-11T14:56:45","date_gmt":"2014-11-11T17:56:45","guid":{"rendered":"\/ppgdr\/?page_id=836"},"modified":"2020-09-23T11:21:11","modified_gmt":"2020-09-23T14:21:11","slug":"dissertacoes-turma-2013","status":"publish","type":"page","link":"https:\/\/pos-graduacao.uepb.edu.br\/ppgdr\/dissertacoes-turma-2013\/","title":{"rendered":"Disserta\u00e7\u00f5es &#8211; Turma 2013"},"content":{"rendered":"<p>[wptabs]<\/p>\n<p>[wptabtitle] Disserta\u00e7\u00f5es 2013[\/wptabtitle]<br \/>\n[wptabcontent]<\/p>\n<p>&nbsp;<\/p>\n<p>1- Alanna Giselly Cavalcante de Oliveira &#8211;\u00a0[wpfilebase tag=fileurl path=&#8217;dissertacoes\/dissertacoes_turma_2013\/DISSERTACAO-ALANNA-GISELLY-CAVALCANTE-DE-OLIVEIRA.pdf&#8217; linktext=&#8217;DESENVOLVIMENTO, CRIMINALIZA\u00c7\u00c3O DAS DROGAS E VULNERABILIDADE SOCIAL: UM ESTUDO NA VARA DE ENTORPECENTES DE CAMPINA GRANDE &#8211; PARA\u00cdBA&#8217; \/]<\/p>\n<p>2- Al\u00eanicon Pereira dos Santos &#8211;\u00a0[wpfilebase tag=fileurl path=&#8217;dissertacoes\/dissertacoes_turma_2013\/Dissertacao-ALENICON-PEREIRA-DE-SOUZA-PDF.pdf&#8217; linktext=&#8217;POL\u00cdTICAS P\u00daBLICAS PARA O DESENVOLVIMENTO ASSOCIADO COM A INOVA\u00c7\u00c3O: uma an\u00e1lise da formula\u00e7\u00e3o e de narrativas de atores envolvidos na implementa\u00e7\u00e3o do programa Agentes Locais de Inova\u00e7\u00e3o \u2013 ALI \u2013 em Campina Grande&#8217; \/]<\/p>\n<p>3- Cris\u00f3logo Vieira de Souza &#8211;\u00a0[wpfilebase tag=fileurl path=&#8217;dissertacoes\/dissertacoes_turma_2013\/DISSERTACAO-CRISOLOGO-VIEIRA-DE-SOUZA.pdf&#8217; linktext=&#8217;INDICADORES DE DESENVOLVIMENTO NO ASSENTAMENTO CARRASCO\/ESPERAN\u00c7A-ALAGOA NOVA, PB&#8217; \/]<\/p>\n<p>4- Dellany Maria Dantas Souza &#8211;\u00a0[wpfilebase tag=fileurl path=&#8217;dissertacoes\/dissertacoes_turma_2013\/DISSERTACAO-DELLANY-MARIA-DANTAS-SOUZA.pdf&#8217; linktext=&#8217;PARTICIPA\u00c7\u00c3O SOCIAL NAS DECIS\u00d5ES P\u00daBLICAS COMO DESENVOLVIMENTO: CAMPINA GRANDE-PB E O CENTRO DE A\u00c7\u00c3O CULTURAL (CENTRAC)&#8217; \/]<\/p>\n<p>5- Diana Freitas de Andrade &#8211;\u00a0[wpfilebase tag=fileurl path=&#8217;dissertacoes\/dissertacoes_turma_2013\/DISSERTACAO-DIANA-FREITAS-DE-ANDRADE.pdf&#8217; linktext=&#8217;DESENVOLVIMENTO E VIOL\u00caNCIA: UMA AN\u00c1LISE A PARTIR DOS PROCESSOS DO TRIBUNAL DO J\u00daRI EM CAMPINA GRANDE\/PB&#8217; \/]<\/p>\n<p>6- Eduardo de Figueiredo Magrin &#8211;\u00a0[wpfilebase tag=fileurl path=&#8217;dissertacoes\/dissertacoes_turma_2013\/DISSERTACAO-EDUARDO-DE-FIGUEIREDO-MAGRIN-PDF.PDF&#8217; linktext=&#8217;PROGRAMA SERT\u00c3O SUSTENT\u00c1VEL E CAPITAL SOCIAL: Interface Para o Desenvolvimento Sustent\u00e1vel Local na Comunidade Quilombola Fonseca no munic\u00edpio de Mana\u00edra, PB&#8217; \/]<\/p>\n<p>7- Elis Formiga Lucena &#8211;\u00a0[wpfilebase tag=fileurl path=&#8217;dissertacoes\/dissertacoes_turma_2013\/DISSERTACAO-ELIS-FORMIGA-LUCENA.PDF&#8217; linktext=&#8217;DESENVOLVIMENTO E CRIMINALIDADE: UM ESTUDO DO PERFIL DOS ADOLESCENTES EM CONFLITO COM A LEI PENAL INTERNOS NO LAR DO GAROTO\/PB&#8217; \/]<\/p>\n<p>8- Elis Regina Neves Barreiro &#8211;\u00a0[wpfilebase tag=fileurl path=&#8217;dissertacoes\/dissertacoes_turma_2013\/DISSERTACAO-ELIS-REGINA-NEVES-BARREIRO-DISSERTACAO.pdf&#8217; linktext=&#8217;O PARQUE TECNOL\u00d3GICO DA PARA\u00cdBA E ARRANJOS INSTITUCIONAIS: TESSITURAS DO DESENVOLVIMENTO LOCAL-TERRITORIAL&#8217; \/]<\/p>\n<p>9- Georgia Simonelly Lima Nascimento &#8211;\u00a0[wpfilebase tag=fileurl path=&#8217;dissertacoes\/dissertacoes_turma_2013\/DISSERTACAO-GEORGIA-SIMONELLY-LIMA-NASCIMENTO.pdf&#8217; linktext=&#8217;DESENVOLVIMENTO E P\u00d3S-GRADUA\u00c7\u00c3O: UMA AN\u00c1LISE DA VIS\u00c3O CONTIDA NO PLANO NACIONAL DE P\u00d3S-GRADUA\u00c7\u00c3O (PNPG) BRASILEIRO&#8217; \/]<\/p>\n<p>10- Gildolina de F\u00e1tima Fonseca &#8211;\u00a0[wpfilebase tag=fileurl path=&#8217;dissertacoes\/dissertacoes_turma_2013\/DISSERTACAO-GILDOLINA-DE-FATIMA-FONSECA-PDF.PDF&#8217; linktext=&#8217;DIAGNOSTICO DAS CONDI\u00c7\u00d5ES DE SANEAMETNO B\u00c1SICO NA ILHA DE SANTO ANT\u00c3O, CABO-VERDE&#8217; \/]<\/p>\n<p>11- Ivandro de Oliveira Pinto &#8211;\u00a0[wpfilebase tag=fileurl path=&#8217;dissertacoes\/dissertacoes_turma_2013\/DISSERTACAO-IVANDRO-DE-OLIVEIRA-PINTO.pdf&#8217; linktext=&#8217;DIAGN\u00d3STICO E REVITALIZA\u00c7\u00c3O DA PALMA FORRAGEIRA COMO ALTERNATIVA DA PECU\u00c1RIA NO CARIRI ORIENTAL DA PARA\u00cdBA&#8217; \/]<\/p>\n<p>12- Maysa Porto de Farias &#8211;\u00a0[wpfilebase tag=fileurl path=&#8217;dissertacoes\/dissertacoes_turma_2013\/DISSERTACAO-MAYSA-PORTO-FARIAS-PDF.pdf&#8217; linktext=&#8217; POTENCIAL DE CAPTA\u00c7\u00c3O DE \u00c1GUA DE CHUVA COMO ALTERNATIVA PARA O DESENVOLVIMENTO DAS LOCALIDADES MAIS SECAS DA MICRORREGI\u00c3O DO CARIRI DA PARA\u00cdBA&#8217; \/]<\/p>\n<p>13- Priscila de Lima Leite &#8211;\u00a0[wpfilebase tag=fileurl path=&#8217;dissertacoes\/dissertacoes_turma_2013\/DISSERTACAO-PRISCILA-DE-LIMA-LEITE-PDF.PDF&#8217; linktext=&#8217;TURISMO E QUALIDADE DE VIDA NO CARIRI PARAIBANO: UMA REGI\u00c3O EM BUSCA DO DESENVOLVIMENTO&#8217; \/]<\/p>\n<p>14- Raquel Gentilini Safar &#8211;\u00a0[wpfilebase tag=fileurl path=&#8217;dissertacoes\/dissertacoes_turma_2013\/DISSERTACAO-RAQUEL-GENTILINI-SAFAR.pdf&#8217; linktext=&#8217;A DIMENS\u00c3O EDUCATIVA DO TURISMO NO CONTEXTO DO DESENVOLVIMENTO&#8217; \/]<\/p>\n<p>15- T\u00e2mara de Oliveira Silva &#8211;\u00a0[wpfilebase tag=fileurl path=&#8217;dissertacoes\/dissertacoes_turma_2013\/TAMARA-DE-OLIVEIRA-SILVA-DISSERTACAO.pdf&#8217; linktext=&#8217;O PNAE NO MUNICIPIO DE CAMPINA GRANDE (PB)&#8217; \/]<\/p>\n<p>16- Wenio Tavares Silva &#8211;<a href=\"https:\/\/pos-graduacao.uepb.edu.br\/ppgdr\/files\/2020\/09\/ANALISE-DO-PROCESSO-DE-ELABORACAO-DO-PLANO-MUNICIPAL-DE-GESTAO-INTEGRADA-DE-RESIDUOS-SOLIDOS-DO-MUNICIPIO-DE-CAMPINA-GRANDE-PB.pdf\">AN\u00c1LISE DO PROCESSO DE ELABORA\u00c7\u00c3O DO PLANO MUNICIPAL DE GEST\u00c3O INTEGRADA DE RES\u00cdDUOS S\u00d3LIDOS DO MUNIC\u00cdPIO DE CAMPINA GRANDE PB<\/a><\/p>\n<p>&nbsp;<\/p>\n<p>[wptabcontent]<\/p>\n","protected":false},"excerpt":{"rendered":"<p>[wptabs] [wptabtitle] Disserta\u00e7\u00f5es 2013[\/wptabtitle] [wptabcontent] &nbsp; 1- Alanna Giselly Cavalcante de Oliveira &#8211;\u00a0[wpfilebase tag=fileurl path=&#8217;dissertacoes\/dissertacoes_turma_2013\/DISSERTACAO-ALANNA-GISELLY-CAVALCANTE-DE-OLIVEIRA.pdf&#8217; linktext=&#8217;DESENVOLVIMENTO, CRIMINALIZA\u00c7\u00c3O DAS DROGAS E VULNERABILIDADE SOCIAL: UM ESTUDO NA VARA DE ENTORPECENTES DE CAMPINA GRANDE &#8211; PARA\u00cdBA&#8217; \/] 2- Al\u00eanicon Pereira dos Santos &#8211;\u00a0[wpfilebase tag=fileurl path=&#8217;dissertacoes\/dissertacoes_turma_2013\/Dissertacao-ALENICON-PEREIRA-DE-SOUZA-PDF.pdf&#8217; linktext=&#8217;POL\u00cdTICAS P\u00daBLICAS PARA O DESENVOLVIMENTO ASSOCIADO COM A INOVA\u00c7\u00c3O: uma an\u00e1lise da formula\u00e7\u00e3o <a class=\"leiamais\" href=\"https:\/\/pos-graduacao.uepb.edu.br\/ppgdr\/dissertacoes-turma-2013\/\">Leia Mais&#8230;<\/a><\/p>\n","protected":false},"author":48,"featured_media":0,"parent":0,"menu_order":0,"comment_status":"open","ping_status":"open","template":"","meta":{"footnotes":""},"class_list":["post-836","page","type-page","status-publish","hentry"],"_links":{"self":[{"href":"https:\/\/pos-graduacao.uepb.edu.br\/ppgdr\/wp-json\/wp\/v2\/pages\/836","targetHints":{"allow":["GET"]}}],"collection":[{"href":"https:\/\/pos-graduacao.uepb.edu.br\/ppgdr\/wp-json\/wp\/v2\/pages"}],"about":[{"href":"https:\/\/pos-graduacao.uepb.edu.br\/ppgdr\/wp-json\/wp\/v2\/types\/page"}],"author":[{"embeddable":true,"href":"https:\/\/pos-graduacao.uepb.edu.br\/ppgdr\/wp-json\/wp\/v2\/users\/48"}],"replies":[{"embeddable":true,"href":"https:\/\/pos-graduacao.uepb.edu.br\/ppgdr\/wp-json\/wp\/v2\/comments?post=836"}],"version-history":[{"count":21,"href":"https:\/\/pos-graduacao.uepb.edu.br\/ppgdr\/wp-json\/wp\/v2\/pages\/836\/revisions"}],"predecessor-version":[{"id":3698,"href":"https:\/\/pos-graduacao.uepb.edu.br\/ppgdr\/wp-json\/wp\/v2\/pages\/836\/revisions\/3698"}],"wp:attachment":[{"href":"https:\/\/pos-graduacao.uepb.edu.br\/ppgdr\/wp-json\/wp\/v2\/media?parent=836"}],"curies":[{"name":"wp","href":"https:\/\/api.w.org\/{rel}","templated":true}]}}