{"id":834,"date":"2014-11-03T11:03:52","date_gmt":"2014-11-03T14:03:52","guid":{"rendered":"\/ppgdr\/?page_id=834"},"modified":"2017-09-22T09:58:21","modified_gmt":"2017-09-22T12:58:21","slug":"dissertacoes-turma-2012","status":"publish","type":"page","link":"https:\/\/pos-graduacao.uepb.edu.br\/ppgdr\/dissertacoes-turma-2012\/","title":{"rendered":"Disserta\u00e7\u00f5es &#8211; Turma 2012"},"content":{"rendered":"<p>&nbsp;<\/p>\n<p>[wptabs]<\/p>\n<p>[wptabtitle] Disserta\u00e7\u00f5es 2012[\/wptabtitle]<br \/>\n[wptabcontent]<\/p>\n<p>&nbsp;<\/p>\n<p>1- \u00a0Alfredo Mali Ati Gama &#8211;\u00a0[wpfilebase tag=fileurl path=&#8217;dissertacoes\/dissertacoes-2012\/DISSERTACAO-ALFREDO-MALI-ATI-GAMA-PDF-1.pdf&#8217; linktext=&#8217;O PLANO ESTRAT\u00c9GICO DE DESENVOLVIMENTO (2011) E O ENFRENTAMENTO DAS ASSIM\u00c9TRIAS REGIONAIS COMO GEST\u00c3O TEM SIDO IMPLEMENTADA NO TIMOR LESTE DEPOIS DA SUA INDEPEND\u00caNCIA&#8217; \/]<\/p>\n<p>2- Andreza Dantas de Albuquerque &#8211;\u00a0[wpfilebase tag=fileurl path=&#8217;dissertacoes\/dissertacoes-2012\/DISSERTACAO-ANDREZA-DANTAS-ALBUQUERQUE.pdf&#8217; linktext=&#8217;DILEMAS E PROBLEMAS DA IND\u00daSTRIA NA PARA\u00cdBA: LEITURAS DAS PERCEP\u00c7\u00d5ES DE GESTORES E EMPRES\u00c1RIOS&#8217; \/]<\/p>\n<p>3-Cla\u00fadia Fernanda Costa Estevam Marinho &#8211;\u00a0[wpfilebase tag=fileurl path=&#8217;dissertacoes\/dissertacoes-2012\/DISSERTACAO-CLAUDIA-FERNANDA-COSTA-ESTEVAM-MARINHO.pdf&#8217; linktext=&#8217;GEST\u00c3O E CONFLITOS PELO USO DA \u00c1GUA PARA ABASTECIMENTO E DESENVOLVIMENTO SUSTENT\u00c1VEL DAS COMUNIDADES RIBEIRINHAS AO A\u00c7UDE EPIT\u00c1CIO PESSOA&#8217; \/]<\/p>\n<p>4- Cl\u00e1udio Dias Barbosa Gon\u00e7alves &#8211;\u00a0[wpfilebase tag=fileurl path=&#8217;dissertacoes\/dissertacoes-2012\/DISSERTACAO-CLAUDIO-DIAS-BARBOSA-GONCALVES.pdf&#8217; linktext=&#8217;IMPACTOS, CONFLITOS E TENS\u00d5ES DO PROJETO DE INTEGRA\u00c7\u00c3O DO RIO S\u00c3O FRANCISCO NO MUNIC\u00cdPIO DE S\u00c3O JOS\u00c9 DE PIRANHAS\/PB.&#8217; \/]<\/p>\n<p>5- Daniel Ferreira de Lira &#8211;\u00a0[wpfilebase tag=fileurl path=&#8217;dissertacoes\/dissertacoes-2012\/DISSERTACAO-DANIEL-FERREIRA-DE-LIRA-1.pdf&#8217; linktext=&#8217;O EXCURSIONISMO DE LITORAL NO CONTEXTO DO DESENVOLVIMENTO TERRITORIAL&#8217; \/]<\/p>\n<p>6- Eduarda de Lima Andrade &#8211;\u00a0[wpfilebase tag=fileurl path=&#8217;dissertacoes\/dissertacoes-2012\/DISSERTACAO-EDUARDA-DE-LIMA-ANDRADE.DOCX.pdf&#8217; linktext=&#8217;TRADI\u00c7\u00c3O E DENVOLVIMENTO; A CHEGADA DA CIDADE \u00c0 VILA&#8217; \/]<\/p>\n<p>7- Fl\u00e1vio Antonio Santos &#8211;\u00a0[wpfilebase tag=fileurl path=&#8217;dissertacoes\/dissertacoes-2012\/DISSERTACAO-FLAVIO-ANTONIO-SANTOS.pdf&#8217; linktext=&#8217; A RECENTE INTERIORIZA\u00c7\u00c3O DA UNIVERSIDADE P\u00daBLICA E O DESENVOLVIMENTO: o caso da implanta\u00e7\u00e3o do campus da Universidade Federal de Campina Grande em Sum\u00e9 \u2013 PB&#8217; \/]<\/p>\n<p>8- Francisco Kleveny Soares da Silva &#8211;\u00a0[wpfilebase tag=fileurl path=&#8217;dissertacoes\/dissertacoes-2012\/DISSERTACAO-FRANCISCO-KLEVENY-SOARES-DA-SILVA.pdf&#8217; linktext=&#8217;CONTROLE SOCIAL: PARTICIPA\u00c7\u00c3O DA SOCIEDADE CIVIL NA GEST\u00c3O P\u00daBLICA COM PERSPECTIVA PARA O DESENVOLVIMENTO LOCAL&#8217; \/]<\/p>\n<p>9- Janu\u00e1rio da Silva Belo &#8211;\u00a0[wpfilebase tag=fileurl path=&#8217;dissertacoes\/dissertacoes-2012\/DISSERTACAO-JANUARIO-DA-SILVA-BELO-PDF.pdf&#8217; linktext=&#8217;AN\u00c1LISE DO PROCESSO DE URBANIZA\u00c7\u00c3O DE D\u00cdLI \/TIMOR- LESTE A PARTIR DE SUA RESTAURA\u00c7\u00c3O DA INDEPEND\u00caNCIA EM 2002&#8242; \/]<\/p>\n<p>10- Jefferson Cordeiro de Souza &#8211;\u00a0[wpfilebase tag=fileurl path=&#8217;dissertacoes\/dissertacoes-2012\/DISSERTACAO-JEFFERSON-CORDEIRO-DE-SOUZA.pdf&#8217; linktext=&#8217;A ARTICULA\u00c7\u00c3O DOS ATORES SOCIAIS NO TERRIT\u00d3RIO DO SERID\u00d3 PARAIBANO: ENTRELA\u00c7AMEMTOS E DESAFIOS PARA O DESENVOLVIEMNTO SUSTENT\u00c1VEL&#8217; \/]<\/p>\n<p>11- Jorge Edson da Costa Garcia &#8211;\u00a0[wpfilebase tag=fileurl path=&#8217;dissertacoes\/dissertacoes-2012\/DISSERTACAO-JORGE-EDSON-DA-COSTA-GARCIA.pdf&#8217; linktext=&#8217;DESENVOLVIMENTO REGIONAL E CULTURA: ORGANIZA\u00c7\u00c3O E IMPACTOS DAS MANIFESTA\u00c7\u00d5ES CULTURAIS DO CARIRI PARAIBANO&#8217; \/]<\/p>\n<p>12 Marcello Bezerra Rodrigues de Oliveira &#8211;\u00a0[wpfilebase tag=fileurl path=&#8217;dissertacoes\/dissertacoes-2012\/DISSERTACAO-MARCELLO-BEZERRA-RODRIGUES-DE-OLIVEIRA_2.pdf&#8217; linktext=&#8217;PRONAF, UMA \u201cNOVA\u201d FORMA DE MODERNIZAR: Uma an\u00e1lise no munic\u00edpio de Barra de Santana-PB.&#8217; \/]<\/p>\n<p>13-Maria Kely Cristina dos Santos &#8211;\u00a0[wpfilebase tag=fileurl path=&#8217;dissertacoes\/dissertacoes-2012\/DISSERTACAO-MARIA-KELY-CRISTINA-DOS-SANTOS.pdf&#8217; linktext=&#8217;REFLEX\u00d5ES SOBRE A ALIMENTA\u00c7\u00c3O ESCOLAR NO SERT\u00c3O DA PARA\u00cdBA: UMA AN\u00c1LISE DO PROGRAMA NACIONAL DE ALIMENTA\u00c7\u00c3O ESCOLAR NOS MUNIC\u00cdPIOS DE \u00c1GUA BRANCA E PRINCESA ISABEL (PB)&#8217; \/]<\/p>\n<p>14- Marta Em\u00edlia Aires Cavalcante de Farias &#8211;\u00a0[wpfilebase tag=fileurl path=&#8217;dissertacoes\/dissertacoes-2012\/DISSERTACAO-MARTA-EMILIA-AIRES-CAVALCANTE-DE-FARIAS.PDF&#8217; linktext=&#8217;POL\u00cdTICA ENERG\u00c9TICA NACIONAL E SUA ARTICULA\u00c7\u00c3O COM O DESENVOLVIMENTO REGIONAL: Impactos e conflitos acerca da instala\u00e7\u00e3o da primeira usina termel\u00e9trica em Campina Grande \u2013 PB&#8217; \/]<\/p>\n<p>15- Priscila Bastos Maciel &#8211;\u00a0[wpfilebase tag=fileurl path=&#8217;dissertacoes\/dissertacoes-2012\/DISSERTACAO-PRISCILA-BASTOS-MACIEL.PDF&#8217; linktext=&#8217;AN\u00c1LISE COMPARATIVA DA SUSTENTABILIDADE DA AGRICULTURA FAMILIAR EM COMUNIDADES RURAIS NO AGRESTE PARAIBANO&#8217; \/]<\/p>\n<p>16- Renata de Sousa Cordeiro &#8211;\u00a0[wpfilebase tag=fileurl path=&#8217;dissertacoes\/dissertacoes-2012\/DISSERTACAO-RENATA-DE-SOUSA-CORDEIRO-PDF.pdf&#8217; linktext=&#8217;OS CAMINHOS DO FRIO NO DESENVOLVIMENTO DO BREJO PARAIBANO&#8217; \/]<\/p>\n<p>17- Saulo Medeiros da Costa Silva &#8211;\u00a0[wpfilebase tag=fileurl path=&#8217;dissertacoes\/dissertacoes-2012\/DISSERTACAO-SAULO-MEDEIROS-DA-COSTA-SILVA.pdf&#8217; linktext=&#8217;ABORDAGEM DA CONCESS\u00c3O DE CR\u00c9DITO PRESUMIDO DE ICMS NA PARA\u00cdBA E A QUEST\u00c3O DO DESENVOLVIMENTO&#8217; \/]<\/p>\n<p>18-S\u00e9rgerson Silvestre &#8211;\u00a0[wpfilebase tag=fileurl path=&#8217;dissertacoes\/dissertacoes-2012\/DISSERTACAO-SERGERSON-SILVESTRE.PDF&#8217; linktext=&#8217;A FORMA\u00c7\u00c3O DA GOVERNAN\u00c7A REGIONAL E AS INTERFACES DO DESENVOLVIMENTO TUR\u00cdSTICO NO BREJO PARAIBANO&#8217; \/]<\/p>\n<p>19- Taciana Porto Ara\u00fajo &#8211;\u00a0[wpfilebase tag=fileurl path=&#8217;dissertacoes\/dissertacoes-2012\/DISSERTACAO-TACIANA-PORTO-ARAUJO.pdf&#8217; linktext=&#8217;OUTRA FACE DA VIOL\u00caNCIA NO CAMPO: UM ESTUDO ACERCA DA CRIMINALIDADE NA \u00c1REA RURAL DO MINIC\u00cdPIO DE LAGOA SECA &#8211; PB&#8217; \/]<\/p>\n<p>20- V\u00e1lter Cardoso Tavares &#8211;\u00a0[wpfilebase tag=fileurl path=&#8217;dissertacoes\/dissertacoes-2012\/DISSERTACAO-VALTER-CARDOSO-TAVARES_PDF.pdf&#8217; linktext=&#8217;A DESERTIFICA\u00c7\u00c3O EM S\u00c3O JO\u00c3O DO CARIRI (PB): uma an\u00e1lise das vulnerabilidades&#8217; \/]<\/p>\n<p>21- Violeta de Lourdes Jansen de Medeiros &#8211;\u00a0[wpfilebase tag=fileurl path=&#8217;dissertacoes\/dissertacoes-2012\/DISSERTACAO-VIOLETA-DE-LOURDES-JANSEN-DE-MEDEIROS.PDF&#8217; linktext=&#8217;INCUBADORA UNIVERSIT\u00c1RIA DE EMPREENDIMENTOS ECON\u00d4MICOS SOLID\u00c1RIOS &#8211; IUEES\/UFCG E CAPITAL SOCIAL: CONTRIBUINDO CAMINHOS PARA O DESENVOLVIMENTO TERRITORIAL&#8217; \/]<\/p>\n<p>&nbsp;<\/p>\n<p>&nbsp;<\/p>\n<p>[wptabcontent]<\/p>\n<p>&nbsp;<\/p>\n<p>&nbsp;<\/p>\n<p>&nbsp;<\/p>\n<p>&nbsp;<\/p>\n<p>&nbsp;<\/p>\n","protected":false},"excerpt":{"rendered":"<p>&nbsp; [wptabs] [wptabtitle] Disserta\u00e7\u00f5es 2012[\/wptabtitle] [wptabcontent] &nbsp; 1- \u00a0Alfredo Mali Ati Gama &#8211;\u00a0[wpfilebase tag=fileurl path=&#8217;dissertacoes\/dissertacoes-2012\/DISSERTACAO-ALFREDO-MALI-ATI-GAMA-PDF-1.pdf&#8217; linktext=&#8217;O PLANO ESTRAT\u00c9GICO DE DESENVOLVIMENTO (2011) E O ENFRENTAMENTO DAS ASSIM\u00c9TRIAS REGIONAIS COMO GEST\u00c3O TEM SIDO IMPLEMENTADA NO TIMOR LESTE DEPOIS DA SUA INDEPEND\u00caNCIA&#8217; \/] 2- Andreza Dantas de Albuquerque &#8211;\u00a0[wpfilebase tag=fileurl path=&#8217;dissertacoes\/dissertacoes-2012\/DISSERTACAO-ANDREZA-DANTAS-ALBUQUERQUE.pdf&#8217; linktext=&#8217;DILEMAS E PROBLEMAS DA IND\u00daSTRIA NA PARA\u00cdBA: <a class=\"leiamais\" href=\"https:\/\/pos-graduacao.uepb.edu.br\/ppgdr\/dissertacoes-turma-2012\/\">Leia Mais&#8230;<\/a><\/p>\n","protected":false},"author":17,"featured_media":0,"parent":0,"menu_order":0,"comment_status":"open","ping_status":"open","template":"","meta":{"footnotes":""},"class_list":["post-834","page","type-page","status-publish","hentry"],"_links":{"self":[{"href":"https:\/\/pos-graduacao.uepb.edu.br\/ppgdr\/wp-json\/wp\/v2\/pages\/834","targetHints":{"allow":["GET"]}}],"collection":[{"href":"https:\/\/pos-graduacao.uepb.edu.br\/ppgdr\/wp-json\/wp\/v2\/pages"}],"about":[{"href":"https:\/\/pos-graduacao.uepb.edu.br\/ppgdr\/wp-json\/wp\/v2\/types\/page"}],"author":[{"embeddable":true,"href":"https:\/\/pos-graduacao.uepb.edu.br\/ppgdr\/wp-json\/wp\/v2\/users\/17"}],"replies":[{"embeddable":true,"href":"https:\/\/pos-graduacao.uepb.edu.br\/ppgdr\/wp-json\/wp\/v2\/comments?post=834"}],"version-history":[{"count":39,"href":"https:\/\/pos-graduacao.uepb.edu.br\/ppgdr\/wp-json\/wp\/v2\/pages\/834\/revisions"}],"predecessor-version":[{"id":2842,"href":"https:\/\/pos-graduacao.uepb.edu.br\/ppgdr\/wp-json\/wp\/v2\/pages\/834\/revisions\/2842"}],"wp:attachment":[{"href":"https:\/\/pos-graduacao.uepb.edu.br\/ppgdr\/wp-json\/wp\/v2\/media?parent=834"}],"curies":[{"name":"wp","href":"https:\/\/api.w.org\/{rel}","templated":true}]}}