{"id":814,"date":"2014-11-03T10:54:49","date_gmt":"2014-11-03T13:54:49","guid":{"rendered":"\/ppgdr\/?page_id=814"},"modified":"2020-10-06T11:09:08","modified_gmt":"2020-10-06T14:09:08","slug":"dissertacoes-turma-2011","status":"publish","type":"page","link":"https:\/\/pos-graduacao.uepb.edu.br\/ppgdr\/dissertacoes-turma-2011\/","title":{"rendered":"Disserta\u00e7\u00f5es &#8211; Turma 2011"},"content":{"rendered":"<p>[wptabs]<\/p>\n<p>[wptabtitle] Disserta\u00e7\u00f5es 2011[\/wptabtitle]<br \/>\n[wptabcontent]<\/p>\n<p>&nbsp;<\/p>\n<p>1- Adeisa Guimar\u00e3es Carvalho &#8211;\u00a0[wpfilebase tag=fileurl path=&#8217;dissertacoes\/dissertacoes-2011\/DISSERTACAO-ADEISA-GUIMARAES-CARVALHO.pdf&#8217; linktext=&#8217;A DIMENS\u00c3O AMBIENTAL DO PLANEJAMENTO URBANO: uma an\u00e1lise cr\u00edtica das pol\u00edticas de gest\u00e3o de Res\u00edduos S\u00f3lidos em Campina Grande &#8211; PB&#8217; \/]<\/p>\n<p>2- D\u00eanis David de Oliveira Decussatti &#8211;<a href=\"https:\/\/pos-graduacao.uepb.edu.br\/ppgdr\/files\/2020\/10\/DESENVOLVIMENTO-TURISMO-E-QUALIDADE-DE-VIDA-UMA-ANALISE-DO-PARQUE-ESTADUAL-PEDRA-DA-BOCA-\u2013-ARARUNA-PB.pdf\">DESENVOLVIMENTO, TURISMO E QUALIDADE DE VIDA-UMA AN\u00c1LISE DO PARQUE ESTADUAL PEDRA DA BOCA \u2013 ARARUNA-PB<\/a><\/p>\n<p>3- EriKa Derquiane Cavalcante &#8211;\u00a0[wpfilebase tag=fileurl path=&#8217;dissertacoes\/dissertacoes-2011\/DISSERTACAO-ERIKA-DERQUIANE-CAVALCANTE.PDF&#8217; linktext=&#8217;A CACHA\u00c7A E O DESENVOLVIMENTO TUR\u00cdSTICO: UMA AN\u00c1LISE DAS REPRESENTA\u00c7\u00d5ES DO ESPA\u00c7O E DOS ATORES ENVOLVIDOS NA ATIVIDADE TUR\u00cdSTICA NO BREJO PARAIBANO&#8217; \/]<\/p>\n<p>4- Helayne C\u00e2ndido Pereira &#8211;\u00a0[wpfilebase tag=fileurl path=&#8217;dissertacoes\/dissertacoes-2011\/DISSERTACAO-HELAYNE-CANDIDO-PEREIRA.pdf&#8217; linktext=&#8217;DIREITOS TERRITORIAIS E DESENVOLVIMENTO URBANO: o papel do Minist\u00e9rio P\u00fablico Federal (MPF) no caso do conflito entre o capital imobili\u00e1rio e os nativos de Paratibe \u2013 PB&#8217; \/]<\/p>\n<p>5- Helder Cordeiro Lima &#8211;\u00a0[wpfilebase tag=fileurl path=&#8217;dissertacoes\/dissertacoes-2011\/Helder Cordeiro Lima.pdf&#8217; linktext=&#8217;A TRAJET\u00d3RIA DO SETOR MINERAL NO MUNIC\u00cdPIO DE PEDRA LAVRADA &#8211; PB: UMA AN\u00c1LISE DAS A\u00c7\u00d5ES P\u00daBLICAS PARA PENSAR O DESENVOLVIMENTO&#8217; \/]<\/p>\n<p>7- H\u00e9rcia Ghisl\u00e2ndis Guimar\u00e3es Pires Cabral &#8211;\u00a0[wpfilebase tag=fileurl path=&#8217;dissertacoes\/dissertacoes-2011\/H\u00e9rica Ghisl\u00e2nia Guimar\u00e3es Pires Cabral.pdf&#8217; linktext=&#8217;A AN\u00c1LISE DA EFETIVIDADE DO PROJETO \u201c\u00c1GUA: FONTE DE ALIMENTO E RENDA\u201d PARA A SUSTENTABILIDADE DA COMUNIDADE DE URU\u00c7U NO SEMI\u00c1RIDO NORDESTINO&#8217; \/]<\/p>\n<p>8- Isabele Aparecida Gomes Pereira &#8211;\u00a0[wpfilebase tag=fileurl path=&#8217;dissertacoes\/dissertacoes-2011\/DISSERTACAO-ISABELE-APARECIDA-GOMES-PEREIRA.pdf&#8217; linktext=&#8217;Assentamentos rurais e qualidade de vida: um estudo de caso no PA Santa Ver\u00f4nica \u2013 munic\u00edpio de Dami\u00e3o\/PB&#8217; \/]<\/p>\n<p>9- Ivana Milena Sales Rolim de Vasconcelos &#8211;\u00a0[wpfilebase tag=fileurl path=&#8217;dissertacoes\/dissertacoes-2011\/DISSERTACAO-IVANA-MILENA-SALES-ROLIM-DE-VASCONCELOS.pdf&#8217; linktext=&#8217;Desenvolvimento, G\u00eanero e Cooperativismo: Limites e Possibilidades da Cooperativa de Floricultores do Estado da Para\u00edba (COFEP)&#8217; \/]<\/p>\n<p>10- Luana Estr\u00eala Diniz Lopes &#8211;\u00a0[wpfilebase tag=fileurl path=&#8217;dissertacoes\/dissertacoes-2011\/DISSERTACAO-LUANA-ESTRELA-DINIZ-LOPES.pdf&#8217; linktext=&#8217;DESENVOLVIMENTO REGIONAL E TURISMO: UMA AN\u00c1LISE DO PROGRAMA DE REGIONALIZA\u00c7\u00c3O DO TURISMO NO DESTINO INDUTOR JO\u00c3O PESSOA&#8217; \/]<\/p>\n<p>11- Maricelle Ramos de Oliveira &#8211;\u00a0[wpfilebase tag=fileurl path=&#8217;dissertacoes\/dissertacoes-2011\/DISSERTACAO-MARICELLE-RAMOS-DE-OLIVEIRA.pdf&#8217; linktext=&#8217;DIREITO AMBIENTAL APLICADA A IND\u00daSTRIA COUREIRA DE CAMPINA GRANDE \u2013 PB: O DESCOMPASSO ENTRE O LEGAL, O SOCIAL E A EFETIVA PROTE\u00c7\u00c3O AMBIENTAL&#8217; \/]<\/p>\n<p>12- Mayara Karla Dantas Silva &#8211;\u00a0[wpfilebase tag=fileurl path=&#8217;dissertacoes\/dissertacoes-2011\/Mayara Karla Dantas da Silva.pdf&#8217; linktext=&#8217;AVALIA\u00c7\u00c3O DA SUSTENTABILIDADE NA PRODU\u00c7\u00c3O DE MANDIOCA NO MUNIC\u00cdPIO DE PEDRAS DE FOGO &#8211; PB&#8217; \/]<\/p>\n<p>13- Raiza \u00a0Madje Tavares da Silva &#8211;\u00a0[wpfilebase tag=fileurl path=&#8217;dissertacoes\/dissertacoes-2011\/DISSERTACAO-RAIZA-MADJE-TAVARES-DA-SILVA-.pdf&#8217; linktext=&#8217;TERRIT\u00d3RIO E DESENVOLVIMENTO RURAL: UMA AN\u00c1LISE DA POL\u00cdTICA TERRITORIAL DO MDA EM UM ESTUDO DE CASO DO CARIRI ORIENTAL-PB&#8217; \/]<\/p>\n<p>14-Tha\u00eds Samara de castro Bezerra &#8211;\u00a0[wpfilebase tag=fileurl path=&#8217;dissertacoes\/dissertacoes-2011\/Thais Samara de Castro Bezerra.pdf&#8217; linktext=&#8217;POL\u00cdTICAS P\u00daBLICAS DE CULTURA E DESENVOLVIEMNTO EM CAMPINA GRANDE&#8217; \/]<\/p>\n<p>15- Vanderleia dos Santos &#8211;\u00a0[wpfilebase tag=fileurl path=&#8217;dissertacoes\/dissertacoes-2011\/Vanderl\u00e9ia dos Santos.pdf&#8217; linktext=&#8217; DESENVOLVIMENTO LOCAL E NOVAS RURALIDADES: REPRESENTA\u00c7\u00d5ES DO TURISMO RURAL NO MUNIC\u00cdPIO DE AREIA\/PB&#8217; \/]<\/p>\n<p>16-Waltemilton Vieira Cartaxo &#8211;\u00a0[wpfilebase tag=fileurl path=&#8217;dissertacoes\/dissertacoes-2011\/DISSERTACAO-WALTEMILTON-VIEIRA-CARTAXO.docx&#8217; linktext=&#8217;A repercuss\u00e3o social da reforma agr\u00e1ria no Assentamento Ven\u00e2ncio Tom\u00e9 de Ara\u00fajo&#8217; \/]<\/p>\n<p>17- Waldeciele Lima Gon\u00e7alves &#8211;\u00a0[wpfilebase tag=fileurl path=&#8217;dissertacoes\/dissertacoes-2011\/Weldeciele Lima Gon\u00e7alves.pdf&#8217; linktext=&#8217;AN\u00c1LISE DA SUSTENTABILIDADE DA AGRICULTURA FAMILIAR NA PRODU\u00c7\u00c3O DE TANGIRINA NO MUNIC\u00cdPIO DE MATINHAS, PARA\u00cdBA&#8217; \/]<\/p>\n<p>&nbsp;<\/p>\n<p>&nbsp;<\/p>\n<p>[wptabcontent]<\/p>\n<p>&nbsp;<\/p>\n<p><strong>\u00a0<\/strong><\/p>\n<p>&nbsp;<\/p>\n","protected":false},"excerpt":{"rendered":"<p>[wptabs] [wptabtitle] Disserta\u00e7\u00f5es 2011[\/wptabtitle] [wptabcontent] &nbsp; 1- Adeisa Guimar\u00e3es Carvalho &#8211;\u00a0[wpfilebase tag=fileurl path=&#8217;dissertacoes\/dissertacoes-2011\/DISSERTACAO-ADEISA-GUIMARAES-CARVALHO.pdf&#8217; linktext=&#8217;A DIMENS\u00c3O AMBIENTAL DO PLANEJAMENTO URBANO: uma an\u00e1lise cr\u00edtica das pol\u00edticas de gest\u00e3o de Res\u00edduos S\u00f3lidos em Campina Grande &#8211; PB&#8217; \/] 2- D\u00eanis David de Oliveira Decussatti &#8211;DESENVOLVIMENTO, TURISMO E QUALIDADE DE VIDA-UMA AN\u00c1LISE DO PARQUE ESTADUAL PEDRA DA BOCA \u2013 <a class=\"leiamais\" href=\"https:\/\/pos-graduacao.uepb.edu.br\/ppgdr\/dissertacoes-turma-2011\/\">Leia Mais&#8230;<\/a><\/p>\n","protected":false},"author":48,"featured_media":0,"parent":0,"menu_order":0,"comment_status":"open","ping_status":"open","template":"","meta":{"footnotes":""},"class_list":["post-814","page","type-page","status-publish","hentry"],"_links":{"self":[{"href":"https:\/\/pos-graduacao.uepb.edu.br\/ppgdr\/wp-json\/wp\/v2\/pages\/814","targetHints":{"allow":["GET"]}}],"collection":[{"href":"https:\/\/pos-graduacao.uepb.edu.br\/ppgdr\/wp-json\/wp\/v2\/pages"}],"about":[{"href":"https:\/\/pos-graduacao.uepb.edu.br\/ppgdr\/wp-json\/wp\/v2\/types\/page"}],"author":[{"embeddable":true,"href":"https:\/\/pos-graduacao.uepb.edu.br\/ppgdr\/wp-json\/wp\/v2\/users\/48"}],"replies":[{"embeddable":true,"href":"https:\/\/pos-graduacao.uepb.edu.br\/ppgdr\/wp-json\/wp\/v2\/comments?post=814"}],"version-history":[{"count":25,"href":"https:\/\/pos-graduacao.uepb.edu.br\/ppgdr\/wp-json\/wp\/v2\/pages\/814\/revisions"}],"predecessor-version":[{"id":3735,"href":"https:\/\/pos-graduacao.uepb.edu.br\/ppgdr\/wp-json\/wp\/v2\/pages\/814\/revisions\/3735"}],"wp:attachment":[{"href":"https:\/\/pos-graduacao.uepb.edu.br\/ppgdr\/wp-json\/wp\/v2\/media?parent=814"}],"curies":[{"name":"wp","href":"https:\/\/api.w.org\/{rel}","templated":true}]}}