{"id":5165,"date":"2023-11-09T09:36:41","date_gmt":"2023-11-09T12:36:41","guid":{"rendered":"https:\/\/pos-graduacao.uepb.edu.br\/ppgdr\/?page_id=5165"},"modified":"2024-06-19T08:42:36","modified_gmt":"2024-06-19T11:42:36","slug":"pagina-inicial","status":"publish","type":"page","link":"https:\/\/pos-graduacao.uepb.edu.br\/ppgdr\/","title":{"rendered":"P\u00e1gina Inicial"},"content":{"rendered":"<div class=\"wpb-content-wrapper\"><p>[vc_row gap=&#8221;30&#8243; css=&#8221;.vc_custom_1718796752988{margin-top: 30px !important;}&#8221;][vc_column width=&#8221;2\/3&#8243;][vc_text_separator title=&#8221;\u00daltimas Not\u00edcias&#8221; i_icon_fontawesome=&#8221;fas fa-angle-double-right&#8221; i_color=&#8221;custom&#8221; title_align=&#8221;separator_align_left&#8221; add_icon=&#8221;true&#8221; i_custom_color=&#8221;#cc0000&#8243;]<div class=\"mdl-grid\"><div class=\"mdl-cell--6-col mdl-cell--6-col-tablet mdl-cell--12-col-phone bloco-noticias\"><div class=\"titulo-noticia-widget\"><a href=\"https:\/\/pos-graduacao.uepb.edu.br\/ppgdr\/resultado-do-processo-eleitoral-para-escolha-da-nova-coordenacao-do-ppgdr-bienio-2026-2028\/\"><h3 class=\"titulo-destaque-noticia\">Resultado do Processo Eleitoral para escolha da nova Coordena\u00e7\u00e3o do PPGDR -Bi\u00eanio 2026-2028<\/h3><\/a><\/div><div class=\"titulo-noticia-widget\"><a href=\"https:\/\/pos-graduacao.uepb.edu.br\/ppgdr\/resultado-final-processo-seletivo-aluno-especial-2026-1\/\"><h3 class=\"titulo-destaque-noticia\">Resultado Final- Processo Seletivo Aluno Especial 2026.1<\/h3><\/a><\/div><div class=\"titulo-noticia-widget\"><a href=\"https:\/\/pos-graduacao.uepb.edu.br\/ppgdr\/resultado-da-homologacao-das-inscricoes-aluno-especial-2026-1\/\"><h3 class=\"titulo-destaque-noticia\">Resultado da Homologa\u00e7\u00e3o das Inscri\u00e7\u00f5es -Aluno-Especial 2026.1<\/h3><\/a><\/div><div class=\"titulo-noticia-widget\"><a href=\"https:\/\/pos-graduacao.uepb.edu.br\/ppgdr\/resultado-final-edital-pos-doutorado-fapesq-2026\/\"><h3 class=\"titulo-destaque-noticia\">Resultado Final- Edital P\u00f3s-Doutorado Fapesq 2026<\/h3><\/a><\/div><div class=\"titulo-noticia-widget\"><a href=\"https:\/\/pos-graduacao.uepb.edu.br\/ppgdr\/resultado-final-processo-seletivo-turma-2026\/\"><h3 class=\"titulo-destaque-noticia\">Resultado Final- Processo Seletivo Turma 2026<\/h3><\/a><\/div><div class=\"titulo-noticia-widget\"><a href=\"https:\/\/pos-graduacao.uepb.edu.br\/ppgdr\/resultado-preliminar-edital-pos-doutorado-fapesq-2026\/\"><h3 class=\"titulo-destaque-noticia\">Resultado Preliminar -Edital-P\u00f3s-Doutorado Fapesq 2026<\/h3><\/a><\/div><div class=\"titulo-noticia-widget\"><a href=\"https:\/\/pos-graduacao.uepb.edu.br\/ppgdr\/resultado-dos-curriculos-apos-recursos-processo-seletivo-ppgdr-turma-2026\/\"><h3 class=\"titulo-destaque-noticia\">Resultado dos Curr\u00edculos ap\u00f3s recursos- Processo Seletivo PPGDR (turma 2026)<\/h3><\/a><\/div><div class=\"titulo-noticia-widget\"><a href=\"https:\/\/pos-graduacao.uepb.edu.br\/ppgdr\/edital-001-2026-selecao-aluno-especial-2026-1\/\"><h3 class=\"titulo-destaque-noticia\">Edital 001\/2026-Sele\u00e7\u00e3o Aluno Especial 2026.1<\/h3><\/a><\/div><div class=\"titulo-noticia-widget\"><a href=\"https:\/\/pos-graduacao.uepb.edu.br\/ppgdr\/inscricoes-homologadas-edital-pos-doutorado-fapesq-2026\/\"><h3 class=\"titulo-destaque-noticia\">Inscri\u00e7\u00f5es Homologadas-Edital P\u00f3s-Doutorado Fapesq 2026<\/h3><\/a><\/div><div class=\"titulo-noticia-widget\"><a href=\"https:\/\/pos-graduacao.uepb.edu.br\/ppgdr\/homologacao-de-chapas-processo-eleitoral-para-escolha-da-nova-coordenacao-do-ppgdr-bienio-2026-2028\/\"><h3 class=\"titulo-destaque-noticia\">HOMOLOGA\u00c7\u00c3O DE CHAPAS  PROCESSO ELEITORAL PARA ESCOLHA DA NOVA COORDENA\u00c7\u00c3O DO PPGDR BI\u00caNIO 2026-2028<\/h3><\/a><\/div><\/div><div class=\"mdl-cell--6-col mdl-cell--6-col-tablet mdl-cell--12-col-phone bloco-noticias\"><div class=\"titulo-noticia-widget\"><a href=\"https:\/\/pos-graduacao.uepb.edu.br\/ppgdr\/resultado-avaliacao-do-curriculo-processo-seletivo-ppgdr-turma-2026\/\"><h3 class=\"titulo-destaque-noticia\">Resultado avalia\u00e7\u00e3o do curr\u00edculo- Processo Seletivo PPGDR (turma 2026)<\/h3><\/a><\/div><div class=\"titulo-noticia-widget\"><a href=\"https:\/\/pos-graduacao.uepb.edu.br\/ppgdr\/edital-pos-doutorado-fapesq-2026\/\"><h3 class=\"titulo-destaque-noticia\">Edital P\u00f3s-Doutorado Fapesq 2026<\/h3><\/a><\/div><div class=\"titulo-noticia-widget\"><a href=\"https:\/\/pos-graduacao.uepb.edu.br\/ppgdr\/resultado-das-entrevistas-apos-recursos-processo-seletivo-ppgdr-turma-2026\/\"><h3 class=\"titulo-destaque-noticia\">Resultado das Entrevistas ap\u00f3s recursos- Processo Seletivo PPGDR (turma 2026)<\/h3><\/a><\/div><div class=\"titulo-noticia-widget\"><a href=\"https:\/\/pos-graduacao.uepb.edu.br\/ppgdr\/resultado-das-entrevistas-processo-seletivo-ppgdr-turma-2026\/\"><h3 class=\"titulo-destaque-noticia\">Resultado das Entrevistas- Processo Seletivo PPGDR (turma 2026)<\/h3><\/a><\/div><div class=\"titulo-noticia-widget\"><a href=\"https:\/\/pos-graduacao.uepb.edu.br\/ppgdr\/edital-001-2026-ppgdr-uepb-processo-eleitoral-para-escolha-da-nova-coordenacao-do-ppgdr\/\"><h3 class=\"titulo-destaque-noticia\">EDITAL 001-2026-PPGDR-UEPB-Processo Eleitoral para  escolha da nova Coordena\u00e7\u00e3o do PPGDR<\/h3><\/a><\/div><div class=\"titulo-noticia-widget\"><a href=\"https:\/\/pos-graduacao.uepb.edu.br\/ppgdr\/cronograma-entrevistas-processo-seletivo-ppgdr-turma-2026\/\"><h3 class=\"titulo-destaque-noticia\">Cronograma Entrevistas- Processo Seletivo PPGDR (turma 2026)<\/h3><\/a><\/div><div class=\"titulo-noticia-widget\"><a href=\"https:\/\/pos-graduacao.uepb.edu.br\/ppgdr\/notas-dos-projetos-apos-recursos-processo-seletivo-ppgdr-turma-2026\/\"><h3 class=\"titulo-destaque-noticia\">Notas dos Projetos ap\u00f3s recursos- Processo Seletivo PPGDR (turma 2026)<\/h3><\/a><\/div><div class=\"titulo-noticia-widget\"><a href=\"https:\/\/pos-graduacao.uepb.edu.br\/ppgdr\/comunicado-divulgacao-do-cronograma-de-entrevistas\/\"><h3 class=\"titulo-destaque-noticia\">Comunicado-Divulga\u00e7\u00e3o do Cronograma de Entrevistas<\/h3><\/a><\/div><div class=\"titulo-noticia-widget\"><a href=\"https:\/\/pos-graduacao.uepb.edu.br\/ppgdr\/resultado-da-avaliacao-dos-projetos-processo-seletivo-ppgdr-turma-2026\/\"><h3 class=\"titulo-destaque-noticia\">Resultado da Avalia\u00e7\u00e3o dos Projetos-Processo Seletivo PPGDR (turma 2026)<\/h3><\/a><\/div><div class=\"titulo-noticia-widget\"><a href=\"https:\/\/pos-graduacao.uepb.edu.br\/ppgdr\/resultado-retificado-da-homologacao-das-inscricoes-apos-recursos-processo-seletivo-2026\/\"><h3 class=\"titulo-destaque-noticia\">Resultado Retificado Da Homologa\u00e7\u00e3o Das Inscri\u00e7\u00f5es Ap\u00f3s Recursos  (Processo Seletivo 2026)<\/h3><\/a><\/div><\/div><\/div>[\/vc_column][vc_column width=&#8221;1\/3&#8243;][vc_text_separator title=&#8221;Acesso R\u00e1pido&#8221; i_icon_fontawesome=&#8221;fas fa-angle-double-right&#8221; i_color=&#8221;custom&#8221; title_align=&#8221;separator_align_left&#8221; add_icon=&#8221;true&#8221; i_custom_color=&#8221;#cc0000&#8243;][vc_btn title=&#8221;ANPUR&#8221; shape=&#8221;square&#8221; color=&#8221;juicy-pink&#8221; size=&#8221;lg&#8221; align=&#8221;left&#8221; button_block=&#8221;true&#8221; link=&#8221;url:http%3A%2F%2Fwww.anpur.org.br%2F|target:_blank&#8221; css=&#8221;.vc_custom_1718797206959{margin-bottom: 5px !important;}&#8221;][vc_btn title=&#8221;CAPES&#8221; shape=&#8221;square&#8221; color=&#8221;danger&#8221; size=&#8221;lg&#8221; align=&#8221;left&#8221; button_block=&#8221;true&#8221; link=&#8221;url:http%3A%2F%2Fwww.capes.gov.br%2F|target:_blank&#8221; css=&#8221;.vc_custom_1718797211776{margin-bottom: 5px !important;}&#8221;][vc_btn title=&#8221;Centro Celso Furtado&#8221; shape=&#8221;square&#8221; color=&#8221;sandy-brown&#8221; size=&#8221;lg&#8221; align=&#8221;left&#8221; button_block=&#8221;true&#8221; link=&#8221;url:http%3A%2F%2Fwww.centrocelsofurtado.org.br%2F|target:_blank&#8221; css=&#8221;.vc_custom_1718797216818{margin-bottom: 5px !important;}&#8221;][vc_btn title=&#8221;CNPq&#8221; shape=&#8221;square&#8221; color=&#8221;warning&#8221; size=&#8221;lg&#8221; align=&#8221;left&#8221; button_block=&#8221;true&#8221; link=&#8221;url:http%3A%2F%2Fwww.cnpq.br%2F|target:_blank&#8221; css=&#8221;.vc_custom_1718797221709{margin-bottom: 5px !important;}&#8221;][vc_btn title=&#8221;MCT&#8221; shape=&#8221;square&#8221; color=&#8221;orange&#8221; size=&#8221;lg&#8221; align=&#8221;left&#8221; button_block=&#8221;true&#8221; link=&#8221;url:http%3A%2F%2Fwww.mct.gov.br%2F|target:_blank&#8221; css=&#8221;.vc_custom_1718797226418{margin-bottom: 5px !important;}&#8221;][vc_btn title=&#8221;MI&#8221; shape=&#8221;square&#8221; color=&#8221;juicy-pink&#8221; size=&#8221;lg&#8221; align=&#8221;left&#8221; button_block=&#8221;true&#8221; link=&#8221;url:http%3A%2F%2Fwww.integracao.gov.br%2F|target:_blank&#8221; css=&#8221;.vc_custom_1718797232759{margin-bottom: 5px !important;}&#8221;][vc_btn title=&#8221;PRPGP&#8221; shape=&#8221;square&#8221; color=&#8221;danger&#8221; size=&#8221;lg&#8221; align=&#8221;left&#8221; button_block=&#8221;true&#8221; link=&#8221;url:http%3A%2F%2Fprpgp.uepb.edu.br%2F|target:_blank&#8221; css=&#8221;.vc_custom_1718797239186{margin-bottom: 5px !important;}&#8221;][vc_btn title=&#8221;SUAP&#8221; shape=&#8221;square&#8221; color=&#8221;inverse&#8221; size=&#8221;lg&#8221; align=&#8221;left&#8221; button_block=&#8221;true&#8221; link=&#8221;url:https%3A%2F%2Fsuap.uepb.edu.br%2F|target:_blank&#8221; css=&#8221;.vc_custom_1718797246594{margin-bottom: 5px !important;}&#8221;][\/vc_column][\/vc_row][vc_row css=&#8221;.vc_custom_1718797350026{margin-bottom: 30px !important;}&#8221;][vc_column][vc_text_separator title=&#8221;Traduza esta p\u00e1gina&#8221; i_icon_fontawesome=&#8221;fas fa-angle-double-right&#8221; i_color=&#8221;custom&#8221; title_align=&#8221;separator_align_left&#8221; add_icon=&#8221;true&#8221; i_custom_color=&#8221;#cc0000&#8243;][vc_column_text css=&#8221;.vc_custom_1718797293392{margin-left: 15px !important;}&#8221;]<div class=\"gtranslate_wrapper\" id=\"gt-wrapper-51819839\"><\/div>[\/vc_column_text][\/vc_column][\/vc_row]<\/p>\n<\/div>","protected":false},"excerpt":{"rendered":"<p>[vc_row gap=&#8221;30&#8243; css=&#8221;.vc_custom_1718796752988{margin-top: 30px !important;}&#8221;][vc_column width=&#8221;2\/3&#8243;][vc_text_separator title=&#8221;\u00daltimas Not\u00edcias&#8221; i_icon_fontawesome=&#8221;fas fa-angle-double-right&#8221; i_color=&#8221;custom&#8221; title_align=&#8221;separator_align_left&#8221; add_icon=&#8221;true&#8221; i_custom_color=&#8221;#cc0000&#8243;][\/vc_column][vc_column width=&#8221;1\/3&#8243;][vc_text_separator title=&#8221;Acesso R\u00e1pido&#8221; i_icon_fontawesome=&#8221;fas fa-angle-double-right&#8221; i_color=&#8221;custom&#8221; title_align=&#8221;separator_align_left&#8221; add_icon=&#8221;true&#8221; i_custom_color=&#8221;#cc0000&#8243;][vc_btn title=&#8221;ANPUR&#8221; shape=&#8221;square&#8221; color=&#8221;juicy-pink&#8221; size=&#8221;lg&#8221; align=&#8221;left&#8221; button_block=&#8221;true&#8221; link=&#8221;url:http%3A%2F%2Fwww.anpur.org.br%2F|target:_blank&#8221; css=&#8221;.vc_custom_1718797206959{margin-bottom: 5px !important;}&#8221;][vc_btn title=&#8221;CAPES&#8221; shape=&#8221;square&#8221; color=&#8221;danger&#8221; size=&#8221;lg&#8221; align=&#8221;left&#8221; button_block=&#8221;true&#8221; link=&#8221;url:http%3A%2F%2Fwww.capes.gov.br%2F|target:_blank&#8221; css=&#8221;.vc_custom_1718797211776{margin-bottom: 5px !important;}&#8221;][vc_btn title=&#8221;Centro Celso Furtado&#8221; shape=&#8221;square&#8221; color=&#8221;sandy-brown&#8221; size=&#8221;lg&#8221; align=&#8221;left&#8221; button_block=&#8221;true&#8221; link=&#8221;url:http%3A%2F%2Fwww.centrocelsofurtado.org.br%2F|target:_blank&#8221; css=&#8221;.vc_custom_1718797216818{margin-bottom: 5px !important;}&#8221;][vc_btn <a class=\"leiamais\" href=\"https:\/\/pos-graduacao.uepb.edu.br\/ppgdr\/\">Leia Mais&#8230;<\/a><\/p>\n","protected":false},"author":34,"featured_media":0,"parent":0,"menu_order":0,"comment_status":"closed","ping_status":"closed","template":"","meta":{"footnotes":""},"class_list":["post-5165","page","type-page","status-publish","hentry"],"_links":{"self":[{"href":"https:\/\/pos-graduacao.uepb.edu.br\/ppgdr\/wp-json\/wp\/v2\/pages\/5165","targetHints":{"allow":["GET"]}}],"collection":[{"href":"https:\/\/pos-graduacao.uepb.edu.br\/ppgdr\/wp-json\/wp\/v2\/pages"}],"about":[{"href":"https:\/\/pos-graduacao.uepb.edu.br\/ppgdr\/wp-json\/wp\/v2\/types\/page"}],"author":[{"embeddable":true,"href":"https:\/\/pos-graduacao.uepb.edu.br\/ppgdr\/wp-json\/wp\/v2\/users\/34"}],"replies":[{"embeddable":true,"href":"https:\/\/pos-graduacao.uepb.edu.br\/ppgdr\/wp-json\/wp\/v2\/comments?post=5165"}],"version-history":[{"count":6,"href":"https:\/\/pos-graduacao.uepb.edu.br\/ppgdr\/wp-json\/wp\/v2\/pages\/5165\/revisions"}],"predecessor-version":[{"id":5371,"href":"https:\/\/pos-graduacao.uepb.edu.br\/ppgdr\/wp-json\/wp\/v2\/pages\/5165\/revisions\/5371"}],"wp:attachment":[{"href":"https:\/\/pos-graduacao.uepb.edu.br\/ppgdr\/wp-json\/wp\/v2\/media?parent=5165"}],"curies":[{"name":"wp","href":"https:\/\/api.w.org\/{rel}","templated":true}]}}