{"id":4396,"date":"2022-06-17T17:16:28","date_gmt":"2022-06-17T20:16:28","guid":{"rendered":"https:\/\/pos-graduacao.uepb.edu.br\/ppgdr\/?page_id=4396"},"modified":"2022-06-30T14:00:01","modified_gmt":"2022-06-30T17:00:01","slug":"auxilios-financeiros-recursos-proap-auxpe","status":"publish","type":"page","link":"https:\/\/pos-graduacao.uepb.edu.br\/ppgdr\/auxilios-financeiros-recursos-proap-auxpe\/","title":{"rendered":"Aux\u00edlios financeiros-Recursos PROAP AUXPE"},"content":{"rendered":"<p>Para a solicita\u00e7\u00e3o de aux\u00edlio financeiro nos casos abaixo, os professores\/alunos devem enviar o formul\u00e1rio preenchido e os documentos para o e-mail ppgdr@setor.uepb.edu.br. Ap\u00f3s o envio, a Coordena\u00e7\u00e3o verificar\u00e1 a documenta\u00e7\u00e3o e efetuar\u00e1 a transfer\u00eancia do valor para o docente\/discente.<\/p>\n<p>\u00c9 necess\u00e1rio que o docente\/aluno envie a documenta\u00e7\u00e3o\u00a0 solicitada para a presta\u00e7\u00e3o de contas para o e-mail ppgdr@setor.uepb.edu.br ap\u00f3s o recebimento do valor, do certificado e dos comprovantes de gastos.<\/p>\n<p>Vig\u00eancia do Benef\u00edcio: 04\/05\/2022 a 30\/04\/2023<\/p>\n<p>Aux\u00edlio Financeiro a Docente\/Discente<\/p>\n<ul>\n<li><strong>Participa\u00e7\u00e3o em evento (Ajuda de Custo ou Pagamento de Inscri\u00e7\u00e3o em Eventos)<\/strong><\/li>\n<\/ul>\n<p>1)Preencher formul\u00e1rio (PDF): <a href=\"https:\/\/pos-graduacao.uepb.edu.br\/ppgdr\/files\/2022\/06\/Formulario-de-Auxilio-Financeiro-a-Docente-Discente-PROAP-AUXPE.docx\">Formul\u00e1rio de Aux\u00edlio Financeiro a Docente-Discente PROAP AUXPE<\/a><\/p>\n<p>2) Anexos:<\/p>\n<p>C\u00f3pia do Trabalho (PDF)<\/p>\n<p>Carta de Aceite (PDF)<\/p>\n<p>Programa\u00e7\u00e3o do Evento (PDF)<\/p>\n<p>3)Enviar formul\u00e1rio (PDF) e anexos (PDF) em arquivos separados para o e-mail ppgdr@setor.uepb.edu.br<\/p>\n<p>4) Presta\u00e7\u00e3o de Contas:<\/p>\n<p>4.1 Preencher recibo\u00a0 apenas no formato word\u00a0 abaixo ap\u00f3s o recebimento do valor transferido pela Coordena\u00e7\u00e3o e enviar com a assinatura\u00a0 para o e-mail\u00a0 ppgdr@setor.uepb.edu.br.<\/p>\n<p><a href=\"https:\/\/pos-graduacao.uepb.edu.br\/ppgdr\/files\/2022\/06\/RECIBO-MODELO-A-EDITAVEL-PRESTACAO-DE-CONTAS-CARTAO-PROAP-AUXPE-2.docx\">RECIBO MODELO A EDIT\u00c1VEL- PRESTA\u00c7\u00c3O DE CONTAS CART\u00c3O PROAP AUXPE<\/a><\/p>\n<p>4.2 Enviar o certificado (PDF) do evento para o e-mail ppgdr@setor.uepb.edu.br<\/p>\n<ul>\n<li><strong>Miss\u00e3o de Pesquisa<\/strong><\/li>\n<\/ul>\n<p>1)\u00a0 Resumo do Projeto (PDF)<\/p>\n<p>2) Programa\u00e7\u00e3o das Atividades (PDF)<\/p>\n<p>3) Preencher formul\u00e1rio (PDF): <a href=\"https:\/\/pos-graduacao.uepb.edu.br\/ppgdr\/files\/2022\/06\/Formulario-de-Auxilio-Financeiro-a-Docente-Discente-PROAP-AUXPE.docx\">Formul\u00e1rio de Aux\u00edlio Financeiro a Docente-Discente PROAP AUXPE<\/a><\/p>\n<p>4) Enviar documentos\u00a0 (PDF) acima para o e-mail ppgdr@setor.uepb.edu.br<\/p>\n<p>5) Presta\u00e7\u00e3o de Contas:<\/p>\n<p>5.1 Preencher o recibo abaixo apenas no formato word\u00a0 ap\u00f3s o recebimento do valor transferido pela Coordena\u00e7\u00e3o\u00a0 e enviar para o e-mail\u00a0 ppgdr@setor.uepb.edu.br<\/p>\n<p><a href=\"https:\/\/pos-graduacao.uepb.edu.br\/ppgdr\/files\/2022\/06\/RECIBO-MODELO-A-EDITAVEL-PRESTACAO-DE-CONTAS-CARTAO-PROAP-AUXPE-3.docx\">RECIBO MODELO A EDIT\u00c1VEL- PRESTA\u00c7\u00c3O DE CONTAS CART\u00c3O PROAP AUXPE<\/a><\/p>\n<p>5.2 Enviar\u00a0 em arquivos separados todos os comprovantes de gastos\u00a0 em PDF\u00a0 (nota fiscal, recibo simples) para o e-mail ppgdr@setor.uepb.edu.br.<\/p>\n","protected":false},"excerpt":{"rendered":"<p>Para a solicita\u00e7\u00e3o de aux\u00edlio financeiro nos casos abaixo, os professores\/alunos devem enviar o formul\u00e1rio preenchido e os documentos para o e-mail ppgdr@setor.uepb.edu.br. Ap\u00f3s o envio, a Coordena\u00e7\u00e3o verificar\u00e1 a documenta\u00e7\u00e3o e efetuar\u00e1 a transfer\u00eancia do valor para o docente\/discente. \u00c9 necess\u00e1rio que o docente\/aluno envie a documenta\u00e7\u00e3o\u00a0 solicitada para a presta\u00e7\u00e3o de contas para <a class=\"leiamais\" href=\"https:\/\/pos-graduacao.uepb.edu.br\/ppgdr\/auxilios-financeiros-recursos-proap-auxpe\/\">Leia Mais&#8230;<\/a><\/p>\n","protected":false},"author":48,"featured_media":0,"parent":0,"menu_order":0,"comment_status":"closed","ping_status":"closed","template":"","meta":{"footnotes":""},"class_list":["post-4396","page","type-page","status-publish","hentry"],"_links":{"self":[{"href":"https:\/\/pos-graduacao.uepb.edu.br\/ppgdr\/wp-json\/wp\/v2\/pages\/4396","targetHints":{"allow":["GET"]}}],"collection":[{"href":"https:\/\/pos-graduacao.uepb.edu.br\/ppgdr\/wp-json\/wp\/v2\/pages"}],"about":[{"href":"https:\/\/pos-graduacao.uepb.edu.br\/ppgdr\/wp-json\/wp\/v2\/types\/page"}],"author":[{"embeddable":true,"href":"https:\/\/pos-graduacao.uepb.edu.br\/ppgdr\/wp-json\/wp\/v2\/users\/48"}],"replies":[{"embeddable":true,"href":"https:\/\/pos-graduacao.uepb.edu.br\/ppgdr\/wp-json\/wp\/v2\/comments?post=4396"}],"version-history":[{"count":11,"href":"https:\/\/pos-graduacao.uepb.edu.br\/ppgdr\/wp-json\/wp\/v2\/pages\/4396\/revisions"}],"predecessor-version":[{"id":4420,"href":"https:\/\/pos-graduacao.uepb.edu.br\/ppgdr\/wp-json\/wp\/v2\/pages\/4396\/revisions\/4420"}],"wp:attachment":[{"href":"https:\/\/pos-graduacao.uepb.edu.br\/ppgdr\/wp-json\/wp\/v2\/media?parent=4396"}],"curies":[{"name":"wp","href":"https:\/\/api.w.org\/{rel}","templated":true}]}}