{"id":4177,"date":"2021-12-23T14:08:17","date_gmt":"2021-12-23T17:08:17","guid":{"rendered":"https:\/\/pos-graduacao.uepb.edu.br\/ppgdr\/?page_id=4177"},"modified":"2024-06-25T10:55:17","modified_gmt":"2024-06-25T13:55:17","slug":"deposito-das-dissertacoes","status":"publish","type":"page","link":"https:\/\/pos-graduacao.uepb.edu.br\/ppgdr\/deposito-das-dissertacoes\/","title":{"rendered":"Dep\u00f3sito das Disserta\u00e7\u00f5es"},"content":{"rendered":"<p>Ap\u00f3s a defesa, para efetuar o dep\u00f3sito da disserta\u00e7\u00e3o, o aluno deve seguir as seguintes etapas:<\/p>\n<p>1)\u00a0 Efetuar o dep\u00f3sito na Biblioteca:<\/p>\n<p><strong>Instru\u00e7\u00f5es \/documentos<\/strong> referentes a esse dep\u00f3sito, acessar o link\u00a0 abaixo:<\/p>\n<p><a href=\"https:\/\/biblioteca.uepb.edu.br\/regras-para-o-deposito-dos-trabalhos-academicos\/\">https:\/\/biblioteca.uepb.edu.br\/regras-para-o-deposito-dos-trabalhos-academicos\/<\/a><\/p>\n<p>2) Enviar disserta\u00e7\u00e3o (vers\u00e3o final) em formato PDF, contendo ficha catalogr\u00e1fica e folha de aprova\u00e7\u00e3o assinada para o e-mail ppgdr@setor.uepb.edu.br. A disserta\u00e7\u00e3o enviada pelo aluno deve ser igual \u00e0 depositada na Biblioteca. O aluno deve enviar os comprovantes de dep\u00f3sito na Biblioteca junto com a disserta\u00e7\u00e3o para este e-mail.<\/p>\n<p>Observa\u00e7\u00e3o: <strong>ao enviar a documenta\u00e7\u00e3o para o e-mail\u00a0 do programa, o aluno receber\u00e1 a declara\u00e7\u00e3o de conclus\u00e3o, declara\u00e7\u00e3o de defesa e hist\u00f3rico escolar.<\/strong><\/p>\n<p>3) Enviar <a href=\"https:\/\/pos-graduacao.uepb.edu.br\/ppgdr\/files\/2021\/12\/Requerimento_Padrao_UEPB.doc\">requerimento<\/a> para expedi\u00e7\u00e3o do diploma, c\u00f3pia do RG, c\u00f3pia do CPF, comprovantes de dep\u00f3sito na Biblioteca (declara\u00e7\u00e3o de quita\u00e7\u00e3o de TCC e NADA CONSTA) e documentos recebidos na secretaria (hist\u00f3rico escolar\/declara\u00e7\u00f5es) para o e-mail protocolo@setor.uepb.edu.br.<\/p>\n<p>Preencher como destino no requerimento: Pr\u00f3-Reitoria de P\u00f3s-Gradua\u00e7\u00e3o e Pesquisa (PRPGP)<\/p>\n","protected":false},"excerpt":{"rendered":"<p>Ap\u00f3s a defesa, para efetuar o dep\u00f3sito da disserta\u00e7\u00e3o, o aluno deve seguir as seguintes etapas: 1)\u00a0 Efetuar o dep\u00f3sito na Biblioteca: Instru\u00e7\u00f5es \/documentos referentes a esse dep\u00f3sito, acessar o link\u00a0 abaixo: https:\/\/biblioteca.uepb.edu.br\/regras-para-o-deposito-dos-trabalhos-academicos\/ 2) Enviar disserta\u00e7\u00e3o (vers\u00e3o final) em formato PDF, contendo ficha catalogr\u00e1fica e folha de aprova\u00e7\u00e3o assinada para o e-mail ppgdr@setor.uepb.edu.br. A disserta\u00e7\u00e3o <a class=\"leiamais\" href=\"https:\/\/pos-graduacao.uepb.edu.br\/ppgdr\/deposito-das-dissertacoes\/\">Leia Mais&#8230;<\/a><\/p>\n","protected":false},"author":48,"featured_media":0,"parent":0,"menu_order":0,"comment_status":"closed","ping_status":"closed","template":"","meta":{"footnotes":""},"class_list":["post-4177","page","type-page","status-publish","hentry"],"_links":{"self":[{"href":"https:\/\/pos-graduacao.uepb.edu.br\/ppgdr\/wp-json\/wp\/v2\/pages\/4177","targetHints":{"allow":["GET"]}}],"collection":[{"href":"https:\/\/pos-graduacao.uepb.edu.br\/ppgdr\/wp-json\/wp\/v2\/pages"}],"about":[{"href":"https:\/\/pos-graduacao.uepb.edu.br\/ppgdr\/wp-json\/wp\/v2\/types\/page"}],"author":[{"embeddable":true,"href":"https:\/\/pos-graduacao.uepb.edu.br\/ppgdr\/wp-json\/wp\/v2\/users\/48"}],"replies":[{"embeddable":true,"href":"https:\/\/pos-graduacao.uepb.edu.br\/ppgdr\/wp-json\/wp\/v2\/comments?post=4177"}],"version-history":[{"count":12,"href":"https:\/\/pos-graduacao.uepb.edu.br\/ppgdr\/wp-json\/wp\/v2\/pages\/4177\/revisions"}],"predecessor-version":[{"id":5408,"href":"https:\/\/pos-graduacao.uepb.edu.br\/ppgdr\/wp-json\/wp\/v2\/pages\/4177\/revisions\/5408"}],"wp:attachment":[{"href":"https:\/\/pos-graduacao.uepb.edu.br\/ppgdr\/wp-json\/wp\/v2\/media?parent=4177"}],"curies":[{"name":"wp","href":"https:\/\/api.w.org\/{rel}","templated":true}]}}